{"id":4268,"date":"2024-10-03T20:21:27","date_gmt":"2024-10-03T18:21:27","guid":{"rendered":"https:\/\/agora.xtec.cat\/ceipauro\/?page_id=4268"},"modified":"2024-11-11T22:48:25","modified_gmt":"2024-11-11T21:48:25","slug":"dansa-ara","status":"publish","type":"page","link":"https:\/\/agora.xtec.cat\/ceipauro\/projectes-descola\/projectes-daprenentatge\/dansa-ara\/","title":{"rendered":"Dansa Ara"},"content":{"rendered":"<p>Dansa Ara \u00e9s un gran esdeveniment de dansa contempor\u00e0nia organitzat per l\u2019<a href=\"http:\/\/www.barcelona.cat\/\" target=\"_blank\" rel=\"noopener noreferrer\">Ajuntament de Barcelona<\/a>\u00a0i adre\u00e7at a l\u2019alumnat de cicle inicial d\u2019escoles de Barcelona.<br \/>\nVol promocionar l\u2019aprenentatge de les habilitats r\u00edtmiques i art\u00edstiques dels infants mitjan\u00e7ant la dansa contempor\u00e0nia.<br \/>\nDespr\u00e9s del treball d\u2019aprenentatge d\u2019un repertori de danses amb el professorat al centre educatiu, l\u2019alumnat participa en una jornada de dansa en la qual els nens i les nenes s\u00f3n protagonistes d\u2019un gran espectacle de dansa contempor\u00e0nia que t\u00e9 lloc actualment de nou al <a href=\"http:\/\/www.palausantjordi.cat\/\" target=\"_blank\" rel=\"noopener noreferrer\">Palau Sant Jordi<\/a>\u00a0despr\u00e9s d\u2019haver passat per l\u2019Estadi Ol\u00edmpic Llu\u00eds Companys l\u2019any 2022.<\/p>\n","protected":false},"excerpt":{"rendered":"<p>Dansa Ara \u00e9s un gran esdeveniment de dansa contempor\u00e0nia organitzat per l\u2019<a href=\"http:\/\/www.barcelona.cat\/\" target=\"_blank\" rel=\"noopener noreferrer\">Ajuntament de Barcelona<\/a>\u00a0i adre\u00e7at a l\u2019alumnat de cicle inicial d\u2019escoles de Barcelona.<br \/>\nVol promocionar l\u2019aprenentatge de les habilitats r\u00edtmiques i art\u00edstiques dels infants mitjan\u00e7ant la dansa contempor\u00e0nia.<br \/>\nDespr\u00e9s del treball d\u2019aprenentatge d\u2019un&hellip;  <a href=\"https:\/\/agora.xtec.cat\/ceipauro\/projectes-descola\/projectes-daprenentatge\/dansa-ara\/\" title=\"Read Dansa Ara\">Llegeix m\u00e9s\u00bb<\/a><\/p>\n","protected":false},"author":1,"featured_media":0,"parent":817,"menu_order":7,"comment_status":"closed","ping_status":"closed","template":"page-templates\/side-menu.php","meta":{"_bbp_topic_count":0,"_bbp_reply_count":0,"_bbp_total_topic_count":0,"_bbp_total_reply_count":0,"_bbp_voice_count":0,"_bbp_anonymous_reply_count":0,"_bbp_topic_count_hidden":0,"_bbp_reply_count_hidden":0,"_bbp_forum_subforum_count":0,"footnotes":""},"class_list":["post-4268","page","type-page","status-publish","hentry"],"post_mailing_queue_ids":[],"_links":{"self":[{"href":"https:\/\/agora.xtec.cat\/ceipauro\/wp-json\/wp\/v2\/pages\/4268","targetHints":{"allow":["GET"]}}],"collection":[{"href":"https:\/\/agora.xtec.cat\/ceipauro\/wp-json\/wp\/v2\/pages"}],"about":[{"href":"https:\/\/agora.xtec.cat\/ceipauro\/wp-json\/wp\/v2\/types\/page"}],"author":[{"embeddable":true,"href":"https:\/\/agora.xtec.cat\/ceipauro\/wp-json\/wp\/v2\/users\/1"}],"replies":[{"embeddable":true,"href":"https:\/\/agora.xtec.cat\/ceipauro\/wp-json\/wp\/v2\/comments?post=4268"}],"version-history":[{"count":3,"href":"https:\/\/agora.xtec.cat\/ceipauro\/wp-json\/wp\/v2\/pages\/4268\/revisions"}],"predecessor-version":[{"id":4319,"href":"https:\/\/agora.xtec.cat\/ceipauro\/wp-json\/wp\/v2\/pages\/4268\/revisions\/4319"}],"up":[{"embeddable":true,"href":"https:\/\/agora.xtec.cat\/ceipauro\/wp-json\/wp\/v2\/pages\/817"}],"wp:attachment":[{"href":"https:\/\/agora.xtec.cat\/ceipauro\/wp-json\/wp\/v2\/media?parent=4268"}],"curies":[{"name":"wp","href":"https:\/\/api.w.org\/{rel}","templated":true}]}}