{"id":4264,"date":"2024-10-03T20:19:18","date_gmt":"2024-10-03T18:19:18","guid":{"rendered":"https:\/\/agora.xtec.cat\/ceipauro\/?page_id=4264"},"modified":"2024-12-05T13:49:11","modified_gmt":"2024-12-05T12:49:11","slug":"cantania","status":"publish","type":"page","link":"https:\/\/agora.xtec.cat\/ceipauro\/projectes-descola\/projectes-daprenentatge\/cantania\/","title":{"rendered":"Cant\u00e0nia"},"content":{"rendered":"<p><a href=\"https:\/\/agora.xtec.cat\/ceipauro\/wp-content\/uploads\/usu276\/2024\/12\/IMG_7006.heic\"><img decoding=\"async\" class=\"aligncenter size-full wp-image-4340\" src=\"https:\/\/agora.xtec.cat\/ceipauro\/wp-content\/uploads\/usu276\/2024\/12\/IMG_7006.heic\" alt=\"\" \/><\/a>L&#8217;escola Aur\u00f3 participa a la\u00a0<strong><span class=\"il\">Cant\u00e0nia<\/span><\/strong>, un projecte musical educatiu i participatiu impulsat per l&#8217;Auditori de Barcelona. Es tracta d&#8217;una cantata original, amb m\u00fasica composta expressament per a l&#8217;ocasi\u00f3 i un gui\u00f3 que sovint tracta temes d&#8217;actualitat o valors universals com l&#8217;amistat, la diversitat o la natura. <span style=\"font-family: inherit; font-size: 1em;\">Els nens i nenes de 5\u00e8 assagen durant el curs per culminar el projecte amb un gran concert a l&#8217;auditori de Barcelona, on canten conjuntament amb altres escoles. S&#8217;acompanyen d&#8217;una orquestra professional i cantants solistes.<\/span><\/p>\n<p><img decoding=\"async\" class=\"aligncenter size-full wp-image-4342\" src=\"https:\/\/agora.xtec.cat\/ceipauro\/wp-content\/uploads\/usu276\/2024\/12\/IMG_7006-2.heic\" alt=\"\" \/> <img loading=\"lazy\" decoding=\"async\" class=\"aligncenter wp-image-4343\" src=\"https:\/\/agora.xtec.cat\/ceipauro\/wp-content\/uploads\/usu276\/2024\/12\/Cantania.jpg\" alt=\"\" width=\"552\" height=\"414\" srcset=\"https:\/\/agora.xtec.cat\/ceipauro\/wp-content\/uploads\/usu276\/2024\/12\/Cantania.jpg 1125w, https:\/\/agora.xtec.cat\/ceipauro\/wp-content\/uploads\/usu276\/2024\/12\/Cantania-300x225.jpg 300w, https:\/\/agora.xtec.cat\/ceipauro\/wp-content\/uploads\/usu276\/2024\/12\/Cantania-1024x768.jpg 1024w, https:\/\/agora.xtec.cat\/ceipauro\/wp-content\/uploads\/usu276\/2024\/12\/Cantania-768x576.jpg 768w, https:\/\/agora.xtec.cat\/ceipauro\/wp-content\/uploads\/usu276\/2024\/12\/Cantania-200x150.jpg 200w\" sizes=\"auto, (max-width: 552px) 100vw, 552px\" \/><\/p>\n","protected":false},"excerpt":{"rendered":"<p><a href=\"https:\/\/agora.xtec.cat\/ceipauro\/wp-content\/uploads\/usu276\/2024\/12\/IMG_7006.heic\"><\/a>L&#8217;escola Aur\u00f3 participa a la\u00a0Cant\u00e0nia, un projecte musical educatiu i participatiu impulsat per l&#8217;Auditori de Barcelona. Es tracta d&#8217;una cantata original, amb m\u00fasica composta expressament per a l&#8217;ocasi\u00f3 i un gui\u00f3 que sovint tracta temes d&#8217;actualitat o valors universals com l&#8217;amistat, la diversitat o&hellip;  <a href=\"https:\/\/agora.xtec.cat\/ceipauro\/projectes-descola\/projectes-daprenentatge\/cantania\/\" title=\"Read Cant\u00e0nia\">Llegeix m\u00e9s\u00bb<\/a><\/p>\n","protected":false},"author":1,"featured_media":0,"parent":817,"menu_order":6,"comment_status":"closed","ping_status":"closed","template":"page-templates\/side-menu.php","meta":{"_bbp_topic_count":0,"_bbp_reply_count":0,"_bbp_total_topic_count":0,"_bbp_total_reply_count":0,"_bbp_voice_count":0,"_bbp_anonymous_reply_count":0,"_bbp_topic_count_hidden":0,"_bbp_reply_count_hidden":0,"_bbp_forum_subforum_count":0,"footnotes":""},"class_list":["post-4264","page","type-page","status-publish","hentry"],"post_mailing_queue_ids":[],"_links":{"self":[{"href":"https:\/\/agora.xtec.cat\/ceipauro\/wp-json\/wp\/v2\/pages\/4264","targetHints":{"allow":["GET"]}}],"collection":[{"href":"https:\/\/agora.xtec.cat\/ceipauro\/wp-json\/wp\/v2\/pages"}],"about":[{"href":"https:\/\/agora.xtec.cat\/ceipauro\/wp-json\/wp\/v2\/types\/page"}],"author":[{"embeddable":true,"href":"https:\/\/agora.xtec.cat\/ceipauro\/wp-json\/wp\/v2\/users\/1"}],"replies":[{"embeddable":true,"href":"https:\/\/agora.xtec.cat\/ceipauro\/wp-json\/wp\/v2\/comments?post=4264"}],"version-history":[{"count":5,"href":"https:\/\/agora.xtec.cat\/ceipauro\/wp-json\/wp\/v2\/pages\/4264\/revisions"}],"predecessor-version":[{"id":4344,"href":"https:\/\/agora.xtec.cat\/ceipauro\/wp-json\/wp\/v2\/pages\/4264\/revisions\/4344"}],"up":[{"embeddable":true,"href":"https:\/\/agora.xtec.cat\/ceipauro\/wp-json\/wp\/v2\/pages\/817"}],"wp:attachment":[{"href":"https:\/\/agora.xtec.cat\/ceipauro\/wp-json\/wp\/v2\/media?parent=4264"}],"curies":[{"name":"wp","href":"https:\/\/api.w.org\/{rel}","templated":true}]}}