{"id":402,"date":"2018-07-09T13:05:41","date_gmt":"2018-07-09T11:05:41","guid":{"rendered":"http:\/\/agora.xtec.cat\/ceipauro\/?page_id=402"},"modified":"2024-11-11T23:02:15","modified_gmt":"2024-11-11T22:02:15","slug":"ja-nedo","status":"publish","type":"page","link":"https:\/\/agora.xtec.cat\/ceipauro\/projectes-descola\/projectes-daprenentatge\/ja-nedo\/","title":{"rendered":"Ja nedo &#8211; 1r"},"content":{"rendered":"<p><span style=\"font-size: 16px;\">Els nens i nenes de 1r de prim\u00e0ria participen en l\u2019activitat <b>\u00abJa nedo\u00bb<\/b>\u00a0dins del projecte<a href=\"http:\/\/www.bcn.cat\/lesportensfamesgrans\/ca\/programes.html\" target=\"_blank\" rel=\"noopener noreferrer\">\u00a0<u>Educar en l\u2019esport de l\u2019Ajuntament de Barcelona<\/u>.<\/a>\u00a0<\/span><span style=\"font-size: 16px;\">El programa pret\u00e9n assegurar que l\u2019alumnat finalitzi l\u2019educaci\u00f3 Prim\u00e0ria havent adquirit els coneixements b\u00e0sics de nataci\u00f3. <\/span><span style=\"font-size: 16px;\">L\u2019activitat est\u00e0 inclosa dins de l\u2019\u00e0rea d\u2019Educaci\u00f3 F\u00edsica i p<\/span><span style=\"font-size: 16px;\">ermet als alumnes experimentar noves possibilitats motrius per assolir els primers despla\u00e7aments aut\u00f2noms en el medi aqu\u00e0tic.<\/span><\/p>\n<p><span style=\"text-decoration: underline; font-size: 16px;\"><strong>QUAN I A ON:<\/strong><\/span> <span style=\"font-size: 16px;\">Dimecres de 9 a 11h a la <a href=\"https:\/\/www.google.com\/maps\/place\/Piscina+Sant+Jordi\/@41.3885157,2.1469429,15z\/data=!4m2!3m1!1s0x0:0x3a7e9c02f610c303?sa=X&amp;ved=2ahUKEwiFveXi7azjAhXvyIUKHQ9ACb8Q_BIwEXoECAsQCA\" target=\"_blank\" rel=\"noopener noreferrer\">piscina Sant Jordi<\/a>: carrer Paris n.114.<\/span><\/p>\n<p><span style=\"text-decoration: underline; font-size: 16px;\"><strong>QU\u00c8 CAL PORTAR: <\/strong><\/span><span style=\"font-size: 16px;\">Es demana portar el banyador posat per agilitzar el temps del vestuari. <\/span><span style=\"font-size: 16px;\">Dins la motxilla de l&#8217;escola, han de portar: <\/span><\/p>\n<ul>\n<li><span style=\"font-size: 16px;\"><strong>Tovallola <\/strong>hi ha de diferents materials:<\/span>\n<ul>\n<li><span style=\"font-size: 16px;\"><a href=\"https:\/\/www.decathlon.es\/es\/p\/toalla-bano-piscina-natacion-nabaiji-gris-microfibra-compacta-talla-m\/_\/R-p-158324?mc=8501072&amp;c=AZUL\">Tovallola de microfibra.<\/a><\/span><\/li>\n<\/ul>\n<\/li>\n<li><strong><span style=\"font-size: 16px;\">Casquet<\/span><\/strong><span style=\"font-size: 16px;\"> hi ha de diferents materials:<\/span>\n<ul>\n<li><span style=\"font-size: 16px;\"><a href=\"https:\/\/www.decathlon.es\/es\/p\/gorro-natacion-piscina-nabaiji-100-adulto-ninos-punto-azul-turquesa\/_\/R-p-10874?ajaxSpotlightProductIds=172521%2CX8538160&amp;mc=8277366&amp;c=NEGRO\" target=\"_blank\" rel=\"noopener noreferrer\">Casquet de punt:<\/a> es mulla el cabell completament i no hi ha gaire temps per eixugar b\u00e9 tots els alumnes. No el recomanem.<\/span><\/li>\n<li><span style=\"font-size: 16px;\"><a href=\"https:\/\/www.decathlon.es\/es\/p\/gorro-natacion-aguas-abiertas-nabaiji-100-adulto-gris-silicona\/_\/R-p-10882?ajaxSpotlightProductIds=172521%2CX8538160&amp;mc=8511534&amp;c=GRIS\" target=\"_blank\" rel=\"noopener noreferrer\">Casquet de silicona<\/a>: el cabell queda completament sec, tot i que a l&#8217;hora de posar-lo els hi ha mal.<\/span><\/li>\n<li><span style=\"font-size: 16px;\"><a href=\"https:\/\/www.decathlon.es\/es\/p\/gorro-natacion-piscina-nabaiji-500-bebe-nino-punto-silicona-blanco-estampado\/_\/R-p-170291\" target=\"_blank\" rel=\"noopener noreferrer\">Casquet punt de silicona<\/a>: es posa f\u00e0cilment i el cabell gaireb\u00e9 no es mulla. \u00c9s el tipus de casquet que trobem m\u00e9s recomanable.<\/span><\/li>\n<\/ul>\n<\/li>\n<li><strong><span style=\"font-size: 16px;\">Ulleres de piscina<\/span><\/strong>\u00a0(opcional).<\/li>\n<li><strong><span style=\"font-size: 16px;\">Xancletes.<\/span><\/strong><\/li>\n<li><span style=\"font-size: 16px;\"><strong>Calces<\/strong> o <strong>cal\u00e7otets\u00a0<\/strong>per canviar-se una vegada han acabat l&#8217;activitat.<\/span><\/li>\n<li><strong><span style=\"font-size: 16px;\">Pinta, <\/span><\/strong><span style=\"font-size: 16px;\">una vegada s&#8217;assequen el cabell, cal que es pentinin.\u00a0<\/span><\/li>\n<li><strong><span style=\"font-size: 16px;\">Bossa de pl\u00e0stic<\/span><\/strong>: <span style=\"font-size: 16px;\">per guardar la roba mullada i que no mulli la resta de coses que hi ha a la motxilla.<\/span><\/li>\n<\/ul>\n<p><span style=\"font-size: 16px;\">\u00c9s important que els mateixos infants es preparin la motxilla, amb una supervisi\u00f3 d&#8217;algun adult. D&#8217;aquesta manera saben quines coses porten i com ho hauran de guardar a la motxilla.<\/span><\/p>\n","protected":false},"excerpt":{"rendered":"<p>Els nens i nenes de 1r de prim\u00e0ria participen en l\u2019activitat \u00abJa nedo\u00bb\u00a0dins del projecte<a href=\"http:\/\/www.bcn.cat\/lesportensfamesgrans\/ca\/programes.html\" target=\"_blank\" rel=\"noopener noreferrer\">\u00a0Educar en l\u2019esport de l\u2019Ajuntament de Barcelona.<\/a>\u00a0El programa pret\u00e9n assegurar que l\u2019alumnat finalitzi l\u2019educaci\u00f3 Prim\u00e0ria havent adquirit els coneixements b\u00e0sics de nataci\u00f3. L\u2019activitat est\u00e0 inclosa dins de&hellip;  <a href=\"https:\/\/agora.xtec.cat\/ceipauro\/projectes-descola\/projectes-daprenentatge\/ja-nedo\/\" title=\"Read Ja nedo &#8211; 1r\">Llegeix m\u00e9s\u00bb<\/a><\/p>\n","protected":false},"author":1,"featured_media":0,"parent":817,"menu_order":4,"comment_status":"closed","ping_status":"closed","template":"page-templates\/side-menu.php","meta":{"_bbp_topic_count":0,"_bbp_reply_count":0,"_bbp_total_topic_count":0,"_bbp_total_reply_count":0,"_bbp_voice_count":0,"_bbp_anonymous_reply_count":0,"_bbp_topic_count_hidden":0,"_bbp_reply_count_hidden":0,"_bbp_forum_subforum_count":0,"footnotes":""},"class_list":["post-402","page","type-page","status-publish","hentry"],"post_mailing_queue_ids":[],"_links":{"self":[{"href":"https:\/\/agora.xtec.cat\/ceipauro\/wp-json\/wp\/v2\/pages\/402","targetHints":{"allow":["GET"]}}],"collection":[{"href":"https:\/\/agora.xtec.cat\/ceipauro\/wp-json\/wp\/v2\/pages"}],"about":[{"href":"https:\/\/agora.xtec.cat\/ceipauro\/wp-json\/wp\/v2\/types\/page"}],"author":[{"embeddable":true,"href":"https:\/\/agora.xtec.cat\/ceipauro\/wp-json\/wp\/v2\/users\/1"}],"replies":[{"embeddable":true,"href":"https:\/\/agora.xtec.cat\/ceipauro\/wp-json\/wp\/v2\/comments?post=402"}],"version-history":[{"count":6,"href":"https:\/\/agora.xtec.cat\/ceipauro\/wp-json\/wp\/v2\/pages\/402\/revisions"}],"predecessor-version":[{"id":4323,"href":"https:\/\/agora.xtec.cat\/ceipauro\/wp-json\/wp\/v2\/pages\/402\/revisions\/4323"}],"up":[{"embeddable":true,"href":"https:\/\/agora.xtec.cat\/ceipauro\/wp-json\/wp\/v2\/pages\/817"}],"wp:attachment":[{"href":"https:\/\/agora.xtec.cat\/ceipauro\/wp-json\/wp\/v2\/media?parent=402"}],"curies":[{"name":"wp","href":"https:\/\/api.w.org\/{rel}","templated":true}]}}