{"id":382,"date":"2018-09-12T09:00:22","date_gmt":"2018-09-12T07:00:22","guid":{"rendered":"http:\/\/agora.xtec.cat\/ceipauro\/?page_id=382"},"modified":"2026-03-30T15:32:21","modified_gmt":"2026-03-30T13:32:21","slug":"equip-huma","status":"publish","type":"page","link":"https:\/\/agora.xtec.cat\/ceipauro\/curs-2024-2025\/equip-huma\/","title":{"rendered":"Equip hum\u00e0 25-26"},"content":{"rendered":"\n<p class=\"has-medium-font-size\"><\/p>\n\n\n<div class=\"wp-block-image\">\n<figure class=\"alignright\"><img loading=\"lazy\" decoding=\"async\" width=\"150\" height=\"84\" src=\"http:\/\/agora.xtec.cat\/ceipauro\/wp-content\/uploads\/usu276\/2018\/07\/Captura-de-pantalla-2018-07-10-a-les-18.03.54-e1531238776608-150x84.png\" alt=\"\" class=\"wp-image-516\"\/><\/figure><\/div>\n\n\n<p><\/p>\n\n\n\n<figure class=\"wp-block-table\"><table class=\"has-fixed-layout\"><tbody><tr><th colspan=\"3\"><span style=\"font-family: helvetica, arial, sans-serif; font-size: 20px;\"><strong><span style=\"color: #333333;\">EQUIP DIRECTIU<\/span><\/strong><\/span><\/th><\/tr><tr><td><span style=\"color: #333333; font-family: helvetica, arial, sans-serif; font-size: 20px;\"><strong>Directora<\/strong><\/span><\/td><td><span style=\"color: #333333; font-family: helvetica, arial, sans-serif; font-size: 20px;\"><strong>Cap d&#8217;estudis<\/strong><\/span><\/td><td><span style=\"color: #333333; font-family: helvetica, arial, sans-serif; font-size: 20px;\"><strong>Secret\u00e0ria<\/strong><\/span><\/td><\/tr><tr><td>\n<p>Elisenda Lozano<\/p>\n<\/td><td>\n<p>Gemma Cusc\u00f3<\/p>\n<\/td><td>\n<p>Marta Gual<\/p>\n<\/td><\/tr><\/tbody><\/table><\/figure>\n\n\n\n<figure class=\"wp-block-table\"><table class=\"has-fixed-layout\"><tbody><tr><td colspan=\"4\"><span style=\"font-size: 20px;\"><strong>CONSERGERIA I ADMINISTRACI\u00d3<\/strong><\/span><\/td><\/tr><tr><td><span style=\"font-size: 20px;\"><strong>Conserge<\/strong><\/span><\/td><td>Montse Ferrando<\/td><td><span style=\"font-size: 20px;\"><strong>Administratiu<\/strong><\/span><\/td><td>Vicen\u00e7 P\u00e9rez<\/td><\/tr><\/tbody><\/table><\/figure>\n\n\n\n<figure class=\"wp-block-table\"><table class=\"has-fixed-layout\"><tbody><tr><th colspan=\"7\">\n<p style=\"text-align: left;\"><span style=\"font-size: 16px;\"><strong><span style=\"font-family: helvetica, arial, sans-serif;\"><span style=\"font-size: 20px;\">EQUIP DE DOCENTS D&#8217;EDUCACI\u00d3 INFANTIL&nbsp; &nbsp;<\/span><\/span><\/strong><\/span><\/p>\n<p style=\"text-align: left;\"><strong style=\"font-family: helvetica, arial, sans-serif; font-size: 16px; text-align: right; color: initial;\">Coordinadora Educaci\u00f3 Infantil: Carla Ortega&nbsp;<\/strong><\/p>\n<\/th><\/tr><tr><td colspan=\"4\">\n<p><span style=\"font-family: helvetica, arial, sans-serif; font-size: 20px;\"><strong>Tutoria I3 A&nbsp;<\/strong><\/span><\/p>\n<p><span style=\"color: #339966;\"><em><span style=\"font-weight: 400;\">Torre de Pisa<\/span><\/em><\/span><\/p>\n<\/td><td>Judith Ravent\u00f3s<\/td><td>\n<p><span style=\"font-family: helvetica, arial, sans-serif; font-size: 20px;\"><strong>Tutoria I3 B<\/strong><\/span><\/p>\n<p><span style=\"color: #339966;\"><em>Moais<\/em><\/span><\/p>\n<\/td><td>Carla Ortega<\/td><\/tr><tr><td colspan=\"4\"><strong style=\"font-family: helvetica, arial, sans-serif; font-size: 20px;\"><strong style=\"background-color: #f9f9f9;\">TEEI I3<\/strong><\/strong><\/td><td>Yolanda Calabuig<\/td><td><strong style=\"font-family: helvetica, arial, sans-serif; font-size: 20px;\"><strong style=\"background-color: #f9f9f9;\">SIAL I3, I4 i I5<\/strong><\/strong><\/td><td>Montse Cascales<\/td><\/tr><tr><td colspan=\"4\">\n<p><span style=\"font-family: helvetica, arial, sans-serif; font-size: 20px;\"><strong>Tutoria I4 A<\/strong><\/span><\/p>\n<p><span style=\"color: #339966;\"><em>Torii japon\u00e8s<\/em><\/span><\/p>\n<\/td><td>Patricia Ribas<\/td><td>\n<p><span style=\"font-family: helvetica, arial, sans-serif; font-size: 20px;\"><strong>Tutoria I4 B<\/strong><\/span><\/p>\n<p><span style=\"color: #339966;\"><em>Pir\u00e0mides d&#8217;Egipte<\/em><\/span><\/p>\n<\/td><td>X\u00e8nia Ferrer<\/td><\/tr><tr><td colspan=\"4\">\n<p><span style=\"font-family: helvetica, arial, sans-serif; font-size: 20px;\"><strong>Tutoria I5 A&nbsp;<\/strong><\/span><\/p>\n<p><span style=\"color: #339966;\"><em>Est\u00e0tua de la Llibertat<\/em><\/span><\/p>\n<\/td><td>Diana Rodr\u00edguez<\/td><td>\n<p><span style=\"font-family: helvetica, arial, sans-serif; font-size: 20px;\"><strong>Tutoria I5 B<\/strong><\/span><\/p>\n<p><span style=\"color: #339966;\"><em>Torre Eiffel<\/em><\/span><\/p>\n<\/td><td>Marta Fern\u00e1ndez<\/td><\/tr><tr><td colspan=\"4\"><span style=\"font-family: helvetica, arial, sans-serif; font-size: 20px;\"><strong style=\"background-color: #f9f9f9;\"><b>M\u00fasica<\/b> <\/strong><\/span><\/td><td>Jordi Parera<\/td><td><span style=\"font-family: helvetica, arial, sans-serif;\"><span style=\"font-size: 20px; background-color: #f9f9f9;\"><b>Codoc\u00e8ncia I3, I4 i I5<\/b><\/span><\/span><\/td><td>L\u00eddia Alfonso<\/td><\/tr><tr><td colspan=\"4\"><span style=\"font-family: helvetica, arial, sans-serif; font-size: 20px;\"><strong><strong style=\"background-color: #f9f9f9;\">Angl\u00e8s I5<\/strong><\/strong><\/span><\/td><td>Eva Tarre<\/td><td><span style=\"font-family: helvetica, arial, sans-serif; font-size: 20px;\"><strong><strong style=\"background-color: #f9f9f9;\">Mestra d&#8217; EE d&#8217;I3 i I4<\/strong><\/strong><\/span><\/td><td>Eli Lozano&nbsp;<\/td><\/tr><tr><td colspan=\"4\"><span style=\"font-family: helvetica, arial, sans-serif; font-size: 20px;\"><strong><strong style=\"background-color: #f9f9f9;\">Mestra d&#8217;EE I5<\/strong><\/strong><\/span><\/td><td>Marta Blanco<\/td><td><span style=\"font-family: helvetica, arial, sans-serif; font-size: 20px;\"><strong><strong style=\"background-color: #f9f9f9;\">&nbsp;Psicomotricitat I3<\/strong><\/strong><\/span><\/td><td>Marta Gual<\/td><\/tr><tr><td colspan=\"4\"><span style=\"font-family: helvetica, arial, sans-serif; font-size: 20px;\"><strong><strong style=\"background-color: #f9f9f9;\">Psicomotricitat I4<\/strong><\/strong><\/span><\/td><td>Lidia Alfonso<\/td><td><span style=\"font-family: helvetica, arial, sans-serif; font-size: 20px;\"><strong><strong style=\"background-color: #f9f9f9;\">Psicomotricitat I5<\/strong><\/strong><\/span><\/td><td>Georgina Garriga<\/td><\/tr><\/tbody><\/table><\/figure>\n\n\n\n<figure class=\"wp-block-table\"><table class=\"has-fixed-layout\"><tbody><tr><th colspan=\"7\">\n<p style=\"text-align: left;\"><span style=\"font-size: 20px;\"><strong><span style=\"font-family: helvetica, arial, sans-serif;\">EQUIP DE DOCENTS DE 1r CICLE<\/span><\/strong><\/span><\/p>\n<p style=\"text-align: left;\"><span style=\"font-family: helvetica, arial, sans-serif; font-size: 16px;\"><strong>Coordinadora de Cicle: Cristina Chamorro<\/strong><\/span><\/p>\n<\/th><\/tr><tr><td colspan=\"4\">\n<p><span style=\"font-family: helvetica, arial, sans-serif; font-size: 20px;\"><strong>Tutoria 1r A&nbsp;<\/strong><\/span><\/p>\n<p><span style=\"color: #339966;\"><em>Sagrada fam\u00edlia<\/em><\/span><\/p>\n<\/td><td>Daria Bannikova<\/td><td>\n<p><span style=\"font-family: helvetica, arial, sans-serif; font-size: 20px;\"><strong>Tutoria 1r B&nbsp;<\/strong><\/span><\/p>\n<p><em><span style=\"color: #339966;\">Fontana di Trevi<\/span><\/em><\/p>\n<\/td><td>Patr\u00edcia Finestres<\/td><\/tr><tr><td colspan=\"4\">\n<p><span style=\"font-family: helvetica, arial, sans-serif; font-size: 20px;\"><strong>Tutoria 2n A<\/strong><\/span><\/p>\n<p><span style=\"color: #339966;\"><em>Big Ben<\/em><\/span><\/p>\n<\/td><td>Albert Torres<\/td><td>\n<p><span style=\"font-family: helvetica, arial, sans-serif; font-size: 20px;\"><strong>Tutoria 2n B&nbsp;<\/strong><\/span><\/p>\n<p><em><span style=\"color: #339966;\">Gran muralla xinesa<\/span><\/em><\/p>\n<\/td><td>Cristina Chamorro<\/td><\/tr><tr><td colspan=\"4\"><strong style=\"font-family: helvetica, arial, sans-serif; font-size: 20px; background-color: #ffffff;\"><strong style=\"background-color: #f9f9f9;\">Codoc\u00e8ncia 1r<\/strong><\/strong><\/td><td>Gemma Cusc\u00f3 i Jordi Parera<\/td><td><span style=\"font-family: helvetica, arial, sans-serif; font-size: 20px;\"><strong><strong style=\"font-family: helvetica, arial, sans-serif; font-size: 20px; background-color: #ffffff;\"><strong style=\"background-color: #f9f9f9;\">Codoc\u00e8ncia 2n<\/strong><\/strong><\/strong><\/span><\/td><td>Marta Gual i Jordi Parera<\/td><\/tr><tr><td colspan=\"4\"><span style=\"font-family: helvetica, arial, sans-serif; font-size: 20px;\"><strong><strong style=\"background-color: #f9f9f9;\">Angl\u00e8s 1r i 2n<\/strong><\/strong><\/span><\/td><td>Luc\u00eda Lara<\/td><td><span style=\"font-family: helvetica, arial, sans-serif; font-size: 20px;\"><b>M\u00fasica<\/b><\/span><\/td><td>Daria Bannikova<\/td><\/tr><tr><td colspan=\"4\"><strong style=\"font-family: helvetica, arial, sans-serif; font-size: 20px; background-color: #ffffff;\"><strong style=\"background-color: #f9f9f9;\">EE 1r<\/strong><\/strong><\/td><td>Marta Blanco<\/td><td><strong style=\"font-family: helvetica, arial, sans-serif; font-size: 20px; background-color: #ffffff;\"><strong style=\"background-color: #f9f9f9;\">EE 2n<\/strong><\/strong><\/td><td>L\u00eddia Garcia<\/td><\/tr><tr><td colspan=\"4\"><span style=\"font-family: helvetica, arial, sans-serif; font-size: 20px;\"><strong>Ed. F\u00edsica<\/strong><\/span><\/td><td>Albert Torres<\/td><td><span style=\"font-family: helvetica, arial, sans-serif; font-size: 20px;\"><span style=\"font-family: helvetica, arial, sans-serif;\"><b>Ed. Visual i pl\u00e0stica<\/b><\/span><\/span><\/td><td>Laura D\u00edaz- Benito<\/td><\/tr><\/tbody><\/table><\/figure>\n\n\n\n<figure class=\"wp-block-table\"><table class=\"has-fixed-layout\"><tbody><tr><td colspan=\"4\">\n<p><span style=\"font-family: helvetica, arial, sans-serif; font-size: 20px;\"><strong>EQUIP DE DOCENTS DE 2n CICLE<\/strong><\/span><\/p>\n<p><strong style=\"font-size: revert; text-align: right; font-family: inherit; color: initial;\">Coordinadora de Cicle: S\u00edlvia Dom\u00e8nech&nbsp;&nbsp;<\/strong><\/p>\n<\/td><\/tr><tr><td>\n<p><span style=\"font-family: helvetica, arial, sans-serif; font-size: 20px;\"><strong>Tutoria 3r A&nbsp;<\/strong><\/span><\/p>\n<p><em><span style=\"font-weight: 400; color: #339966;\">Taj Mahal<\/span><\/em><\/p>\n<\/td><td>Eva Tarre<\/td><td>\n<p><span style=\"font-family: helvetica, arial, sans-serif; font-size: 20px;\"><strong>Tutoria 3r B<\/strong><\/span><\/p>\n<p><span style=\"color: #339966;\"><em><span style=\"font-weight: 400;\">\u00d2pera de Sidney<\/span><\/em><\/span><\/p>\n<\/td><td>Lloren\u00e7 Rius<\/td><\/tr><tr><td>\n<p><span style=\"font-family: helvetica, arial, sans-serif; font-size: 20px;\"><strong>Tutoria 4t A&nbsp;<\/strong><\/span><\/p>\n<p><span style=\"color: #339966;\"><em><span style=\"font-weight: 400;\">Esfinx<\/span><\/em><\/span><\/p>\n<\/td><td>Mireia Mart\u00ed<\/td><td>\n<p><span style=\"font-family: helvetica, arial, sans-serif; font-size: 20px;\"><strong>Tutoria 4t B<\/strong><\/span><\/p>\n<p><em><span style=\"color: #339966;\">Coliseu<\/span><\/em><\/p>\n<\/td><td>S\u00edlvia Dom\u00e8nech<\/td><\/tr><tr><td><strong style=\"font-family: helvetica, arial, sans-serif; font-size: 20px;\">Angl\u00e8s 3r&nbsp;<\/strong><\/td><td>Luc\u00eda Lara<\/td><td><strong style=\"font-family: helvetica, arial, sans-serif; font-size: 20px;\">Angl\u00e8s 3r&nbsp;<\/strong><\/td><td>Emma Bausili<\/td><\/tr><tr><td><strong style=\"font-family: helvetica, arial, sans-serif; font-size: 20px;\"><strong style=\"background-color: #f9f9f9;\">M\u00fasica<\/strong><br><\/strong><\/td><td>Rita Cord\u00f3n<\/td><td><span style=\"font-family: helvetica, arial, sans-serif; font-size: 20px;\"><strong style=\"font-size: 20px; background-color: #ffffff;\"><span style=\"font-family: helvetica, arial, sans-serif; font-size: 20px;\">Ed. Visual i pl\u00e0stica<\/span><\/strong><strong><br><\/strong><\/span><\/td><td>Laura D\u00edaz- Benito<\/td><\/tr><tr><td><span style=\"font-family: helvetica, arial, sans-serif; font-size: 20px;\"><strong>Ed. F\u00edsica<\/strong><\/span><\/td><td>M\u00f2nica Bueno<\/td><td><span style=\"font-family: helvetica, arial, sans-serif; font-size: 20px;\"><strong>EE 3r i 4t&nbsp;<\/strong><\/span><\/td><td>&nbsp;L\u00eddia Garcia<\/td><\/tr><tr><td><span style=\"font-family: helvetica, arial, sans-serif; font-size: 20px;\"><strong>Codoc\u00e8ncia i SIAL 3r <\/strong><\/span><\/td><td>Rober Ramos<\/td><td><span style=\"font-family: helvetica, arial, sans-serif; font-size: 20px;\"><strong>Codoc\u00e8ncia 4t<\/strong><\/span><\/td><td>Gemma Cusc\u00f3<\/td><\/tr><\/tbody><\/table><\/figure>\n\n\n\n<figure class=\"wp-block-table\"><table class=\"has-fixed-layout\"><tbody><tr><td colspan=\"4\">\n<p><span style=\"font-family: helvetica, arial, sans-serif; font-size: 20px;\"><strong>&nbsp;EQUIP DE DOCENTS DE 3r CICLE<\/strong><\/span><\/p>\n<p><strong style=\"font-size: revert; text-align: right; font-family: inherit; color: initial;\">Coordinadora de Cicle: Anna Radresa&nbsp;<\/strong><\/p>\n<\/td><\/tr><tr><td>\n<p><span style=\"font-family: helvetica, arial, sans-serif; font-size: 20px;\"><b style=\"font-family: helvetica, arial, sans-serif; font-size: 20px;\">Tutoria&nbsp; 5\u00e8 A<\/b><\/span><\/p>\n<p><em><span style=\"font-weight: 400; color: #339966;\">Castell de Neuschwanstein<\/span><\/em><\/p>\n<\/td><td>\n<p><span style=\"font-weight: 400;\">Georgina Garriga<\/span><\/p>\n<\/td><td>\n<p><span style=\"font-family: helvetica, arial, sans-serif; font-size: 20px;\"><b style=\"font-family: helvetica, arial, sans-serif; font-size: 20px;\">Tutoria&nbsp; 5\u00e8 B&nbsp;<\/b><\/span><\/p>\n<p><em><span style=\"font-weight: 400; color: #339966;\">Abadia de Westminster<\/span><\/em><\/p>\n<\/td><td>Anna Radresa<\/td><\/tr><tr><td>\n<p><span style=\"font-family: helvetica, arial, sans-serif; font-size: 20px;\"><strong>Tutoria&nbsp;&nbsp;<\/strong><\/span><strong style=\"font-family: helvetica, arial, sans-serif; font-size: 20px;\">6\u00e8 A&nbsp;<\/strong><\/p>\n<p><span style=\"color: #339966;\"><em><span style=\"font-weight: 400;\">Empire State Building<\/span><\/em><\/span><\/p>\n<\/td><td>Pilar Autonell<\/td><td>\n<p><span style=\"font-family: helvetica, arial, sans-serif; font-size: 20px;\"><strong>Tutoria <\/strong><\/span><strong style=\"font-family: helvetica, arial, sans-serif; font-size: 20px; background-color: #f9f9f9;\">&nbsp;6\u00e8 B&nbsp;<\/strong><\/p>\n<p><em><span style=\"font-weight: 400; color: #339966;\">Burj Khalifa<\/span><\/em><\/p>\n<\/td><td>\n<p>Neus Berrio i Guillem Periago<\/p>\n<\/td><\/tr><tr><td><span style=\"font-family: helvetica, arial, sans-serif; font-size: 20px;\"><strong style=\"font-family: helvetica, arial, sans-serif; font-size: 20px; background-color: #ffffff;\">EE 5\u00e8 i 6\u00e8<\/strong><strong><br><\/strong><\/span><\/td><td>L\u00eddia Garcia<\/td><td><span style=\"font-family: helvetica, arial, sans-serif; font-size: 20px;\"><strong>Ed. Visual i Pl\u00e0stica<br><\/strong><\/span><\/td><td>Laura D\u00edaz- Benito<\/td><\/tr><tr><td><strong style=\"font-family: helvetica, arial, sans-serif; font-size: 20px; background-color: #ffffff;\">SIAL 5\u00e8 i 6\u00e8&nbsp;<\/strong><\/td><td>\n<p>Isabel Mart\u00ednez i<\/p>\n<p>Marta Blanco<\/p>\n<\/td><td><span style=\"font-family: helvetica, arial, sans-serif; font-size: 20px;\"><strong style=\"font-family: helvetica, arial, sans-serif; font-size: 20px; background-color: #f9f9f9;\">Ed. F\u00edsica<\/strong><\/span><\/td><td>M\u00f2nica Bueno<\/td><\/tr><tr><td><span style=\"font-family: helvetica, arial, sans-serif; font-size: 20px;\"><strong>Angl\u00e8s 5\u00e8 i 6\u00e8<\/strong><\/span><\/td><td>Emma Bausili<\/td><td><span style=\"font-family: helvetica, arial, sans-serif; font-size: 20px;\"><strong>M\u00fasica 5\u00e8 i 6\u00e8<\/strong><\/span><\/td><td>Rita Cord\u00f3n<\/td><\/tr><tr><td><span style=\"font-family: helvetica, arial, sans-serif; font-size: 20px;\"><strong>Codoc\u00e8ncia 5\u00e8<\/strong><\/span><\/td><td>&nbsp;Gemma Cusc\u00f3 i Jordi Parera<\/td><td><span style=\"font-family: helvetica, arial, sans-serif; font-size: 20px;\"><strong>Codoc\u00e8ncia 6\u00e8<\/strong><\/span><\/td><td>Marta Gual<\/td><\/tr><\/tbody><\/table><\/figure>\n\n\n\n<figure class=\"wp-block-table\"><table class=\"has-fixed-layout\"><tbody><tr><td colspan=\"2\"><span style=\"font-family: helvetica, arial, sans-serif; font-size: 16px;\"><strong><span style=\"font-family: helvetica, arial, sans-serif; font-size: 20px;\">COORDINACIONS<\/span><\/strong><\/span><\/td><\/tr><tr><td><span style=\"font-family: helvetica, arial, sans-serif; font-size: 20px;\"><strong>Coordinadora&nbsp; de Riscos Laborals<\/strong><\/span><\/td><td>Marta Fern\u00e1ndez<\/td><\/tr><tr><td><span style=\"font-family: helvetica, arial, sans-serif; font-size: 20px;\"><strong>Coordinadora&nbsp; Digital<\/strong><\/span><\/td><td>M\u00f2nica Bueno<\/td><\/tr><tr><td><span style=\"font-family: helvetica, arial, sans-serif; font-size: 20px;\"><strong>Coordinador&nbsp; L.I.C. <\/strong>(<span style=\"font-size: 16px;\"><strong>L<\/strong>lengua, <strong>I<\/strong>nterculturalitat i <strong>C<\/strong>ohesi\u00f3 Social)<\/span><\/span><\/td><td>Lloren\u00e7 Rius<\/td><\/tr><tr><td><span style=\"font-size: 20px;\"><strong>Responsable Comissi\u00f3 L\u00ednia d&#8217;escola<\/strong><\/span><\/td><td>Luc\u00eda Lara<\/td><\/tr><tr><td><span style=\"font-size: 20px;\"><strong>Coordinadora COCOBE<\/strong><\/span> (Coeducaci\u00f3, Conviv\u00e8ncia i benestar)<\/td><td>Mireia Mart\u00ed<\/td><\/tr><tr><td><span style=\"font-size: 20px;\"><strong>Responsable Comissi\u00f3 Escoles + Sostenibles<\/strong><\/span><\/td><td>Pilar Autonell<\/td><\/tr><tr><td><span style=\"font-size: 20px;\"><strong>Responsable Comissi\u00f3 Biblioteca<\/strong><\/span><\/td><td>Rober Ramos<\/td><\/tr><\/tbody><\/table><\/figure>\n\n\n\n<hr class=\"wp-block-separator has-alpha-channel-opacity\"\/>\n\n\n\n<figure class=\"wp-block-table\"><table class=\"has-fixed-layout\"><tbody><tr><td colspan=\"5\"><span style=\"font-size: 20px;\"><span style=\"font-family: helvetica, arial, sans-serif;\"><strong>ATENCI\u00d3 A LA DIVERSITAT&nbsp;<\/strong><\/span><\/span><span style=\"font-family: helvetica, arial, sans-serif;\"><strong><br><\/strong><\/span><\/td><\/tr><tr><td><span style=\"font-family: helvetica, arial, sans-serif; font-size: 20px;\"><b>Ed. Especial<\/b><\/span><\/td><td>&nbsp;Eli Lozano<\/td><td>&nbsp;Marta Blanco<\/td><td>L\u00eddia Garcia<\/td><td>&nbsp;<\/td><\/tr><tr><td><span style=\"font-family: helvetica, arial, sans-serif; font-size: 20px;\"><strong>Mestres SIAL<\/strong><\/span><\/td><td>&nbsp;Montse Cascales<\/td><td>Rober Ramos<\/td><td>Isabel Mart\u00ednez<\/td><td>Marta Blanco<\/td><\/tr><tr><td><span style=\"font-family: helvetica, arial, sans-serif; font-size: 20px;\"><strong>Vetlladora<\/strong><\/span><\/td><td colspan=\"4\">Montse Marco i Maril\u00f3 Hern\u00e1ndez<\/td><\/tr><\/tbody><\/table><\/figure>\n\n\n\n<figure class=\"wp-block-table\"><table class=\"has-fixed-layout\"><tbody><tr><td colspan=\"4\"><span style=\"font-family: helvetica, arial, sans-serif; font-size: 20px;\"><strong>EQUIP DEL CREDAC&nbsp;<\/strong>(<strong>C<\/strong>entre de <strong>R<\/strong>ecursos <strong>E<\/strong>spec\u00edfic per a la&nbsp;<strong>D<\/strong>iscapacitat&nbsp;<strong>A<\/strong>uditiva)<\/span><\/td><\/tr><tr><td><span style=\"font-family: helvetica, arial, sans-serif; font-size: 20px;\"><strong>Logopedes<\/strong><\/span><\/td><td colspan=\"3\">Ana Portero i M\u00f2nica Bachs<\/td><\/tr><tr><td><span style=\"font-family: helvetica, arial, sans-serif; font-size: 20px;\"><strong>Coordinadora<\/strong><\/span><\/td><td colspan=\"3\">Arantza Urrutia<\/td><\/tr><\/tbody><\/table><\/figure>\n\n\n\n<figure class=\"wp-block-table\"><table class=\"has-fixed-layout\"><tbody><tr><td colspan=\"2\"><span style=\"font-size: 20px;\"><strong>EAP <\/strong>(<strong>E<\/strong>quip <strong>A<\/strong>ssessorament <strong>P<\/strong>sicopedag\u00f2gic) <strong>de l&#8217;EIXAMPLE<\/strong><\/span><\/td><\/tr><tr><td><span style=\"font-size: 20px;\"><strong>Psicopedagoga<\/strong><\/span><\/td><td>Alba Serrano<\/td><\/tr><tr><td><span style=\"font-size: 20px;\"><strong>Treballadora social<\/strong><\/span><\/td><td>S\u00f2nia Moreno<\/td><\/tr><\/tbody><\/table><\/figure>\n\n\n\n<hr class=\"wp-block-separator has-alpha-channel-opacity\"\/>\n\n\n\n<figure class=\"wp-block-table\"><table class=\"has-fixed-layout\"><tbody><tr><td colspan=\"3\"><span style=\"font-family: helvetica, arial, sans-serif; font-size: 20px;\"><b>ESPAI DE MIGDIA&nbsp; <span style=\"font-size: 16px;\">&nbsp;&nbsp;<\/span><\/b><span style=\"font-size: 16px;\"><strong><a href=\"https:\/\/agora.xtec.cat\/ceipauro\/serveis\/menjador-escolar\/\" target=\"_blank\" rel=\"noopener noreferrer\">https:\/\/agora.xtec.cat\/ceipauro\/serveis\/menjador-escolar\/<\/a><\/strong><\/span><\/span><\/td><\/tr><tr><td><strong>Coordinadora<\/strong><\/td><td colspan=\"2\">\n<p>Estel Franch<\/p>\n<\/td><\/tr><\/tbody><\/table><\/figure>\n\n\n\n<hr class=\"wp-block-separator has-alpha-channel-opacity\"\/>\n\n\n\n<figure class=\"wp-block-table\"><table class=\"has-fixed-layout\"><tbody><tr><td><span style=\"font-family: helvetica, arial, sans-serif; font-size: 20px;\"><strong>RESPONSABLE DE NETEJA&nbsp;<\/strong><\/span><\/td><td><span style=\"font-family: helvetica, arial, sans-serif; font-size: 20px;\"><strong>&nbsp;CUINERA<\/strong><\/span><\/td><\/tr><tr><td>\n<p>Merche Ortiz<\/p>\n<\/td><td>\n<p>Mari Carmen L\u00f3pez<\/p>\n<\/td><\/tr><\/tbody><\/table><\/figure>\n\n\n\n<hr class=\"wp-block-separator has-alpha-channel-opacity\"\/>\n\n\n\n<figure class=\"wp-block-table is-style-regular\"><table class=\"has-fixed-layout\"><tbody><tr><td colspan=\"2\"><strong><span style=\"font-size: 20px;\">EXTRAESCOLARS<\/span> &#8211; consultar<a href=\"https:\/\/agora.xtec.cat\/ceipauro\/serveis\/activitats-extraescolars\/\" target=\"_blank\" rel=\"noopener noreferrer\"> https:\/\/agora.xtec.cat\/ceipauro\/serveis\/activitats-extraescolars\/<\/a><\/strong><\/td><\/tr><tr><td><strong>Coordinador Extraescolars Associaci\u00f3 Esportiva Eixample<\/strong><\/td><td><span style=\"font-family: helvetica, arial, sans-serif;\"><span style=\"font-size: 16px;\">Adri\u00e0 D\u00edaz<\/span><\/span><\/td><\/tr><tr><td><strong>Coordinadora M\u00fasica, projecte Impregna\u2019t<\/strong><span style=\"font-size: 20px;\"><span style=\"font-size: 20px;\"><b><br><\/b><\/span><\/span><\/td><td><span style=\"font-family: helvetica, arial, sans-serif;\"><span style=\"font-size: 16px;\">Dani Puig<\/span><\/span><\/td><\/tr><tr><td><strong>Coordinadora &nbsp;rob\u00f2tica, pequesyrobots<\/strong><\/td><td><span style=\"font-family: helvetica, arial, sans-serif;\"><span style=\"font-size: 16px;\">Rosangel Moreno-Gonz\u00e1lez<\/span><\/span><\/td><\/tr><tr><td><strong>Coordinadora Eixos Creativa<\/strong><strong><br><\/strong><\/td><td><span style=\"font-family: helvetica, arial, sans-serif;\"><span style=\"font-size: 16px;\">L\u00eddia Roca<\/span><\/span><\/td><\/tr><\/tbody><\/table><\/figure>\n","protected":false},"excerpt":{"rendered":"<p>EQUIP DIRECTIUDirectoraCap d&#8217;estudisSecret\u00e0ria<br \/>\nElisenda Lozano<\/p>\n<p>Gemma Cusc\u00f3<\/p>\n<p>Marta Gual<\/p>\n<p>CONSERGERIA I ADMINISTRACI\u00d3ConsergeMontse FerrandoAdministratiuVicen\u00e7 P\u00e9rez<\/p>\n<p>EQUIP DE DOCENTS D&#8217;EDUCACI\u00d3 INFANTIL&nbsp; &nbsp;<br \/>\nCoordinadora Educaci\u00f3 Infantil: Carla Ortega&nbsp;<\/p>\n<p>Tutoria I3 A&nbsp;<br \/>\nTorre de Pisa<br \/>\nJudith Ravent\u00f3s<br \/>\nTutoria I3 B<br \/>\nMoais<br \/>\nCarla OrtegaTEEI I3Yolanda CalabuigSIAL I3, I4 i I5Montse Cascales<br \/>\nTutoria I4 A<br \/>\nTorii japon\u00e8s<br \/>\nPatricia Ribas<br \/>\nTutoria I4 B<br \/>\nPir\u00e0mides d&#8217;Egipte<br \/>\nX\u00e8nia Ferrer<br \/>\nTutoria I5 A&nbsp;<br \/>\nEst\u00e0tua de&hellip;  <a href=\"https:\/\/agora.xtec.cat\/ceipauro\/curs-2024-2025\/equip-huma\/\" title=\"Read Equip hum\u00e0 25-26\">Llegeix m\u00e9s\u00bb<\/a><\/p>\n","protected":false},"author":1,"featured_media":0,"parent":2749,"menu_order":1,"comment_status":"closed","ping_status":"closed","template":"page-templates\/side-menu.php","meta":{"_bbp_topic_count":0,"_bbp_reply_count":0,"_bbp_total_topic_count":0,"_bbp_total_reply_count":0,"_bbp_voice_count":0,"_bbp_anonymous_reply_count":0,"_bbp_topic_count_hidden":0,"_bbp_reply_count_hidden":0,"_bbp_forum_subforum_count":0,"footnotes":""},"class_list":["post-382","page","type-page","status-publish","hentry"],"post_mailing_queue_ids":[],"_links":{"self":[{"href":"https:\/\/agora.xtec.cat\/ceipauro\/wp-json\/wp\/v2\/pages\/382","targetHints":{"allow":["GET"]}}],"collection":[{"href":"https:\/\/agora.xtec.cat\/ceipauro\/wp-json\/wp\/v2\/pages"}],"about":[{"href":"https:\/\/agora.xtec.cat\/ceipauro\/wp-json\/wp\/v2\/types\/page"}],"author":[{"embeddable":true,"href":"https:\/\/agora.xtec.cat\/ceipauro\/wp-json\/wp\/v2\/users\/1"}],"replies":[{"embeddable":true,"href":"https:\/\/agora.xtec.cat\/ceipauro\/wp-json\/wp\/v2\/comments?post=382"}],"version-history":[{"count":6,"href":"https:\/\/agora.xtec.cat\/ceipauro\/wp-json\/wp\/v2\/pages\/382\/revisions"}],"predecessor-version":[{"id":4874,"href":"https:\/\/agora.xtec.cat\/ceipauro\/wp-json\/wp\/v2\/pages\/382\/revisions\/4874"}],"up":[{"embeddable":true,"href":"https:\/\/agora.xtec.cat\/ceipauro\/wp-json\/wp\/v2\/pages\/2749"}],"wp:attachment":[{"href":"https:\/\/agora.xtec.cat\/ceipauro\/wp-json\/wp\/v2\/media?parent=382"}],"curies":[{"name":"wp","href":"https:\/\/api.w.org\/{rel}","templated":true}]}}