{"id":38,"date":"2014-09-18T12:34:08","date_gmt":"2014-09-18T10:34:08","guid":{"rendered":"http:\/\/agora.xtec.cat\/ceipauro\/\/?page_id=38"},"modified":"2026-03-30T15:07:53","modified_gmt":"2026-03-30T13:07:53","slug":"salut","status":"publish","type":"page","link":"https:\/\/agora.xtec.cat\/ceipauro\/lescola\/salut\/","title":{"rendered":"Salut"},"content":{"rendered":"\n<p>El Departament d\u2019Enseyament i el Departament de Salut, conven\u00e7uts de la import\u00e0ncia de l\u2019educaci\u00f3 per a la salut dels infants i joves impulsen&nbsp;<strong>el Pla Salut Escola i Comunitat (<\/strong>PSEC) amb l&#8217;objectiu d&#8217;establir un marc global com\u00fa per a les diferents actuacions en promoci\u00f3 de la salut. A continuaci\u00f3, us anomenem els apartats m\u00e9s destacables i que prioritzem a l&#8217;escola:<\/p>\n\n\n\n<ul class=\"wp-block-list\">\n<li><a href=\"https:\/\/agora.xtec.cat\/ceipauro\/curs-2018-2019\/salut\/vacunacio-6e\/\" target=\"_blank\" rel=\"noopener noreferrer\">Les<strong> vacunes <\/strong>a l&#8217;escola<strong> (a 6\u00e8)<\/strong><\/a><\/li>\n\n\n\n<li><a href=\"https:\/\/agora.xtec.cat\/ceipauro\/curs-2018-2019\/salut\/alimentacio\/\"><strong>Alimentaci\u00f3 (esmorzars i menjador)<\/strong><\/a><\/li>\n\n\n\n<li><a href=\"https:\/\/agora.xtec.cat\/ceipauro\/curs-2018-2019\/salut\/malalties-febre-medicacio-allergies-polls\/\"><strong>Malalties (febre, medicaci\u00f3, al\u00b7lergies, intoler\u00e0cies, polls, ll\u00e8menes,&#8230;)<\/strong><\/a><\/li>\n\n\n\n<li><a href=\"https:\/\/agora.xtec.cat\/ceipauro\/curs-2018-2019\/salut\/higiene-habits-adquirits-per-edats\/\"><strong>Higiene (recomanaci\u00f3 dels h\u00e0bits a treballar per edats)\u00a0<\/strong><\/a><\/li>\n<\/ul>\n\n\n\n<p><\/p>\n","protected":false},"excerpt":{"rendered":"<p>El Departament d\u2019Enseyament i el Departament de Salut, conven\u00e7uts de la import\u00e0ncia de l\u2019educaci\u00f3 per a la salut dels infants i joves impulsen&nbsp;el Pla Salut Escola i Comunitat (PSEC) amb l&#8217;objectiu d&#8217;establir un marc global com\u00fa per a les diferents actuacions en promoci\u00f3 de la&hellip;  <a href=\"https:\/\/agora.xtec.cat\/ceipauro\/lescola\/salut\/\" title=\"Read Salut\">Llegeix m\u00e9s\u00bb<\/a><\/p>\n","protected":false},"author":1,"featured_media":0,"parent":22,"menu_order":5,"comment_status":"closed","ping_status":"closed","template":"page-templates\/side-menu.php","meta":{"_bbp_topic_count":0,"_bbp_reply_count":0,"_bbp_total_topic_count":0,"_bbp_total_reply_count":0,"_bbp_voice_count":0,"_bbp_anonymous_reply_count":0,"_bbp_topic_count_hidden":0,"_bbp_reply_count_hidden":0,"_bbp_forum_subforum_count":0,"footnotes":""},"class_list":["post-38","page","type-page","status-publish","hentry"],"post_mailing_queue_ids":[],"_links":{"self":[{"href":"https:\/\/agora.xtec.cat\/ceipauro\/wp-json\/wp\/v2\/pages\/38","targetHints":{"allow":["GET"]}}],"collection":[{"href":"https:\/\/agora.xtec.cat\/ceipauro\/wp-json\/wp\/v2\/pages"}],"about":[{"href":"https:\/\/agora.xtec.cat\/ceipauro\/wp-json\/wp\/v2\/types\/page"}],"author":[{"embeddable":true,"href":"https:\/\/agora.xtec.cat\/ceipauro\/wp-json\/wp\/v2\/users\/1"}],"replies":[{"embeddable":true,"href":"https:\/\/agora.xtec.cat\/ceipauro\/wp-json\/wp\/v2\/comments?post=38"}],"version-history":[{"count":6,"href":"https:\/\/agora.xtec.cat\/ceipauro\/wp-json\/wp\/v2\/pages\/38\/revisions"}],"predecessor-version":[{"id":4869,"href":"https:\/\/agora.xtec.cat\/ceipauro\/wp-json\/wp\/v2\/pages\/38\/revisions\/4869"}],"up":[{"embeddable":true,"href":"https:\/\/agora.xtec.cat\/ceipauro\/wp-json\/wp\/v2\/pages\/22"}],"wp:attachment":[{"href":"https:\/\/agora.xtec.cat\/ceipauro\/wp-json\/wp\/v2\/media?parent=38"}],"curies":[{"name":"wp","href":"https:\/\/api.w.org\/{rel}","templated":true}]}}