{"id":373,"date":"2018-07-09T12:09:59","date_gmt":"2018-07-09T10:09:59","guid":{"rendered":"http:\/\/agora.xtec.cat\/ceipauro\/?page_id=373"},"modified":"2026-04-10T16:44:37","modified_gmt":"2026-04-10T14:44:37","slug":"sortides-escolars-per-curs","status":"publish","type":"page","link":"https:\/\/agora.xtec.cat\/ceipauro\/curs-2024-2025\/sortides-escolars-per-curs\/","title":{"rendered":"Sortides i col\u00f2nies"},"content":{"rendered":"\n<p class=\"has-text-align-left\"><span style=\"font-size: 16px;\">Aquesta informaci\u00f3 s&#8217;entregar\u00e0 en paper a cada fam\u00edlia en la reuni\u00f3 d&#8217;inici de curs de cada classe, per\u00f2, a m\u00e9s a m\u00e9s, aqu\u00ed trobareu el calendari virtual.<\/span><\/p>\n\n\n\n<p class=\"has-text-align-left\"><span style=\"font-size: 16px;\">Les sortides programades sempre s\u00f3n susceptibles a possibles canvis (canvis de data, anul\u00b7lacions, o ampliaci\u00f3 de la llista amb d&#8217;altres sortides); si fos el cas, ja informarem degudament a les fam\u00edlies implicades.<\/span><\/p>\n\n\n\n<h4 class=\"wp-block-heading widgettitle\">COM PUC AFEGIR EL CALENDARI DE L\u2019ESCOLA AL MEU CALENDARI PERSONAL?<\/h4>\n\n\n\n<div class=\"textwidget\">\n<p><span style=\"font-size: 16px;\">Per afegir el calendari al teu m\u00f2bil &#8211; ordinador &#8211; tauleta, fes clic al calendari que necessites des de l&#8217;ordinador.\u00a0 Aix\u00ed tindr\u00e0s actualitzades i a m\u00e0 les activitats, reunions, sortides, dies festius,..<\/span><\/p>\n<div class=\"textwidget\">\n<p><span style=\"font-size: 16px;\">Et recomanem que tinguis en el teu dispositiu 2 calendaris:<\/span><\/p>\n<ul>\n<li style=\"list-style-type: none;\">\n<ul>\n<li><span style=\"font-size: 16px;\">el calendari Aur\u00f3 (festius, per\u00edodes de vacances,&#8230;)<\/span><\/li>\n<li><span style=\"font-size: 16px;\">el calendari del cicle on pertany el teu fill o filla (sortides, activitats, col\u00f2nies, reunions aula,&#8230;)<\/span><\/li>\n<\/ul>\n<\/li>\n<\/ul>\n<\/div>\n<\/div>\n\n\n\n<figure class=\"wp-block-table\"><table class=\"has-fixed-layout\"><tbody><tr><td><em><span style=\"font-size: 20px;\"><span style=\"font-size: 16px;\">Dies festius, i aspectes generals de l&#8217;escola:<\/span><\/span><\/em><\/td><\/tr><tr><td><a href=\"https:\/\/calendar.google.com\/calendar\/u\/0?cid=YWRtaW5AYXVyb2VzY29sYS5jYXQ\"><span style=\"background-color: #ffffff; font-size: 14px;\"><strong style=\"font-family: inherit; background-color: #ffffff;\"><span style=\"text-decoration: underline;\">CALENDARI AUR\u00d3<\/span><\/strong><\/span><\/a><\/td><\/tr><tr><td><span style=\"font-size: 16px;\"><em>Activitats, reunions, sortides,&#8230;<\/em><\/span><\/td><\/tr><tr><td><a href=\"https:\/\/calendar.google.com\/calendar\/embed?src=c_lcm7nhopvcq4qbfcpkc0vrbsp8%40group.calendar.google.com&amp;ctz=Europe%2FMadrid\" target=\"_blank\" rel=\"noopener\"><span style=\"font-size: 14px; background-color: #ffffff;\"><strong><span style=\"text-decoration: underline;\">CALENDARI &nbsp;<\/span><span style=\"text-decoration: underline;\">D\u2019EDUCACI\u00d3 INFANTIL<\/span><\/strong><\/span><\/a><br><br><span style=\"font-size: 14px; background-color: #ffffff;\"><a href=\"https:\/\/calendar.google.com\/calendar\/embed?src=c_8a62dv8kpfpl1margtl8fijc9o%40group.calendar.google.com&amp;ctz=Europe%2FMadrid\" target=\"_blank\" rel=\"noopener\"><strong><span style=\"text-decoration: underline;\">CALENDARI DEL&nbsp; 1R CICLE<\/span><\/strong><\/a><br><br><\/span><span style=\"font-size: 14px;\"><a href=\"https:\/\/calendar.google.com\/calendar\/embed?src=c_ik2inogn79qd5g1411ic59iri4%40group.calendar.google.com&amp;ctz=Europe%2FMadrid\" target=\"_blank\" rel=\"noopener\"><strong><span style=\"text-decoration: underline;\">CALENDARI DEL 2N CICLE<\/span><\/strong><\/a><br><br><\/span><a href=\"https:\/\/calendar.google.com\/calendar\/embed?src=c_0ksgd0iftv9qslmg72pa3jrg3o%40group.calendar.google.com&amp;ctz=Europe%2FMadrid\" target=\"_blank\" rel=\"noopener\"><span style=\"font-size: 14px; background-color: #ffffff;\"><strong><span style=\"text-decoration: underline;\">CALENDARI DEL 3R&nbsp; <\/span><\/strong><span style=\"text-decoration: underline;\"><strong>CICLE<\/strong><\/span><\/span><\/a><\/td><\/tr><\/tbody><\/table><\/figure>\n\n\n\n<p>Aquest curs 25-26, les dates de les col\u00f2nies s\u00f3n:<\/p>\n\n\n\n<figure class=\"wp-block-table\"><table class=\"has-fixed-layout\"><tbody><tr><td>I5<\/td><td>Can Ribas (Bigues i Riells)<\/td><td>4, 5 i 6 de mar\u00e7 de 2026<\/td><td>2n trimestre<\/td><\/tr><tr><td>2n<\/td><td>Can Rigol<\/td><td>11, 12 i 13 de maig de 2026<\/td><td>3r trimestre<\/td><\/tr><tr><td>4t<\/td><td>Mas Bad\u00f3 (Sant Quirze Safaja)<\/td><td>13, 14 i 15 de maig de 2026<\/td><td>3r trimestre<\/td><\/tr><tr><td>5\u00e8<\/td><td>Can Castell\u00e0<\/td><td>7, 8 i 9 d&#8217;octubre de 2025<\/td><td>1r trimestre<\/td><\/tr><\/tbody><\/table><\/figure>\n","protected":false},"excerpt":{"rendered":"<p>Aquesta informaci\u00f3 s&#8217;entregar\u00e0 en paper a cada fam\u00edlia en la reuni\u00f3 d&#8217;inici de curs de cada classe, per\u00f2, a m\u00e9s a m\u00e9s, aqu\u00ed trobareu el calendari virtual.<\/p>\n<p>Les sortides programades sempre s\u00f3n susceptibles a possibles canvis (canvis de data, anul\u00b7lacions, o ampliaci\u00f3 de la llista amb&hellip;  <a href=\"https:\/\/agora.xtec.cat\/ceipauro\/curs-2024-2025\/sortides-escolars-per-curs\/\" title=\"Read Sortides i col\u00f2nies\">Llegeix m\u00e9s\u00bb<\/a><\/p>\n","protected":false},"author":1,"featured_media":0,"parent":2749,"menu_order":5,"comment_status":"closed","ping_status":"closed","template":"page-templates\/side-menu.php","meta":{"_bbp_topic_count":0,"_bbp_reply_count":0,"_bbp_total_topic_count":0,"_bbp_total_reply_count":0,"_bbp_voice_count":0,"_bbp_anonymous_reply_count":0,"_bbp_topic_count_hidden":0,"_bbp_reply_count_hidden":0,"_bbp_forum_subforum_count":0,"footnotes":""},"class_list":["post-373","page","type-page","status-publish","hentry"],"post_mailing_queue_ids":[],"_links":{"self":[{"href":"https:\/\/agora.xtec.cat\/ceipauro\/wp-json\/wp\/v2\/pages\/373","targetHints":{"allow":["GET"]}}],"collection":[{"href":"https:\/\/agora.xtec.cat\/ceipauro\/wp-json\/wp\/v2\/pages"}],"about":[{"href":"https:\/\/agora.xtec.cat\/ceipauro\/wp-json\/wp\/v2\/types\/page"}],"author":[{"embeddable":true,"href":"https:\/\/agora.xtec.cat\/ceipauro\/wp-json\/wp\/v2\/users\/1"}],"replies":[{"embeddable":true,"href":"https:\/\/agora.xtec.cat\/ceipauro\/wp-json\/wp\/v2\/comments?post=373"}],"version-history":[{"count":6,"href":"https:\/\/agora.xtec.cat\/ceipauro\/wp-json\/wp\/v2\/pages\/373\/revisions"}],"predecessor-version":[{"id":4933,"href":"https:\/\/agora.xtec.cat\/ceipauro\/wp-json\/wp\/v2\/pages\/373\/revisions\/4933"}],"up":[{"embeddable":true,"href":"https:\/\/agora.xtec.cat\/ceipauro\/wp-json\/wp\/v2\/pages\/2749"}],"wp:attachment":[{"href":"https:\/\/agora.xtec.cat\/ceipauro\/wp-json\/wp\/v2\/media?parent=373"}],"curies":[{"name":"wp","href":"https:\/\/api.w.org\/{rel}","templated":true}]}}