{"id":360,"date":"2018-07-09T11:30:15","date_gmt":"2018-07-09T09:30:15","guid":{"rendered":"http:\/\/agora.xtec.cat\/ceipauro\/?page_id=360"},"modified":"2026-03-09T18:45:09","modified_gmt":"2026-03-09T17:45:09","slug":"autoritzacions","status":"publish","type":"page","link":"https:\/\/agora.xtec.cat\/ceipauro\/curs-2024-2025\/autoritzacions\/","title":{"rendered":"Autoritzacions"},"content":{"rendered":"<p style=\"text-align: center;\"><img loading=\"lazy\" decoding=\"async\" class=\"alignright size-thumbnail wp-image-554\" src=\"http:\/\/agora.xtec.cat\/ceipauro\/wp-content\/uploads\/usu276\/2018\/07\/Captura-de-pantalla-2018-07-10-a-les-19.13.04-150x150.png\" alt=\"\" width=\"150\" height=\"150\" \/><\/p>\n<p style=\"text-align: left;\"><span style=\"font-size: 14px;\">Per altres comunicacions, recordeu que la via de comunicaci\u00f3 habitual \u00e9s:<\/span><\/p>\n<ul>\n<li><span style=\"font-size: 14px;\">Infantil i prim\u00e0ria: mail de la mestra xxx@auroescola.cat , es dona a les reunions d&#8217;aula de principi de curs<\/span><\/li>\n<li><span style=\"font-size: 14px;\">La <strong>LLIBRETA VIATGERA<\/strong> pels infants de 1r i 2n <\/span><em><span style=\"font-size: 14px;\">(s&#8217;entrega a l&#8217;alumnat a<\/span> principi de <span style=\"font-size: 14px;\">curs, mida dinA-6).<\/span><\/em><\/li>\n<li><span style=\"font-size: 14px;\">L&#8217; <strong>AGENDA ESCOLAR<\/strong> pels infants de 3r a 6\u00e8 (<em>s&#8217;entrega a l&#8217;alumnat a principi de curs, mida dinA-5)<\/em>.<\/span><\/li>\n<\/ul>\n<p><span style=\"font-family: helvetica, arial, sans-serif; font-size: 14px;\">Aquests instruments (llibreta o agenda, segons correspongui)\u00a0 han d\u2019estar sempre a la motxilla, per facilitar que l&#8217;infant la tingui tant a l\u2019escola com a casa. D\u2019aquesta manera facilitem des de casa i des de l\u2019escola la comunicaci\u00f3 bidireccional.<\/span><\/p>\n<p><span style=\"font-family: helvetica, arial, sans-serif; font-size: 14px;\">Aqu\u00ed trobareu les autoritzacions m\u00e9s habituals que podeu necessitar durant el curs.<br \/>\n<\/span><span style=\"font-family: helvetica, arial, sans-serif; font-size: 14px;\">Les trobeu en format PDF, per a que les pugueu imprimir directament.<\/span><\/p>\n<table class=\"alignleft\" style=\"height: 959px; width: 98.3456%; border-style: none; border-color: #000000;\" border=\"0\" cellspacing=\"0\" cellpadding=\"0\">\n<tbody>\n<tr style=\"height: 48px;\">\n<td style=\"width: 3.67454%; height: 10px;\" colspan=\"2\"><span style=\"font-family: helvetica, arial, sans-serif;\"><span style=\"font-family: helvetica, arial, sans-serif;\"><span style=\"font-family: helvetica, arial, sans-serif;\"><a href=\"https:\/\/drive.google.com\/file\/d\/1OMY4fGpI945djNaZCZR2IVKzarOK_3r2\/view?usp=sharing\" target=\"_blank\" rel=\"noopener\"><span style=\"font-size: 16px;\"><span style=\"background-color: #ffff00;\">AUTORITZACI\u00d3 FAMILIAR PER MARXAR SOL DEL CENTRE<\/span><\/span><\/a><\/p>\n<p><\/span><\/span><\/span>Aquesta autoritzaci\u00f3 es per a que l&#8217;alumne\/a pugui marxar sol del centre al migdia i\/o a la tarda. <span style=\"font-family: verdana, geneva, sans-serif;\">Si hi hagu\u00e9s alguna variaci\u00f3, us demanem que torneu a omplir de nou<\/span><span style=\"font-family: inherit; font-size: inherit; font-weight: inherit; color: initial;\"> l&#8217;autoritzaci\u00f3 i l&#8217;actualitzarem.<\/span><span style=\"font-size: inherit; font-family: inherit; font-weight: inherit; color: initial;\">L&#8217;autoritzaci\u00f3\u00a0tindr\u00e0 vig\u00e8ncia durant aquest curs escolar.<\/span><\/td>\n<\/tr>\n<tr style=\"height: 48px;\">\n<td style=\"width: 3.67454%; height: 10px;\" colspan=\"2\"><a href=\"https:\/\/drive.google.com\/file\/d\/1Hj3MMcLhBrmbviNaBHlZmk6gasE0AaQs\/view?usp=sharing\" target=\"_blank\" rel=\"noopener\"><span style=\"background-color: #ffff00; font-size: 16px;\">AUTORITZACI\u00d3 FAMILIAR PER RECOLLIDA GERM\u00c0<\/span><\/a><\/p>\n<p>Aquesta autoritzaci\u00f3 \u00e9s per\u00a0autoritzar que el germ\u00e0 gran pugui recollir al petit i puguin marxar a casa.Si hi hagu\u00e9s alguna variaci\u00f3, us demanem que torneu a omplir de nou l&#8217;autoritzaci\u00f3 i l&#8217;actualitzarem anul\u00b7lant l&#8217;autoritzaci\u00f3 anterior.L&#8217;autoritzaci\u00f3\u00a0tindr\u00e0\u00a0vig\u00e8ncia durant aquest curs escolar.<\/td>\n<\/tr>\n<tr style=\"height: 33px;\">\n<td style=\"width: 3.67454%; height: 33px;\" colspan=\"2\"><a href=\"https:\/\/drive.google.com\/file\/d\/1ImpeCmACRkuU9hWCnneMVDoOz71mqEcG\/view?usp=sharing\" target=\"_blank\" rel=\"noopener\"><span style=\"background-color: #ffff00; font-size: 16px;\">AUTORITZACI\u00d3 FAMILIAR PER\u00a0 RECOLLIDA D&#8217;INFANTS<\/span><\/a><\/p>\n<p>Aquesta autoritzaci\u00f3 us permet autoritzar a familiars i \/ o amics\/gues de la fam\u00edlia a que puguin recollir els vostres fills\/es a l&#8217;escola.Si hi hagu\u00e9s alguna variaci\u00f3, us demanem que torneu a omplir de nou l&#8217;autoritzaci\u00f3 i l&#8217;actualitzarem.L&#8217;autoritzaci\u00f3\u00a0tindr\u00e0\u00a0vig\u00e8ncia durant aquest curs escolar.<\/td>\n<\/tr>\n<tr style=\"height: 473px;\">\n<td style=\"width: 3.67454%; height: 473px;\" colspan=\"2\"><a href=\"https:\/\/drive.google.com\/file\/d\/1BC252JZe2JIdKXq7Dhjwn104C-zzAv_x\/view?usp=sharing\" target=\"_blank\" rel=\"noopener\"><span style=\"background-color: #ffff00; font-size: 16px;\">AUTORITZACI\u00d3 MEDICAMENTS<\/span><\/a><\/p>\n<p>Evitar,\u00a0<em>SEMPRE<\/em>\u00a0que sigui possible, haver d\u2019administrar medicaments als\/les alumnes en l\u2019horari escolar.Si fos inevitable, s\u2019haur\u00e0 de complimentar un full d\u2019autoritzaci\u00f3\u00a0 d\u2019administraci\u00f3 de medicaments per part de la fam\u00edlia. El full d\u2019autoritzaci\u00f3 el trobareu al taulell de consergeria en format paper, o b\u00e9 aqu\u00ed, en format digital (<a href=\"https:\/\/drive.google.com\/file\/d\/1lXyc1i0nE70OFMqEWp777iFCmPxzyDbP\/view?usp=sharing\" target=\"_blank\" rel=\"noopener noreferrer\">PDF<\/a>).Caldr\u00e0 que vagi SEMPRE acompanyat per la c\u00f2pia de la recepta m\u00e8dica que especifiqui el nom de l\u2019alumne\/a, la durada del tractament, l\u2019hora en que l\u2019ha de prendre, la dosificaci\u00f3 i altres aspectes que puguin ser d\u2019utilitat.<\/p>\n<p>El medicament ha d\u2019anar marcat amb el nom de l\u2019alumne\/a i el grup classe (en dosi individual sempre que sigui possible).<\/p>\n<p>El\u00a0<strong>medicament<\/strong>, el\u00a0<strong>full d\u2019autoritzaci\u00f3<\/strong>\u00a0i la\u00a0<strong>recepta m\u00e8dica<\/strong>, s\u2019entregaran a l&#8217;Iu<em>\u00a0Gadea <\/em>(coordinador de menjador) o a la <em>Mariona<\/em>\u00a0(conserge) a les 9h del mat\u00ed i es recolliran, si s\u2019escau, a les 16:30h.<\/p>\n<p style=\"text-align: center;\"><strong>No deixeu mai el medicament a la motxilla del vostre fill\/a. <\/strong><\/p>\n<p style=\"text-align: center;\"><strong>No podem tenir medicaments a les aules.<\/strong><\/p>\n<p><strong>NO<\/strong> es subministraran medicaments sense els requisits anteriorment descrits.<\/td>\n<\/tr>\n<tr style=\"height: 354px;\">\n<td style=\"width: 3.67454%; height: 354px;\" colspan=\"2\"><a href=\"https:\/\/drive.google.com\/file\/d\/1WfjCw9oQTOgO-UxUHEH4aiOOXxEGKvC0\/view?usp=sharing\" target=\"_blank\" rel=\"noopener\"><span style=\"background-color: #ffff00; font-size: 16px;\">ADMINISTRACI\u00d3 DE PARACETAMOL<\/span><\/a><\/p>\n<p>Recomanacions elaborades per la Societat Catalana de Pediatria i pel Departament de Salut de la Generalitat de Catalunya.Davant d\u2019un infant amb febre, l\u2019escola ha de contactar amb el pare, mare o tutor i demanar-li que el reculli tan aviat com pugui.MOLT IMPORTANT: Encara que no es tracti d\u2019una urge\u0300ncia, un infant amb febre no ha de quedar-se a l\u2019escola.<\/p>\n<p>Mentrestant, si la febre e\u0301s igual o superior a 37,5\u00baC es recomana administrar un antite\u0300rmic\/analge\u0300sic. El fa\u0300rmac de refere\u0300ncia i me\u0301s utilitzat arreu e\u0301s el paracetamol, <span style=\"font-family: inherit; font-size: 1em;\">per la seva bona tolera\u0300ncia i la relativa abse\u0300ncia d\u2019efectes secundaris.<\/span><\/p>\n<div class=\"page\" title=\"Page 1\">\n<div class=\"page\" title=\"Page 1\">\n<div class=\"layoutArea\">\n<div class=\"column\">\n<p>Per administrar el paracetamol als infants a les escoles, cal tenir l\u2019autoritzacio\u0301 del pare, mare o tutor\/a legal. Si durant el curs hi ha alteracions que facin variar aquesta autoritzacio\u0301 caldra\u0300 comunicar-ho a la direccio\u0301 de l\u2019escola.<\/p>\n<\/div>\n<\/div>\n<\/div>\n<\/div>\n<div class=\"page\" title=\"Page 1\">\n<div class=\"layoutArea\">\n<div class=\"column\">\n<p>L&#8217;autoritzaci\u00f3 tindr\u00e0 vig\u00e8ncia durant aquest curs escolar.<\/p>\n<\/div>\n<\/div>\n<\/div>\n<\/td>\n<\/tr>\n<tr style=\"height: 79px;\">\n<td style=\"width: 3.67454%; height: 79px;\" colspan=\"2\"><a href=\"https:\/\/drive.google.com\/file\/d\/1Tvud_t7FQZuz9iB9lecYIo_shKLs4WeF\/view?usp=sharing\" target=\"_blank\" rel=\"noopener\"><span style=\"font-size: 16px;\"><span style=\"background-color: #ffff00;\">AUTORITZACI\u00d3 \u00daS D&#8217;IMATGE I PUBLICACIONS<\/span><\/span><\/a><\/p>\n<p>L&#8217;autoritzaci\u00f3\u00a0tindr\u00e0\u00a0vig\u00e8ncia durant aquest curs escolar.<\/td>\n<\/tr>\n<\/tbody>\n<\/table>\n","protected":false},"excerpt":{"rendered":"<p>Per altres comunicacions, recordeu que la via de comunicaci\u00f3 habitual \u00e9s:<\/p>\n<ul>\n<li>Infantil i prim\u00e0ria: mail de la mestra xxx@auroescola.cat , es dona a les reunions d&#8217;aula de principi de curs<\/li>\n<li>La LLIBRETA VIATGERA pels infants de 1r i 2n (s&#8217;entrega a l&#8217;alumnat a principi de curs, mida&hellip;  <a href=\"https:\/\/agora.xtec.cat\/ceipauro\/curs-2024-2025\/autoritzacions\/\" title=\"Read Autoritzacions\">Llegeix m\u00e9s\u00bb<\/a><br \/>\n","protected":false},"author":1,"featured_media":0,"parent":2749,"menu_order":6,"comment_status":"closed","ping_status":"closed","template":"page-templates\/side-menu.php","meta":{"_bbp_topic_count":0,"_bbp_reply_count":0,"_bbp_total_topic_count":0,"_bbp_total_reply_count":0,"_bbp_voice_count":0,"_bbp_anonymous_reply_count":0,"_bbp_topic_count_hidden":0,"_bbp_reply_count_hidden":0,"_bbp_forum_subforum_count":0,"footnotes":""},"class_list":["post-360","page","type-page","status-publish","hentry"],"post_mailing_queue_ids":[],"_links":{"self":[{"href":"https:\/\/agora.xtec.cat\/ceipauro\/wp-json\/wp\/v2\/pages\/360","targetHints":{"allow":["GET"]}}],"collection":[{"href":"https:\/\/agora.xtec.cat\/ceipauro\/wp-json\/wp\/v2\/pages"}],"about":[{"href":"https:\/\/agora.xtec.cat\/ceipauro\/wp-json\/wp\/v2\/types\/page"}],"author":[{"embeddable":true,"href":"https:\/\/agora.xtec.cat\/ceipauro\/wp-json\/wp\/v2\/users\/1"}],"replies":[{"embeddable":true,"href":"https:\/\/agora.xtec.cat\/ceipauro\/wp-json\/wp\/v2\/comments?post=360"}],"version-history":[{"count":6,"href":"https:\/\/agora.xtec.cat\/ceipauro\/wp-json\/wp\/v2\/pages\/360\/revisions"}],"predecessor-version":[{"id":4810,"href":"https:\/\/agora.xtec.cat\/ceipauro\/wp-json\/wp\/v2\/pages\/360\/revisions\/4810"}],"up":[{"embeddable":true,"href":"https:\/\/agora.xtec.cat\/ceipauro\/wp-json\/wp\/v2\/pages\/2749"}],"wp:attachment":[{"href":"https:\/\/agora.xtec.cat\/ceipauro\/wp-json\/wp\/v2\/media?parent=360"}],"curies":[{"name":"wp","href":"https:\/\/api.w.org\/{rel}","templated":true}]}}