{"id":30,"date":"2014-09-18T12:30:23","date_gmt":"2014-09-18T10:30:23","guid":{"rendered":"http:\/\/agora.xtec.cat\/ceipauro\/\/?page_id=30"},"modified":"2026-04-01T12:19:50","modified_gmt":"2026-04-01T10:19:50","slug":"instal%c2%b7lacions","status":"publish","type":"page","link":"https:\/\/agora.xtec.cat\/ceipauro\/lescola\/instal%c2%b7lacions\/","title":{"rendered":"Instal\u00b7lacions"},"content":{"rendered":"\r\n\t<div class=\"slideshow_container slideshow_container_style-light\" style=\"height: 200px; \" data-slideshow-id=\"142\" data-style-name=\"style-light\" data-style-version=\"2.3.1\" >\r\n\r\n\t\t\t\t\t<div class=\"slideshow_loading_icon\"><\/div>\r\n\t\t\r\n\t\t<div class=\"slideshow_content\" style=\"display: none;\">\r\n\r\n\t\t\t<div class=\"slideshow_view\">\r\n\t\t\t\t<div class=\"slideshow_slide slideshow_slide_image\">\r\n\t\t\t\t\t\t\t\t\t\t\t<img src=\"https:\/\/agora.xtec.cat\/ceipauro\/wp-content\/uploads\/usu276\/2022\/11\/aula2.jpg\" alt=\"aula2\" width=\"450\" height=\"338\" \/>\r\n\t\t\t\t\t\t\t\t\t\t<div class=\"slideshow_description_box slideshow_transparent\">\r\n\t\t\t\t\t\t<div class=\"slideshow_title\">aula2<\/div>\t\t\t\t\t\t\t\t\t\t\t<\/div>\r\n\t\t\t\t<\/div>\r\n\r\n\t\t\t\t\t\t\r\n\t\t\t\t<div class=\"slideshow_slide slideshow_slide_image\">\r\n\t\t\t\t\t\t\t\t\t\t\t<img src=\"https:\/\/agora.xtec.cat\/ceipauro\/wp-content\/uploads\/usu276\/2022\/11\/pati1.jpg\" alt=\"pati1\" width=\"450\" height=\"276\" \/>\r\n\t\t\t\t\t\t\t\t\t\t<div class=\"slideshow_description_box slideshow_transparent\">\r\n\t\t\t\t\t\t<div class=\"slideshow_title\">pati1<\/div>\t\t\t\t\t\t\t\t\t\t\t<\/div>\r\n\t\t\t\t<\/div>\r\n\r\n\t\t\t\t\t\t<div style=\"clear: both;\"><\/div><\/div><div class=\"slideshow_view\">\r\n\t\t\t\t<div class=\"slideshow_slide slideshow_slide_image\">\r\n\t\t\t\t\t\t\t\t\t\t\t<img src=\"https:\/\/agora.xtec.cat\/ceipauro\/wp-content\/uploads\/usu276\/2022\/11\/terrat1.jpg\" alt=\"terrat1\" width=\"400\" height=\"227\" \/>\r\n\t\t\t\t\t\t\t\t\t\t<div class=\"slideshow_description_box slideshow_transparent\">\r\n\t\t\t\t\t\t<div class=\"slideshow_title\">terrat1<\/div>\t\t\t\t\t\t\t\t\t\t\t<\/div>\r\n\t\t\t\t<\/div>\r\n\r\n\t\t\t\t\t\t\r\n\t\t\t\t<div class=\"slideshow_slide slideshow_slide_image\">\r\n\t\t\t\t\t\t\t\t\t\t\t<img src=\"https:\/\/agora.xtec.cat\/ceipauro\/wp-content\/uploads\/usu276\/2015\/07\/gimnas_02.jpg\" alt=\"gimn\u00e0s\" width=\"300\" height=\"201\" \/>\r\n\t\t\t\t\t\t\t\t\t\t<div class=\"slideshow_description_box slideshow_transparent\">\r\n\t\t\t\t\t\t<div class=\"slideshow_title\">gimn\u00e0s<\/div>\t\t\t\t\t\t\t\t\t\t\t<\/div>\r\n\t\t\t\t<\/div>\r\n\r\n\t\t\t\t\t\t<div style=\"clear: both;\"><\/div><\/div>\r\n\t\t<\/div>\r\n\r\n\t\t<div class=\"slideshow_controlPanel slideshow_transparent\" style=\"display: none;\"><ul><li class=\"slideshow_togglePlay\" data-play-text=\"Visualitza\" data-pause-text=\"Pausa\"><\/li><\/ul><\/div>\r\n\r\n\t\t<div class=\"slideshow_button slideshow_previous slideshow_transparent\" role=\"button\" data-previous-text=\"Anterior\" style=\"display: none;\"><\/div>\r\n\t\t<div class=\"slideshow_button slideshow_next slideshow_transparent\" role=\"button\" data-next-text=\"Seg\u00fcent\" style=\"display: none;\"><\/div>\r\n\r\n\t\t<div class=\"slideshow_pagination\" style=\"display: none;\" data-go-to-text=\"V\u00e9s a la diapositiva\"><div class=\"slideshow_pagination_center\"><\/div><\/div>\r\n\r\n\t\t<!-- WordPress Slideshow Version 2.3.1 -->\r\n\r\n\t\t\t<\/div>\r\n\r\n\n\n\n\n<p>L&#8217;escola, com a edifici, es distribueix en diferents plantes, que estan comunicades amb escales i ascensor.<\/p>\n\n\n\n<p>A continuaci\u00f3 estan descrits els diferents espais que es troben a cada planta, en el <span style=\"background-color: #ffffff;\"><b><u>curs 2024-25.&nbsp;<\/u><\/b><\/span><\/p>\n\n\n\n<figure class=\"wp-block-table alignleft\"><table class=\"has-fixed-layout\"><tbody><tr><td class=\"has-text-align-center\" data-align=\"center\"><span style=\"font-size: 16px;\"><em><strong>PLANTA<\/strong><\/em><\/span> <span style=\"font-size: 16px;\"><em><strong>6<\/strong><\/em><\/span><br><\/td><td>Terrat<br><br>Lavabos<br><br>Hort&nbsp;<\/td><\/tr><tr><td class=\"has-text-align-center\" data-align=\"center\"><span style=\"font-size: 16px;\"><em style=\"background-color: #ffffff;\"><strong>PLANTA<\/strong><\/em><\/span> <span style=\"font-size: 16px;\"><em style=\"background-color: #ffffff;\"><strong>5<\/strong><\/em><\/span><br><\/td><td>Aules de 3r Cicle (5\u00e8A, 5\u00e8B, 6\u00e8A, 6\u00e8B )<br><br>Lavabos<br><br>Tutoria de 3r Cicle<br><br>Aula d&#8217;audiovisuals<\/td><\/tr><tr><td class=\"has-text-align-center\" data-align=\"center\"><br><span style=\"font-size: 16px;\"><em><strong>PLANTA<\/strong><\/em><\/span> <span style=\"font-size: 16px;\"><em><strong>4<\/strong><\/em><\/span><br><\/td><td>Aules de 2n Cicle (3rA, 3rB, 4tA i 4tB)<br> <br>Lavabos<br><br>Tutoria de 2n Cicle<br><br>Aula de m\u00fasica<br><br>Aula de petit grup\/Angl\u00e8s<\/td><\/tr><tr><td class=\"has-text-align-center\" data-align=\"center\"><br><span style=\"font-size: 16px;\"><em style=\"background-color: #ffffff;\"><strong>PLANTA<\/strong><\/em><\/span> <span style=\"font-size: 16px;\"><em style=\"background-color: #ffffff;\"><strong>3<\/strong><\/em><\/span><br><\/td><td>Aules de 1r cicle (1rA, 1rB i 2nA, 2nB,)<br><br>Lavabos<br><br>Tutoria de 1r Cicle<br><br>Aula de biblioteca<br><br>Pl\u00e0stica<\/td><\/tr><tr><td class=\"has-text-align-center\" data-align=\"center\"><br><span style=\"font-size: 16px;\"><em><strong>PLANTA<\/strong><\/em><\/span> <span style=\"font-size: 16px;\"><em><strong>2<\/strong><\/em><\/span><br><\/td><td>Aules d&#8217;educaci\u00f3 infantil (I3A, I3B, I4A, I4B, I5A i I5B)<br><br>Lavabos situats dins de les mateixes aules<br><br>Pati d&#8217;educaci\u00f3 infantil<br><br>Tutoria d&#8217;educaci\u00f3 infantil<br><br>Aula petit grup<br><br>Hort<\/td><\/tr><tr><td class=\"has-text-align-center\" data-align=\"center\"><br><span style=\"font-size: 16px;\"><strong><em>PLANTA<\/em><\/strong><\/span> <span style=\"font-size: 16px;\"><strong><em>1<\/em><\/strong><\/span><br><\/td><td>Menjador d&#8217;educaci\u00f3 infantil<br><br>Sala de mestres<br><br>Despatx direcci\u00f3, secretaria i Espai migdia<br><br>Despatx administrador<br><br>Espai AFA<br><br>Vestuaris<\/td><\/tr><tr><td class=\"has-text-align-center\" data-align=\"center\"><br><span style=\"font-size: 16px;\"><strong><em>PLANTA<\/em><\/strong><\/span> <span style=\"font-size: 16px;\"><strong><em>0<\/em><\/strong><\/span><br><\/td><td>Vest\u00edbul d&#8217;entrada<br><br>Consergeria<br><br>Cuina (on cada dia s&#8217;elabora el menjar ecol\u00f2gic i amb productes de proximitat)<br><br>Menjador gran<br><br>Pista poliesportiva gran i pati.<br><br>Gimn\u00e0s<br><br>Lavabos<\/td><\/tr><\/tbody><\/table><\/figure>\n\n\n\n<p>&nbsp;<\/p>\n","protected":false},"excerpt":{"rendered":"<p>\t\t\t\t\t\taula2\t\t\t\t\t\t\t\t\t\t\t<\/p>\n<p>\t\t\t\t\t\tpati1\t\t\t\t\t\t\t\t\t\t\t<\/p>\n<p>\t\t\t\t\t\tterrat1\t\t\t\t\t\t\t\t\t\t\t<\/p>\n<p>\t\t\t\t\t\tgimn\u00e0s\t\t\t\t\t\t\t\t\t\t\t<\/p>\n<ul>\n<li class=\"slideshow_togglePlay\" data-play-text=\"Visualitza\" data-pause-text=\"Pausa\"><\/li>\n<\/ul>\n<p>L&#8217;escola, com a edifici, es distribueix en diferents plantes, que estan comunicades amb escales i ascensor.<\/p>\n<p>A continuaci\u00f3 estan descrits els diferents espais que es troben a cada planta, en el curs 2024-25.&nbsp;<\/p>\n<p>PLANTA 6TerratLavabosHort&nbsp;PLANTA 5Aules de 3r Cicle (5\u00e8A, 5\u00e8B, 6\u00e8A, 6\u00e8B )LavabosTutoria&hellip;  <a href=\"https:\/\/agora.xtec.cat\/ceipauro\/lescola\/instal%c2%b7lacions\/\" title=\"Read Instal\u00b7lacions\">Llegeix m\u00e9s\u00bb<\/a><\/p>\n","protected":false},"author":1,"featured_media":0,"parent":22,"menu_order":3,"comment_status":"closed","ping_status":"closed","template":"page-templates\/side-menu.php","meta":{"_bbp_topic_count":0,"_bbp_reply_count":0,"_bbp_total_topic_count":0,"_bbp_total_reply_count":0,"_bbp_voice_count":0,"_bbp_anonymous_reply_count":0,"_bbp_topic_count_hidden":0,"_bbp_reply_count_hidden":0,"_bbp_forum_subforum_count":0,"footnotes":""},"class_list":["post-30","page","type-page","status-publish","hentry"],"post_mailing_queue_ids":[],"_links":{"self":[{"href":"https:\/\/agora.xtec.cat\/ceipauro\/wp-json\/wp\/v2\/pages\/30","targetHints":{"allow":["GET"]}}],"collection":[{"href":"https:\/\/agora.xtec.cat\/ceipauro\/wp-json\/wp\/v2\/pages"}],"about":[{"href":"https:\/\/agora.xtec.cat\/ceipauro\/wp-json\/wp\/v2\/types\/page"}],"author":[{"embeddable":true,"href":"https:\/\/agora.xtec.cat\/ceipauro\/wp-json\/wp\/v2\/users\/1"}],"replies":[{"embeddable":true,"href":"https:\/\/agora.xtec.cat\/ceipauro\/wp-json\/wp\/v2\/comments?post=30"}],"version-history":[{"count":6,"href":"https:\/\/agora.xtec.cat\/ceipauro\/wp-json\/wp\/v2\/pages\/30\/revisions"}],"predecessor-version":[{"id":4909,"href":"https:\/\/agora.xtec.cat\/ceipauro\/wp-json\/wp\/v2\/pages\/30\/revisions\/4909"}],"up":[{"embeddable":true,"href":"https:\/\/agora.xtec.cat\/ceipauro\/wp-json\/wp\/v2\/pages\/22"}],"wp:attachment":[{"href":"https:\/\/agora.xtec.cat\/ceipauro\/wp-json\/wp\/v2\/media?parent=30"}],"curies":[{"name":"wp","href":"https:\/\/api.w.org\/{rel}","templated":true}]}}