{"id":28,"date":"2014-09-18T12:29:35","date_gmt":"2014-09-18T10:29:35","guid":{"rendered":"http:\/\/agora.xtec.cat\/ceipauro\/\/?page_id=28"},"modified":"2026-04-01T17:45:31","modified_gmt":"2026-04-01T15:45:31","slug":"consell-escolar","status":"publish","type":"page","link":"https:\/\/agora.xtec.cat\/ceipauro\/curs-2024-2025\/consell-escolar\/","title":{"rendered":"Consell Escolar 25-26"},"content":{"rendered":"<div class=\"wp-block-image\">\n<figure class=\"alignright\"><img loading=\"lazy\" decoding=\"async\" width=\"150\" height=\"90\" src=\"http:\/\/agora.xtec.cat\/ceipauro\/wp-content\/uploads\/usu276\/2014\/09\/Captura-de-pantalla-2018-07-10-a-les-17.16.27-e1531236189709-150x90.png\" alt=\"\" class=\"wp-image-496\"\/><\/figure><\/div>\n\n\n<p><\/p>\n\n\n\n<p><span style=\"font-family: helvetica, arial, sans-serif;\"><strong>Qu\u00e8 \u00e9s el consell escolar?<\/strong> El consell escolar \u00e9s l&#8217;\u00f2rgan de participaci\u00f3 dels diferents sectors de la comunitat educativa en el govern dels centres.<\/span><\/p>\n\n\n\n<p><span style=\"font-family: helvetica, arial, sans-serif;\"><strong>Qui forma el consell escolar?<\/strong> El formen els representants de tota la comunitat educativa, \u00e9s a dir, direcci\u00f3, mestres, alumnes, fam\u00edlies, personal d&#8217;administraci\u00f3 i serveis, representant de l&#8217;administraci\u00f3 local i altres persones que el mateix consell consideri necess\u00e0ries.<\/span><\/p>\n\n\n\n<p><span style=\"font-family: helvetica, arial, sans-serif;\"><strong>Quina \u00e9s la funci\u00f3 del consell escolar?<\/strong> La funci\u00f3 principal del consell escolar \u00e9s participar en la presa de decisions en relaci\u00f3 amb aquells temes importants per al funcionament i l&#8217;organitzaci\u00f3 del centre: el projecte educatiu, la programaci\u00f3 general, la gesti\u00f3 econ\u00f2mica, la resoluci\u00f3 dels conflictes, les activitats extraescolars, l&#8217;horari lectiu&#8230;<\/span><\/p>\n\n\n\n<p><span style=\"font-family: helvetica, arial, sans-serif;\"><strong>Cada quan es convoquen eleccions?<\/strong>&nbsp;Els representants del consell escolar s\u00f3n escollits per un per\u00edode de quatre anys, per\u00f2 cada dos anys es convoquen eleccions per renovar la meitat dels seus membres.<\/span><\/p>\n\n\n\n<p class=\"has-text-align-right\"><span style=\"font-family: helvetica, arial, sans-serif;\">Informaci\u00f3 oficial extreta de la web<em>:<\/em>&nbsp;<a href=\"http:\/\/goo.gl\/NHuXYP\" target=\"_blank\" rel=\"noopener noreferrer\">goo.gl\/NHuXYP<\/a><\/span><\/p>\n\n\n\n<hr class=\"wp-block-separator has-alpha-channel-opacity\"\/>\n\n\n\n<p class=\"has-text-align-left\"><span style=\"font-family: helvetica, arial, sans-serif;\">Durant aquest curs escolar 2023 &#8211; 2024, formaran part del consell escolar de l&#8217;escola Aur\u00f3:<\/span><\/p>\n\n\n\n<figure class=\"wp-block-table aligncenter alignleft\"><table class=\"has-fixed-layout\"><tbody><tr><td><strong>Directora<\/strong><\/td><td><strong>Cap d&#8217;estudis<\/strong><\/td><td><strong>Representant de l&#8217;Ajuntament de Barcelona<\/strong><\/td><td><strong>&nbsp;Secret\u00e0ria<\/strong><\/td><td><strong>Personal PAS<\/strong><\/td><\/tr><tr><td>Eli Lozano<\/td><td>Gemma Cusc\u00f3<\/td><td>Marc Castella de Pedro<\/td><td>Marta Gual<\/td><td>Vicen\u00e7 P\u00e9rez<\/td><\/tr><\/tbody><\/table><\/figure>\n\n\n\n<hr class=\"wp-block-separator has-alpha-channel-opacity\"\/>\n\n\n\n<p><strong>5 representants de les fam\u00edlies:<\/strong><\/p>\n\n\n\n<p>Marta Venceslao<\/p>\n\n\n\n<p>Jofre Balagu\u00e9<\/p>\n\n\n\n<p>Idoia Villanueva<\/p>\n\n\n\n<p>Ra\u00fcl Duran<\/p>\n\n\n\n<p>Aina Peris<\/p>\n\n\n\n<p><strong>1 representant de l&#8217; AFA:<\/strong><\/p>\n\n\n\n<p>Arantzaz\u00fa Ortega<\/p>\n\n\n\n<p><strong style=\"font-family: inherit; font-size: 1em;\">6 representants docents:<\/strong><\/p>\n\n\n\n<p>Carla Ortega<\/p>\n\n\n\n<p>Laura D\u00edaz-Benito<\/p>\n\n\n\n<p>S\u00edlvia Dom\u00e8nech<\/p>\n\n\n\n<p>Anna Radresa<\/p>\n\n\n\n<p>X\u00e8nia Ferrer<\/p>\n\n\n\n<p>Cristina Chamorro<\/p>\n\n\n\n<hr class=\"wp-block-separator has-alpha-channel-opacity\"\/>\n\n\n\n<h6 class=\"wp-block-heading\">Les Comissions Mixtes<\/h6>\n\n\n\n<p>Les Comissions Mixtes s\u00f3n grups de treball formats per docents i fam\u00edlies. Es reuneixen de manera peri\u00f2dica per desenvolupar diferents temes de l\u2019escola en coher\u00e8ncia amb el Projecte Educatiu. Actualment tenim les seg\u00fcents Comissions Mixtes:&nbsp;<strong>Comissi\u00f3 de Menjador, Comissi\u00f3 Pedag\u00f2gica, Comissi\u00f3 Permanent, Comissi\u00f3 econ\u00f2mica, Comissi\u00f3 Extraescolars i <\/strong><strong>Comissi\u00f3 de Conviv\u00e8ncia.<\/strong><\/p>\n\n\n\n<hr class=\"wp-block-separator has-alpha-channel-opacity\"\/>\n\n\n\n<p><strong>Acords del Consell Escolar:<\/strong><\/p>\n\n\n\n<ul class=\"wp-block-list\">\n<li><a href=\"https:\/\/drive.google.com\/file\/d\/1h4Dou-wQMHrV3_-plHliLX4ODW10SJZI\/view?usp=sharing\">Acords<\/a> presos al Consell Escolar del 30\/10\/2023<\/li>\n\n\n\n<li><a href=\"https:\/\/drive.google.com\/file\/d\/1wTBItjgV9GYHBJ0BA236bNBf0pGGWuVn\/view?usp=sharing\">Acords<\/a> presos al Consell Escolar de l&#8217;11\/12\/2023<\/li>\n\n\n\n<li><a href=\"https:\/\/drive.google.com\/file\/d\/1F0Ze9iY9ZUTSJbzPXbTYtsEVe0vJUCaR\/view?usp=sharing\">Acords<\/a> presos al Consell Escolar del 05\/02\/2024\n<ul class=\"wp-block-list\">\n<li><a href=\"https:\/\/drive.google.com\/file\/d\/1R8G5IBpsqDrCF4IUlgvmLkgiBkLV7sGu\/view?usp=sharing\">Liquidaci\u00f3 del pressupost 2023<\/a><\/li>\n\n\n\n<li><a href=\"https:\/\/drive.google.com\/file\/d\/1Yh5iG2T6CiTJeBgOSO33b0VFYt_OlUA7\/view?usp=sharing\">Pressupost 2024<\/a><\/li>\n<\/ul>\n<\/li>\n\n\n\n<li><a href=\"https:\/\/drive.google.com\/file\/d\/1pZuMB2MvcuUy-7u0roZidJw1bhh1gYmk\/view?usp=sharing\">Acords<\/a> presos al Consell Escolar del 27\/06\/2024<\/li>\n<\/ul>\n","protected":false},"excerpt":{"rendered":"<p>Qu\u00e8 \u00e9s el consell escolar? El consell escolar \u00e9s l&#8217;\u00f2rgan de participaci\u00f3 dels diferents sectors de la comunitat educativa en el govern dels centres.<\/p>\n<p>Qui forma el consell escolar? El formen els representants de tota la comunitat educativa, \u00e9s a dir, direcci\u00f3, mestres, alumnes, fam\u00edlies, personal&hellip;  <a href=\"https:\/\/agora.xtec.cat\/ceipauro\/curs-2024-2025\/consell-escolar\/\" title=\"Read Consell Escolar 25-26\">Llegeix m\u00e9s\u00bb<\/a><\/p>\n","protected":false},"author":1,"featured_media":0,"parent":2749,"menu_order":7,"comment_status":"closed","ping_status":"closed","template":"page-templates\/side-menu.php","meta":{"_bbp_topic_count":0,"_bbp_reply_count":0,"_bbp_total_topic_count":0,"_bbp_total_reply_count":0,"_bbp_voice_count":0,"_bbp_anonymous_reply_count":0,"_bbp_topic_count_hidden":0,"_bbp_reply_count_hidden":0,"_bbp_forum_subforum_count":0,"footnotes":""},"class_list":["post-28","page","type-page","status-publish","hentry"],"post_mailing_queue_ids":[],"_links":{"self":[{"href":"https:\/\/agora.xtec.cat\/ceipauro\/wp-json\/wp\/v2\/pages\/28","targetHints":{"allow":["GET"]}}],"collection":[{"href":"https:\/\/agora.xtec.cat\/ceipauro\/wp-json\/wp\/v2\/pages"}],"about":[{"href":"https:\/\/agora.xtec.cat\/ceipauro\/wp-json\/wp\/v2\/types\/page"}],"author":[{"embeddable":true,"href":"https:\/\/agora.xtec.cat\/ceipauro\/wp-json\/wp\/v2\/users\/1"}],"replies":[{"embeddable":true,"href":"https:\/\/agora.xtec.cat\/ceipauro\/wp-json\/wp\/v2\/comments?post=28"}],"version-history":[{"count":6,"href":"https:\/\/agora.xtec.cat\/ceipauro\/wp-json\/wp\/v2\/pages\/28\/revisions"}],"predecessor-version":[{"id":4915,"href":"https:\/\/agora.xtec.cat\/ceipauro\/wp-json\/wp\/v2\/pages\/28\/revisions\/4915"}],"up":[{"embeddable":true,"href":"https:\/\/agora.xtec.cat\/ceipauro\/wp-json\/wp\/v2\/pages\/2749"}],"wp:attachment":[{"href":"https:\/\/agora.xtec.cat\/ceipauro\/wp-json\/wp\/v2\/media?parent=28"}],"curies":[{"name":"wp","href":"https:\/\/api.w.org\/{rel}","templated":true}]}}