{"id":26,"date":"2014-09-18T12:24:32","date_gmt":"2014-09-18T10:24:32","guid":{"rendered":"http:\/\/agora.xtec.cat\/ceipauro\/\/?page_id=26"},"modified":"2026-03-30T17:41:11","modified_gmt":"2026-03-30T15:41:11","slug":"historia","status":"publish","type":"page","link":"https:\/\/agora.xtec.cat\/ceipauro\/lescola\/historia\/","title":{"rendered":"Hist\u00f2ria Aur\u00f3"},"content":{"rendered":"\n<p>L&#8217;escola Aur\u00f3 \u00e9s una escola P\u00fablica d&#8217;Educaci\u00f3 Infantil i Prim\u00e0ria situada al barri de l&#8217;esquerra de l&#8217;Eixample de Barcelona.<br>Es va crear l&#8217;any 1994, fruit de la fusi\u00f3 de dues escoles p\u00fabliques: Escola Roure i Escola Fraussa.<\/p>\n\n\n\n<p class=\"has-text-align-left\"><strong>El curs 2019 &#8211; 2020<\/strong>, l\u2019escola Aur\u00f3 va fer vint-i-cinc anys que va obrir les portes!<\/p>\n\n\n\n<p class=\"has-text-align-left\">Tots els nens i nenes de tots els cursos i el personal de l\u2019escola ens vam ajuntar al pati per formar el n\u00famero 25 i celebrar que la nostra escola ja t\u00e9 vint-i-cinc anys!<\/p>\n\n\n\n<p>Ens ho vam passar molt b\u00e9 fent aquest n\u00famero tan emblem\u00e0tic, i per aix\u00f2 volem que vegeu com ho vam aconseguir. Aqu\u00ed ho teniu!<\/p>\n\n\n\n<figure class=\"wp-block-table\"><table><tbody><tr><td><a href=\"https:\/\/drive.google.com\/file\/d\/1m8CJfL22RkR8hGRyKinVFXJxgZmqujI2\/view?usp=sharing\" target=\"_blank\" rel=\"noopener noreferrer\"><img loading=\"lazy\" decoding=\"async\" class=\"wp-image-2783 alignleft\" src=\"https:\/\/agora.xtec.cat\/ceipauro\/wp-content\/uploads\/usu276\/2020\/07\/Captura-de-Pantalla-2020-07-09-a-les-12.38.55.png\" alt=\"\" width=\"457\" height=\"254\" srcset=\"https:\/\/agora.xtec.cat\/ceipauro\/wp-content\/uploads\/usu276\/2020\/07\/Captura-de-Pantalla-2020-07-09-a-les-12.38.55.png 517w, https:\/\/agora.xtec.cat\/ceipauro\/wp-content\/uploads\/usu276\/2020\/07\/Captura-de-Pantalla-2020-07-09-a-les-12.38.55-300x167.png 300w\" sizes=\"auto, (max-width: 457px) 100vw, 457px\" \/><\/a><\/td><td><img loading=\"lazy\" decoding=\"async\" class=\"wp-image-2785 alignleft\" src=\"https:\/\/agora.xtec.cat\/ceipauro\/wp-content\/uploads\/usu276\/2020\/07\/25-anys-fent-barri-768x768.png\" alt=\"\" width=\"274\" height=\"274\"><\/td><\/tr><\/tbody><\/table><\/figure>\n\n\n\n<p><strong>El curs 2014 &#8211; 2015<\/strong><span style=\"font-family: inherit; font-size: 1em;\"> vam celebrar a l&#8217;escola el 20\u00e8 aniversari.<\/span><br>Aqu\u00ed teniu el v\u00eddeo de la preparaci\u00f3 de la fotografia dels 20 anys amb tots els alumnes de l\u2019escola, que actualment conservem al vest\u00edbul de l&#8217;escola:<br><\/p>\n\n\n\n<figure class=\"wp-block-embed aligncenter is-type-video is-provider-youtube wp-block-embed-youtube wp-embed-aspect-16-9 wp-has-aspect-ratio\"><div class=\"wp-block-embed__wrapper\">\n<iframe loading=\"lazy\" title=\"Fem 20 anys Escola Aur\u00f3\" width=\"500\" height=\"281\" src=\"https:\/\/www.youtube.com\/embed\/w6O9shk7CWU?start=13&#038;feature=oembed\" frameborder=\"0\" allow=\"accelerometer; autoplay; clipboard-write; encrypted-media; gyroscope; picture-in-picture; web-share\" referrerpolicy=\"strict-origin-when-cross-origin\" allowfullscreen><\/iframe>\n<\/div><\/figure>\n\n\n\n<p>Vam recordar els nostres or\u00edgens: l&#8217;Aur\u00f3 va n\u00e9ixer del fruit de la fusi\u00f3 de dues escoles del&nbsp;<a href=\"http:\/\/ca.wikipedia.org\/wiki\/Col%C2%B7lectiu_d%27Escoles_per_l%27Escola_P%C3%BAblica_Catalana\" target=\"_blank\" rel=\"noopener noreferrer\">CEPEPC<\/a>, Roure-Mallorca i Frausa, ubicades en pisos de l\u2019Eixample.<br>El primer que necessit\u00e0vem era un espai nou, un gran espai. Haureu de veure el v\u00eddeo per saber m\u00e9s\u2026<\/p>\n\n\n\n<div class=\"wp-block-columns is-layout-flex wp-container-core-columns-is-layout-1 wp-block-columns-is-layout-flex\">\n<div class=\"wp-block-column is-layout-flow wp-block-column-is-layout-flow\">\n<figure class=\"wp-block-embed is-type-video is-provider-youtube wp-block-embed-youtube wp-embed-aspect-16-9 wp-has-aspect-ratio\"><div class=\"wp-block-embed__wrapper\">\n<iframe loading=\"lazy\" title=\"Els inicis de l&#039;Auro\u0301\" width=\"500\" height=\"281\" src=\"https:\/\/www.youtube.com\/embed\/IUsD_PdJalU?feature=oembed\" frameborder=\"0\" allow=\"accelerometer; autoplay; clipboard-write; encrypted-media; gyroscope; picture-in-picture; web-share\" referrerpolicy=\"strict-origin-when-cross-origin\" allowfullscreen><\/iframe>\n<\/div><\/figure>\n<\/div>\n\n\n\n<div class=\"wp-block-column is-layout-flow wp-block-column-is-layout-flow\">\n<figure class=\"wp-block-embed is-type-video is-provider-youtube wp-block-embed-youtube wp-embed-aspect-16-9 wp-has-aspect-ratio\"><div class=\"wp-block-embed__wrapper\">\n<iframe loading=\"lazy\" title=\"20 aniversari\" width=\"500\" height=\"281\" src=\"https:\/\/www.youtube.com\/embed\/5xIxP7FmKfQ?start=5&#038;feature=oembed\" frameborder=\"0\" allow=\"accelerometer; autoplay; clipboard-write; encrypted-media; gyroscope; picture-in-picture; web-share\" referrerpolicy=\"strict-origin-when-cross-origin\" allowfullscreen><\/iframe>\n<\/div><\/figure>\n<\/div>\n<\/div>\n\n\n\n<p><strong><span style=\"font-size: 16px;\">El curs 2004-2005<\/span>,<\/strong> quan ja ten\u00edem 10 anys els nens i nenes de 4t, que tamb\u00e9 tenien 10 anys, van fer aquesta auca, que explica la hist\u00f2ria de la nostra escola:<\/p>\n\n\n\n<figure class=\"wp-block-table\"><table><tbody><tr><td><img loading=\"lazy\" decoding=\"async\" class=\"wp-image-504 aligncenter\" src=\"http:\/\/agora.xtec.cat\/ceipauro\/wp-content\/uploads\/usu276\/2014\/09\/auca_4-199x300.jpg\" alt=\"\" width=\"357\" height=\"541\"><\/td><td><a href=\"https:\/\/drive.google.com\/file\/d\/1iY4kC2zVlGfONm3MlushJSJ1CHzIwDHp\/view?usp=sharing\"><img loading=\"lazy\" decoding=\"async\" class=\"wp-image-505 aligncenter\" src=\"http:\/\/agora.xtec.cat\/ceipauro\/wp-content\/uploads\/usu276\/2014\/09\/auca_4_2-198x300.jpg\" alt=\"\" width=\"357\" height=\"541\" srcset=\"https:\/\/agora.xtec.cat\/ceipauro\/wp-content\/uploads\/usu276\/2014\/09\/auca_4_2-198x300.jpg 198w, https:\/\/agora.xtec.cat\/ceipauro\/wp-content\/uploads\/usu276\/2014\/09\/auca_4_2.jpg 549w\" sizes=\"auto, (max-width: 357px) 100vw, 357px\" \/><\/a><\/td><\/tr><\/tbody><\/table><\/figure>\n\n\n\n<p>El curs 2014- 2015,<span style=\"font-family: inherit; font-size: 1em;\">&nbsp; aquests alumnes van fer 20 anys!<\/span><br>Recordeu el castellet de l\u2019Aur\u00f3? Eren titelles que ens anunciaven les festes. Doncs aqu\u00ed teniu un petit tastet:<\/p>\n\n\n\n<figure class=\"wp-block-embed aligncenter is-type-video is-provider-youtube wp-block-embed-youtube wp-embed-aspect-16-9 wp-has-aspect-ratio\"><div class=\"wp-block-embed__wrapper\">\n<iframe loading=\"lazy\" title=\"castellet\" width=\"500\" height=\"281\" src=\"https:\/\/www.youtube.com\/embed\/DKyAUuCvPgA?feature=oembed\" frameborder=\"0\" allow=\"accelerometer; autoplay; clipboard-write; encrypted-media; gyroscope; picture-in-picture; web-share\" referrerpolicy=\"strict-origin-when-cross-origin\" allowfullscreen><\/iframe>\n<\/div><\/figure>\n","protected":false},"excerpt":{"rendered":"<p>L&#8217;escola Aur\u00f3 \u00e9s una escola P\u00fablica d&#8217;Educaci\u00f3 Infantil i Prim\u00e0ria situada al barri de l&#8217;esquerra de l&#8217;Eixample de Barcelona.Es va crear l&#8217;any 1994, fruit de la fusi\u00f3 de dues escoles p\u00fabliques: Escola Roure i Escola Fraussa.<\/p>\n<p>El curs 2019 &#8211; 2020, l\u2019escola Aur\u00f3 va fer vint-i-cinc&hellip;  <a href=\"https:\/\/agora.xtec.cat\/ceipauro\/lescola\/historia\/\" title=\"Read Hist\u00f2ria Aur\u00f3\">Llegeix m\u00e9s\u00bb<\/a><\/p>\n","protected":false},"author":1,"featured_media":0,"parent":22,"menu_order":1,"comment_status":"closed","ping_status":"closed","template":"page-templates\/side-menu.php","meta":{"_bbp_topic_count":0,"_bbp_reply_count":0,"_bbp_total_topic_count":0,"_bbp_total_reply_count":0,"_bbp_voice_count":0,"_bbp_anonymous_reply_count":0,"_bbp_topic_count_hidden":0,"_bbp_reply_count_hidden":0,"_bbp_forum_subforum_count":0,"footnotes":""},"class_list":["post-26","page","type-page","status-publish","hentry"],"post_mailing_queue_ids":[],"_links":{"self":[{"href":"https:\/\/agora.xtec.cat\/ceipauro\/wp-json\/wp\/v2\/pages\/26","targetHints":{"allow":["GET"]}}],"collection":[{"href":"https:\/\/agora.xtec.cat\/ceipauro\/wp-json\/wp\/v2\/pages"}],"about":[{"href":"https:\/\/agora.xtec.cat\/ceipauro\/wp-json\/wp\/v2\/types\/page"}],"author":[{"embeddable":true,"href":"https:\/\/agora.xtec.cat\/ceipauro\/wp-json\/wp\/v2\/users\/1"}],"replies":[{"embeddable":true,"href":"https:\/\/agora.xtec.cat\/ceipauro\/wp-json\/wp\/v2\/comments?post=26"}],"version-history":[{"count":6,"href":"https:\/\/agora.xtec.cat\/ceipauro\/wp-json\/wp\/v2\/pages\/26\/revisions"}],"predecessor-version":[{"id":4881,"href":"https:\/\/agora.xtec.cat\/ceipauro\/wp-json\/wp\/v2\/pages\/26\/revisions\/4881"}],"up":[{"embeddable":true,"href":"https:\/\/agora.xtec.cat\/ceipauro\/wp-json\/wp\/v2\/pages\/22"}],"wp:attachment":[{"href":"https:\/\/agora.xtec.cat\/ceipauro\/wp-json\/wp\/v2\/media?parent=26"}],"curies":[{"name":"wp","href":"https:\/\/api.w.org\/{rel}","templated":true}]}}