{"id":242,"date":"2017-10-25T10:34:48","date_gmt":"2017-10-25T08:34:48","guid":{"rendered":"http:\/\/agora.xtec.cat\/ceipauro\/?page_id=242"},"modified":"2018-07-24T08:07:39","modified_gmt":"2018-07-24T06:07:39","slug":"cami-amic","status":"publish","type":"page","link":"https:\/\/agora.xtec.cat\/ceipauro\/projectes-descola\/projectes-verds\/cami-amic\/","title":{"rendered":"Cam\u00ed amic"},"content":{"rendered":"<p><a href=\"https:\/\/camiamic.wordpress.com\/\"><img loading=\"lazy\" decoding=\"async\" class=\"aligncenter wp-image-649 size-full\" src=\"http:\/\/agora.xtec.cat\/ceipauro\/wp-content\/uploads\/usu276\/2017\/10\/Captura-de-pantalla-2018-07-11-a-les-13.58.41.png\" alt=\"\" width=\"947\" height=\"289\" srcset=\"https:\/\/agora.xtec.cat\/ceipauro\/wp-content\/uploads\/usu276\/2017\/10\/Captura-de-pantalla-2018-07-11-a-les-13.58.41.png 947w, https:\/\/agora.xtec.cat\/ceipauro\/wp-content\/uploads\/usu276\/2017\/10\/Captura-de-pantalla-2018-07-11-a-les-13.58.41-300x92.png 300w, https:\/\/agora.xtec.cat\/ceipauro\/wp-content\/uploads\/usu276\/2017\/10\/Captura-de-pantalla-2018-07-11-a-les-13.58.41-768x234.png 768w\" sizes=\"auto, (max-width: 947px) 100vw, 947px\" \/><\/a><\/p>\n<p><a href=\"https:\/\/camiamic.wordpress.com\/\">Cam\u00ed Amic Esquerra Eixample<\/a>\u00a0\u00e9s un projecte comunitari d\u2019educaci\u00f3 en valors c\u00edvics i ambientals. Un comprom\u00eds ciutad\u00e0, que amb recolzament municipal, promou canvis en l\u2019organitzaci\u00f3 de l\u2019espai p\u00fablic i en les conductes ciutadanes per fer possible la creaci\u00f3 d\u2019espais de conviv\u00e8ncia comuns.<\/p>\n<p>Cam\u00ed Amic vol donar suport a la pacificaci\u00f3 de l\u2019eix viari Consell de Cent \u2013 Comte Borrell. Facilitar la creaci\u00f3 d\u2019una xarxa de carrers pacificats que arribi a tots els centres educatius i que el carrer, el barri i la ciutat esdevingui un espai de relaci\u00f3, de col\u00b7laboraci\u00f3 i d\u2019intercanvi d\u2019idees, un espai educatiu i d\u2019enriquiment personalper a tothom, agradable i segur.<\/p>\n<h5 class=\"entry-title\"><a href=\"https:\/\/camiamic.wordpress.com\/2018\/05\/28\/exit-de-participacio-a-la-xviii-jornada-anual-de-cami-amic\/\" rel=\"bookmark\">\u00c8XIT DE PARTICIPACI\u00d3 A LA XVIII JORNADA ANUAL DE CAM\u00cd\u00a0AMIC<\/a><\/h5>\n<p><iframe loading=\"lazy\" src=\"https:\/\/cdnapisec.kaltura.com\/p\/2346171\/sp\/234617100\/embedIframeJs\/uiconf_id\/42600891\/partner_id\/2346171?iframeembed=true&amp;playerId=42600891&amp;entry_id=0_7ktevowb&amp;flashvars[streamerType]=auto\" width=\"940\" height=\"529\" frameborder=\"0\" allowfullscreen=\"allowfullscreen\"><\/iframe><\/p>\n","protected":false},"excerpt":{"rendered":"<p><a href=\"https:\/\/camiamic.wordpress.com\/\"><\/a><br \/>\n<a href=\"https:\/\/camiamic.wordpress.com\/\">Cam\u00ed Amic Esquerra Eixample<\/a>\u00a0\u00e9s un projecte comunitari d\u2019educaci\u00f3 en valors c\u00edvics i ambientals. Un comprom\u00eds ciutad\u00e0, que amb recolzament municipal, promou canvis en l\u2019organitzaci\u00f3 de l\u2019espai p\u00fablic i en les conductes ciutadanes per fer possible la creaci\u00f3 d\u2019espais de conviv\u00e8ncia comuns.<br \/>\nCam\u00ed Amic vol&hellip;  <a href=\"https:\/\/agora.xtec.cat\/ceipauro\/projectes-descola\/projectes-verds\/cami-amic\/\" title=\"Read Cam\u00ed amic\">Llegeix m\u00e9s\u00bb<\/a><\/p>\n","protected":false},"author":1,"featured_media":0,"parent":814,"menu_order":3,"comment_status":"closed","ping_status":"closed","template":"page-templates\/side-menu.php","meta":{"_bbp_topic_count":0,"_bbp_reply_count":0,"_bbp_total_topic_count":0,"_bbp_total_reply_count":0,"_bbp_voice_count":0,"_bbp_anonymous_reply_count":0,"_bbp_topic_count_hidden":0,"_bbp_reply_count_hidden":0,"_bbp_forum_subforum_count":0,"footnotes":""},"class_list":["post-242","page","type-page","status-publish","hentry"],"post_mailing_queue_ids":[],"_links":{"self":[{"href":"https:\/\/agora.xtec.cat\/ceipauro\/wp-json\/wp\/v2\/pages\/242","targetHints":{"allow":["GET"]}}],"collection":[{"href":"https:\/\/agora.xtec.cat\/ceipauro\/wp-json\/wp\/v2\/pages"}],"about":[{"href":"https:\/\/agora.xtec.cat\/ceipauro\/wp-json\/wp\/v2\/types\/page"}],"author":[{"embeddable":true,"href":"https:\/\/agora.xtec.cat\/ceipauro\/wp-json\/wp\/v2\/users\/1"}],"replies":[{"embeddable":true,"href":"https:\/\/agora.xtec.cat\/ceipauro\/wp-json\/wp\/v2\/comments?post=242"}],"version-history":[{"count":3,"href":"https:\/\/agora.xtec.cat\/ceipauro\/wp-json\/wp\/v2\/pages\/242\/revisions"}],"predecessor-version":[{"id":894,"href":"https:\/\/agora.xtec.cat\/ceipauro\/wp-json\/wp\/v2\/pages\/242\/revisions\/894"}],"up":[{"embeddable":true,"href":"https:\/\/agora.xtec.cat\/ceipauro\/wp-json\/wp\/v2\/pages\/814"}],"wp:attachment":[{"href":"https:\/\/agora.xtec.cat\/ceipauro\/wp-json\/wp\/v2\/media?parent=242"}],"curies":[{"name":"wp","href":"https:\/\/api.w.org\/{rel}","templated":true}]}}