{"id":1636,"date":"2022-09-12T12:51:17","date_gmt":"2022-09-12T10:51:17","guid":{"rendered":"http:\/\/agora.xtec.cat\/ceipauro\/?page_id=1636"},"modified":"2026-04-01T19:25:32","modified_gmt":"2026-04-01T17:25:32","slug":"la-prensa-de-lescola-auro","status":"publish","type":"page","link":"https:\/\/agora.xtec.cat\/ceipauro\/lescola\/la-prensa-de-lescola-auro\/","title":{"rendered":"L&#8217;escola Aur\u00f3 surt a la premsa"},"content":{"rendered":"\n<p>Aqu\u00ed trobareu articles de diaris, v\u00eddeos, blocs&#8230;, on l&#8217;escola Aur\u00f3 \u00e9s la protagonista:<\/p>\n\n\n\n<p><span style=\"text-decoration: underline;\"><strong>CURS 2025 &#8211; 2026<br><\/strong><\/span><\/p>\n\n\n\n<ul class=\"wp-block-list\">\n<li><em>8 de setembre de 2025<\/em>: <a href=\"https:\/\/www.3cat.cat\/3cat\/revivim-amb-lantoni-bassas-una-magia-que-no-canvia-el-primer-dia-descola\/audio\/1253840\/\" target=\"_blank\" rel=\"noreferrer noopener\">&#8220;El primer dia d&#8217;escola&#8221;<\/a> La tarda de Catalunya R\u00e0dio<\/li>\n<\/ul>\n\n\n\n<p><span style=\"text-decoration: underline;\"><strong>CURS 2024 &#8211; 2025<br><\/strong><\/span><\/p>\n\n\n\n<ul class=\"wp-block-list\">\n<li><em>17 de desembre de 2024<\/em>: <a href=\"https:\/\/www.3cat.cat\/3cat\/el-mati-de-10-a-11-h-magazin-17122024\/audio\/1228174\/\" target=\"_blank\" rel=\"noreferrer noopener\">&#8220;S&#8217;han de restringir les activitats als patis de les escoles si hi ha queixes de ve\u00efns per l&#8217;exc\u00e9s de soroll?<\/a> El mat\u00ed de Catalunya R\u00e0dio<\/li>\n\n\n\n<li><em>28 de febrer de 2025:<\/em> <a href=\"https:\/\/x.com\/elsmatins\/status\/1895382866214953361?s=08\" target=\"_blank\" rel=\"noreferrer noopener\">&#8220;Dia de Disbauxa de Carnaval a les escoles&#8221;<\/a> Els matins TV3<\/li>\n<\/ul>\n\n\n\n<p><span style=\"text-decoration: underline;\"><strong>CURS 2023 &#8211; 2024<br><\/strong><\/span><\/p>\n\n\n\n<ul class=\"wp-block-list\">\n<li><em>31 de gener de 2024<\/em>: <a href=\"https:\/\/www.3cat.cat\/3cat\/els-mobils-prohibits-en-escoles-i-instituts-a-partir-del-curs-vinent\/video\/6263534\/\" target=\"_blank\" rel=\"noreferrer noopener\">&#8220;Els m\u00f2bils prohibits en escoles i instituts a partir del curs que ve&#8221;<\/a> Els matins de TV3<\/li>\n<\/ul>\n\n\n\n<p><span style=\"text-decoration: underline;\"><strong>CURS 2022 &#8211; 2023<\/strong><\/span><\/p>\n\n\n\n<ul class=\"wp-block-list\">\n<li><em>5 de setembre de 2022<\/em>: <a href=\"https:\/\/www.ccma.cat\/catradio\/alacarta\/catalunya-informacio-directe\/catalunya-informacio-d11-a-12h-05092022\/audio\/1145096\/\" target=\"_blank\" rel=\"noreferrer noopener\">&#8220;Catalunya Informaci\u00f3, les noticies m\u00e9s destacades&#8221;<\/a> Catalunya Informaci\u00f3<\/li>\n\n\n\n<li><em>6 de setembre de 2022:<\/em> <a href=\"https:\/\/twitter.com\/AfaAuro\/status\/1567122123977592836?t=0zlq36LQxeWV7LPweggj9g&amp;s=08\" target=\"_blank\" rel=\"noreferrer noopener\">&#8221; L&#8217;AFA de l&#8217;escola publica un term\u00f2metre d&#8217;una aula de Sis\u00e8 al Twitter<\/a>&#8221; Twitter @AfaAuro<\/li>\n\n\n\n<li><em>6 de setembre de 2022:<\/em> <a href=\"https:\/\/www.elnacional.cat\/ca\/societat\/aula-barcelona-40-graus-el-protocol-govern-insuficient_879729_102.html\" target=\"_blank\" rel=\"noreferrer noopener\">&#8220;Una aula de Barcelona a 40 graus&#8221;<\/a>&nbsp; El Nacional.cat<\/li>\n\n\n\n<li><em>6 de setembre de 2022:<\/em> <a href=\"https:\/\/beteve.cat\/basics\/classes-a-40-graus-a-leixample-amb-aquesta-calor-els-alumnes-han-comencat-el-curs-sense-energia\/\" target=\"_blank\" rel=\"noreferrer noopener\">&#8220;Classes a 40 graus a l&#8217;Eixample&#8221;<\/a> Betev\u00e9<\/li>\n\n\n\n<li><em>7 de setembre de 2022:<\/em> <a href=\"https:\/\/beteve.cat\/btv-noticies-vespre\/btv-noticies-vespre-2430\/\" target=\"_blank\" rel=\"noreferrer noopener\">&#8220;Revolta a les escoles per la calor&#8221;<\/a> Betev\u00e9, not\u00edcies vespre<\/li>\n\n\n\n<li><em>8 de setembre de 2022:<\/em> <a href=\"https:\/\/www.rtve.es\/television\/20220908\/temperatures-record-aules\/2401319.shtml\" target=\"_blank\" rel=\"noreferrer noopener\">&#8220;Temperatures record a les aules aquest inici de curs: m\u00e9s de 30 graus&#8221;<\/a> Rtve not\u00edcies.<\/li>\n\n\n\n<li><em>8 de setembre de 2022:<\/em> <a href=\"https:\/\/www.antena3.com\/noticias\/sociedad\/temperaturas-superan-40-grados-aulas-catalanas-asociaciones-ampa-reclaman-medidas-urgentes_202209086319fdeb60c19f00018f5c25.html\" target=\"_blank\" rel=\"noreferrer noopener\">&#8220;Las temperaturas superan los 40 grados en las aulas catalanas y asociaciones de AMPA reclaman &#8220;medidas urgentes.<\/a> Antena 3. Noticias directo<\/li>\n\n\n\n<li><em>8 de setembre de 2022: &#8220;<\/em><a href=\"https:\/\/www.ccma.cat\/catradio\/alacarta\/la-tarda-de-catalunya-radio\/fer-classe-amb-temperatures-superiors-als-30-graus-el-testimoni-de-dues-escoles\/audio\/1145464\/\" target=\"_blank\" rel=\"noreferrer noopener\">Fer classe amb temperatures superiors als 30 graus: el testimoni de dues escoles&#8221;<\/a>. Catalunya Radio, La tarda de Catalunya Radio.<\/li>\n<\/ul>\n\n\n\n<p><span style=\"text-decoration: underline;\"><strong>CURS 2019 &#8211; 2020<br><\/strong><\/span><\/p>\n\n\n\n<ul class=\"wp-block-list\">\n<li><em>24 de novembre de 2019<\/em>: <a href=\"https:\/\/agora.xtec.cat\/ceipauro\/portada\/les-escoles-preocupades-pels-als-nivells-de-contaminacio-de-barcelona\/\" target=\"_blank\" rel=\"noreferrer noopener\">&#8220;Les escoles preocupades pels alts nivells de contaminaci\u00f3 de Barcelona&#8221;<\/a> web TV3<\/li>\n\n\n\n<li><em> 11 de juliol de 2019: e<a href=\"https:\/\/agora.xtec.cat\/ceipauro\/general\/lescola-auro-respira\/#more-1884\" target=\"_blank\" rel=\"noreferrer noopener\">n el programa&nbsp;<strong>\u201cEl mat\u00ed de Barcelona\u201d,<\/strong>&nbsp;en la secci\u00f3&nbsp;Hashtag Barcelona, de la Nuria Ferr\u00e9<\/a> de BETEV\u00c9.<\/em><\/li>\n<\/ul>\n\n\n\n<hr class=\"wp-block-separator has-alpha-channel-opacity\"\/>\n\n\n\n<p><span style=\"text-decoration: underline;\"><strong>CURS 2018 &#8211; 2019&nbsp;<\/strong><\/span><\/p>\n\n\n\n<ul class=\"wp-block-list\">\n<li><span style=\"font-size: 16px;\"><em>27 de&nbsp; febrer de 2019<\/em>: <a href=\"https:\/\/beteve.cat\/medi-ambient\/escola-respira-pla-reduir-contaminacio-centres-educatius\/\" target=\"_blank\" rel=\"noopener noreferrer\">&#8220;Escola Respira, un pla per reduir la contaminaci\u00f3 als centres educatius&#8221;<\/a>&nbsp; web betev\u00e9&nbsp;<\/span><\/li>\n\n\n\n<li><span style=\"font-size: 16px;\"><em>27 de febrer de 2019<\/em>: <\/span><a href=\"https:\/\/www.elperiodico.cat\/ca\/barcelona\/20190227\/programa-barcelona-respira-escoles-contaminacio-7327946\" target=\"_blank\" rel=\"noopener noreferrer\">&nbsp;T\u00edmid pla de Barcelona per netejar l&#8217;aire de les escoles<\/a>&nbsp;web El Peri\u00f3dico<\/li>\n\n\n\n<li><span style=\"font-size: 16px;\"><em>27 de febrer de 2019<\/em>: &#8220;<\/span><a href=\"https:\/\/www.20minutos.es\/noticia\/3574262\/0\/contaminacion-escuelas-ayuntamiento-barcelona-respira\/\" target=\"_blank\" rel=\"noopener noreferrer\">Barcelona crea chaflanes libres de coches para reducir la contaminaci\u00f3n en los alrededores de las escuelas<\/a>&#8221; web 20 minutos<\/li>\n\n\n\n<li><span style=\"font-size: 16px;\"><em>10 de juliol de 2019<\/em>: <a href=\"https:\/\/beteve.cat\/el-mati-de-barcelona-910fm\/el-mati-de-barcelona-91-0fm\/\" target=\"_blank\" rel=\"noopener noreferrer\">L&#8217;Eixample vol respirar<\/a> web betev\u00e9<\/span><\/li>\n<\/ul>\n\n\n\n<hr class=\"wp-block-separator has-alpha-channel-opacity\"\/>\n\n\n\n<p><span style=\"text-decoration: underline;\"><strong>CURS 2017 &#8211; 2018<\/strong><\/span><\/p>\n\n\n\n<ul class=\"wp-block-list\">\n<li><em>12 de febrer de 2018<\/em>: &#8220;<a href=\"https:\/\/www.ara.cat\/societat\/LAjuntament-Barcelona-expropiara-lEixample-equipaments_0_1960004057.html\" target=\"_blank\" rel=\"noopener noreferrer\">L&#8217;Ajuntament de Barcelona comprar\u00e0 set solars de l&#8217;Eixample per fer-hi equipaments<\/a>&#8221; web Ara<\/li>\n<\/ul>\n\n\n\n<hr class=\"wp-block-separator has-alpha-channel-opacity\"\/>\n\n\n\n<p><span style=\"text-decoration: underline;\"><strong>CURS 2009 &#8211; 2010<\/strong><\/span><\/p>\n\n\n\n<ul class=\"wp-block-list\">\n<li><em>2 de desembre de 2010<\/em>: &#8220;<a href=\"http:\/\/www.anycerda.org\/centre\/ceip-auro\/treball\/un-tomb-per-barcelona\" target=\"_blank\" rel=\"noopener noreferrer\">Un tomb per Barcelona<\/a>&#8221; web any Cerd\u00e0<\/li>\n\n\n\n<li><span style=\"font-size: 16px;\"><em>3 de mar\u00e7 de 2010<\/em>: &#8220;<a href=\"https:\/\/ampaauro.wordpress.com\/entrevista-abans-de-les-9\/\" target=\"_blank\" rel=\"noopener noreferrer\">Entrevista: Ulls nous<\/a>&#8221;&nbsp;web AMPA Aur\u00f3&nbsp;<\/span><\/li>\n<\/ul>\n\n\n\n<hr class=\"wp-block-separator has-alpha-channel-opacity\"\/>\n","protected":false},"excerpt":{"rendered":"<p>Aqu\u00ed trobareu articles de diaris, v\u00eddeos, blocs&#8230;, on l&#8217;escola Aur\u00f3 \u00e9s la protagonista:<\/p>\n<p>CURS 2025 &#8211; 2026<\/p>\n<ul class=\"wp-block-list\">\n<li>8 de setembre de 2025: <a href=\"https:\/\/www.3cat.cat\/3cat\/revivim-amb-lantoni-bassas-una-magia-que-no-canvia-el-primer-dia-descola\/audio\/1253840\/\" target=\"_blank\" rel=\"noreferrer noopener\">&#8220;El primer dia d&#8217;escola&#8221;<\/a> La tarda de Catalunya R\u00e0dio<\/li>\n<\/ul>\n<p>CURS 2024 &#8211; 2025<\/p>\n<ul class=\"wp-block-list\">\n<li>17 de desembre de 2024: <a href=\"https:\/\/www.3cat.cat\/3cat\/el-mati-de-10-a-11-h-magazin-17122024\/audio\/1228174\/\" target=\"_blank\"&hellip;  <a href=\"https:\/\/agora.xtec.cat\/ceipauro\/lescola\/la-prensa-de-lescola-auro\/\" title=\"Read L&#8217;escola Aur\u00f3 surt a la premsa\">Llegeix m\u00e9s\u00bb<\/a><br \/>\n","protected":false},"author":1,"featured_media":0,"parent":22,"menu_order":6,"comment_status":"closed","ping_status":"closed","template":"page-templates\/side-menu.php","meta":{"_bbp_topic_count":0,"_bbp_reply_count":0,"_bbp_total_topic_count":0,"_bbp_total_reply_count":0,"_bbp_voice_count":0,"_bbp_anonymous_reply_count":0,"_bbp_topic_count_hidden":0,"_bbp_reply_count_hidden":0,"_bbp_forum_subforum_count":0,"footnotes":""},"class_list":["post-1636","page","type-page","status-publish","hentry"],"post_mailing_queue_ids":[],"_links":{"self":[{"href":"https:\/\/agora.xtec.cat\/ceipauro\/wp-json\/wp\/v2\/pages\/1636","targetHints":{"allow":["GET"]}}],"collection":[{"href":"https:\/\/agora.xtec.cat\/ceipauro\/wp-json\/wp\/v2\/pages"}],"about":[{"href":"https:\/\/agora.xtec.cat\/ceipauro\/wp-json\/wp\/v2\/types\/page"}],"author":[{"embeddable":true,"href":"https:\/\/agora.xtec.cat\/ceipauro\/wp-json\/wp\/v2\/users\/1"}],"replies":[{"embeddable":true,"href":"https:\/\/agora.xtec.cat\/ceipauro\/wp-json\/wp\/v2\/comments?post=1636"}],"version-history":[{"count":6,"href":"https:\/\/agora.xtec.cat\/ceipauro\/wp-json\/wp\/v2\/pages\/1636\/revisions"}],"predecessor-version":[{"id":4925,"href":"https:\/\/agora.xtec.cat\/ceipauro\/wp-json\/wp\/v2\/pages\/1636\/revisions\/4925"}],"up":[{"embeddable":true,"href":"https:\/\/agora.xtec.cat\/ceipauro\/wp-json\/wp\/v2\/pages\/22"}],"wp:attachment":[{"href":"https:\/\/agora.xtec.cat\/ceipauro\/wp-json\/wp\/v2\/media?parent=1636"}],"curies":[{"name":"wp","href":"https:\/\/api.w.org\/{rel}","templated":true}]}}