{"id":7898,"date":"2019-12-15T17:30:51","date_gmt":"2019-12-15T16:30:51","guid":{"rendered":"https:\/\/agora.xtec.cat\/ceiparturmartorell\/?page_id=7898"},"modified":"2022-09-29T18:58:59","modified_gmt":"2022-09-29T16:58:59","slug":"50-anys","status":"publish","type":"page","link":"https:\/\/agora.xtec.cat\/ceiparturmartorell\/lescola\/historia\/50-anys\/","title":{"rendered":"50 anys aprenent i construint futur!"},"content":{"rendered":"<h1 style=\"text-align: center;\"><span style=\"color: #ff6600;\">EL CORONAVIRUS ENS HA AIXAFAT LA FESTA PER\u00d2&#8230; <\/span><\/h1>\n<h1 style=\"text-align: center;\"><span style=\"color: #ff6600;\">LA FAREM M\u00c9S ENDAVANT!<\/span><\/h1>\n<hr \/>\n<p>La nostra escola va n\u00e9ixer fa 50 anys fruit de l\u2019impuls i el treball\u00a0 d\u2019un grup de mestres capa\u00e7os d\u2019implicar un munt de fam\u00edlies de la ciutat.<\/p>\n<p>Tots plegats van dedicar molt del seu temps lliure per fer cr\u00e9ixer una escola basada en uns valors que ens identifiquen com a escola p\u00fablica, participativa, inclusiva, oberta i innovadora.<\/p>\n<p>Per aix\u00f2 aquest curs 2019\/2020 estem de festa!!<\/p>\n<p>Hem dissenyat un seguit d\u2019actes commemoratius per a gaudir, recordar i trobar-nos.<\/p>\n<p>Volem compartir amb tots vosaltres els diferents actes commemoratius que realitzarem durant el curs i us animem a visitar aquest espai web. Ens faria molta il\u00b7lusi\u00f3 rebre els vostres comentaris!<\/p>\n<p>&nbsp;<\/p>\n<h4 style=\"font-size: 14px; text-align: center;\"><em><span style=\"color: #000000;\">Si vols estar ben informat, envia un missatge a:<\/span><\/em><\/h4>\n<h4 style=\"font-size: 14px; text-align: center;\"><span style=\"color: #000000;\"><em><a style=\"color: #000000;\" href=\"mailto:50anys@arturmartorell.cat\">50anys@arturmartorell.cat<\/a><\/em><\/span><\/h4>\n<h4 style=\"font-size: 14px; text-align: center;\"><span style=\"color: #000000;\"><em>T&#8217;afegirem a la llista de distribuci\u00f3<\/em><\/span><\/h4>\n<hr \/>\n<h1><span style=\"color: #43a17e;\">EL PAST\u00cdS<\/span><\/h1>\n<h4 style=\"text-align: center;\"><img loading=\"lazy\" decoding=\"async\" class=\"aligncenter wp-image-8296\" style=\"font-size: 14px;\" src=\"https:\/\/agora.xtec.cat\/ceiparturmartorell\/wp-content\/uploads\/usu99\/2020\/01\/PASTIS-50.jpg\" alt=\"\" width=\"384\" height=\"522\" srcset=\"https:\/\/agora.xtec.cat\/ceiparturmartorell\/wp-content\/uploads\/usu99\/2020\/01\/PASTIS-50.jpg 640w, https:\/\/agora.xtec.cat\/ceiparturmartorell\/wp-content\/uploads\/usu99\/2020\/01\/PASTIS-50-221x300.jpg 221w\" sizes=\"auto, (max-width: 384px) 100vw, 384px\" \/><em style=\"font-size: 14px;\">L&#8217;equip de mestres vam fer un regal als infants: un past\u00eds ben guarnit que vam bufar tots junts.<\/em><\/h4>\n<hr \/>\n<h1><span style=\"color: #43a17e;\">EL LOGO<\/span><\/h1>\n<p style=\"font-family: 'Helvetica Neue', Helvetica, Helvetica, Arial, sans-serif; font-size: 14px;\">La celebraci\u00f3 del primer mig segle de l&#8217;escola ja va comen\u00e7ar el curs passat. Una de les primeres activitats va ser el\u00a0<strong>concurs de logos<\/strong> per identificar la celebraci\u00f3. El logo guanyador \u00e9s un disseny d&#8217;<strong>Ingrid Menal,<\/strong> exalumna de l&#8217;escola. Gr\u00e0cies \u00cdngrid!<\/p>\n<p><img loading=\"lazy\" decoding=\"async\" width=\"400\" height=\"375\" class=\"aligncenter wp-image-8297\" src=\"https:\/\/agora.xtec.cat\/ceiparturmartorell\/wp-content\/uploads\/usu99\/2020\/01\/logo-50e_aniversari-IngridMP-petit.jpg\" alt=\"\" srcset=\"https:\/\/agora.xtec.cat\/ceiparturmartorell\/wp-content\/uploads\/usu99\/2020\/01\/logo-50e_aniversari-IngridMP-petit.jpg 400w, https:\/\/agora.xtec.cat\/ceiparturmartorell\/wp-content\/uploads\/usu99\/2020\/01\/logo-50e_aniversari-IngridMP-petit-300x281.jpg 300w\" sizes=\"auto, (max-width: 400px) 100vw, 400px\" \/><\/p>\n<hr \/>\n<h1><span style=\"color: #43a17e;\">LA CAN\u00c7\u00d3<\/span><\/h1>\n<p style=\"font-family: 'Helvetica Neue', Helvetica, Helvetica, Arial, sans-serif; font-size: 14px;\">Tamb\u00e9 vam crear la\u00a0<strong>can\u00e7\u00f3 dels 50 anys<\/strong>!<\/p>\n<p style=\"font-family: 'Helvetica Neue', Helvetica, Helvetica, Arial, sans-serif; font-size: 14px;\">Amb lletra de les mestres de l&#8217;escola i musica de Diego Pedragosa (pare de l&#8217;escola). Ja la sabem tots i ha esdevingut un identificador de l&#8217;escola.<\/p>\n<p><a href=\"https:\/\/agora.xtec.cat\/ceiparturmartorell\/wp-content\/uploads\/usu99\/2022\/09\/una-escola-oberta-al-mon-sense-entradeta.mp3\"><img loading=\"lazy\" decoding=\"async\" class=\"aligncenter wp-image-8304\" title=\"FES CLIC PER SENTIR LA CAN\u00c7\u00d3\" src=\"https:\/\/agora.xtec.cat\/ceiparturmartorell\/wp-content\/uploads\/usu99\/2020\/01\/unnamed-1484220845.png\" alt=\"FES CLIC PER SENTIR LA CAN\u00c7\u00d3\" width=\"101\" height=\"101\" srcset=\"https:\/\/agora.xtec.cat\/ceiparturmartorell\/wp-content\/uploads\/usu99\/2020\/01\/unnamed-1484220845.png 300w, https:\/\/agora.xtec.cat\/ceiparturmartorell\/wp-content\/uploads\/usu99\/2020\/01\/unnamed-1484220845-150x150.png 150w\" sizes=\"auto, (max-width: 101px) 100vw, 101px\" \/><\/a><a href=\"https:\/\/agora.xtec.cat\/ceiparturmartorell\/wp-content\/uploads\/usu99\/2020\/01\/Can\u00e7\u00f3-Escola-Artur-Martorell-lletra-definitiva.pdf\" target=\"_blank\" rel=\"noopener noreferrer\"><img loading=\"lazy\" decoding=\"async\" class=\"aligncenter wp-image-8307\" style=\"color: #222222;\" title=\"LLETRA DE LA CAN\u00c7\u00d3\" src=\"https:\/\/agora.xtec.cat\/ceiparturmartorell\/wp-content\/uploads\/usu99\/2020\/01\/lletra.png\" alt=\"LLETRA DE LA CAN\u00c7\u00d3\" width=\"158\" height=\"159\" srcset=\"https:\/\/agora.xtec.cat\/ceiparturmartorell\/wp-content\/uploads\/usu99\/2020\/01\/lletra.png 225w, https:\/\/agora.xtec.cat\/ceiparturmartorell\/wp-content\/uploads\/usu99\/2020\/01\/lletra-150x150.png 150w\" sizes=\"auto, (max-width: 158px) 100vw, 158px\" \/><\/a><\/p>\n<hr \/>\n<h1><span style=\"color: #43a17e;\">LA LIBDUP<\/span><\/h1>\n<p><iframe src=\"https:\/\/www.youtube.com\/embed\/RCaZxosXSWs\" frameborder=\"0\"><\/iframe><\/p>\n<p style=\"font-family: 'Helvetica Neue', Helvetica, Helvetica, Arial, sans-serif; font-size: 14px;\">\u00a0El 28 de novembre de 2019 vam estrenar la<a href=\"https:\/\/agora.xtec.cat\/ceiparturmartorell\/activitats\/lipdub\/\"><strong> LipDub de l&#8217;escola.\u00a0<\/strong><\/a>Un muntatge audiovisual, a partir de la can\u00e7\u00f3, realitzat gr\u00e0cies a la participaci\u00f3 i col\u00b7laboraci\u00f3 de tota la comunitat educativa: infants, mestres, fam\u00edlies, personal no docent, monitors i ex-alumnes.<\/p>\n<hr \/>\n<h1><span style=\"color: #43a17e;\">LES SAMARRETES I EL BUFF<\/span><\/h1>\n<p style=\"font-family: 'Helvetica Neue', Helvetica, Helvetica, Arial, sans-serif; font-size: 14px;\">Per a la LibDub vam estrenar les nostres\u00a0<strong>samarretes commemoratives<\/strong> amb aquest preci\u00f3s disseny!<\/p>\n<p style=\"font-family: 'Helvetica Neue', Helvetica, Helvetica, Arial, sans-serif; font-size: 14px;\"><a style=\"color: #2795b6;\" href=\"https:\/\/agora.xtec.cat\/ceiparturmartorell\/wp-content\/uploads\/usu99\/2020\/01\/IMG_8022.jpg\"><br \/>\n<\/a><a href=\"https:\/\/agora.xtec.cat\/ceiparturmartorell\/wp-content\/uploads\/usu99\/2020\/02\/logo-de-les-samarretes.png\"><img loading=\"lazy\" decoding=\"async\" class=\"aligncenter wp-image-8321 size-full\" src=\"https:\/\/agora.xtec.cat\/ceiparturmartorell\/wp-content\/uploads\/usu99\/2020\/01\/logo-de-les-samarretes-fons-tranparent.png\" alt=\"\" width=\"402\" height=\"446\" srcset=\"https:\/\/agora.xtec.cat\/ceiparturmartorell\/wp-content\/uploads\/usu99\/2020\/01\/logo-de-les-samarretes-fons-tranparent.png 402w, https:\/\/agora.xtec.cat\/ceiparturmartorell\/wp-content\/uploads\/usu99\/2020\/01\/logo-de-les-samarretes-fons-tranparent-270x300.png 270w\" sizes=\"auto, (max-width: 402px) 100vw, 402px\" \/><\/a><\/p>\n<p style=\"text-align: center;\"><a style=\"color: #2795b6;\" href=\"https:\/\/agora.xtec.cat\/ceiparturmartorell\/wp-content\/uploads\/usu99\/2020\/01\/IMG_8022.jpg\"><span style=\"color: #222222;\">Ep! i el Ti\u00f3 en va cagar aquest m\u00e0gn\u00edfic<\/span><strong style=\"color: #222222;\">\u00a0buff<\/strong><span style=\"color: #222222;\">!<\/span><\/a><a style=\"color: #2795b6;\" href=\"https:\/\/agora.xtec.cat\/ceiparturmartorell\/wp-content\/uploads\/usu99\/2020\/01\/IMG_8022.jpg\"><img loading=\"lazy\" decoding=\"async\" class=\"aligncenter wp-image-8087 size-medium\" src=\"https:\/\/agora.xtec.cat\/ceiparturmartorell\/wp-content\/uploads\/usu99\/2020\/01\/IMG_8022-300x225.jpg\" alt=\"\" width=\"300\" height=\"225\" srcset=\"https:\/\/agora.xtec.cat\/ceiparturmartorell\/wp-content\/uploads\/usu99\/2020\/01\/IMG_8022-300x225.jpg 300w, https:\/\/agora.xtec.cat\/ceiparturmartorell\/wp-content\/uploads\/usu99\/2020\/01\/IMG_8022-768x576.jpg 768w, https:\/\/agora.xtec.cat\/ceiparturmartorell\/wp-content\/uploads\/usu99\/2020\/01\/IMG_8022.jpg 1024w, https:\/\/agora.xtec.cat\/ceiparturmartorell\/wp-content\/uploads\/usu99\/2020\/01\/IMG_8022-200x150.jpg 200w\" sizes=\"auto, (max-width: 300px) 100vw, 300px\" \/><\/a><\/p>\n<p>&nbsp;<\/p>\n<p>&nbsp;<\/p>\n<hr \/>\n<h1><span style=\"color: #43a17e;\">EL GERM\u00c0 PETIT DEL DRAC FLAIX<\/span><\/h1>\n<p><a style=\"color: #2795b6;\" href=\"https:\/\/agora.xtec.cat\/ceiparturmartorell\/wp-content\/uploads\/usu99\/2020\/02\/Drac-Flaix-petit.jpeg\"><img loading=\"lazy\" decoding=\"async\" class=\"wp-image-8485 size-medium alignnone\" src=\"https:\/\/agora.xtec.cat\/ceiparturmartorell\/wp-content\/uploads\/usu99\/2020\/02\/Drac-Flaix-petit-225x300.jpeg\" alt=\"\" width=\"225\" height=\"300\" srcset=\"https:\/\/agora.xtec.cat\/ceiparturmartorell\/wp-content\/uploads\/usu99\/2020\/02\/Drac-Flaix-petit-225x300.jpeg 225w, https:\/\/agora.xtec.cat\/ceiparturmartorell\/wp-content\/uploads\/usu99\/2020\/02\/Drac-Flaix-petit-768x1024.jpeg 768w, https:\/\/agora.xtec.cat\/ceiparturmartorell\/wp-content\/uploads\/usu99\/2020\/02\/Drac-Flaix-petit.jpeg 1200w\" sizes=\"auto, (max-width: 225px) 100vw, 225px\" \/><\/a><\/p>\n<p>Per celebrar-ho, al Drac Flaix ha tingut un germ\u00e0 petit!<\/p>\n<hr \/>\n<h2><span style=\"color: #43a17e;\">LA L\u00cdNIA DEL TEMPS<\/span><\/h2>\n<p><a href=\"http:\/\/bit.ly\/arturmartorell50\" target=\"_blank\" rel=\"noopener noreferrer\"><img loading=\"lazy\" decoding=\"async\" class=\"alignleft\" style=\"display: block; margin-left: auto; margin-right: auto;\" src=\"https:\/\/gallery.mailchimp.com\/d1a1c2c8233e8ee375a8575d4\/images\/5e9610ea-fb89-45f8-b5fe-14be7bc87868.jpg\" alt=\"\" width=\"340\" height=\"481\" \/><\/a><\/p>\n<p>I gr\u00e0cies a la generosa resposta rebuda a la crida que us vam fer per recuperar records de l&#8217;escola hem anat construint aquesta <a href=\"http:\/\/bit.ly\/arturmartorell50\">L\u00cdNIA DEL TEMPS<\/a><\/p>\n<p>Segur que us far\u00e0 venir nost\u00e0lgia del temps passat a l&#8217;escola!<\/p>\n<hr \/>\n<h1><span style=\"color: #43a17e;\">EL LLIBRE<\/span><\/h1>\n<p><iframe src=\"https:\/\/www.verkami.com\/projects\/25698-llibre-dels-50-anys-de-lescola-artur-martorell\/widget_landscape\" frameborder=\"0\"><\/iframe><\/p>\n<p><a style=\"color: #2795b6;\" href=\"https:\/\/agora.xtec.cat\/ceiparturmartorell\/activitats\/50-anys-el-llibre-verkami\/\">&#8220;1969-2019. 50 anys d&#8217;escola. ARTUR MARTORELL&#8221;<\/a><\/p>\n<p style=\"font-family: 'Helvetica Neue', Helvetica, Helvetica, Arial, sans-serif; font-size: 14px; text-align: left;\">Estem elaborant un llibre commemoratiu del primer mig segle de l&#8217;escola.<\/p>\n<p style=\"font-family: 'Helvetica Neue', Helvetica, Helvetica, Arial, sans-serif; font-size: 14px; text-align: left;\">Clica l&#8217;enlla\u00e7 per m\u00e9s informaci\u00f3.<\/p>\n<hr \/>\n<h1><span style=\"color: #43a17e;\">50 anys, 50 alzines!<\/span><\/h1>\n<p style=\"text-align: left;\"><a href=\"https:\/\/agora.xtec.cat\/ceiparturmartorell\/general\/50-anys-50-alzines\/\"><img loading=\"lazy\" decoding=\"async\" class=\"wp-image-8438 alignleft\" src=\"https:\/\/agora.xtec.cat\/ceiparturmartorell\/wp-content\/uploads\/usu99\/2020\/02\/alzines_1-e1580931571487.png\" alt=\"\" width=\"248\" height=\"434\" srcset=\"https:\/\/agora.xtec.cat\/ceiparturmartorell\/wp-content\/uploads\/usu99\/2020\/02\/alzines_1-e1580931571487.png 527w, https:\/\/agora.xtec.cat\/ceiparturmartorell\/wp-content\/uploads\/usu99\/2020\/02\/alzines_1-e1580931571487-172x300.png 172w\" sizes=\"auto, (max-width: 248px) 100vw, 248px\" \/><\/a><\/p>\n<h4><a href=\"https:\/\/agora.xtec.cat\/ceiparturmartorell\/general\/50-anys-50-alzines\/\">Diumenge 16 de febrer plantada d&#8217;alzines\u00a0en fam\u00edlia al Tur\u00f3 de l&#8217;Enric.<\/a><\/h4>\n<hr \/>\n<p><a href=\"https:\/\/agora.xtec.cat\/ceiparturmartorell\/wp-content\/uploads\/usu99\/2020\/03\/gincana.jpg\"><img loading=\"lazy\" decoding=\"async\" class=\"size-full wp-image-8840 alignleft\" src=\"https:\/\/agora.xtec.cat\/ceiparturmartorell\/wp-content\/uploads\/usu99\/2020\/03\/gincana.jpg\" alt=\"\" width=\"300\" height=\"225\" srcset=\"https:\/\/agora.xtec.cat\/ceiparturmartorell\/wp-content\/uploads\/usu99\/2020\/03\/gincana.jpg 300w, https:\/\/agora.xtec.cat\/ceiparturmartorell\/wp-content\/uploads\/usu99\/2020\/03\/gincana-200x150.jpg 200w\" sizes=\"auto, (max-width: 300px) 100vw, 300px\" \/><\/a><\/p>\n<p>Les fam\u00edlies de l&#8217;escola estan organitzant una GIMCANA<\/p>\n<p>On? A la Pineda de l&#8217;escola<\/p>\n<p>Quan? El proper diumenge 7 de juny de 10:00 a 13:00 <span style=\"color: #ff0000;\">(ajornat per la COVID-19)<\/span><\/p>\n<p>Qu\u00e8 farem? Proves divertides relacionades amb la hist\u00f2ria de l&#8217;escola.<\/p>\n<hr \/>\n<h1><span style=\"color: #43a17e;\">L\u2019AUCA DEL 50\u00e8 ANIVERSARI<\/span><\/h1>\n<p><a href=\"https:\/\/youtu.be\/RiWamNVENXg\"><img loading=\"lazy\" decoding=\"async\" class=\"aligncenter wp-image-12214 size-large\" src=\"https:\/\/agora.xtec.cat\/ceiparturmartorell\/wp-content\/uploads\/usu99\/2021\/04\/auca-50-anys-716x1024.jpeg\" alt=\"\" width=\"716\" height=\"1024\" srcset=\"https:\/\/agora.xtec.cat\/ceiparturmartorell\/wp-content\/uploads\/usu99\/2021\/04\/auca-50-anys-716x1024.jpeg 716w, https:\/\/agora.xtec.cat\/ceiparturmartorell\/wp-content\/uploads\/usu99\/2021\/04\/auca-50-anys-210x300.jpeg 210w, https:\/\/agora.xtec.cat\/ceiparturmartorell\/wp-content\/uploads\/usu99\/2021\/04\/auca-50-anys-768x1099.jpeg 768w, https:\/\/agora.xtec.cat\/ceiparturmartorell\/wp-content\/uploads\/usu99\/2021\/04\/auca-50-anys.jpeg 1431w\" sizes=\"auto, (max-width: 716px) 100vw, 716px\" \/><\/a><\/p>\n<p>Els infants han fet rodolins ben rimats i dibuixos per a il\u00b7lustrar-la, amb temes que fan de l\u2019Artur Martorell una escola viva, diferent, amb una identitat ben marcada.<\/p>\n<p><a href=\"https:\/\/agora.xtec.cat\/ceiparturmartorell\/general\/lauca-del-50-aniversari\/\">+ info<\/a><\/p>\n<hr \/>\n<h1><span style=\"color: #43a17e;\">EL MURAL<\/span><\/h1>\n<p>Aqu\u00ed el teniu, el coronavirus ens ha obligat a ajornar-lo en diverses ocasions, per\u00f2, al final, ho hem aconseguit!<\/p>\n<div class=\"ast-oembed-container \" style=\"height: 100%;\"><iframe loading=\"lazy\" title=\"MURAL ESCOLA 2020\/2021\" width=\"500\" height=\"281\" src=\"https:\/\/www.youtube.com\/embed\/0OOWejjD1oQ?feature=oembed\" frameborder=\"0\" allow=\"accelerometer; autoplay; clipboard-write; encrypted-media; gyroscope; picture-in-picture; web-share\" referrerpolicy=\"strict-origin-when-cross-origin\" allowfullscreen><\/iframe><\/div>\n<p>&nbsp;<\/p>\n<p>&nbsp;<\/p>\n","protected":false},"excerpt":{"rendered":"<p>EL CORONAVIRUS ENS HA AIXAFAT LA FESTA PER\u00d2&#8230; LA FAREM M\u00c9S ENDAVANT! La nostra escola va n\u00e9ixer fa 50 anys fruit de l\u2019impuls i el treball\u00a0 d\u2019un grup de mestres capa\u00e7os d\u2019implicar un munt de fam\u00edlies de la ciutat. Tots plegats van dedicar molt del seu temps lliure per fer cr\u00e9ixer una escola basada en [&hellip;]<\/p>\n","protected":false},"author":1,"featured_media":0,"parent":26,"menu_order":0,"comment_status":"closed","ping_status":"closed","template":"page-templates\/side-menu.php","meta":{"_bbp_topic_count":0,"_bbp_reply_count":0,"_bbp_total_topic_count":0,"_bbp_total_reply_count":0,"_bbp_voice_count":0,"_bbp_anonymous_reply_count":0,"_bbp_topic_count_hidden":0,"_bbp_reply_count_hidden":0,"_bbp_forum_subforum_count":0,"site-sidebar-layout":"default","site-content-layout":"","ast-site-content-layout":"","site-content-style":"default","site-sidebar-style":"default","ast-global-header-display":"","ast-banner-title-visibility":"","ast-main-header-display":"","ast-hfb-above-header-display":"","ast-hfb-below-header-display":"","ast-hfb-mobile-header-display":"","site-post-title":"","ast-breadcrumbs-content":"","ast-featured-img":"","footer-sml-layout":"","theme-transparent-header-meta":"","adv-header-id-meta":"","stick-header-meta":"","header-above-stick-meta":"","header-main-stick-meta":"","header-below-stick-meta":"","astra-migrate-meta-layouts":"default","ast-page-background-enabled":"default","ast-page-background-meta":{"desktop":{"background-color":"var(--ast-global-color-4)","background-image":"","background-repeat":"repeat","background-position":"center center","background-size":"auto","background-attachment":"scroll","background-type":"","background-media":"","overlay-type":"","overlay-color":"","overlay-opacity":"","overlay-gradient":""},"tablet":{"background-color":"","background-image":"","background-repeat":"repeat","background-position":"center center","background-size":"auto","background-attachment":"scroll","background-type":"","background-media":"","overlay-type":"","overlay-color":"","overlay-opacity":"","overlay-gradient":""},"mobile":{"background-color":"","background-image":"","background-repeat":"repeat","background-position":"center center","background-size":"auto","background-attachment":"scroll","background-type":"","background-media":"","overlay-type":"","overlay-color":"","overlay-opacity":"","overlay-gradient":""}},"ast-content-background-meta":{"desktop":{"background-color":"var(--ast-global-color-5)","background-image":"","background-repeat":"repeat","background-position":"center center","background-size":"auto","background-attachment":"scroll","background-type":"","background-media":"","overlay-type":"","overlay-color":"","overlay-opacity":"","overlay-gradient":""},"tablet":{"background-color":"var(--ast-global-color-5)","background-image":"","background-repeat":"repeat","background-position":"center center","background-size":"auto","background-attachment":"scroll","background-type":"","background-media":"","overlay-type":"","overlay-color":"","overlay-opacity":"","overlay-gradient":""},"mobile":{"background-color":"var(--ast-global-color-5)","background-image":"","background-repeat":"repeat","background-position":"center center","background-size":"auto","background-attachment":"scroll","background-type":"","background-media":"","overlay-type":"","overlay-color":"","overlay-opacity":"","overlay-gradient":""}},"footnotes":""},"class_list":["post-7898","page","type-page","status-publish","hentry"],"post_mailing_queue_ids":[],"_links":{"self":[{"href":"https:\/\/agora.xtec.cat\/ceiparturmartorell\/wp-json\/wp\/v2\/pages\/7898","targetHints":{"allow":["GET"]}}],"collection":[{"href":"https:\/\/agora.xtec.cat\/ceiparturmartorell\/wp-json\/wp\/v2\/pages"}],"about":[{"href":"https:\/\/agora.xtec.cat\/ceiparturmartorell\/wp-json\/wp\/v2\/types\/page"}],"author":[{"embeddable":true,"href":"https:\/\/agora.xtec.cat\/ceiparturmartorell\/wp-json\/wp\/v2\/users\/1"}],"replies":[{"embeddable":true,"href":"https:\/\/agora.xtec.cat\/ceiparturmartorell\/wp-json\/wp\/v2\/comments?post=7898"}],"version-history":[{"count":3,"href":"https:\/\/agora.xtec.cat\/ceiparturmartorell\/wp-json\/wp\/v2\/pages\/7898\/revisions"}],"predecessor-version":[{"id":16479,"href":"https:\/\/agora.xtec.cat\/ceiparturmartorell\/wp-json\/wp\/v2\/pages\/7898\/revisions\/16479"}],"up":[{"embeddable":true,"href":"https:\/\/agora.xtec.cat\/ceiparturmartorell\/wp-json\/wp\/v2\/pages\/26"}],"wp:attachment":[{"href":"https:\/\/agora.xtec.cat\/ceiparturmartorell\/wp-json\/wp\/v2\/media?parent=7898"}],"curies":[{"name":"wp","href":"https:\/\/api.w.org\/{rel}","templated":true}]}}