{"id":319,"date":"2016-03-25T12:25:41","date_gmt":"2016-03-25T11:25:41","guid":{"rendered":"http:\/\/agora.xtec.cat\/ceiparturmartorell\/?page_id=319"},"modified":"2020-12-11T18:49:43","modified_gmt":"2020-12-11T17:49:43","slug":"accio-tutorial","status":"publish","type":"page","link":"https:\/\/agora.xtec.cat\/ceiparturmartorell\/com-treballem\/accio-tutorial\/","title":{"rendered":"Educaci\u00f3 emocional"},"content":{"rendered":"<p>Les emocions s\u00f3n importants i cal que les treballem a l\u2019escola.\u00a0Per aconseguir que un infant creixi, en tota la dimensi\u00f3 de la paraula, no n\u2019hi ha prou amb l\u2019adquisici\u00f3 de coneixements.<\/p>\n<p>L\u2019<strong>educaci\u00f3 emocional<\/strong>\u00a0afecta el desenvolupament dels infants, ja que afavoreix l\u2019autoconeixement, predisposa a actituds positives, millora les relacions, incentiva la motivaci\u00f3 i afavoreix el seu creixement de manera integral.<\/p>\n<p>A l&#8217;escola treballem l&#8217;educaci\u00f3 emocional de manera transversal a totes les \u00e0rees.<\/p>\n<p>Les tutores realitzen sessions setmanals de tutoria individual i col\u00b7lectives, en les que es teixeix una xarxa afectiva de seguretat, un clima en el que es pacta i es consensua, s&#8217;orienta i es desenvolupen tamb\u00e9, estrat\u00e8gies d&#8217;aprenentatge, d&#8217;estudi o d&#8217;organitzaci\u00f3 personal.<\/p>\n<p><img loading=\"lazy\" decoding=\"async\" class=\"aligncenter size-large wp-image-10745\" src=\"https:\/\/agora.xtec.cat\/ceiparturmartorell\/wp-content\/uploads\/usu99\/2020\/12\/eduquem-les-emocions-724x1024.png\" alt=\"\" width=\"724\" height=\"1024\" srcset=\"https:\/\/agora.xtec.cat\/ceiparturmartorell\/wp-content\/uploads\/usu99\/2020\/12\/eduquem-les-emocions-724x1024.png 724w, https:\/\/agora.xtec.cat\/ceiparturmartorell\/wp-content\/uploads\/usu99\/2020\/12\/eduquem-les-emocions-212x300.png 212w, https:\/\/agora.xtec.cat\/ceiparturmartorell\/wp-content\/uploads\/usu99\/2020\/12\/eduquem-les-emocions-768x1086.png 768w, https:\/\/agora.xtec.cat\/ceiparturmartorell\/wp-content\/uploads\/usu99\/2020\/12\/eduquem-les-emocions.png 1414w\" sizes=\"auto, (max-width: 724px) 100vw, 724px\" \/><\/p>\n<p style=\"text-align: center;\"><em>(extret de <a href=\"https:\/\/natibergada.cat\/\">Nati Berged\u00e0<\/a>)<\/em><\/p>\n","protected":false},"excerpt":{"rendered":"<p>Les emocions s\u00f3n importants i cal que les treballem a l\u2019escola.\u00a0Per aconseguir que un infant creixi, en tota la dimensi\u00f3 de la paraula, no n\u2019hi ha prou amb l\u2019adquisici\u00f3 de coneixements. L\u2019educaci\u00f3 emocional\u00a0afecta el desenvolupament dels infants, ja que afavoreix l\u2019autoconeixement, predisposa a actituds positives, millora les relacions, incentiva la motivaci\u00f3 i afavoreix el seu [&hellip;]<\/p>\n","protected":false},"author":1,"featured_media":0,"parent":291,"menu_order":7,"comment_status":"closed","ping_status":"closed","template":"page-templates\/side-menu.php","meta":{"_bbp_topic_count":0,"_bbp_reply_count":0,"_bbp_total_topic_count":0,"_bbp_total_reply_count":0,"_bbp_voice_count":0,"_bbp_anonymous_reply_count":0,"_bbp_topic_count_hidden":0,"_bbp_reply_count_hidden":0,"_bbp_forum_subforum_count":0,"site-sidebar-layout":"default","site-content-layout":"","ast-site-content-layout":"","site-content-style":"default","site-sidebar-style":"default","ast-global-header-display":"","ast-banner-title-visibility":"","ast-main-header-display":"","ast-hfb-above-header-display":"","ast-hfb-below-header-display":"","ast-hfb-mobile-header-display":"","site-post-title":"","ast-breadcrumbs-content":"","ast-featured-img":"","footer-sml-layout":"","theme-transparent-header-meta":"","adv-header-id-meta":"","stick-header-meta":"","header-above-stick-meta":"","header-main-stick-meta":"","header-below-stick-meta":"","astra-migrate-meta-layouts":"default","ast-page-background-enabled":"default","ast-page-background-meta":{"desktop":{"background-color":"var(--ast-global-color-4)","background-image":"","background-repeat":"repeat","background-position":"center center","background-size":"auto","background-attachment":"scroll","background-type":"","background-media":"","overlay-type":"","overlay-color":"","overlay-opacity":"","overlay-gradient":""},"tablet":{"background-color":"","background-image":"","background-repeat":"repeat","background-position":"center center","background-size":"auto","background-attachment":"scroll","background-type":"","background-media":"","overlay-type":"","overlay-color":"","overlay-opacity":"","overlay-gradient":""},"mobile":{"background-color":"","background-image":"","background-repeat":"repeat","background-position":"center center","background-size":"auto","background-attachment":"scroll","background-type":"","background-media":"","overlay-type":"","overlay-color":"","overlay-opacity":"","overlay-gradient":""}},"ast-content-background-meta":{"desktop":{"background-color":"var(--ast-global-color-5)","background-image":"","background-repeat":"repeat","background-position":"center center","background-size":"auto","background-attachment":"scroll","background-type":"","background-media":"","overlay-type":"","overlay-color":"","overlay-opacity":"","overlay-gradient":""},"tablet":{"background-color":"var(--ast-global-color-5)","background-image":"","background-repeat":"repeat","background-position":"center center","background-size":"auto","background-attachment":"scroll","background-type":"","background-media":"","overlay-type":"","overlay-color":"","overlay-opacity":"","overlay-gradient":""},"mobile":{"background-color":"var(--ast-global-color-5)","background-image":"","background-repeat":"repeat","background-position":"center center","background-size":"auto","background-attachment":"scroll","background-type":"","background-media":"","overlay-type":"","overlay-color":"","overlay-opacity":"","overlay-gradient":""}},"footnotes":""},"class_list":["post-319","page","type-page","status-publish","hentry"],"post_mailing_queue_ids":[],"_links":{"self":[{"href":"https:\/\/agora.xtec.cat\/ceiparturmartorell\/wp-json\/wp\/v2\/pages\/319","targetHints":{"allow":["GET"]}}],"collection":[{"href":"https:\/\/agora.xtec.cat\/ceiparturmartorell\/wp-json\/wp\/v2\/pages"}],"about":[{"href":"https:\/\/agora.xtec.cat\/ceiparturmartorell\/wp-json\/wp\/v2\/types\/page"}],"author":[{"embeddable":true,"href":"https:\/\/agora.xtec.cat\/ceiparturmartorell\/wp-json\/wp\/v2\/users\/1"}],"replies":[{"embeddable":true,"href":"https:\/\/agora.xtec.cat\/ceiparturmartorell\/wp-json\/wp\/v2\/comments?post=319"}],"version-history":[{"count":3,"href":"https:\/\/agora.xtec.cat\/ceiparturmartorell\/wp-json\/wp\/v2\/pages\/319\/revisions"}],"predecessor-version":[{"id":10746,"href":"https:\/\/agora.xtec.cat\/ceiparturmartorell\/wp-json\/wp\/v2\/pages\/319\/revisions\/10746"}],"up":[{"embeddable":true,"href":"https:\/\/agora.xtec.cat\/ceiparturmartorell\/wp-json\/wp\/v2\/pages\/291"}],"wp:attachment":[{"href":"https:\/\/agora.xtec.cat\/ceiparturmartorell\/wp-json\/wp\/v2\/media?parent=319"}],"curies":[{"name":"wp","href":"https:\/\/api.w.org\/{rel}","templated":true}]}}