{"id":304,"date":"2016-03-25T12:11:41","date_gmt":"2016-03-25T11:11:41","guid":{"rendered":"http:\/\/agora.xtec.cat\/ceiparturmartorell\/?page_id=304"},"modified":"2020-12-11T18:36:00","modified_gmt":"2020-12-11T17:36:00","slug":"racons-a-educacio-infantil","status":"publish","type":"page","link":"https:\/\/agora.xtec.cat\/ceiparturmartorell\/com-treballem\/racons-a-educacio-infantil\/","title":{"rendered":"Racons"},"content":{"rendered":"<p>El treball per racons \u00e9s una metodologia que consisteix a organitzar l&#8217;aula en diversos espais on els alumnes, distribu\u00efts en petits grups, realitzen activitats simult\u00e0nies de manera aut\u00f2noma.<br \/>\n\u00c9s una manera de treballar m\u00e9s creativa i flexible, en la qual el paper del mestre \u00e9s dinamitzar els aprenentatges i animar els alumnes a participar en tots els espais d&#8217;activitat i aprenentatge.<br \/>\nDes d&#8217;aquest plantejament es cedeix a l&#8217;alumne un gran protagonisme: participa activament en el seu aprenentatge, pot ser model i guia dels seus propis companys -es potencia el di\u00e0leg entre iguals-, pren consci\u00e8ncia de les seves possibilitats, accepta i apr\u00e8n dels seus errors&#8230;<br \/>\nSegurament, un dels sin\u00f2nims m\u00e9s precisos de\u00a0<i>Treballar per racons<\/i>\u00a0\u00e9s\u00a0<i>Educar l&#8217;autonomia.\u00a0<\/i>Aquesta metodologia de treball ajuda el nen a ser responsable amb el material i amb el treball, exigint-li i creant-li la necessitat d&#8217;ordre. L&#8217;alumne apr\u00e8n a organitzar-se, a planificar-se la feina, a saber qu\u00e8 vol aprendre i quin cam\u00ed pot seguir per aconseguir-ho. Tot plegat es tradueix alhora en un guany de seguretat i confian\u00e7a.<\/p>\n<p>Per\u00f2 s\u00f3n molts d&#8217;altres els aspectes interessants que ofereix aquesta metodologia:<\/p>\n<ul>\n<li>Permet donar resposta a les difer\u00e8ncies, interessos i ritmes d&#8217;aprenentatge de cada nen i nena.<\/li>\n<li>Facilita al mestre\/a el seguiment individual, dels progressos i dificultats, de cada alumne.<\/li>\n<li>Permet una certa flexibilitat en el treball dels nens\/es a partir de les propostes d&#8217;activitats: aprenen a observar, explorar, manipular, experimentar, descobrir, crear&#8230; Deixa lloc a la creativitat i la imaginaci\u00f3 i, el que \u00e9s m\u00e9s important, li deixen espai i temps per pensar i decidir.<\/li>\n<li>Aconsegueix que els aprenentatges, viscuts d&#8217;aquesta manera, esdevinguin realment significatius i funcionals.<\/li>\n<li>La interacci\u00f3 amb uns quants companys facilita el fet de compartir, comunicar-se, discutir i respectar les idees dels altres, a aprendre dels amics i a acceptar el seu ajut.<\/li>\n<li>D\u00f3na als alumnes la possibilitat de refer el treball tantes vegades com ho necessitin, at\u00e8s que els materials s\u00f3n generalment manipulables. Com a conseq\u00fc\u00e8ncia ajuda a perdre la por a equivocar-se i a millorar la seva autoestima.<\/li>\n<li>Ofereix als nens\/es l&#8217;oportunitat d&#8217;utilitzar materials diferents dels que es fan servir col\u00b7lectivament. Aix\u00ed mateix \u00e9s una manera econ\u00f2mica de tenir i utilitzar materials diversos (no es necessita un joc per a cada nen\/a sin\u00f3 que amb un per tots ja n&#8217;hi ha prou).<\/li>\n<li>\u00c9s un tipus d&#8217;organitzaci\u00f3 molt adient per practicar el que s&#8217;ha apr\u00e8s a fer en un altre moment o aplicar-ho a d&#8217;altres situacions i materials.<\/li>\n<\/ul>\n\r\n\t<div class=\"slideshow_container slideshow_container_style-light\" style=\" \" data-slideshow-id=\"359\" data-style-name=\"style-light\" data-style-version=\"2.3.1\" >\r\n\r\n\t\t\t\t\t<div class=\"slideshow_loading_icon\"><\/div>\r\n\t\t\r\n\t\t<div class=\"slideshow_content\" style=\"display: none;\">\r\n\r\n\t\t\t<div class=\"slideshow_view\">\r\n\t\t\t\t<div class=\"slideshow_slide slideshow_slide_image\">\r\n\t\t\t\t\t\t\t\t\t\t\t<img src=\"https:\/\/agora.xtec.cat\/ceiparturmartorell\/wp-content\/uploads\/usu99\/2022\/02\/WhatsApp-Image-2022-02-04-at-16.54.36-1.jpeg\" alt=\"WhatsApp-Image-2022-02-04-at-16.54.36\" width=\"959\" height=\"719\" \/>\r\n\t\t\t\t\t\t\t\t\t\t<div class=\"slideshow_description_box slideshow_transparent\">\r\n\t\t\t\t\t\t<div class=\"slideshow_title\">WhatsApp-Image-2022-02-04-at-16.54.36<\/div>\t\t\t\t\t\t\t\t\t\t\t<\/div>\r\n\t\t\t\t<\/div>\r\n\r\n\t\t\t\t\t\t<div style=\"clear: both;\"><\/div><\/div><div class=\"slideshow_view\">\r\n\t\t\t\t<div class=\"slideshow_slide slideshow_slide_image\">\r\n\t\t\t\t\t\t\t\t\t\t\t<img src=\"https:\/\/agora.xtec.cat\/ceiparturmartorell\/wp-content\/uploads\/usu99\/2022\/02\/Racons-Febrer-2n-12.jpeg\" alt=\"Racons-Febrer-2n-12\" width=\"1024\" height=\"577\" \/>\r\n\t\t\t\t\t\t\t\t\t\t<div class=\"slideshow_description_box slideshow_transparent\">\r\n\t\t\t\t\t\t<div class=\"slideshow_title\">Racons-Febrer-2n-12<\/div>\t\t\t\t\t\t\t\t\t\t\t<\/div>\r\n\t\t\t\t<\/div>\r\n\r\n\t\t\t\t\t\t<div style=\"clear: both;\"><\/div><\/div><div class=\"slideshow_view\">\r\n\t\t\t\t<div class=\"slideshow_slide slideshow_slide_image\">\r\n\t\t\t\t\t\t\t\t\t\t\t<img src=\"https:\/\/agora.xtec.cat\/ceiparturmartorell\/wp-content\/uploads\/usu99\/2022\/02\/Racons-Febrer-2n-2.jpeg\" alt=\"Racons-Febrer-2n-2\" width=\"1024\" height=\"577\" \/>\r\n\t\t\t\t\t\t\t\t\t\t<div class=\"slideshow_description_box slideshow_transparent\">\r\n\t\t\t\t\t\t<div class=\"slideshow_title\">Racons-Febrer-2n-2<\/div>\t\t\t\t\t\t\t\t\t\t\t<\/div>\r\n\t\t\t\t<\/div>\r\n\r\n\t\t\t\t\t\t<div style=\"clear: both;\"><\/div><\/div><div class=\"slideshow_view\">\r\n\t\t\t\t<div class=\"slideshow_slide slideshow_slide_image\">\r\n\t\t\t\t\t\t\t\t\t\t\t<img src=\"https:\/\/agora.xtec.cat\/ceiparturmartorell\/wp-content\/uploads\/usu99\/2022\/02\/racons-2.jpeg\" alt=\"racons-2\" width=\"2000\" height=\"1124\" \/>\r\n\t\t\t\t\t\t\t\t\t\t<div class=\"slideshow_description_box slideshow_transparent\">\r\n\t\t\t\t\t\t<div class=\"slideshow_title\">racons-2<\/div>\t\t\t\t\t\t\t\t\t\t\t<\/div>\r\n\t\t\t\t<\/div>\r\n\r\n\t\t\t\t\t\t<div style=\"clear: both;\"><\/div><\/div><div class=\"slideshow_view\">\r\n\t\t\t\t<div class=\"slideshow_slide slideshow_slide_image\">\r\n\t\t\t\t\t\t\t\t\t\t\t<img src=\"https:\/\/agora.xtec.cat\/ceiparturmartorell\/wp-content\/uploads\/usu99\/2022\/02\/racons-1.jpeg\" alt=\"racons-1\" width=\"2000\" height=\"1124\" \/>\r\n\t\t\t\t\t\t\t\t\t\t<div class=\"slideshow_description_box slideshow_transparent\">\r\n\t\t\t\t\t\t<div class=\"slideshow_title\">racons-1<\/div>\t\t\t\t\t\t\t\t\t\t\t<\/div>\r\n\t\t\t\t<\/div>\r\n\r\n\t\t\t\t\t\t<div style=\"clear: both;\"><\/div><\/div><div class=\"slideshow_view\">\r\n\t\t\t\t<div class=\"slideshow_slide slideshow_slide_image\">\r\n\t\t\t\t\t\t\t\t\t\t\t<img src=\"https:\/\/agora.xtec.cat\/ceiparturmartorell\/wp-content\/uploads\/usu99\/2022\/02\/IMG_20191003_104245.jpg\" alt=\"bty\" width=\"1010\" height=\"570\" \/>\r\n\t\t\t\t\t\t\t\t\t\t<div class=\"slideshow_description_box slideshow_transparent\">\r\n\t\t\t\t\t\t<div class=\"slideshow_title\">bty<\/div>\t\t\t\t\t\t\t\t\t\t\t<\/div>\r\n\t\t\t\t<\/div>\r\n\r\n\t\t\t\t\t\t<div style=\"clear: both;\"><\/div><\/div><div class=\"slideshow_view\">\r\n\t\t\t\t<div class=\"slideshow_slide slideshow_slide_image\">\r\n\t\t\t\t\t\t\t\t\t\t\t<img src=\"https:\/\/agora.xtec.cat\/ceiparturmartorell\/wp-content\/uploads\/usu99\/2022\/02\/IMG_20191003_104217.jpg\" alt=\"bty\" width=\"1010\" height=\"570\" \/>\r\n\t\t\t\t\t\t\t\t\t\t<div class=\"slideshow_description_box slideshow_transparent\">\r\n\t\t\t\t\t\t<div class=\"slideshow_title\">bty<\/div>\t\t\t\t\t\t\t\t\t\t\t<\/div>\r\n\t\t\t\t<\/div>\r\n\r\n\t\t\t\t\t\t<div style=\"clear: both;\"><\/div><\/div><div class=\"slideshow_view\">\r\n\t\t\t\t<div class=\"slideshow_slide slideshow_slide_image\">\r\n\t\t\t\t\t\t\t\t\t\t\t<img src=\"https:\/\/agora.xtec.cat\/ceiparturmartorell\/wp-content\/uploads\/usu99\/2022\/02\/DSCN3301.redimensionada.jpg\" alt=\"DSCN3301.redimensionada\" width=\"800\" height=\"600\" \/>\r\n\t\t\t\t\t\t\t\t\t\t<div class=\"slideshow_description_box slideshow_transparent\">\r\n\t\t\t\t\t\t<div class=\"slideshow_title\">DSCN3301.redimensionada<\/div>\t\t\t\t\t\t\t\t\t\t\t<\/div>\r\n\t\t\t\t<\/div>\r\n\r\n\t\t\t\t\t\t<div style=\"clear: both;\"><\/div><\/div><div class=\"slideshow_view\">\r\n\t\t\t\t<div class=\"slideshow_slide slideshow_slide_image\">\r\n\t\t\t\t\t\t\t\t\t\t\t<img src=\"https:\/\/agora.xtec.cat\/ceiparturmartorell\/wp-content\/uploads\/usu99\/2022\/02\/20210121_100226.jpg\" alt=\"20210121_100226\" width=\"2304\" height=\"1728\" \/>\r\n\t\t\t\t\t\t\t\t\t\t<div class=\"slideshow_description_box slideshow_transparent\">\r\n\t\t\t\t\t\t<div class=\"slideshow_title\">20210121_100226<\/div>\t\t\t\t\t\t\t\t\t\t\t<\/div>\r\n\t\t\t\t<\/div>\r\n\r\n\t\t\t\t\t\t<div style=\"clear: both;\"><\/div><\/div><div class=\"slideshow_view\">\r\n\t\t\t\t<div class=\"slideshow_slide slideshow_slide_image\">\r\n\t\t\t\t\t\t\t\t\t\t\t<img src=\"https:\/\/agora.xtec.cat\/ceiparturmartorell\/wp-content\/uploads\/usu99\/2022\/02\/20201014_154614-e1602750030185.jpg\" alt=\"20201014_154614-e1602750030185\" width=\"2160\" height=\"2160\" \/>\r\n\t\t\t\t\t\t\t\t\t\t<div class=\"slideshow_description_box slideshow_transparent\">\r\n\t\t\t\t\t\t<div class=\"slideshow_title\">20201014_154614-e1602750030185<\/div>\t\t\t\t\t\t\t\t\t\t\t<\/div>\r\n\t\t\t\t<\/div>\r\n\r\n\t\t\t\t\t\t<div style=\"clear: both;\"><\/div><\/div><div class=\"slideshow_view\">\r\n\t\t\t\t<div class=\"slideshow_slide slideshow_slide_image\">\r\n\t\t\t\t\t\t\t\t\t\t\t<img src=\"https:\/\/agora.xtec.cat\/ceiparturmartorell\/wp-content\/uploads\/usu99\/2022\/02\/20201014_153842-e1602749953902.jpg\" alt=\"20201014_153842-e1602749953902\" width=\"2160\" height=\"2160\" \/>\r\n\t\t\t\t\t\t\t\t\t\t<div class=\"slideshow_description_box slideshow_transparent\">\r\n\t\t\t\t\t\t<div class=\"slideshow_title\">20201014_153842-e1602749953902<\/div>\t\t\t\t\t\t\t\t\t\t\t<\/div>\r\n\t\t\t\t<\/div>\r\n\r\n\t\t\t\t\t\t<div style=\"clear: both;\"><\/div><\/div>\r\n\t\t<\/div>\r\n\r\n\t\t<div class=\"slideshow_controlPanel slideshow_transparent\" style=\"display: none;\"><ul><li class=\"slideshow_togglePlay\" data-play-text=\"Visualitza\" data-pause-text=\"Pausa\"><\/li><\/ul><\/div>\r\n\r\n\t\t<div class=\"slideshow_button slideshow_previous slideshow_transparent\" role=\"button\" data-previous-text=\"Anterior\" style=\"display: none;\"><\/div>\r\n\t\t<div class=\"slideshow_button slideshow_next slideshow_transparent\" role=\"button\" data-next-text=\"Seg\u00fcent\" style=\"display: none;\"><\/div>\r\n\r\n\t\t<div class=\"slideshow_pagination\" style=\"display: none;\" data-go-to-text=\"V\u00e9s a la diapositiva\"><div class=\"slideshow_pagination_center\"><\/div><\/div>\r\n\r\n\t\t<!-- WordPress Slideshow Version 2.3.1 -->\r\n\r\n\t\t\t<\/div>\r\n\r\n\n","protected":false},"excerpt":{"rendered":"<p>El treball per racons \u00e9s una metodologia que consisteix a organitzar l&#8217;aula en diversos espais on els alumnes, distribu\u00efts en petits grups, realitzen activitats simult\u00e0nies de manera aut\u00f2noma. \u00c9s una manera de treballar m\u00e9s creativa i flexible, en la qual el paper del mestre \u00e9s dinamitzar els aprenentatges i animar els alumnes a participar en [&hellip;]<\/p>\n","protected":false},"author":1,"featured_media":0,"parent":291,"menu_order":5,"comment_status":"closed","ping_status":"closed","template":"page-templates\/side-menu.php","meta":{"_bbp_topic_count":0,"_bbp_reply_count":0,"_bbp_total_topic_count":0,"_bbp_total_reply_count":0,"_bbp_voice_count":0,"_bbp_anonymous_reply_count":0,"_bbp_topic_count_hidden":0,"_bbp_reply_count_hidden":0,"_bbp_forum_subforum_count":0,"site-sidebar-layout":"default","site-content-layout":"","ast-site-content-layout":"","site-content-style":"default","site-sidebar-style":"default","ast-global-header-display":"","ast-banner-title-visibility":"","ast-main-header-display":"","ast-hfb-above-header-display":"","ast-hfb-below-header-display":"","ast-hfb-mobile-header-display":"","site-post-title":"","ast-breadcrumbs-content":"","ast-featured-img":"","footer-sml-layout":"","theme-transparent-header-meta":"","adv-header-id-meta":"","stick-header-meta":"","header-above-stick-meta":"","header-main-stick-meta":"","header-below-stick-meta":"","astra-migrate-meta-layouts":"default","ast-page-background-enabled":"default","ast-page-background-meta":{"desktop":{"background-color":"var(--ast-global-color-4)","background-image":"","background-repeat":"repeat","background-position":"center center","background-size":"auto","background-attachment":"scroll","background-type":"","background-media":"","overlay-type":"","overlay-color":"","overlay-opacity":"","overlay-gradient":""},"tablet":{"background-color":"","background-image":"","background-repeat":"repeat","background-position":"center center","background-size":"auto","background-attachment":"scroll","background-type":"","background-media":"","overlay-type":"","overlay-color":"","overlay-opacity":"","overlay-gradient":""},"mobile":{"background-color":"","background-image":"","background-repeat":"repeat","background-position":"center center","background-size":"auto","background-attachment":"scroll","background-type":"","background-media":"","overlay-type":"","overlay-color":"","overlay-opacity":"","overlay-gradient":""}},"ast-content-background-meta":{"desktop":{"background-color":"var(--ast-global-color-5)","background-image":"","background-repeat":"repeat","background-position":"center center","background-size":"auto","background-attachment":"scroll","background-type":"","background-media":"","overlay-type":"","overlay-color":"","overlay-opacity":"","overlay-gradient":""},"tablet":{"background-color":"var(--ast-global-color-5)","background-image":"","background-repeat":"repeat","background-position":"center center","background-size":"auto","background-attachment":"scroll","background-type":"","background-media":"","overlay-type":"","overlay-color":"","overlay-opacity":"","overlay-gradient":""},"mobile":{"background-color":"var(--ast-global-color-5)","background-image":"","background-repeat":"repeat","background-position":"center center","background-size":"auto","background-attachment":"scroll","background-type":"","background-media":"","overlay-type":"","overlay-color":"","overlay-opacity":"","overlay-gradient":""}},"footnotes":""},"class_list":["post-304","page","type-page","status-publish","hentry"],"post_mailing_queue_ids":[],"_links":{"self":[{"href":"https:\/\/agora.xtec.cat\/ceiparturmartorell\/wp-json\/wp\/v2\/pages\/304","targetHints":{"allow":["GET"]}}],"collection":[{"href":"https:\/\/agora.xtec.cat\/ceiparturmartorell\/wp-json\/wp\/v2\/pages"}],"about":[{"href":"https:\/\/agora.xtec.cat\/ceiparturmartorell\/wp-json\/wp\/v2\/types\/page"}],"author":[{"embeddable":true,"href":"https:\/\/agora.xtec.cat\/ceiparturmartorell\/wp-json\/wp\/v2\/users\/1"}],"replies":[{"embeddable":true,"href":"https:\/\/agora.xtec.cat\/ceiparturmartorell\/wp-json\/wp\/v2\/comments?post=304"}],"version-history":[{"count":4,"href":"https:\/\/agora.xtec.cat\/ceiparturmartorell\/wp-json\/wp\/v2\/pages\/304\/revisions"}],"predecessor-version":[{"id":10742,"href":"https:\/\/agora.xtec.cat\/ceiparturmartorell\/wp-json\/wp\/v2\/pages\/304\/revisions\/10742"}],"up":[{"embeddable":true,"href":"https:\/\/agora.xtec.cat\/ceiparturmartorell\/wp-json\/wp\/v2\/pages\/291"}],"wp:attachment":[{"href":"https:\/\/agora.xtec.cat\/ceiparturmartorell\/wp-json\/wp\/v2\/media?parent=304"}],"curies":[{"name":"wp","href":"https:\/\/api.w.org\/{rel}","templated":true}]}}