{"id":298,"date":"2016-03-25T12:00:03","date_gmt":"2016-03-25T11:00:03","guid":{"rendered":"http:\/\/agora.xtec.cat\/ceiparturmartorell\/?page_id=298"},"modified":"2021-01-19T18:44:36","modified_gmt":"2021-01-19T17:44:36","slug":"escola-verda","status":"publish","type":"page","link":"https:\/\/agora.xtec.cat\/ceiparturmartorell\/com-treballem\/escola-verda\/","title":{"rendered":"Escola Verda"},"content":{"rendered":"<p><a href=\"http:\/\/mediambient.gencat.cat\/ca\/05_ambits_dactuacio\/educacio_i_sostenibilitat\/educacio_per_a_la_sostenibilitat\/escoles_verdes\/el_programa_escoles_verdes\/\" target=\"_blank\" rel=\"noopener noreferrer\"><img loading=\"lazy\" decoding=\"async\" class=\"wp-image-1050 size-full alignleft\" src=\"https:\/\/agora.xtec.cat\/ceiparturmartorell\/wp-content\/uploads\/usu99\/2016\/06\/escolaverda.jpg\" alt=\"escolaverda\" width=\"150\" height=\"154\" \/><\/a><\/p>\n<p>Com a comunitat educativa tenim el comprom\u00eds d&#8217;incorporar els valors de l&#8217;educaci\u00f3 per a la sostenibilitat en tots els \u00e0mbits, curr\u00edculum, gesti\u00f3, relaci\u00f3 amb l&#8217;entorn.<\/p>\n<p>Amb la observaci\u00f3 i l&#8217;experimentaci\u00f3 com a punt de partida, impliquem als nens i nenes de l&#8217;escola en el coneixement, la conservaci\u00f3 i millora de l\u2019entorn m\u00e9s proper.<\/p>\n<p><a href=\"http:\/\/xarxaescolesbdnsostenibilitat.blogspot.com\/\" target=\"_blank\" rel=\"noopener noreferrer\"><img loading=\"lazy\" decoding=\"async\" class=\"alignright wp-image-3862\" src=\"https:\/\/agora.xtec.cat\/ceiparturmartorell\/wp-content\/uploads\/usu99\/2018\/06\/Xarxa-Escoles-per-a-la-Sostenibilitat-AJB_MITJA.jpg\" alt=\"\" width=\"263\" height=\"113\" srcset=\"https:\/\/agora.xtec.cat\/ceiparturmartorell\/wp-content\/uploads\/usu99\/2018\/06\/Xarxa-Escoles-per-a-la-Sostenibilitat-AJB_MITJA.jpg 426w, https:\/\/agora.xtec.cat\/ceiparturmartorell\/wp-content\/uploads\/usu99\/2018\/06\/Xarxa-Escoles-per-a-la-Sostenibilitat-AJB_MITJA-300x128.jpg 300w\" sizes=\"auto, (max-width: 263px) 100vw, 263px\" \/><\/a>Hem obtingut el distintiu <a href=\"http:\/\/mediambient.gencat.cat\/ca\/05_ambits_dactuacio\/educacio_i_sostenibilitat\/educacio_per_a_la_sostenibilitat\/escoles_verdes\/el_programa_escoles_verdes\/\" target=\"_blank\" rel=\"noopener noreferrer\">ESCOLA VERDA<\/a> i som membres de la <a href=\"http:\/\/xarxaescolesbdnsostenibilitat.blogspot.com\/\" target=\"_blank\" rel=\"noopener noreferrer\">Xarxa d\u2019Escoles per a la Sostenibilitat de Badalona<\/a>.<\/p>\n<p>Anualment actualitzem el nostre pla d&#8217;acci\u00f3 ambiental.<\/p>\n<p>&nbsp;<\/p>\n<p><img loading=\"lazy\" decoding=\"async\" class=\"aligncenter\" src=\"https:\/\/2.bp.blogspot.com\/-f9480enYf0I\/WKNzLzFL2yI\/AAAAAAAAF8s\/tWWKc2ETwTYnVu9_ACaDDq4H2NywemqqACLcB\/s1600\/Reciclatge.jpg\" alt=\"Resultat d'imatges de LES TRES R: REDU\u00c3\u008fM, RECICLEM, REUTILITZEM!\" width=\"383\" height=\"179\" \/><\/p>\n<h1 style=\"text-align: center;\"><span style=\"color: #008080;\">LES TRES R: REDU\u00cfM, RECICLEM, REUTILITZEM!<\/span><\/h1>\n<p>&nbsp;<\/p>\n<p style=\"text-align: left;\">El novembre de 2008 la Regidoria de Medi Ambient i Mobilitat de l\u2019Ajuntament de Badalona va iniciar una campanya per fomentar la reducci\u00f3 de residus mitjan\u00e7ant l&#8217;\u00fas de carmanyoles als centres de la ciutat adherides al Programa Escoles Verdes. I la nostra escola es va apuntar a la proposta!<\/p>\n<p>Els alumnes d&#8217;educaci\u00f3 infantil i prim\u00e0ria van participar en diferents activitats i els m\u00e9s grans van calcular la quantitat de paper de plata que es feia servir a l&#8217;escola cada dia, cada setmana i cada mes. La conclusi\u00f3 va ser que tots aquests residus es podien evitar amb l&#8217;\u00fas d\u2019una carmanyola!<\/p>\n<p><img loading=\"lazy\" decoding=\"async\" class=\"aligncenter wp-image-11040 size-medium\" src=\"https:\/\/agora.xtec.cat\/ceiparturmartorell\/wp-content\/uploads\/usu99\/2021\/01\/A-LESCOLA-CARMANYOLA-300x300.png\" alt=\"\" width=\"300\" height=\"300\" \/><\/p>\n<h1 style=\"text-align: center;\"><a href=\"https:\/\/agora.xtec.cat\/ceiparturmartorell\/categoria\/general\/racoverd\/\"><span style=\"color: #339966;\">EL RAC\u00d3 VERD DE L&#8217;ARTUR<\/span><\/a><\/h1>\n","protected":false},"excerpt":{"rendered":"<p>Com a comunitat educativa tenim el comprom\u00eds d&#8217;incorporar els valors de l&#8217;educaci\u00f3 per a la sostenibilitat en tots els \u00e0mbits, curr\u00edculum, gesti\u00f3, relaci\u00f3 amb l&#8217;entorn. Amb la observaci\u00f3 i l&#8217;experimentaci\u00f3 com a punt de partida, impliquem als nens i nenes de l&#8217;escola en el coneixement, la conservaci\u00f3 i millora de l\u2019entorn m\u00e9s proper. Hem obtingut [&hellip;]<\/p>\n","protected":false},"author":1,"featured_media":0,"parent":291,"menu_order":11,"comment_status":"closed","ping_status":"closed","template":"page-templates\/side-menu.php","meta":{"_bbp_topic_count":0,"_bbp_reply_count":0,"_bbp_total_topic_count":0,"_bbp_total_reply_count":0,"_bbp_voice_count":0,"_bbp_anonymous_reply_count":0,"_bbp_topic_count_hidden":0,"_bbp_reply_count_hidden":0,"_bbp_forum_subforum_count":0,"site-sidebar-layout":"default","site-content-layout":"","ast-site-content-layout":"","site-content-style":"default","site-sidebar-style":"default","ast-global-header-display":"","ast-banner-title-visibility":"","ast-main-header-display":"","ast-hfb-above-header-display":"","ast-hfb-below-header-display":"","ast-hfb-mobile-header-display":"","site-post-title":"","ast-breadcrumbs-content":"","ast-featured-img":"","footer-sml-layout":"","theme-transparent-header-meta":"","adv-header-id-meta":"","stick-header-meta":"","header-above-stick-meta":"","header-main-stick-meta":"","header-below-stick-meta":"","astra-migrate-meta-layouts":"default","ast-page-background-enabled":"default","ast-page-background-meta":{"desktop":{"background-color":"var(--ast-global-color-4)","background-image":"","background-repeat":"repeat","background-position":"center center","background-size":"auto","background-attachment":"scroll","background-type":"","background-media":"","overlay-type":"","overlay-color":"","overlay-opacity":"","overlay-gradient":""},"tablet":{"background-color":"","background-image":"","background-repeat":"repeat","background-position":"center center","background-size":"auto","background-attachment":"scroll","background-type":"","background-media":"","overlay-type":"","overlay-color":"","overlay-opacity":"","overlay-gradient":""},"mobile":{"background-color":"","background-image":"","background-repeat":"repeat","background-position":"center center","background-size":"auto","background-attachment":"scroll","background-type":"","background-media":"","overlay-type":"","overlay-color":"","overlay-opacity":"","overlay-gradient":""}},"ast-content-background-meta":{"desktop":{"background-color":"var(--ast-global-color-5)","background-image":"","background-repeat":"repeat","background-position":"center center","background-size":"auto","background-attachment":"scroll","background-type":"","background-media":"","overlay-type":"","overlay-color":"","overlay-opacity":"","overlay-gradient":""},"tablet":{"background-color":"var(--ast-global-color-5)","background-image":"","background-repeat":"repeat","background-position":"center center","background-size":"auto","background-attachment":"scroll","background-type":"","background-media":"","overlay-type":"","overlay-color":"","overlay-opacity":"","overlay-gradient":""},"mobile":{"background-color":"var(--ast-global-color-5)","background-image":"","background-repeat":"repeat","background-position":"center center","background-size":"auto","background-attachment":"scroll","background-type":"","background-media":"","overlay-type":"","overlay-color":"","overlay-opacity":"","overlay-gradient":""}},"footnotes":""},"class_list":["post-298","page","type-page","status-publish","hentry"],"post_mailing_queue_ids":[],"_links":{"self":[{"href":"https:\/\/agora.xtec.cat\/ceiparturmartorell\/wp-json\/wp\/v2\/pages\/298","targetHints":{"allow":["GET"]}}],"collection":[{"href":"https:\/\/agora.xtec.cat\/ceiparturmartorell\/wp-json\/wp\/v2\/pages"}],"about":[{"href":"https:\/\/agora.xtec.cat\/ceiparturmartorell\/wp-json\/wp\/v2\/types\/page"}],"author":[{"embeddable":true,"href":"https:\/\/agora.xtec.cat\/ceiparturmartorell\/wp-json\/wp\/v2\/users\/1"}],"replies":[{"embeddable":true,"href":"https:\/\/agora.xtec.cat\/ceiparturmartorell\/wp-json\/wp\/v2\/comments?post=298"}],"version-history":[{"count":4,"href":"https:\/\/agora.xtec.cat\/ceiparturmartorell\/wp-json\/wp\/v2\/pages\/298\/revisions"}],"predecessor-version":[{"id":11078,"href":"https:\/\/agora.xtec.cat\/ceiparturmartorell\/wp-json\/wp\/v2\/pages\/298\/revisions\/11078"}],"up":[{"embeddable":true,"href":"https:\/\/agora.xtec.cat\/ceiparturmartorell\/wp-json\/wp\/v2\/pages\/291"}],"wp:attachment":[{"href":"https:\/\/agora.xtec.cat\/ceiparturmartorell\/wp-json\/wp\/v2\/media?parent=298"}],"curies":[{"name":"wp","href":"https:\/\/api.w.org\/{rel}","templated":true}]}}