{"id":249,"date":"2015-10-28T20:00:11","date_gmt":"2015-10-28T19:00:11","guid":{"rendered":"http:\/\/agora.xtec.cat\/ceiparturmartorell\/?page_id=249"},"modified":"2022-11-03T20:44:48","modified_gmt":"2022-11-03T19:44:48","slug":"consell-de-delegats","status":"publish","type":"page","link":"https:\/\/agora.xtec.cat\/ceiparturmartorell\/lescola\/qui-som-2\/consell-de-delegats\/","title":{"rendered":"Consell de delegats"},"content":{"rendered":"<p>Est\u00e0 format per la Cap d&#8217;estudis i els delegats i delegades representants electes de tots els nivells de P5 a 6\u00e8.Treballen per recollir els neguits i les propostes dels companys, trobar acords i coordinar les iniciatives dels diferents grups de l&#8217;escola.<\/p>\n<p>Es reuneix un cop cada quinze dies i, espor\u00e0dicament, si s&#8217;escau (festes).<\/p>\n<p><span style=\"color: #008080;\"><strong>LES DELEGADES I DELEGATS DEL CURS 2022\/2023 S\u00d3N:<\/strong><\/span><\/p>\n<p><img loading=\"lazy\" decoding=\"async\" class=\"aligncenter size-full wp-image-16646\" src=\"https:\/\/agora.xtec.cat\/ceiparturmartorell\/wp-content\/uploads\/usu99\/2022\/10\/delegats.jpeg\" alt=\"\" width=\"1024\" height=\"768\" srcset=\"https:\/\/agora.xtec.cat\/ceiparturmartorell\/wp-content\/uploads\/usu99\/2022\/10\/delegats.jpeg 1024w, https:\/\/agora.xtec.cat\/ceiparturmartorell\/wp-content\/uploads\/usu99\/2022\/10\/delegats-300x225.jpeg 300w, https:\/\/agora.xtec.cat\/ceiparturmartorell\/wp-content\/uploads\/usu99\/2022\/10\/delegats-768x576.jpeg 768w, https:\/\/agora.xtec.cat\/ceiparturmartorell\/wp-content\/uploads\/usu99\/2022\/10\/delegats-200x150.jpeg 200w\" sizes=\"auto, (max-width: 1024px) 100vw, 1024px\" \/><\/p>\n<p>Aqu\u00ed teniu una foto de tot el grup en ple, que de dalt a baix i d\u2019esquerra a dreta som:<\/p>\n<p>En Nahel de 5\u00e8B, la Coral i en D\u00eddac de 6\u00e8, en Jan i\u00a0 l\u2019Ivet de 1r, l\u2019Ivet de 5\u00e8B i la Clara de 5\u00e8A.<\/p>\n<p>A la segona fila estem l\u2019Adri\u00e0 de 5\u00e8A, en Mart\u00ed d\u2019I5, l\u2019Ariadna de 3rB, l\u2019Ala\u00efs d\u2019I5, en Lluc de 3rA i la Clara i l\u2019Aran de 4t.<\/p>\n<p>Al davant de tot el grup trobem la Noa de 3rA i l\u2019Adri\u00e0 de 3rB i la Luc\u00eda i l\u2019Oleguer de 2n.<\/p>\n","protected":false},"excerpt":{"rendered":"<p>Est\u00e0 format per la Cap d&#8217;estudis i els delegats i delegades representants electes de tots els nivells de P5 a 6\u00e8.Treballen per recollir els neguits i les propostes dels companys, trobar acords i coordinar les iniciatives dels diferents grups de l&#8217;escola. Es reuneix un cop cada quinze dies i, espor\u00e0dicament, si s&#8217;escau (festes). LES DELEGADES [&hellip;]<\/p>\n","protected":false},"author":1,"featured_media":0,"parent":1926,"menu_order":3,"comment_status":"closed","ping_status":"closed","template":"page-templates\/side-menu.php","meta":{"_bbp_topic_count":0,"_bbp_reply_count":0,"_bbp_total_topic_count":0,"_bbp_total_reply_count":0,"_bbp_voice_count":0,"_bbp_anonymous_reply_count":0,"_bbp_topic_count_hidden":0,"_bbp_reply_count_hidden":0,"_bbp_forum_subforum_count":0,"site-sidebar-layout":"default","site-content-layout":"","ast-site-content-layout":"","site-content-style":"default","site-sidebar-style":"default","ast-global-header-display":"","ast-banner-title-visibility":"","ast-main-header-display":"","ast-hfb-above-header-display":"","ast-hfb-below-header-display":"","ast-hfb-mobile-header-display":"","site-post-title":"","ast-breadcrumbs-content":"","ast-featured-img":"","footer-sml-layout":"","theme-transparent-header-meta":"","adv-header-id-meta":"","stick-header-meta":"","header-above-stick-meta":"","header-main-stick-meta":"","header-below-stick-meta":"","astra-migrate-meta-layouts":"default","ast-page-background-enabled":"default","ast-page-background-meta":{"desktop":{"background-color":"var(--ast-global-color-4)","background-image":"","background-repeat":"repeat","background-position":"center center","background-size":"auto","background-attachment":"scroll","background-type":"","background-media":"","overlay-type":"","overlay-color":"","overlay-opacity":"","overlay-gradient":""},"tablet":{"background-color":"","background-image":"","background-repeat":"repeat","background-position":"center center","background-size":"auto","background-attachment":"scroll","background-type":"","background-media":"","overlay-type":"","overlay-color":"","overlay-opacity":"","overlay-gradient":""},"mobile":{"background-color":"","background-image":"","background-repeat":"repeat","background-position":"center center","background-size":"auto","background-attachment":"scroll","background-type":"","background-media":"","overlay-type":"","overlay-color":"","overlay-opacity":"","overlay-gradient":""}},"ast-content-background-meta":{"desktop":{"background-color":"var(--ast-global-color-5)","background-image":"","background-repeat":"repeat","background-position":"center center","background-size":"auto","background-attachment":"scroll","background-type":"","background-media":"","overlay-type":"","overlay-color":"","overlay-opacity":"","overlay-gradient":""},"tablet":{"background-color":"var(--ast-global-color-5)","background-image":"","background-repeat":"repeat","background-position":"center center","background-size":"auto","background-attachment":"scroll","background-type":"","background-media":"","overlay-type":"","overlay-color":"","overlay-opacity":"","overlay-gradient":""},"mobile":{"background-color":"var(--ast-global-color-5)","background-image":"","background-repeat":"repeat","background-position":"center center","background-size":"auto","background-attachment":"scroll","background-type":"","background-media":"","overlay-type":"","overlay-color":"","overlay-opacity":"","overlay-gradient":""}},"footnotes":""},"class_list":["post-249","page","type-page","status-publish","hentry"],"post_mailing_queue_ids":[],"_links":{"self":[{"href":"https:\/\/agora.xtec.cat\/ceiparturmartorell\/wp-json\/wp\/v2\/pages\/249","targetHints":{"allow":["GET"]}}],"collection":[{"href":"https:\/\/agora.xtec.cat\/ceiparturmartorell\/wp-json\/wp\/v2\/pages"}],"about":[{"href":"https:\/\/agora.xtec.cat\/ceiparturmartorell\/wp-json\/wp\/v2\/types\/page"}],"author":[{"embeddable":true,"href":"https:\/\/agora.xtec.cat\/ceiparturmartorell\/wp-json\/wp\/v2\/users\/1"}],"replies":[{"embeddable":true,"href":"https:\/\/agora.xtec.cat\/ceiparturmartorell\/wp-json\/wp\/v2\/comments?post=249"}],"version-history":[{"count":5,"href":"https:\/\/agora.xtec.cat\/ceiparturmartorell\/wp-json\/wp\/v2\/pages\/249\/revisions"}],"predecessor-version":[{"id":16749,"href":"https:\/\/agora.xtec.cat\/ceiparturmartorell\/wp-json\/wp\/v2\/pages\/249\/revisions\/16749"}],"up":[{"embeddable":true,"href":"https:\/\/agora.xtec.cat\/ceiparturmartorell\/wp-json\/wp\/v2\/pages\/1926"}],"wp:attachment":[{"href":"https:\/\/agora.xtec.cat\/ceiparturmartorell\/wp-json\/wp\/v2\/media?parent=249"}],"curies":[{"name":"wp","href":"https:\/\/api.w.org\/{rel}","templated":true}]}}