{"id":21894,"date":"2026-04-15T21:08:09","date_gmt":"2026-04-15T19:08:09","guid":{"rendered":"https:\/\/agora.xtec.cat\/ceiparturmartorell\/?page_id=21894"},"modified":"2026-04-15T21:14:44","modified_gmt":"2026-04-15T19:14:44","slug":"autoritzacions","status":"publish","type":"page","link":"https:\/\/agora.xtec.cat\/ceiparturmartorell\/autoritzacions\/","title":{"rendered":"AUTORITZACIONS"},"content":{"rendered":"<p><a href=\"https:\/\/drive.google.com\/file\/d\/1s-vZS-htnjzqvNv4B59hpOMHIGt5WGbm\/view?usp=drive_link\">Autoritzaci\u00f3 relativa a les sortides i activitats fora del centre educatiu.<\/a><\/p>\n<p><a href=\"https:\/\/drive.google.com\/file\/d\/1uWSO7Eyt6H-admkf2aZiFLQ74zO4J2EO\/view?usp=drive_link\">Autoritzaci\u00f3 relativa als alumnes menors de 14 anys: \u00fas d\u2019imatges, publicaci\u00f3 de dades de car\u00e0cter personal i de material que elaboren.<\/a><\/p>\n<p><a href=\"https:\/\/drive.google.com\/file\/d\/11qmv2wzDCV7rutlwVxWktwxHGpUW8q9w\/view?usp=drive_link\">Autoritzaci\u00f3 per a l\u2019administraci\u00f3 de paracetamol.<\/a><\/p>\n<p><a href=\"https:\/\/drive.google.com\/file\/d\/1buRG2tJ9wnyZwMhKyaC_iquEszsGfY3D\/view?usp=drive_link\">Autoritzaci\u00f3 per sortir sol (3r, 4t, 5\u00e8 i 6\u00e8).<\/a><\/p>\n<p><a href=\"https:\/\/drive.google.com\/file\/d\/1e2mJImlsZnCIS78ehn061BXOyVna_UEQ\/view?usp=drive_link\">Autoritzaci\u00f3 per poder sortir de l&#8217;escola amb germans\/es grans.<\/a><\/p>\n<p><a href=\"https:\/\/drive.google.com\/file\/d\/1bGCBWmqUfpxaWOQoyJcYkFIByT_fKh0v\/view?usp=drive_link\">Full de recollida d\u2019informaci\u00f3 per a alumnes amb al\u00b7l\u00e8rgia aliment\u00e0ria i\/o al l\u00e0tex.<\/a><\/p>\n<p>&nbsp;<\/p>\n<p>&nbsp;<\/p>\n","protected":false},"excerpt":{"rendered":"<p>Autoritzaci\u00f3 relativa a les sortides i activitats fora del centre educatiu. Autoritzaci\u00f3 relativa als alumnes menors de 14 anys: \u00fas d\u2019imatges, publicaci\u00f3 de dades de car\u00e0cter personal i de material que elaboren. Autoritzaci\u00f3 per a l\u2019administraci\u00f3 de paracetamol. Autoritzaci\u00f3 per sortir sol (3r, 4t, 5\u00e8 i 6\u00e8). Autoritzaci\u00f3 per poder sortir de l&#8217;escola amb germans\/es [&hellip;]<\/p>\n","protected":false},"author":1,"featured_media":0,"parent":0,"menu_order":0,"comment_status":"closed","ping_status":"closed","template":"","meta":{"_bbp_topic_count":0,"_bbp_reply_count":0,"_bbp_total_topic_count":0,"_bbp_total_reply_count":0,"_bbp_voice_count":0,"_bbp_anonymous_reply_count":0,"_bbp_topic_count_hidden":0,"_bbp_reply_count_hidden":0,"_bbp_forum_subforum_count":0,"site-sidebar-layout":"default","site-content-layout":"","ast-site-content-layout":"default","site-content-style":"default","site-sidebar-style":"default","ast-global-header-display":"","ast-banner-title-visibility":"","ast-main-header-display":"","ast-hfb-above-header-display":"","ast-hfb-below-header-display":"","ast-hfb-mobile-header-display":"","site-post-title":"","ast-breadcrumbs-content":"","ast-featured-img":"","footer-sml-layout":"","theme-transparent-header-meta":"default","adv-header-id-meta":"","stick-header-meta":"","header-above-stick-meta":"","header-main-stick-meta":"","header-below-stick-meta":"","astra-migrate-meta-layouts":"set","ast-page-background-enabled":"default","ast-page-background-meta":{"desktop":{"background-color":"var(--ast-global-color-4)","background-image":"","background-repeat":"repeat","background-position":"center center","background-size":"auto","background-attachment":"scroll","background-type":"","background-media":"","overlay-type":"","overlay-color":"","overlay-opacity":"","overlay-gradient":""},"tablet":{"background-color":"","background-image":"","background-repeat":"repeat","background-position":"center center","background-size":"auto","background-attachment":"scroll","background-type":"","background-media":"","overlay-type":"","overlay-color":"","overlay-opacity":"","overlay-gradient":""},"mobile":{"background-color":"","background-image":"","background-repeat":"repeat","background-position":"center center","background-size":"auto","background-attachment":"scroll","background-type":"","background-media":"","overlay-type":"","overlay-color":"","overlay-opacity":"","overlay-gradient":""}},"ast-content-background-meta":{"desktop":{"background-color":"var(--ast-global-color-5)","background-image":"","background-repeat":"repeat","background-position":"center center","background-size":"auto","background-attachment":"scroll","background-type":"","background-media":"","overlay-type":"","overlay-color":"","overlay-opacity":"","overlay-gradient":""},"tablet":{"background-color":"var(--ast-global-color-5)","background-image":"","background-repeat":"repeat","background-position":"center center","background-size":"auto","background-attachment":"scroll","background-type":"","background-media":"","overlay-type":"","overlay-color":"","overlay-opacity":"","overlay-gradient":""},"mobile":{"background-color":"var(--ast-global-color-5)","background-image":"","background-repeat":"repeat","background-position":"center center","background-size":"auto","background-attachment":"scroll","background-type":"","background-media":"","overlay-type":"","overlay-color":"","overlay-opacity":"","overlay-gradient":""}},"footnotes":""},"class_list":["post-21894","page","type-page","status-publish","hentry"],"post_mailing_queue_ids":[],"_links":{"self":[{"href":"https:\/\/agora.xtec.cat\/ceiparturmartorell\/wp-json\/wp\/v2\/pages\/21894","targetHints":{"allow":["GET"]}}],"collection":[{"href":"https:\/\/agora.xtec.cat\/ceiparturmartorell\/wp-json\/wp\/v2\/pages"}],"about":[{"href":"https:\/\/agora.xtec.cat\/ceiparturmartorell\/wp-json\/wp\/v2\/types\/page"}],"author":[{"embeddable":true,"href":"https:\/\/agora.xtec.cat\/ceiparturmartorell\/wp-json\/wp\/v2\/users\/1"}],"replies":[{"embeddable":true,"href":"https:\/\/agora.xtec.cat\/ceiparturmartorell\/wp-json\/wp\/v2\/comments?post=21894"}],"version-history":[{"count":4,"href":"https:\/\/agora.xtec.cat\/ceiparturmartorell\/wp-json\/wp\/v2\/pages\/21894\/revisions"}],"predecessor-version":[{"id":21902,"href":"https:\/\/agora.xtec.cat\/ceiparturmartorell\/wp-json\/wp\/v2\/pages\/21894\/revisions\/21902"}],"wp:attachment":[{"href":"https:\/\/agora.xtec.cat\/ceiparturmartorell\/wp-json\/wp\/v2\/media?parent=21894"}],"curies":[{"name":"wp","href":"https:\/\/api.w.org\/{rel}","templated":true}]}}