{"id":201,"date":"2014-11-02T17:15:25","date_gmt":"2014-11-02T17:15:25","guid":{"rendered":"http:\/\/agora.xtec.cat\/ceiparturmartorell\/?page_id=201"},"modified":"2021-12-01T13:55:28","modified_gmt":"2021-12-01T12:55:28","slug":"una-mica-historia","status":"publish","type":"page","link":"https:\/\/agora.xtec.cat\/ceiparturmartorell\/lescola\/historia\/una-mica-historia\/","title":{"rendered":"Una mica hist\u00f2ria"},"content":{"rendered":"<p><img loading=\"lazy\" decoding=\"async\" class=\"alignleft wp-image-9917 size-full\" src=\"https:\/\/agora.xtec.cat\/ceiparturmartorell\/wp-content\/uploads\/usu99\/2020\/09\/logo-de-les-samarretes.png\" alt=\"\" width=\"471\" height=\"529\" srcset=\"https:\/\/agora.xtec.cat\/ceiparturmartorell\/wp-content\/uploads\/usu99\/2020\/09\/logo-de-les-samarretes.png 471w, https:\/\/agora.xtec.cat\/ceiparturmartorell\/wp-content\/uploads\/usu99\/2020\/09\/logo-de-les-samarretes-267x300.png 267w\" sizes=\"auto, (max-width: 471px) 100vw, 471px\" \/><\/p>\n<p>Al setembre de l\u2019any 1969 es va crear l\u2019escola per part de la Instituci\u00f3 Cultural del CIC de Barcelona impulsada per un grup de mestres\u00a0badalonins vinculats als grups de renovaci\u00f3 pedag\u00f2gica existents, amb el convenciment de recuperar una escola vinculada a la tradici\u00f3\u00a0<span style=\"font-family: inherit; font-size: 1em;\">pedag\u00f2gica catalana.<\/span><\/p>\n<p>Aix\u00ed va n\u00e9ixer l\u2019escola Artur Martorell que es definia com una escola activa, catalana, democr\u00e0tica i oberta a tothom a partir d\u2019un sistema de quota indicativa.<\/p>\n<p>M\u00e9s endavant el claustre es va desvincular del CIC i es va constituir en cooperativa de mestres sense renunciar a cap dels seus principis i mantenint-se en els mateixos edificis dins de la propietat de Can Solei.<\/p>\n<p><img loading=\"lazy\" decoding=\"async\" class=\"alignright wp-image-156 size-full\" src=\"https:\/\/agora.xtec.cat\/ceiparturmartorell\/wp-content\/uploads\/usu99\/2014\/09\/histima1.jpg\" alt=\"histima1\" width=\"287\" height=\"379\" srcset=\"https:\/\/agora.xtec.cat\/ceiparturmartorell\/wp-content\/uploads\/usu99\/2014\/09\/histima1.jpg 287w, https:\/\/agora.xtec.cat\/ceiparturmartorell\/wp-content\/uploads\/usu99\/2014\/09\/histima1-227x300.jpg 227w\" sizes=\"auto, (max-width: 287px) 100vw, 287px\" \/><\/p>\n<p>L&#8217;escola va formar part del Col\u00b7lectiu d&#8217;Escoles per l\u2019Escola P\u00fablica Catalana (CEPEPC), integrat per tots aquells centres que creien en una escola p\u00fablica catalana, gratu\u00efta i de qualitat, a la que totes les fam\u00edlies amb fills amb edat escolar hi poguessin optar.<\/p>\n<p style=\"text-align: left;\">Despr\u00e9s de moltes reunions de pares, mares i mestres, assemblees, manifestacions i trobades amb la Generalitat el gener de l\u2019any 1986 l\u2019escola va entrar a formar part de la Xarxa d\u2019Escoles P\u00fabliques Catalanes.<\/p>\n<p><a href=\"https:\/\/agora.xtec.cat\/ceiparturmartorell\/lescola\/historia\/50-anys\/\"><img loading=\"lazy\" decoding=\"async\" class=\"size-medium wp-image-8297 alignleft\" src=\"https:\/\/agora.xtec.cat\/ceiparturmartorell\/wp-content\/uploads\/usu99\/2020\/01\/logo-50e_aniversari-IngridMP-petit-300x281.jpg\" alt=\"\" width=\"300\" height=\"281\" srcset=\"https:\/\/agora.xtec.cat\/ceiparturmartorell\/wp-content\/uploads\/usu99\/2020\/01\/logo-50e_aniversari-IngridMP-petit-300x281.jpg 300w, https:\/\/agora.xtec.cat\/ceiparturmartorell\/wp-content\/uploads\/usu99\/2020\/01\/logo-50e_aniversari-IngridMP-petit.jpg 400w\" sizes=\"auto, (max-width: 300px) 100vw, 300px\" \/><br \/>\n<\/a><\/p>\n","protected":false},"excerpt":{"rendered":"<p>Al setembre de l\u2019any 1969 es va crear l\u2019escola per part de la Instituci\u00f3 Cultural del CIC de Barcelona impulsada per un grup de mestres\u00a0badalonins vinculats als grups de renovaci\u00f3 pedag\u00f2gica existents, amb el convenciment de recuperar una escola vinculada a la tradici\u00f3\u00a0pedag\u00f2gica catalana. Aix\u00ed va n\u00e9ixer l\u2019escola Artur Martorell que es definia com una [&hellip;]<\/p>\n","protected":false},"author":1,"featured_media":0,"parent":26,"menu_order":0,"comment_status":"closed","ping_status":"closed","template":"page-templates\/side-menu.php","meta":{"_bbp_topic_count":0,"_bbp_reply_count":0,"_bbp_total_topic_count":0,"_bbp_total_reply_count":0,"_bbp_voice_count":0,"_bbp_anonymous_reply_count":0,"_bbp_topic_count_hidden":0,"_bbp_reply_count_hidden":0,"_bbp_forum_subforum_count":0,"site-sidebar-layout":"default","site-content-layout":"","ast-site-content-layout":"","site-content-style":"default","site-sidebar-style":"default","ast-global-header-display":"","ast-banner-title-visibility":"","ast-main-header-display":"","ast-hfb-above-header-display":"","ast-hfb-below-header-display":"","ast-hfb-mobile-header-display":"","site-post-title":"","ast-breadcrumbs-content":"","ast-featured-img":"","footer-sml-layout":"","theme-transparent-header-meta":"","adv-header-id-meta":"","stick-header-meta":"","header-above-stick-meta":"","header-main-stick-meta":"","header-below-stick-meta":"","astra-migrate-meta-layouts":"default","ast-page-background-enabled":"default","ast-page-background-meta":{"desktop":{"background-color":"var(--ast-global-color-4)","background-image":"","background-repeat":"repeat","background-position":"center center","background-size":"auto","background-attachment":"scroll","background-type":"","background-media":"","overlay-type":"","overlay-color":"","overlay-opacity":"","overlay-gradient":""},"tablet":{"background-color":"","background-image":"","background-repeat":"repeat","background-position":"center center","background-size":"auto","background-attachment":"scroll","background-type":"","background-media":"","overlay-type":"","overlay-color":"","overlay-opacity":"","overlay-gradient":""},"mobile":{"background-color":"","background-image":"","background-repeat":"repeat","background-position":"center center","background-size":"auto","background-attachment":"scroll","background-type":"","background-media":"","overlay-type":"","overlay-color":"","overlay-opacity":"","overlay-gradient":""}},"ast-content-background-meta":{"desktop":{"background-color":"var(--ast-global-color-5)","background-image":"","background-repeat":"repeat","background-position":"center center","background-size":"auto","background-attachment":"scroll","background-type":"","background-media":"","overlay-type":"","overlay-color":"","overlay-opacity":"","overlay-gradient":""},"tablet":{"background-color":"var(--ast-global-color-5)","background-image":"","background-repeat":"repeat","background-position":"center center","background-size":"auto","background-attachment":"scroll","background-type":"","background-media":"","overlay-type":"","overlay-color":"","overlay-opacity":"","overlay-gradient":""},"mobile":{"background-color":"var(--ast-global-color-5)","background-image":"","background-repeat":"repeat","background-position":"center center","background-size":"auto","background-attachment":"scroll","background-type":"","background-media":"","overlay-type":"","overlay-color":"","overlay-opacity":"","overlay-gradient":""}},"footnotes":""},"class_list":["post-201","page","type-page","status-publish","hentry"],"post_mailing_queue_ids":[],"_links":{"self":[{"href":"https:\/\/agora.xtec.cat\/ceiparturmartorell\/wp-json\/wp\/v2\/pages\/201","targetHints":{"allow":["GET"]}}],"collection":[{"href":"https:\/\/agora.xtec.cat\/ceiparturmartorell\/wp-json\/wp\/v2\/pages"}],"about":[{"href":"https:\/\/agora.xtec.cat\/ceiparturmartorell\/wp-json\/wp\/v2\/types\/page"}],"author":[{"embeddable":true,"href":"https:\/\/agora.xtec.cat\/ceiparturmartorell\/wp-json\/wp\/v2\/users\/1"}],"replies":[{"embeddable":true,"href":"https:\/\/agora.xtec.cat\/ceiparturmartorell\/wp-json\/wp\/v2\/comments?post=201"}],"version-history":[{"count":4,"href":"https:\/\/agora.xtec.cat\/ceiparturmartorell\/wp-json\/wp\/v2\/pages\/201\/revisions"}],"predecessor-version":[{"id":14196,"href":"https:\/\/agora.xtec.cat\/ceiparturmartorell\/wp-json\/wp\/v2\/pages\/201\/revisions\/14196"}],"up":[{"embeddable":true,"href":"https:\/\/agora.xtec.cat\/ceiparturmartorell\/wp-json\/wp\/v2\/pages\/26"}],"wp:attachment":[{"href":"https:\/\/agora.xtec.cat\/ceiparturmartorell\/wp-json\/wp\/v2\/media?parent=201"}],"curies":[{"name":"wp","href":"https:\/\/api.w.org\/{rel}","templated":true}]}}