{"id":1926,"date":"2017-04-07T12:19:33","date_gmt":"2017-04-07T10:19:33","guid":{"rendered":"http:\/\/agora.xtec.cat\/ceiparturmartorell\/?page_id=1926"},"modified":"2021-06-07T11:28:43","modified_gmt":"2021-06-07T09:28:43","slug":"qui-som-2","status":"publish","type":"page","link":"https:\/\/agora.xtec.cat\/ceiparturmartorell\/lescola\/qui-som-2\/","title":{"rendered":"Qui som?"},"content":{"rendered":"<p>Tots, alumnes, mestres i fam\u00edlies formem la comunitat educativa de l&#8217;Artur Martorell.<\/p>\n<p style=\"padding-left: 30px;\"><a href=\"http:\/\/agora.xtec.cat\/ceiparturmartorell\/lescola\/qui-som\/\">Equip pedag\u00f2gic i serveis<\/a><\/p>\n<p style=\"padding-left: 30px;\"><a href=\"http:\/\/agora.xtec.cat\/ceiparturmartorell\/lescola\/qui-som\/consell-escolar\/\">Consell escolar<\/a><\/p>\n<p style=\"padding-left: 30px;\"><a href=\"http:\/\/agora.xtec.cat\/ceiparturmartorell\/lescola\/qui-som\/consell-de-delegats\/\">Consell de delegats<\/a><\/p>\n<p style=\"padding-left: 30px;\"><a href=\"https:\/\/agora.xtec.cat\/ceiparturmartorell\/lescola\/qui-som-2\/carta-de-compromis\/\">Carta de comprom\u00eds<\/a><a href=\"https:\/\/agora.xtec.cat\/ceiparturmartorell\/lescola\/qui-som-2\/carta-de-compromis\/\"><img loading=\"lazy\" decoding=\"async\" class=\"wp-image-9885 alignleft\" src=\"https:\/\/agora.xtec.cat\/ceiparturmartorell\/wp-content\/uploads\/usu99\/2020\/09\/icono-de-descarga-documento-268x300.png\" alt=\"\" width=\"29\" height=\"32\" \/><\/a><\/p>\n<p>&nbsp;<\/p>\n<p><a href=\"http:\/\/agora.xtec.cat\/ceiparturmartorell\/wp-content\/uploads\/usu99\/2017\/04\/IMG_2616.jpg\"><img loading=\"lazy\" decoding=\"async\" class=\"aligncenter wp-image-1927 size-full\" src=\"http:\/\/agora.xtec.cat\/ceiparturmartorell\/wp-content\/uploads\/usu99\/2017\/04\/IMG_2616.jpg\" alt=\"IMG_2616\" width=\"800\" height=\"600\" srcset=\"https:\/\/agora.xtec.cat\/ceiparturmartorell\/wp-content\/uploads\/usu99\/2017\/04\/IMG_2616.jpg 800w, https:\/\/agora.xtec.cat\/ceiparturmartorell\/wp-content\/uploads\/usu99\/2017\/04\/IMG_2616-300x225.jpg 300w, https:\/\/agora.xtec.cat\/ceiparturmartorell\/wp-content\/uploads\/usu99\/2017\/04\/IMG_2616-768x576.jpg 768w, https:\/\/agora.xtec.cat\/ceiparturmartorell\/wp-content\/uploads\/usu99\/2017\/04\/IMG_2616-200x150.jpg 200w\" sizes=\"auto, (max-width: 800px) 100vw, 800px\" \/><\/a><\/p>\n","protected":false},"excerpt":{"rendered":"<p>Tots, alumnes, mestres i fam\u00edlies formem la comunitat educativa de l&#8217;Artur Martorell. Equip pedag\u00f2gic i serveis Consell escolar Consell de delegats Carta de comprom\u00eds &nbsp;<\/p>\n","protected":false},"author":1,"featured_media":0,"parent":22,"menu_order":2,"comment_status":"closed","ping_status":"closed","template":"page-templates\/side-menu.php","meta":{"_bbp_topic_count":0,"_bbp_reply_count":0,"_bbp_total_topic_count":0,"_bbp_total_reply_count":0,"_bbp_voice_count":0,"_bbp_anonymous_reply_count":0,"_bbp_topic_count_hidden":0,"_bbp_reply_count_hidden":0,"_bbp_forum_subforum_count":0,"site-sidebar-layout":"default","site-content-layout":"","ast-site-content-layout":"","site-content-style":"default","site-sidebar-style":"default","ast-global-header-display":"","ast-banner-title-visibility":"","ast-main-header-display":"","ast-hfb-above-header-display":"","ast-hfb-below-header-display":"","ast-hfb-mobile-header-display":"","site-post-title":"","ast-breadcrumbs-content":"","ast-featured-img":"","footer-sml-layout":"","theme-transparent-header-meta":"","adv-header-id-meta":"","stick-header-meta":"","header-above-stick-meta":"","header-main-stick-meta":"","header-below-stick-meta":"","astra-migrate-meta-layouts":"default","ast-page-background-enabled":"default","ast-page-background-meta":{"desktop":{"background-color":"var(--ast-global-color-4)","background-image":"","background-repeat":"repeat","background-position":"center center","background-size":"auto","background-attachment":"scroll","background-type":"","background-media":"","overlay-type":"","overlay-color":"","overlay-opacity":"","overlay-gradient":""},"tablet":{"background-color":"","background-image":"","background-repeat":"repeat","background-position":"center center","background-size":"auto","background-attachment":"scroll","background-type":"","background-media":"","overlay-type":"","overlay-color":"","overlay-opacity":"","overlay-gradient":""},"mobile":{"background-color":"","background-image":"","background-repeat":"repeat","background-position":"center center","background-size":"auto","background-attachment":"scroll","background-type":"","background-media":"","overlay-type":"","overlay-color":"","overlay-opacity":"","overlay-gradient":""}},"ast-content-background-meta":{"desktop":{"background-color":"var(--ast-global-color-5)","background-image":"","background-repeat":"repeat","background-position":"center center","background-size":"auto","background-attachment":"scroll","background-type":"","background-media":"","overlay-type":"","overlay-color":"","overlay-opacity":"","overlay-gradient":""},"tablet":{"background-color":"var(--ast-global-color-5)","background-image":"","background-repeat":"repeat","background-position":"center center","background-size":"auto","background-attachment":"scroll","background-type":"","background-media":"","overlay-type":"","overlay-color":"","overlay-opacity":"","overlay-gradient":""},"mobile":{"background-color":"var(--ast-global-color-5)","background-image":"","background-repeat":"repeat","background-position":"center center","background-size":"auto","background-attachment":"scroll","background-type":"","background-media":"","overlay-type":"","overlay-color":"","overlay-opacity":"","overlay-gradient":""}},"footnotes":""},"class_list":["post-1926","page","type-page","status-publish","hentry"],"post_mailing_queue_ids":[],"_links":{"self":[{"href":"https:\/\/agora.xtec.cat\/ceiparturmartorell\/wp-json\/wp\/v2\/pages\/1926","targetHints":{"allow":["GET"]}}],"collection":[{"href":"https:\/\/agora.xtec.cat\/ceiparturmartorell\/wp-json\/wp\/v2\/pages"}],"about":[{"href":"https:\/\/agora.xtec.cat\/ceiparturmartorell\/wp-json\/wp\/v2\/types\/page"}],"author":[{"embeddable":true,"href":"https:\/\/agora.xtec.cat\/ceiparturmartorell\/wp-json\/wp\/v2\/users\/1"}],"replies":[{"embeddable":true,"href":"https:\/\/agora.xtec.cat\/ceiparturmartorell\/wp-json\/wp\/v2\/comments?post=1926"}],"version-history":[{"count":3,"href":"https:\/\/agora.xtec.cat\/ceiparturmartorell\/wp-json\/wp\/v2\/pages\/1926\/revisions"}],"predecessor-version":[{"id":9915,"href":"https:\/\/agora.xtec.cat\/ceiparturmartorell\/wp-json\/wp\/v2\/pages\/1926\/revisions\/9915"}],"up":[{"embeddable":true,"href":"https:\/\/agora.xtec.cat\/ceiparturmartorell\/wp-json\/wp\/v2\/pages\/22"}],"wp:attachment":[{"href":"https:\/\/agora.xtec.cat\/ceiparturmartorell\/wp-json\/wp\/v2\/media?parent=1926"}],"curies":[{"name":"wp","href":"https:\/\/api.w.org\/{rel}","templated":true}]}}