{"id":166,"date":"2014-11-02T11:54:20","date_gmt":"2014-11-02T10:54:20","guid":{"rendered":"http:\/\/agora.xtec.cat\/ceiparturmartorell\/?page_id=166"},"modified":"2025-10-13T12:05:48","modified_gmt":"2025-10-13T10:05:48","slug":"qui-som","status":"publish","type":"page","link":"https:\/\/agora.xtec.cat\/ceiparturmartorell\/lescola\/qui-som-2\/qui-som\/","title":{"rendered":"Equip pedag\u00f2gic i serveis"},"content":{"rendered":"<table class=\" alignleft\" style=\"height: 622px; width: 100%; border-collapse: collapse; border-color: #ffffff;\">\n<tbody>\n<tr style=\"height: 70px;\">\n<td style=\"width: 100%; height: 136px;\" colspan=\"2\">\n<h4>Directora:\u00a0 Isabel Garc\u00eda<\/h4>\n<h4>Cap d\u2019Estudis: Gemma Jov\u00e9<\/h4>\n<h4>Secret\u00e0ria: Gemma Llansa<\/h4>\n<\/td>\n<\/tr>\n<tr style=\"height: 387px;\">\n<td style=\"width: 50%; height: 387px; vertical-align: top;\">\n<h4><em><strong>Educaci\u00f3 Infantil<\/strong><\/em><\/h4>\n<h4>Tutora d&#8217;I3-Formigues: Pilar Padilla<\/h4>\n<h4>Tutora d&#8217;I4A<strong>-:<\/strong> Llu\u00efsa Castro<\/h4>\n<h4>Tutora d&#8217;I4B-: Laia Platero<\/h4>\n<h4>Tutora d&#8217;I5: Montse Perea<\/h4>\n<h4>TEI (T\u00e8cnica d&#8217;Educaci\u00f3 Infantil):<\/h4>\n<h4>Ester Conesa<\/h4>\n<h4>Altres mestres del cicle:<\/h4>\n<h4>Isabel Garc\u00eda i Beatriu Valldaura<\/h4>\n<h4><\/h4>\n<p>&nbsp;<\/td>\n<td style=\"width: 50%; height: 387px;\">\n<h4><strong><em>Educaci\u00f3 Prim\u00e0ria<\/em><\/strong><\/h4>\n<h4><strong>Cicle Inicial<\/strong><\/h4>\n<h4>Tutora de 1r: Cristina P\u00e9rez<\/h4>\n<h4>Tutora de 2n: Mariona Llull<\/h4>\n<h4><\/h4>\n<h4><strong>Cicle Mitj\u00e0<\/strong><\/h4>\n<h4>Tutora 3r: Esmeralda Gallego<\/h4>\n<h4>Tutora 4t: Meritxell Amar\u00e9<\/h4>\n<p>&nbsp;<\/p>\n<h4><strong>Cicle Superior<\/strong><\/h4>\n<h4>Tutora 5\u00e8 : Gemma P\u00e9rez<\/h4>\n<h4>Tutora 6\u00e8 A: Tamara Ca\u00f1as<\/h4>\n<h4>Tutor 6\u00e8 B: Jordi Roger<\/h4>\n<h4><\/h4>\n<h4>Altres mestres del cicle:<\/h4>\n<h4>Gemma Jov\u00e9, Isabel Garc\u00eda i Gemma Llansa<\/h4>\n<p>&nbsp;<\/p>\n<h4>M\u00fasica: Eva M. Marco<\/h4>\n<h4><\/h4>\n<h4>Educaci\u00f3 F\u00edsica:<\/h4>\n<h4>Tamara Ca\u00f1as, Jordi Roger i Esmeralda Gallego.<\/h4>\n<h4>Psicomotricitat: Beatriu Valldaura.<\/h4>\n<h4><\/h4>\n<h4>Llengua Anglesa:<\/h4>\n<h4>Carla Carreira i M\u00f2nica Garc\u00eda.<\/h4>\n<h4>Llengua Castellana:<\/h4>\n<h4>Eva Mar\u00eda Marco i M\u00f2nica Garc\u00eda.<\/h4>\n<p>&nbsp;<\/p>\n<h4>Biblioteca: Carla Carreira.<\/h4>\n<p>&nbsp;<\/p>\n<h4>Atenci\u00f3 a la diversitat (MESI):<\/h4>\n<h4>Karen L\u00f3pez i Gemma Llansa.<\/h4>\n<\/td>\n<\/tr>\n<tr style=\"height: 99px;\">\n<td style=\"width: 100%; height: 99px;\" colspan=\"2\">\n<h5>Vetlladora: Marta Villalonga<\/h5>\n<h5>Administrativa<span style=\"font-size: 16px; font-weight: 400;\">: Carme Boffi<\/span><\/h5>\n<h5>Oficial d\u2019oficis<span style=\"font-size: 16px; font-weight: 400;\">: Alberto<\/span><strong><br \/>\n<\/strong><\/h5>\n<\/td>\n<\/tr>\n<\/tbody>\n<\/table>\n<h6><\/h6>\n","protected":false},"excerpt":{"rendered":"<p>Directora:\u00a0 Isabel Garc\u00eda Cap d\u2019Estudis: Gemma Jov\u00e9 Secret\u00e0ria: Gemma Llansa Educaci\u00f3 Infantil Tutora d&#8217;I3-Formigues: Pilar Padilla Tutora d&#8217;I4A-: Llu\u00efsa Castro Tutora d&#8217;I4B-: Laia Platero Tutora d&#8217;I5: Montse Perea TEI (T\u00e8cnica d&#8217;Educaci\u00f3 Infantil): Ester Conesa Altres mestres del cicle: Isabel Garc\u00eda i Beatriu Valldaura &nbsp; Educaci\u00f3 Prim\u00e0ria Cicle Inicial Tutora de 1r: Cristina P\u00e9rez Tutora de [&hellip;]<\/p>\n","protected":false},"author":1,"featured_media":0,"parent":1926,"menu_order":1,"comment_status":"closed","ping_status":"closed","template":"page-templates\/side-menu.php","meta":{"_bbp_topic_count":0,"_bbp_reply_count":0,"_bbp_total_topic_count":0,"_bbp_total_reply_count":0,"_bbp_voice_count":0,"_bbp_anonymous_reply_count":0,"_bbp_topic_count_hidden":0,"_bbp_reply_count_hidden":0,"_bbp_forum_subforum_count":0,"site-sidebar-layout":"default","site-content-layout":"","ast-site-content-layout":"","site-content-style":"default","site-sidebar-style":"default","ast-global-header-display":"","ast-banner-title-visibility":"","ast-main-header-display":"","ast-hfb-above-header-display":"","ast-hfb-below-header-display":"","ast-hfb-mobile-header-display":"","site-post-title":"","ast-breadcrumbs-content":"","ast-featured-img":"","footer-sml-layout":"","theme-transparent-header-meta":"","adv-header-id-meta":"","stick-header-meta":"","header-above-stick-meta":"","header-main-stick-meta":"","header-below-stick-meta":"","astra-migrate-meta-layouts":"default","ast-page-background-enabled":"default","ast-page-background-meta":{"desktop":{"background-color":"var(--ast-global-color-4)","background-image":"","background-repeat":"repeat","background-position":"center center","background-size":"auto","background-attachment":"scroll","background-type":"","background-media":"","overlay-type":"","overlay-color":"","overlay-opacity":"","overlay-gradient":""},"tablet":{"background-color":"","background-image":"","background-repeat":"repeat","background-position":"center center","background-size":"auto","background-attachment":"scroll","background-type":"","background-media":"","overlay-type":"","overlay-color":"","overlay-opacity":"","overlay-gradient":""},"mobile":{"background-color":"","background-image":"","background-repeat":"repeat","background-position":"center center","background-size":"auto","background-attachment":"scroll","background-type":"","background-media":"","overlay-type":"","overlay-color":"","overlay-opacity":"","overlay-gradient":""}},"ast-content-background-meta":{"desktop":{"background-color":"var(--ast-global-color-5)","background-image":"","background-repeat":"repeat","background-position":"center center","background-size":"auto","background-attachment":"scroll","background-type":"","background-media":"","overlay-type":"","overlay-color":"","overlay-opacity":"","overlay-gradient":""},"tablet":{"background-color":"var(--ast-global-color-5)","background-image":"","background-repeat":"repeat","background-position":"center center","background-size":"auto","background-attachment":"scroll","background-type":"","background-media":"","overlay-type":"","overlay-color":"","overlay-opacity":"","overlay-gradient":""},"mobile":{"background-color":"var(--ast-global-color-5)","background-image":"","background-repeat":"repeat","background-position":"center center","background-size":"auto","background-attachment":"scroll","background-type":"","background-media":"","overlay-type":"","overlay-color":"","overlay-opacity":"","overlay-gradient":""}},"footnotes":""},"class_list":["post-166","page","type-page","status-publish","hentry"],"post_mailing_queue_ids":[],"_links":{"self":[{"href":"https:\/\/agora.xtec.cat\/ceiparturmartorell\/wp-json\/wp\/v2\/pages\/166","targetHints":{"allow":["GET"]}}],"collection":[{"href":"https:\/\/agora.xtec.cat\/ceiparturmartorell\/wp-json\/wp\/v2\/pages"}],"about":[{"href":"https:\/\/agora.xtec.cat\/ceiparturmartorell\/wp-json\/wp\/v2\/types\/page"}],"author":[{"embeddable":true,"href":"https:\/\/agora.xtec.cat\/ceiparturmartorell\/wp-json\/wp\/v2\/users\/1"}],"replies":[{"embeddable":true,"href":"https:\/\/agora.xtec.cat\/ceiparturmartorell\/wp-json\/wp\/v2\/comments?post=166"}],"version-history":[{"count":7,"href":"https:\/\/agora.xtec.cat\/ceiparturmartorell\/wp-json\/wp\/v2\/pages\/166\/revisions"}],"predecessor-version":[{"id":21260,"href":"https:\/\/agora.xtec.cat\/ceiparturmartorell\/wp-json\/wp\/v2\/pages\/166\/revisions\/21260"}],"up":[{"embeddable":true,"href":"https:\/\/agora.xtec.cat\/ceiparturmartorell\/wp-json\/wp\/v2\/pages\/1926"}],"wp:attachment":[{"href":"https:\/\/agora.xtec.cat\/ceiparturmartorell\/wp-json\/wp\/v2\/media?parent=166"}],"curies":[{"name":"wp","href":"https:\/\/api.w.org\/{rel}","templated":true}]}}