{"id":13586,"date":"2021-09-10T19:18:36","date_gmt":"2021-09-10T17:18:36","guid":{"rendered":"https:\/\/agora.xtec.cat\/ceiparturmartorell\/?page_id=13586"},"modified":"2022-03-15T13:37:42","modified_gmt":"2022-03-15T12:37:42","slug":"innovamat","status":"publish","type":"page","link":"https:\/\/agora.xtec.cat\/ceiparturmartorell\/com-treballem\/innovamat\/","title":{"rendered":"Innovamat"},"content":{"rendered":"<p><a href=\"https:\/\/innovamat.com\/ca\/\" target=\"_blank\" rel=\"noopener\"><img loading=\"lazy\" decoding=\"async\" class=\"alignleft wp-image-13587\" src=\"https:\/\/agora.xtec.cat\/ceiparturmartorell\/wp-content\/uploads\/usu99\/2021\/09\/logoinnovamat.png\" alt=\"\" width=\"262\" height=\"66\" srcset=\"https:\/\/agora.xtec.cat\/ceiparturmartorell\/wp-content\/uploads\/usu99\/2021\/09\/logoinnovamat.png 521w, https:\/\/agora.xtec.cat\/ceiparturmartorell\/wp-content\/uploads\/usu99\/2021\/09\/logoinnovamat-300x75.png 300w\" sizes=\"auto, (max-width: 262px) 100vw, 262px\" \/><\/a><\/p>\n<p>&nbsp;<\/p>\n<p>&nbsp;<\/p>\n<p>El curs 2021\/2022<span style=\"font-family: inherit; font-size: 1em;\">\u00a0incorporem aquesta plataforma a la nostra proposta educativa en l&#8217;\u00e0mbit de les matem\u00e0tiques. \u00c9s una nova mirada que tracta d&#8217;aconseguir que els infants <\/span><span style=\"font-weight: 400;\">aprenguin d&#8217;una manera competencial i significativa, a trav\u00e9s de la manipulaci\u00f3 i la conversa.\u00a0<\/span><\/p>\n<p>Seguint les recomanacions de l\u2019equip d&#8217;assessorament pedag\u00f2gic d\u2019INNOVAMAT, hem acordat iniciar el treball amb la plataforma des de P4 fins a 3r de prim\u00e0ria. Progressivament afegirem un nivell cada any a mesura que s\u2019implementa en la metodologia i en la l\u00ednia d\u2019escola.<\/p>\n<p>La plataforma t\u00e9 un cost anual que ens obligar\u00e0 a revisar, i possiblement a incrementar,\u00a0 les quotes anuals dedicades a material socialitzat a curt termini.<\/p>\n<h5><span style=\"color: #003366;\">L\u2019aula de matem\u00e0tiques ha de ser un entorn inspirador que el convidi a aprendre i a desenvolupar tot el seu potencial i, per aconseguir-ho, ser\u00e0 clau:<\/span><\/h5>\n<ul>\n<li style=\"list-style-type: none;\">\n<ul>\n<li style=\"font-weight: 400;\" aria-level=\"1\">\n<h5><span style=\"color: #003366;\">La presentaci\u00f3 dels continguts i les destreses matem\u00e0tiques amb criteri did\u00e0ctic.<\/span><\/h5>\n<\/li>\n<li style=\"font-weight: 400;\" aria-level=\"1\">\n<h5><span style=\"color: #003366;\">Respectar els diferents ritmes d\u2019aprenentatge dels nens i nenes.<\/span><\/h5>\n<\/li>\n<li style=\"font-weight: 400;\" aria-level=\"1\">\n<h5><span style=\"color: #003366;\">Donar valor als processos matem\u00e0tics: resoldre problemes, raonar, connectar, comunicar i representar. Sense oblidar els continguts.<\/span><\/h5>\n<\/li>\n<\/ul>\n<\/li>\n<\/ul>\n<h4><span style=\"color: #008080;\"><strong>QU\u00c8 \u00c9S INNOVAMAT?<\/strong><\/span><\/h4>\n<div class=\"ast-oembed-container \" style=\"height: 100%;\"><iframe loading=\"lazy\" title=\"Uneix-te a Innovamat! \u2728\" width=\"500\" height=\"281\" src=\"https:\/\/www.youtube.com\/embed\/vlr29A6shbg?feature=oembed\" frameborder=\"0\" allow=\"accelerometer; autoplay; clipboard-write; encrypted-media; gyroscope; picture-in-picture; web-share\" referrerpolicy=\"strict-origin-when-cross-origin\" allowfullscreen><\/iframe><\/div>\n<h4><span style=\"color: #008080;\"><strong>I&#8230; QU\u00c8 \u00c9S FER MATEM\u00c0TIQUES?<\/strong><\/span><\/h4>\n<div class=\"ast-oembed-container \" style=\"height: 100%;\"><iframe loading=\"lazy\" title=\"Innovamat: qu\u00e8 \u00e9s fer matem\u00e0tiques?\" width=\"500\" height=\"281\" src=\"https:\/\/www.youtube.com\/embed\/pERXXiZjS14?feature=oembed\" frameborder=\"0\" allow=\"accelerometer; autoplay; clipboard-write; encrypted-media; gyroscope; picture-in-picture; web-share\" referrerpolicy=\"strict-origin-when-cross-origin\" allowfullscreen><\/iframe><\/div>\n<p><img loading=\"lazy\" decoding=\"async\" class=\"size-large wp-image-13591 alignnone\" src=\"https:\/\/agora.xtec.cat\/ceiparturmartorell\/wp-content\/uploads\/usu99\/2021\/09\/Poster-de-dimensions-i-competencies-1-738x1024.png\" alt=\"\" width=\"738\" height=\"1024\" srcset=\"https:\/\/agora.xtec.cat\/ceiparturmartorell\/wp-content\/uploads\/usu99\/2021\/09\/Poster-de-dimensions-i-competencies-1-738x1024.png 738w, https:\/\/agora.xtec.cat\/ceiparturmartorell\/wp-content\/uploads\/usu99\/2021\/09\/Poster-de-dimensions-i-competencies-1-216x300.png 216w, https:\/\/agora.xtec.cat\/ceiparturmartorell\/wp-content\/uploads\/usu99\/2021\/09\/Poster-de-dimensions-i-competencies-1-768x1066.png 768w, https:\/\/agora.xtec.cat\/ceiparturmartorell\/wp-content\/uploads\/usu99\/2021\/09\/Poster-de-dimensions-i-competencies-1.png 829w\" sizes=\"auto, (max-width: 738px) 100vw, 738px\" \/><\/p>\n<p><img loading=\"lazy\" decoding=\"async\" class=\"size-large wp-image-13592 alignnone\" src=\"https:\/\/agora.xtec.cat\/ceiparturmartorell\/wp-content\/uploads\/usu99\/2021\/09\/Poster-de-dimensions-i-competencies-2-720x1024.png\" alt=\"\" width=\"720\" height=\"1024\" srcset=\"https:\/\/agora.xtec.cat\/ceiparturmartorell\/wp-content\/uploads\/usu99\/2021\/09\/Poster-de-dimensions-i-competencies-2-720x1024.png 720w, https:\/\/agora.xtec.cat\/ceiparturmartorell\/wp-content\/uploads\/usu99\/2021\/09\/Poster-de-dimensions-i-competencies-2-211x300.png 211w, https:\/\/agora.xtec.cat\/ceiparturmartorell\/wp-content\/uploads\/usu99\/2021\/09\/Poster-de-dimensions-i-competencies-2-768x1092.png 768w, https:\/\/agora.xtec.cat\/ceiparturmartorell\/wp-content\/uploads\/usu99\/2021\/09\/Poster-de-dimensions-i-competencies-2.png 807w\" sizes=\"auto, (max-width: 720px) 100vw, 720px\" \/><\/p>\n","protected":false},"excerpt":{"rendered":"<p>&nbsp; &nbsp; El curs 2021\/2022\u00a0incorporem aquesta plataforma a la nostra proposta educativa en l&#8217;\u00e0mbit de les matem\u00e0tiques. \u00c9s una nova mirada que tracta d&#8217;aconseguir que els infants aprenguin d&#8217;una manera competencial i significativa, a trav\u00e9s de la manipulaci\u00f3 i la conversa.\u00a0 Seguint les recomanacions de l\u2019equip d&#8217;assessorament pedag\u00f2gic d\u2019INNOVAMAT, hem acordat iniciar el treball amb [&hellip;]<\/p>\n","protected":false},"author":1,"featured_media":0,"parent":291,"menu_order":6,"comment_status":"closed","ping_status":"closed","template":"page-templates\/side-menu.php","meta":{"_bbp_topic_count":0,"_bbp_reply_count":0,"_bbp_total_topic_count":0,"_bbp_total_reply_count":0,"_bbp_voice_count":0,"_bbp_anonymous_reply_count":0,"_bbp_topic_count_hidden":0,"_bbp_reply_count_hidden":0,"_bbp_forum_subforum_count":0,"site-sidebar-layout":"default","site-content-layout":"","ast-site-content-layout":"","site-content-style":"default","site-sidebar-style":"default","ast-global-header-display":"","ast-banner-title-visibility":"","ast-main-header-display":"","ast-hfb-above-header-display":"","ast-hfb-below-header-display":"","ast-hfb-mobile-header-display":"","site-post-title":"","ast-breadcrumbs-content":"","ast-featured-img":"","footer-sml-layout":"","theme-transparent-header-meta":"","adv-header-id-meta":"","stick-header-meta":"","header-above-stick-meta":"","header-main-stick-meta":"","header-below-stick-meta":"","astra-migrate-meta-layouts":"default","ast-page-background-enabled":"default","ast-page-background-meta":{"desktop":{"background-color":"var(--ast-global-color-4)","background-image":"","background-repeat":"repeat","background-position":"center center","background-size":"auto","background-attachment":"scroll","background-type":"","background-media":"","overlay-type":"","overlay-color":"","overlay-opacity":"","overlay-gradient":""},"tablet":{"background-color":"","background-image":"","background-repeat":"repeat","background-position":"center center","background-size":"auto","background-attachment":"scroll","background-type":"","background-media":"","overlay-type":"","overlay-color":"","overlay-opacity":"","overlay-gradient":""},"mobile":{"background-color":"","background-image":"","background-repeat":"repeat","background-position":"center center","background-size":"auto","background-attachment":"scroll","background-type":"","background-media":"","overlay-type":"","overlay-color":"","overlay-opacity":"","overlay-gradient":""}},"ast-content-background-meta":{"desktop":{"background-color":"var(--ast-global-color-5)","background-image":"","background-repeat":"repeat","background-position":"center center","background-size":"auto","background-attachment":"scroll","background-type":"","background-media":"","overlay-type":"","overlay-color":"","overlay-opacity":"","overlay-gradient":""},"tablet":{"background-color":"var(--ast-global-color-5)","background-image":"","background-repeat":"repeat","background-position":"center center","background-size":"auto","background-attachment":"scroll","background-type":"","background-media":"","overlay-type":"","overlay-color":"","overlay-opacity":"","overlay-gradient":""},"mobile":{"background-color":"var(--ast-global-color-5)","background-image":"","background-repeat":"repeat","background-position":"center center","background-size":"auto","background-attachment":"scroll","background-type":"","background-media":"","overlay-type":"","overlay-color":"","overlay-opacity":"","overlay-gradient":""}},"footnotes":""},"class_list":["post-13586","page","type-page","status-publish","hentry"],"post_mailing_queue_ids":[],"_links":{"self":[{"href":"https:\/\/agora.xtec.cat\/ceiparturmartorell\/wp-json\/wp\/v2\/pages\/13586","targetHints":{"allow":["GET"]}}],"collection":[{"href":"https:\/\/agora.xtec.cat\/ceiparturmartorell\/wp-json\/wp\/v2\/pages"}],"about":[{"href":"https:\/\/agora.xtec.cat\/ceiparturmartorell\/wp-json\/wp\/v2\/types\/page"}],"author":[{"embeddable":true,"href":"https:\/\/agora.xtec.cat\/ceiparturmartorell\/wp-json\/wp\/v2\/users\/1"}],"replies":[{"embeddable":true,"href":"https:\/\/agora.xtec.cat\/ceiparturmartorell\/wp-json\/wp\/v2\/comments?post=13586"}],"version-history":[{"count":3,"href":"https:\/\/agora.xtec.cat\/ceiparturmartorell\/wp-json\/wp\/v2\/pages\/13586\/revisions"}],"predecessor-version":[{"id":15284,"href":"https:\/\/agora.xtec.cat\/ceiparturmartorell\/wp-json\/wp\/v2\/pages\/13586\/revisions\/15284"}],"up":[{"embeddable":true,"href":"https:\/\/agora.xtec.cat\/ceiparturmartorell\/wp-json\/wp\/v2\/pages\/291"}],"wp:attachment":[{"href":"https:\/\/agora.xtec.cat\/ceiparturmartorell\/wp-json\/wp\/v2\/media?parent=13586"}],"curies":[{"name":"wp","href":"https:\/\/api.w.org\/{rel}","templated":true}]}}