{"id":1268,"date":"2016-10-10T19:05:16","date_gmt":"2016-10-10T17:05:16","guid":{"rendered":"http:\/\/agora.xtec.cat\/ceiparturmartorell\/?page_id=1268"},"modified":"2020-12-04T20:34:25","modified_gmt":"2020-12-04T19:34:25","slug":"cami-escolar","status":"publish","type":"page","link":"https:\/\/agora.xtec.cat\/ceiparturmartorell\/com-treballem\/cami-escolar\/","title":{"rendered":"Cam\u00ed Escolar &#8211; Amic del Parc"},"content":{"rendered":"<p style=\"text-align: left;\"><span style=\"color: #008000;\"><a href=\"http:\/\/agora.xtec.cat\/ceiparturmartorell\/wp-content\/uploads\/usu99\/2016\/10\/DKVka6LW4AEsURO.jpg\"><img loading=\"lazy\" decoding=\"async\" class=\"aligncenter size-full wp-image-2556\" src=\"http:\/\/agora.xtec.cat\/ceiparturmartorell\/wp-content\/uploads\/usu99\/2016\/10\/DKVka6LW4AEsURO.jpg\" alt=\"\" width=\"1187\" height=\"402\" srcset=\"https:\/\/agora.xtec.cat\/ceiparturmartorell\/wp-content\/uploads\/usu99\/2016\/10\/DKVka6LW4AEsURO.jpg 1187w, https:\/\/agora.xtec.cat\/ceiparturmartorell\/wp-content\/uploads\/usu99\/2016\/10\/DKVka6LW4AEsURO-300x102.jpg 300w, https:\/\/agora.xtec.cat\/ceiparturmartorell\/wp-content\/uploads\/usu99\/2016\/10\/DKVka6LW4AEsURO-768x260.jpg 768w, https:\/\/agora.xtec.cat\/ceiparturmartorell\/wp-content\/uploads\/usu99\/2016\/10\/DKVka6LW4AEsURO-1024x347.jpg 1024w\" sizes=\"auto, (max-width: 1187px) 100vw, 1187px\" \/><\/a><\/span><\/p>\n<h5><span style=\"color: #008000;\">Finalment, el divendres 21 de setembre de 2017, es va inaugurar el Cam\u00ed Amic del parc i ja est\u00e0 senyalitzat en tots els passos de vianants del recorregut!<\/span><\/h5>\n<hr \/>\n<p><em>El projecte de cam\u00ed escolar de la nostra escola sorgeix arran la preocupaci\u00f3 de la comunitat educativa per tenir accessos cap a l&#8217;escola que permetin als alumnes, a mida que van tenint l&#8217;edat per fer-ho, venir a l&#8217;escola de manera aut\u00f2noma amb seguretat. \u00a0<a href=\"http:\/\/agora.xtec.cat\/ceiparturmartorell\/wp-content\/uploads\/usu99\/2016\/10\/LOGO-CAMI\u0301-ESCOLAR-1.jpg\"><img loading=\"lazy\" decoding=\"async\" class=\"wp-image-1281 alignright\" src=\"http:\/\/agora.xtec.cat\/ceiparturmartorell\/wp-content\/uploads\/usu99\/2016\/10\/LOGO-CAMI\u0301-ESCOLAR-1-300x189.jpg\" alt=\"LOGO guanyador\" width=\"369\" height=\"232\" srcset=\"https:\/\/agora.xtec.cat\/ceiparturmartorell\/wp-content\/uploads\/usu99\/2016\/10\/LOGO-CAMI\u0301-ESCOLAR-1-300x189.jpg 300w, https:\/\/agora.xtec.cat\/ceiparturmartorell\/wp-content\/uploads\/usu99\/2016\/10\/LOGO-CAMI\u0301-ESCOLAR-1-768x483.jpg 768w, https:\/\/agora.xtec.cat\/ceiparturmartorell\/wp-content\/uploads\/usu99\/2016\/10\/LOGO-CAMI\u0301-ESCOLAR-1-1024x644.jpg 1024w, https:\/\/agora.xtec.cat\/ceiparturmartorell\/wp-content\/uploads\/usu99\/2016\/10\/LOGO-CAMI\u0301-ESCOLAR-1.jpg 1334w\" sizes=\"auto, (max-width: 369px) 100vw, 369px\" \/><\/a><\/em><\/p>\n<p><em>Es va conformar com una proposta educativa en l&#8217;\u00e0mbit de la mobilitat amb aquests objectius:<\/em><\/p>\n<ul>\n<li><em>Sensibilitzat i implicar als diferents agents en el projecte.<\/em><\/li>\n<li><em>Fomentar rutes segures i agradables per als nens i nenes per tal que puguin anar i tornar caminant de casa a l\u2019escola<\/em><\/li>\n<li><em>Afavorir l\u2019autonomia dels infants<\/em><\/li>\n<li><em>Impulsar la recuperaci\u00f3 de l\u2019espai p\u00fablic com a espai de relaci\u00f3 i de conviv\u00e8ncia.<\/em><\/li>\n<\/ul>\n<p><em>El resultat \u00e9s fruit de la feina desinteressada de fam\u00edlies, mestres, infants i tota aquella persona o entitat que ha volgut participar en el projecte.<\/em><\/p>\n<h4><span style=\"color: #339966;\">UNA MICA DE HISTORIA SOBRE EL PROJECTE\u00a0CAM\u00cd ESCOLAR<\/span><\/h4>\n<p>La diagnosi: <a href=\"http:\/\/agora.xtec.cat\/ceiparturmartorell\/wp-content\/uploads\/usu99\/2016\/10\/enquesta_families2007_DEF.pdf\" target=\"_blank\" rel=\"noopener noreferrer\">enquesta<\/a> a les fam\u00edlies\u00a0 (2007)<\/p>\n<p>Document de presentaci\u00f3: \u201c<a href=\"http:\/\/agora.xtec.cat\/ceiparturmartorell\/wp-content\/uploads\/usu99\/2016\/10\/Presentacio_cami-escolar2016.pdf\" target=\"_blank\" rel=\"noopener noreferrer\">El cam\u00ed escolar de l\u2019escola Artur Martorell: 2007-2016<\/a>\u201d<\/p>\n<p><a href=\"http:\/\/agora.xtec.cat\/ceiparturmartorell\/wp-content\/uploads\/usu99\/2016\/10\/QU\u0308ESTIONARI-DE-LA-SORTIDA-DELS-ITINERARIS-DEL-CAMI\u0301-ESCOLAR.pdf\" target=\"_blank\" rel=\"noopener noreferrer\">Q\u00fcestionari<\/a> de la sortida \u201cVAIG A L\u2019ESCOLA\u201d 2011<\/p>\n<p><iframe loading=\"lazy\" src=\"\/\/www.youtube.com\/embed\/SRBZ0qPACkA\" width=\"560\" height=\"314\"><\/iframe><\/p>\n<p>El <a href=\"http:\/\/apliense.xtec.cat\/prestatgeria\/a8041571_2296\/llibre\/\" target=\"_blank\" rel=\"noopener noreferrer\">llibre digital<\/a> del Cami Escolar fet pels nens i nenes!!<\/p>\n<p style=\"text-align: left;\">Els nens i nenes fan publicitat !!<\/p>\n<p style=\"text-align: LEFT;\"><iframe loading=\"lazy\" src=\"\/\/www.youtube.com\/embed\/c1oztqvzV34\" width=\"560\" height=\"314\"><\/iframe><\/p>\n<p><a href=\"http:\/\/agora.xtec.cat\/ceiparturmartorell\/wp-content\/uploads\/usu99\/2016\/10\/FOLLETO_CAMI\u0301-ESCOLAR2014.pdf\" target=\"_blank\" rel=\"noopener noreferrer\">Fullet\u00f3<\/a> del cam\u00ed fet pels infants de l\u2019escola.<\/p>\n<p><a href=\"http:\/\/agora.xtec.cat\/ceiparturmartorell\/wp-content\/uploads\/usu99\/2016\/10\/Di\u0301ptic-Cami\u0301-Escolar.pdf\" target=\"_blank\" rel=\"noopener noreferrer\">D\u00edptic<\/a> del cam\u00ed escolar 2014<\/p>\n<p><a href=\"http:\/\/www.diaridebadalona.com\/lescola-artur-martorell-estrena-el-primer-cam%C3%AD-escolar-de-badalona\" target=\"_blank\" rel=\"noopener noreferrer\">Estrenem<\/a> el cam\u00ed escolar !!<\/p>\n<p>&nbsp;<\/p>\n<p>&nbsp;<\/p>\n","protected":false},"excerpt":{"rendered":"<p>Finalment, el divendres 21 de setembre de 2017, es va inaugurar el Cam\u00ed Amic del parc i ja est\u00e0 senyalitzat en tots els passos de vianants del recorregut! El projecte de cam\u00ed escolar de la nostra escola sorgeix arran la preocupaci\u00f3 de la comunitat educativa per tenir accessos cap a l&#8217;escola que permetin als alumnes, [&hellip;]<\/p>\n","protected":false},"author":1,"featured_media":0,"parent":291,"menu_order":12,"comment_status":"closed","ping_status":"closed","template":"page-templates\/side-menu.php","meta":{"_bbp_topic_count":0,"_bbp_reply_count":0,"_bbp_total_topic_count":0,"_bbp_total_reply_count":0,"_bbp_voice_count":0,"_bbp_anonymous_reply_count":0,"_bbp_topic_count_hidden":0,"_bbp_reply_count_hidden":0,"_bbp_forum_subforum_count":0,"site-sidebar-layout":"default","site-content-layout":"","ast-site-content-layout":"","site-content-style":"default","site-sidebar-style":"default","ast-global-header-display":"","ast-banner-title-visibility":"","ast-main-header-display":"","ast-hfb-above-header-display":"","ast-hfb-below-header-display":"","ast-hfb-mobile-header-display":"","site-post-title":"","ast-breadcrumbs-content":"","ast-featured-img":"","footer-sml-layout":"","theme-transparent-header-meta":"","adv-header-id-meta":"","stick-header-meta":"","header-above-stick-meta":"","header-main-stick-meta":"","header-below-stick-meta":"","astra-migrate-meta-layouts":"default","ast-page-background-enabled":"default","ast-page-background-meta":{"desktop":{"background-color":"var(--ast-global-color-4)","background-image":"","background-repeat":"repeat","background-position":"center center","background-size":"auto","background-attachment":"scroll","background-type":"","background-media":"","overlay-type":"","overlay-color":"","overlay-opacity":"","overlay-gradient":""},"tablet":{"background-color":"","background-image":"","background-repeat":"repeat","background-position":"center center","background-size":"auto","background-attachment":"scroll","background-type":"","background-media":"","overlay-type":"","overlay-color":"","overlay-opacity":"","overlay-gradient":""},"mobile":{"background-color":"","background-image":"","background-repeat":"repeat","background-position":"center center","background-size":"auto","background-attachment":"scroll","background-type":"","background-media":"","overlay-type":"","overlay-color":"","overlay-opacity":"","overlay-gradient":""}},"ast-content-background-meta":{"desktop":{"background-color":"var(--ast-global-color-5)","background-image":"","background-repeat":"repeat","background-position":"center center","background-size":"auto","background-attachment":"scroll","background-type":"","background-media":"","overlay-type":"","overlay-color":"","overlay-opacity":"","overlay-gradient":""},"tablet":{"background-color":"var(--ast-global-color-5)","background-image":"","background-repeat":"repeat","background-position":"center center","background-size":"auto","background-attachment":"scroll","background-type":"","background-media":"","overlay-type":"","overlay-color":"","overlay-opacity":"","overlay-gradient":""},"mobile":{"background-color":"var(--ast-global-color-5)","background-image":"","background-repeat":"repeat","background-position":"center center","background-size":"auto","background-attachment":"scroll","background-type":"","background-media":"","overlay-type":"","overlay-color":"","overlay-opacity":"","overlay-gradient":""}},"footnotes":""},"class_list":["post-1268","page","type-page","status-publish","hentry"],"post_mailing_queue_ids":[],"_links":{"self":[{"href":"https:\/\/agora.xtec.cat\/ceiparturmartorell\/wp-json\/wp\/v2\/pages\/1268","targetHints":{"allow":["GET"]}}],"collection":[{"href":"https:\/\/agora.xtec.cat\/ceiparturmartorell\/wp-json\/wp\/v2\/pages"}],"about":[{"href":"https:\/\/agora.xtec.cat\/ceiparturmartorell\/wp-json\/wp\/v2\/types\/page"}],"author":[{"embeddable":true,"href":"https:\/\/agora.xtec.cat\/ceiparturmartorell\/wp-json\/wp\/v2\/users\/1"}],"replies":[{"embeddable":true,"href":"https:\/\/agora.xtec.cat\/ceiparturmartorell\/wp-json\/wp\/v2\/comments?post=1268"}],"version-history":[{"count":4,"href":"https:\/\/agora.xtec.cat\/ceiparturmartorell\/wp-json\/wp\/v2\/pages\/1268\/revisions"}],"predecessor-version":[{"id":10674,"href":"https:\/\/agora.xtec.cat\/ceiparturmartorell\/wp-json\/wp\/v2\/pages\/1268\/revisions\/10674"}],"up":[{"embeddable":true,"href":"https:\/\/agora.xtec.cat\/ceiparturmartorell\/wp-json\/wp\/v2\/pages\/291"}],"wp:attachment":[{"href":"https:\/\/agora.xtec.cat\/ceiparturmartorell\/wp-json\/wp\/v2\/media?parent=1268"}],"curies":[{"name":"wp","href":"https:\/\/api.w.org\/{rel}","templated":true}]}}