{"id":71,"date":"2014-09-18T12:44:56","date_gmt":"2014-09-18T11:44:56","guid":{"rendered":"http:\/\/agora.xtec.cat\/ceiparraona\/?page_id=71"},"modified":"2024-01-31T12:00:11","modified_gmt":"2024-01-31T11:00:11","slug":"serveis-digitals","status":"publish","type":"page","link":"https:\/\/agora.xtec.cat\/ceiparraona\/serveis-digitals\/","title":{"rendered":"Serveis digitals"},"content":{"rendered":"<h2>WEB DE L&#8217;ESCOLA<\/h2>\n<p>La nostra escola ha actualitzat la seva p\u00e0gina web a trav\u00e9s de la xarxa Nodes. L&#8217;adre\u00e7a d&#8217;acc\u00e9s \u00e9s <a href=\"http:\/\/agora.xtec.cat\/ceiparraona\">agora.xtec.cat\/ceiparraona<\/a>.<\/p>\n<p>Podeu trobar molta informaci\u00f3 de cursos anteriors a la p\u00e0gina web antiga: <a href=\"http:\/\/blocs.xtec.cat\/escolaarraona\/\" target=\"_blank\" rel=\"noopener noreferrer\">blocs.xtec.cat\/escolaarraona\/<\/a><\/p>\n<p><strong>NODES<\/strong>\u00a0\u00e9s un servei del Departament d\u2019Educaci\u00f3 que proporciona un web amb funcionalitats avan\u00e7ades per als centres educatius de Catalunya.<\/p>\n<p><a href=\"http:\/\/agora.xtec.cat\/nodes\/wp-content\/uploads\/usu135\/2014\/10\/WPBP.png\"><img loading=\"lazy\" decoding=\"async\" class=\"aligncenter\" src=\"http:\/\/agora.xtec.cat\/nodes\/wp-content\/uploads\/usu135\/2014\/10\/WPBP.png\" alt=\"WPBP\" width=\"144\" height=\"90\" \/><\/a><\/p>\n<p>Est\u00e0 constru\u00eft sobre\u00a0<a href=\"http:\/\/wordpress.org\/\" target=\"_blank\" rel=\"noopener noreferrer\">WordPress<\/a>, el sistema de publicaci\u00f3 de continguts m\u00e9s utilitzat del m\u00f3n, que destaca\u00a0per la seva facilitat d&#8217;\u00fas. Incorpora una xarxa social privada basada en l&#8217;extensi\u00f3\u00a0<a href=\"https:\/\/buddypress.org\/\" target=\"_blank\" rel=\"noopener noreferrer\">BuddyPress<\/a>.<\/p>\n<p>&nbsp;<\/p>\n<h2>EIX-MOODLE<\/h2>\n<p>La nostra escola compta amb la plataforma EIX-MOODLE, una plataforma de treball a dist\u00e0ncia de l&#8217;entorn de treball del Departament d&#8217;Educaci\u00f3. Tots els nivells educatius tenen la possibilitat de treballar els continguts preparats especialment pel nostre alumnat. Es pot accedir clicant a la imatge:<\/p>\n<p><a href=\"https:\/\/educaciodigital.cat\/escola-arraona\/moodle\/\" target=\"_blank\" rel=\"noopener noreferrer\"><img loading=\"lazy\" decoding=\"async\" class=\"aligncenter wp-image-4293 size-medium\" src=\"https:\/\/agora.xtec.cat\/ceiparraona\/wp-content\/uploads\/usu1072\/2020\/05\/baixa-300x154.png\" alt=\"\" width=\"300\" height=\"154\" srcset=\"https:\/\/agora.xtec.cat\/ceiparraona\/wp-content\/uploads\/usu1072\/2020\/05\/baixa-300x154.png 300w, https:\/\/agora.xtec.cat\/ceiparraona\/wp-content\/uploads\/usu1072\/2020\/05\/baixa.png 314w\" sizes=\"auto, (max-width: 300px) 100vw, 300px\" \/><\/a><\/p>\n<p>&nbsp;<\/p>\n<h2>TELEGRAM<\/h2>\n<p>Podeu afegir-vos al nostre canal de Telegram clicant a la imatge, on podreu estar al dia de les \u00faltimes novetats i not\u00edcies relatives a l&#8217;escola:<\/p>\n<p><a href=\"https:\/\/t.me\/escolaarraona\" target=\"_blank\" rel=\"noopener noreferrer\"><img loading=\"lazy\" decoding=\"async\" class=\"aligncenter wp-image-4199 size-medium\" src=\"https:\/\/agora.xtec.cat\/ceiparraona\/wp-content\/uploads\/usu1072\/2020\/04\/baixa-300x144.jpg\" alt=\"\" width=\"300\" height=\"144\" srcset=\"https:\/\/agora.xtec.cat\/ceiparraona\/wp-content\/uploads\/usu1072\/2020\/04\/baixa-300x144.jpg 300w, https:\/\/agora.xtec.cat\/ceiparraona\/wp-content\/uploads\/usu1072\/2020\/04\/baixa.jpg 324w\" sizes=\"auto, (max-width: 300px) 100vw, 300px\" \/><\/a><\/p>\n<p>A m\u00e9s, cadascun dels grups-classe compta amb un canal de Telegram espec\u00edfic de cadascuna de les tutories, a on podreu trobar informacions que afecten m\u00e9s concretament al grup.<\/p>\n<p>&nbsp;<\/p>\n","protected":false},"excerpt":{"rendered":"<p>WEB DE L&#8217;ESCOLA La nostra escola ha actualitzat la seva p\u00e0gina web a trav\u00e9s de la xarxa Nodes. L&#8217;adre\u00e7a d&#8217;acc\u00e9s \u00e9s agora.xtec.cat\/ceiparraona. Podeu trobar molta informaci\u00f3 de cursos anteriors a la p\u00e0gina web antiga: blocs.xtec.cat\/escolaarraona\/ NODES\u00a0\u00e9s un servei del Departament d\u2019Educaci\u00f3 que proporciona un web amb funcionalitats avan\u00e7ades per als centres educatius de Catalunya. Est\u00e0 [&hellip;]<\/p>\n","protected":false},"author":1,"featured_media":0,"parent":0,"menu_order":0,"comment_status":"closed","ping_status":"closed","template":"","meta":{"_bbp_topic_count":0,"_bbp_reply_count":0,"_bbp_total_topic_count":0,"_bbp_total_reply_count":0,"_bbp_voice_count":0,"_bbp_anonymous_reply_count":0,"_bbp_topic_count_hidden":0,"_bbp_reply_count_hidden":0,"_bbp_forum_subforum_count":0,"site-sidebar-layout":"default","site-content-layout":"","ast-site-content-layout":"","site-content-style":"default","site-sidebar-style":"default","ast-global-header-display":"","ast-banner-title-visibility":"","ast-main-header-display":"","ast-hfb-above-header-display":"","ast-hfb-below-header-display":"","ast-hfb-mobile-header-display":"","site-post-title":"","ast-breadcrumbs-content":"","ast-featured-img":"","footer-sml-layout":"","theme-transparent-header-meta":"","adv-header-id-meta":"","stick-header-meta":"","header-above-stick-meta":"","header-main-stick-meta":"","header-below-stick-meta":"","astra-migrate-meta-layouts":"default","ast-page-background-enabled":"default","ast-page-background-meta":{"desktop":{"background-color":"var(--ast-global-color-4)","background-image":"","background-repeat":"repeat","background-position":"center center","background-size":"auto","background-attachment":"scroll","background-type":"","background-media":"","overlay-type":"","overlay-color":"","overlay-opacity":"","overlay-gradient":""},"tablet":{"background-color":"","background-image":"","background-repeat":"repeat","background-position":"center center","background-size":"auto","background-attachment":"scroll","background-type":"","background-media":"","overlay-type":"","overlay-color":"","overlay-opacity":"","overlay-gradient":""},"mobile":{"background-color":"","background-image":"","background-repeat":"repeat","background-position":"center center","background-size":"auto","background-attachment":"scroll","background-type":"","background-media":"","overlay-type":"","overlay-color":"","overlay-opacity":"","overlay-gradient":""}},"ast-content-background-meta":{"desktop":{"background-color":"var(--ast-global-color-5)","background-image":"","background-repeat":"repeat","background-position":"center center","background-size":"auto","background-attachment":"scroll","background-type":"","background-media":"","overlay-type":"","overlay-color":"","overlay-opacity":"","overlay-gradient":""},"tablet":{"background-color":"var(--ast-global-color-5)","background-image":"","background-repeat":"repeat","background-position":"center center","background-size":"auto","background-attachment":"scroll","background-type":"","background-media":"","overlay-type":"","overlay-color":"","overlay-opacity":"","overlay-gradient":""},"mobile":{"background-color":"var(--ast-global-color-5)","background-image":"","background-repeat":"repeat","background-position":"center center","background-size":"auto","background-attachment":"scroll","background-type":"","background-media":"","overlay-type":"","overlay-color":"","overlay-opacity":"","overlay-gradient":""}},"footnotes":""},"class_list":["post-71","page","type-page","status-publish","hentry"],"post_mailing_queue_ids":[],"_links":{"self":[{"href":"https:\/\/agora.xtec.cat\/ceiparraona\/wp-json\/wp\/v2\/pages\/71","targetHints":{"allow":["GET"]}}],"collection":[{"href":"https:\/\/agora.xtec.cat\/ceiparraona\/wp-json\/wp\/v2\/pages"}],"about":[{"href":"https:\/\/agora.xtec.cat\/ceiparraona\/wp-json\/wp\/v2\/types\/page"}],"author":[{"embeddable":true,"href":"https:\/\/agora.xtec.cat\/ceiparraona\/wp-json\/wp\/v2\/users\/1"}],"replies":[{"embeddable":true,"href":"https:\/\/agora.xtec.cat\/ceiparraona\/wp-json\/wp\/v2\/comments?post=71"}],"version-history":[{"count":3,"href":"https:\/\/agora.xtec.cat\/ceiparraona\/wp-json\/wp\/v2\/pages\/71\/revisions"}],"predecessor-version":[{"id":4332,"href":"https:\/\/agora.xtec.cat\/ceiparraona\/wp-json\/wp\/v2\/pages\/71\/revisions\/4332"}],"wp:attachment":[{"href":"https:\/\/agora.xtec.cat\/ceiparraona\/wp-json\/wp\/v2\/media?parent=71"}],"curies":[{"name":"wp","href":"https:\/\/api.w.org\/{rel}","templated":true}]}}