{"id":5185,"date":"2022-12-13T07:40:55","date_gmt":"2022-12-13T06:40:55","guid":{"rendered":"https:\/\/agora.xtec.cat\/ceiparraona\/?page_id=5185"},"modified":"2023-06-02T06:38:03","modified_gmt":"2023-06-02T04:38:03","slug":"avaluacio","status":"publish","type":"page","link":"https:\/\/agora.xtec.cat\/ceiparraona\/estrategia-digital-de-centre\/avaluacio\/","title":{"rendered":"AVALUACI\u00d3"},"content":{"rendered":"<p><span style=\"font-weight: 400;\">L&#8217;EDC s&#8217;avaluar\u00e0 de forma peri\u00f2dica, revisant objectius i activitats planificades per tal de determinar el grau d&#8217;assoliment, i si \u00e9s necessari modificar els objectius, les actuacions o la temporalitzaci\u00f3. \u00c9s a dir, al llarg de tot el proc\u00e9s d&#8217;implementaci\u00f3 de l&#8217;EDC, s&#8217;aniran recollint dades vinculades amb les actuacions per valorar en quin grau es compleixen les expectatives d&#8217;assoliment.<\/span><\/p>\n<p><span style=\"font-weight: 400;\">Per fer-ho s\u2019han establert uns indicadors d\u2019assoliment per les diferents activitats, aix\u00ed com pels objectius.\u00a0<\/span><\/p>\n<p><span style=\"font-weight: 400;\">Cada curs escolar es far\u00e0 la valoraci\u00f3 dels resultats, i s&#8217;aniran fent les adaptacions que es considerin adients per garantir que la nostra escola va construint i consolidant l&#8217;estrat\u00e8gia digital. Per tant, a partir del curs 2022-23 anirem incorporant en aquesta p\u00e0gina les dades que es vagin recollint, i les valoracions fetes per tota la comunitat educativa.<\/span><\/p>\n<p><span style=\"font-weight: 400;\">Quan l&#8217;EDC arribi al final de la planificaci\u00f3, caldr\u00e0 realitzar una nova diagnosi per actualitzar-la i actualitzar els objectius, actuacions en funci\u00f3 de les noves necessitats.<\/span><\/p>\n<h2><\/h2>\n<h2><b>AVALUACI\u00d3 CURS 22-23<\/b><\/h2>\n<p>Les activitats que s&#8217;han fet durant aquest curs 22-23 i s&#8217;han finalitzat han estat:<\/p>\n<ul>\n<li><em><strong>ACTIVITAT 2.1.\u00a0Realitzaci\u00f3 de la FIC digital per tal d&#8217;iniciar i\/o aprofundir respecte a la compet\u00e8ncia digital. <\/strong><\/em><\/li>\n<\/ul>\n<p><strong style=\"font-family: inherit; font-size: 1em;\"><em>Assolit. <\/em><\/strong><span style=\"font-weight: 400;\">L&#8217;indicador de qualitat s&#8217;ha assolit, ja que el <\/span>96% del claustre ha realitzar la formaci\u00f3, aconseguint el criteri d\u2019\u00e8xit marcat.<\/p>\n<p><span style=\"font-weight: 400;\">Com a indicador de qualitat ens hav\u00edem proposat que el <\/span>90% dels participants a la FIC valoressin la formaci\u00f3 amb un grau de satisfacci\u00f3 alt o molt alt, assolint l\u2019objectiu marcat (segons les dades de l&#8217;enquesta passades als participants).<\/p>\n<ul>\n<li><em><strong>ACTIVITAT 4.1. Elaborar l\u2019EDC i divulgar el document per fer-ne coneixedora a tota la comunitat escolar<\/strong><\/em><\/li>\n<\/ul>\n<p><strong><em>Assolit. <\/em><\/strong><span style=\"font-family: inherit; font-size: 1em;\">Ens hav\u00edem proposat que a finals del curs 2022-2023 l\u2019Estrat\u00e8gia Digital de Centre estigu\u00e9s elaborada i publicada. El criteri d\u2019abast de l\u2019elaboraci\u00f3 del document s\u2019ha assolit, ja que l\u2019estrat\u00e8gia digital de centre est\u00e0 realitzada. <\/span><\/p>\n<p><span style=\"font-family: inherit; font-size: 1em;\">Per altra banda el criteri de qualitat marcat era que estigu\u00e9s l\u2019EDC publicada dins del termini previst i s\u2019ha assolit, ja que amb data de juny del 2023 tota l\u2019estrat\u00e8gia digital de centre ha quedat publicada a la web del centre i <\/span><span style=\"font-weight: 400;\">es compartir\u00e0 amb la comunitat educativa l\u2019estrat\u00e8gia digital de centre amb un missatge a trav\u00e9s del <\/span><a href=\"https:\/\/t.me\/escolaarraona\"><span style=\"font-weight: 400;\">Canal Telegram de l\u2019escola Arraona<\/span><\/a><span style=\"font-weight: 400;\">.<\/span><\/p>\n","protected":false},"excerpt":{"rendered":"<p>L&#8217;EDC s&#8217;avaluar\u00e0 de forma peri\u00f2dica, revisant objectius i activitats planificades per tal de determinar el grau d&#8217;assoliment, i si \u00e9s necessari modificar els objectius, les actuacions o la temporalitzaci\u00f3. \u00c9s a dir, al llarg de tot el proc\u00e9s d&#8217;implementaci\u00f3 de l&#8217;EDC, s&#8217;aniran recollint dades vinculades amb les actuacions per valorar en quin grau es compleixen [&hellip;]<\/p>\n","protected":false},"author":3,"featured_media":0,"parent":4921,"menu_order":4,"comment_status":"closed","ping_status":"closed","template":"","meta":{"_bbp_topic_count":0,"_bbp_reply_count":0,"_bbp_total_topic_count":0,"_bbp_total_reply_count":0,"_bbp_voice_count":0,"_bbp_anonymous_reply_count":0,"_bbp_topic_count_hidden":0,"_bbp_reply_count_hidden":0,"_bbp_forum_subforum_count":0,"site-sidebar-layout":"default","site-content-layout":"","ast-site-content-layout":"","site-content-style":"default","site-sidebar-style":"default","ast-global-header-display":"","ast-banner-title-visibility":"","ast-main-header-display":"","ast-hfb-above-header-display":"","ast-hfb-below-header-display":"","ast-hfb-mobile-header-display":"","site-post-title":"","ast-breadcrumbs-content":"","ast-featured-img":"","footer-sml-layout":"","theme-transparent-header-meta":"","adv-header-id-meta":"","stick-header-meta":"","header-above-stick-meta":"","header-main-stick-meta":"","header-below-stick-meta":"","astra-migrate-meta-layouts":"default","ast-page-background-enabled":"default","ast-page-background-meta":{"desktop":{"background-color":"var(--ast-global-color-4)","background-image":"","background-repeat":"repeat","background-position":"center center","background-size":"auto","background-attachment":"scroll","background-type":"","background-media":"","overlay-type":"","overlay-color":"","overlay-opacity":"","overlay-gradient":""},"tablet":{"background-color":"","background-image":"","background-repeat":"repeat","background-position":"center center","background-size":"auto","background-attachment":"scroll","background-type":"","background-media":"","overlay-type":"","overlay-color":"","overlay-opacity":"","overlay-gradient":""},"mobile":{"background-color":"","background-image":"","background-repeat":"repeat","background-position":"center center","background-size":"auto","background-attachment":"scroll","background-type":"","background-media":"","overlay-type":"","overlay-color":"","overlay-opacity":"","overlay-gradient":""}},"ast-content-background-meta":{"desktop":{"background-color":"var(--ast-global-color-5)","background-image":"","background-repeat":"repeat","background-position":"center center","background-size":"auto","background-attachment":"scroll","background-type":"","background-media":"","overlay-type":"","overlay-color":"","overlay-opacity":"","overlay-gradient":""},"tablet":{"background-color":"var(--ast-global-color-5)","background-image":"","background-repeat":"repeat","background-position":"center center","background-size":"auto","background-attachment":"scroll","background-type":"","background-media":"","overlay-type":"","overlay-color":"","overlay-opacity":"","overlay-gradient":""},"mobile":{"background-color":"var(--ast-global-color-5)","background-image":"","background-repeat":"repeat","background-position":"center center","background-size":"auto","background-attachment":"scroll","background-type":"","background-media":"","overlay-type":"","overlay-color":"","overlay-opacity":"","overlay-gradient":""}},"footnotes":""},"class_list":["post-5185","page","type-page","status-publish","hentry"],"post_mailing_queue_ids":[],"_links":{"self":[{"href":"https:\/\/agora.xtec.cat\/ceiparraona\/wp-json\/wp\/v2\/pages\/5185","targetHints":{"allow":["GET"]}}],"collection":[{"href":"https:\/\/agora.xtec.cat\/ceiparraona\/wp-json\/wp\/v2\/pages"}],"about":[{"href":"https:\/\/agora.xtec.cat\/ceiparraona\/wp-json\/wp\/v2\/types\/page"}],"author":[{"embeddable":true,"href":"https:\/\/agora.xtec.cat\/ceiparraona\/wp-json\/wp\/v2\/users\/3"}],"replies":[{"embeddable":true,"href":"https:\/\/agora.xtec.cat\/ceiparraona\/wp-json\/wp\/v2\/comments?post=5185"}],"version-history":[{"count":3,"href":"https:\/\/agora.xtec.cat\/ceiparraona\/wp-json\/wp\/v2\/pages\/5185\/revisions"}],"predecessor-version":[{"id":5364,"href":"https:\/\/agora.xtec.cat\/ceiparraona\/wp-json\/wp\/v2\/pages\/5185\/revisions\/5364"}],"up":[{"embeddable":true,"href":"https:\/\/agora.xtec.cat\/ceiparraona\/wp-json\/wp\/v2\/pages\/4921"}],"wp:attachment":[{"href":"https:\/\/agora.xtec.cat\/ceiparraona\/wp-json\/wp\/v2\/media?parent=5185"}],"curies":[{"name":"wp","href":"https:\/\/api.w.org\/{rel}","templated":true}]}}