{"id":5183,"date":"2022-12-13T07:40:39","date_gmt":"2022-12-13T06:40:39","guid":{"rendered":"https:\/\/agora.xtec.cat\/ceiparraona\/?page_id=5183"},"modified":"2023-06-21T05:54:01","modified_gmt":"2023-06-21T03:54:01","slug":"planificacio-i-seguiment","status":"publish","type":"page","link":"https:\/\/agora.xtec.cat\/ceiparraona\/estrategia-digital-de-centre\/planificacio-i-seguiment\/","title":{"rendered":"PLANIFICACI\u00d3 I SEGUIMENT"},"content":{"rendered":"<h2>PLANIFICACI\u00d3 I SEGUIMENT<\/h2>\n<p><img loading=\"lazy\" decoding=\"async\" class=\"alignnone wp-image-5372 size-large\" src=\"https:\/\/agora.xtec.cat\/ceiparraona\/wp-content\/uploads\/usu1072\/2023\/06\/EDC-Arraona-1024x576.png\" alt=\"\" width=\"1024\" height=\"576\" srcset=\"https:\/\/agora.xtec.cat\/ceiparraona\/wp-content\/uploads\/usu1072\/2023\/06\/EDC-Arraona-1024x576.png 1024w, https:\/\/agora.xtec.cat\/ceiparraona\/wp-content\/uploads\/usu1072\/2023\/06\/EDC-Arraona-300x169.png 300w, https:\/\/agora.xtec.cat\/ceiparraona\/wp-content\/uploads\/usu1072\/2023\/06\/EDC-Arraona-768x432.png 768w, https:\/\/agora.xtec.cat\/ceiparraona\/wp-content\/uploads\/usu1072\/2023\/06\/EDC-Arraona-1536x864.png 1536w, https:\/\/agora.xtec.cat\/ceiparraona\/wp-content\/uploads\/usu1072\/2023\/06\/EDC-Arraona.png 1920w\" sizes=\"auto, (max-width: 1024px) 100vw, 1024px\" \/><\/p>\n<ul style=\"list-style-type: square;\">\n<li>1.1 Creaci\u00f3 d&#8217;un document per tal de recollir i establir com avaluem la compet\u00e8ncia digital dels alumnes.\n<ul style=\"list-style-type: square;\">\n<li><em>Indicador:<\/em> Reunions realitzades amb cadascun dels cicles per elaborar el document.\u00a0<em>Criteri d&#8217;\u00e8xit:<\/em> 80%.<\/li>\n<\/ul>\n<\/li>\n<li>2.1. Realitzaci\u00f3 de la FIC digital per tal d&#8217;iniciar i\/o aprofundir respecte a la compet\u00e8ncia\u00a0 digital.\n<ul style=\"list-style-type: square;\">\n<li><em>Indicador 1:<\/em> Participaci\u00f3 dels mestres a la formaci\u00f3. <em>Criteri d&#8217;\u00e8xit:<\/em> 80%.<\/li>\n<li><em>Indicador 2:<\/em> Grau de satisfacci\u00f3 dels partipants. <em>Criteri d&#8217;\u00e8xit:<\/em> 90%.<\/li>\n<\/ul>\n<\/li>\n<li>2.2. Sistematitzaci\u00f3 d&#8217;un espai trimestral per tal de continuar l\u2019intercanvi d&#8217;aquestes experi\u00e8ncies en claustres pedag\u00f2gics.\n<ul style=\"list-style-type: square;\">\n<li><em>Indicador 1:<\/em> Sessions anuals. <em>Criteri d&#8217;\u00e8xit:<\/em> 100%.<\/li>\n<li><em>Indicador 2:<\/em> Integraci\u00f3 a l&#8217;aula d&#8217;experi\u00e8ncies compartides. <em>Criteri d&#8217;\u00e8xit:<\/em> 5 nivells.<\/li>\n<\/ul>\n<\/li>\n<li>3.1. Seq\u00fcenciaci\u00f3 d&#8217;activitats per cicles referent a la CD.\n<ul style=\"list-style-type: square;\">\n<li><em>Indicador:<\/em> Elaboraci\u00f3 del document.\u00a0<em>Criteri d&#8217;\u00e8xit:<\/em> Document elaborat.<\/li>\n<\/ul>\n<\/li>\n<li>3.2. Elaboraci\u00f3 d&#8217;un banc de recursos amb el recull de les activitats realitzades.\n<ul style=\"list-style-type: square;\">\n<li><em>Indicador:<\/em> Elaboraci\u00f3, \u00fas i actualitzaci\u00f3 del banc de recursos.\u00a0<em>Criteri d&#8217;\u00e8xit:<\/em> 1 recurs per cada tutoria.<\/li>\n<\/ul>\n<\/li>\n<li>4.1 Elaborar l&#8217;EDC i divulgar el document per fer-ne coneixedora a tota la comunitat escolar.\n<ul style=\"list-style-type: square;\">\n<li><em>Indicador:<\/em> Elaboraci\u00f3 i publicaci\u00f3 del document i difusi\u00f3 amb la comunitat educativa. <em>Criteri d&#8217;\u00e8xit:<\/em> Document fet i compartit.<\/li>\n<\/ul>\n<\/li>\n<\/ul>\n","protected":false},"excerpt":{"rendered":"<p>PLANIFICACI\u00d3 I SEGUIMENT 1.1 Creaci\u00f3 d&#8217;un document per tal de recollir i establir com avaluem la compet\u00e8ncia digital dels alumnes. Indicador: Reunions realitzades amb cadascun dels cicles per elaborar el document.\u00a0Criteri d&#8217;\u00e8xit: 80%. 2.1. Realitzaci\u00f3 de la FIC digital per tal d&#8217;iniciar i\/o aprofundir respecte a la compet\u00e8ncia\u00a0 digital. Indicador 1: Participaci\u00f3 dels mestres a [&hellip;]<\/p>\n","protected":false},"author":3,"featured_media":0,"parent":4921,"menu_order":3,"comment_status":"closed","ping_status":"closed","template":"","meta":{"_bbp_topic_count":0,"_bbp_reply_count":0,"_bbp_total_topic_count":0,"_bbp_total_reply_count":0,"_bbp_voice_count":0,"_bbp_anonymous_reply_count":0,"_bbp_topic_count_hidden":0,"_bbp_reply_count_hidden":0,"_bbp_forum_subforum_count":0,"site-sidebar-layout":"default","site-content-layout":"","ast-site-content-layout":"","site-content-style":"default","site-sidebar-style":"default","ast-global-header-display":"","ast-banner-title-visibility":"","ast-main-header-display":"","ast-hfb-above-header-display":"","ast-hfb-below-header-display":"","ast-hfb-mobile-header-display":"","site-post-title":"","ast-breadcrumbs-content":"","ast-featured-img":"","footer-sml-layout":"","theme-transparent-header-meta":"","adv-header-id-meta":"","stick-header-meta":"","header-above-stick-meta":"","header-main-stick-meta":"","header-below-stick-meta":"","astra-migrate-meta-layouts":"default","ast-page-background-enabled":"default","ast-page-background-meta":{"desktop":{"background-color":"var(--ast-global-color-4)","background-image":"","background-repeat":"repeat","background-position":"center center","background-size":"auto","background-attachment":"scroll","background-type":"","background-media":"","overlay-type":"","overlay-color":"","overlay-opacity":"","overlay-gradient":""},"tablet":{"background-color":"","background-image":"","background-repeat":"repeat","background-position":"center center","background-size":"auto","background-attachment":"scroll","background-type":"","background-media":"","overlay-type":"","overlay-color":"","overlay-opacity":"","overlay-gradient":""},"mobile":{"background-color":"","background-image":"","background-repeat":"repeat","background-position":"center center","background-size":"auto","background-attachment":"scroll","background-type":"","background-media":"","overlay-type":"","overlay-color":"","overlay-opacity":"","overlay-gradient":""}},"ast-content-background-meta":{"desktop":{"background-color":"var(--ast-global-color-5)","background-image":"","background-repeat":"repeat","background-position":"center center","background-size":"auto","background-attachment":"scroll","background-type":"","background-media":"","overlay-type":"","overlay-color":"","overlay-opacity":"","overlay-gradient":""},"tablet":{"background-color":"var(--ast-global-color-5)","background-image":"","background-repeat":"repeat","background-position":"center center","background-size":"auto","background-attachment":"scroll","background-type":"","background-media":"","overlay-type":"","overlay-color":"","overlay-opacity":"","overlay-gradient":""},"mobile":{"background-color":"var(--ast-global-color-5)","background-image":"","background-repeat":"repeat","background-position":"center center","background-size":"auto","background-attachment":"scroll","background-type":"","background-media":"","overlay-type":"","overlay-color":"","overlay-opacity":"","overlay-gradient":""}},"footnotes":""},"class_list":["post-5183","page","type-page","status-publish","hentry"],"post_mailing_queue_ids":[],"_links":{"self":[{"href":"https:\/\/agora.xtec.cat\/ceiparraona\/wp-json\/wp\/v2\/pages\/5183","targetHints":{"allow":["GET"]}}],"collection":[{"href":"https:\/\/agora.xtec.cat\/ceiparraona\/wp-json\/wp\/v2\/pages"}],"about":[{"href":"https:\/\/agora.xtec.cat\/ceiparraona\/wp-json\/wp\/v2\/types\/page"}],"author":[{"embeddable":true,"href":"https:\/\/agora.xtec.cat\/ceiparraona\/wp-json\/wp\/v2\/users\/3"}],"replies":[{"embeddable":true,"href":"https:\/\/agora.xtec.cat\/ceiparraona\/wp-json\/wp\/v2\/comments?post=5183"}],"version-history":[{"count":3,"href":"https:\/\/agora.xtec.cat\/ceiparraona\/wp-json\/wp\/v2\/pages\/5183\/revisions"}],"predecessor-version":[{"id":5373,"href":"https:\/\/agora.xtec.cat\/ceiparraona\/wp-json\/wp\/v2\/pages\/5183\/revisions\/5373"}],"up":[{"embeddable":true,"href":"https:\/\/agora.xtec.cat\/ceiparraona\/wp-json\/wp\/v2\/pages\/4921"}],"wp:attachment":[{"href":"https:\/\/agora.xtec.cat\/ceiparraona\/wp-json\/wp\/v2\/media?parent=5183"}],"curies":[{"name":"wp","href":"https:\/\/api.w.org\/{rel}","templated":true}]}}