{"id":3488,"date":"2019-10-14T09:04:24","date_gmt":"2019-10-14T07:04:24","guid":{"rendered":"https:\/\/agora.xtec.cat\/ceiparraona\/?page_id=3488"},"modified":"2024-09-18T12:23:57","modified_gmt":"2024-09-18T10:23:57","slug":"nofc","status":"publish","type":"page","link":"https:\/\/agora.xtec.cat\/ceiparraona\/projecte-educatiu\/nofc\/","title":{"rendered":"NOFC"},"content":{"rendered":"<h3 style=\"text-align: center;\">NORMES D&#8217;ORGANITZACI\u00d3 I FUNCIONAMENT DEL CENTRE<\/h3>\n<p style=\"text-align: center;\"><iframe loading=\"lazy\" src=\"https:\/\/drive.google.com\/file\/d\/1t7LJGHO85s2MUaBC3KW3Qc-NmF8okcn2\/preview\" width=\"540\" height=\"1080\"><span data-mce-type=\"bookmark\" style=\"display: inline-block; width: 0px; overflow: hidden; line-height: 0;\" class=\"mce_SELRES_start\">\ufeff<\/span><span data-mce-type=\"bookmark\" style=\"display: inline-block; width: 0px; overflow: hidden; line-height: 0;\" class=\"mce_SELRES_start\">\ufeff<\/span><span data-mce-type=\"bookmark\" style=\"display: inline-block; width: 0px; overflow: hidden; line-height: 0;\" class=\"mce_SELRES_start\">\ufeff<\/span><\/iframe><\/p>\n<h4 style=\"text-align: center;\">ANNEXES<\/h4>\n<p style=\"text-align: center;\"><iframe loading=\"lazy\" src=\"https:\/\/drive.google.com\/file\/d\/1V5WNZuwCn2GN08BFQ-RiHxrFwF--F_2y\/preview\" width=\"540\" height=\"1080\"><span data-mce-type=\"bookmark\" style=\"display: inline-block; width: 0px; overflow: hidden; line-height: 0;\" class=\"mce_SELRES_start\">\ufeff<\/span><\/iframe><\/p>\n<p><a href=\"https:\/\/drive.google.com\/file\/d\/1wa4HEflL40XgyNCFcY4VVKVKCUOvRcbA\/view?usp=sharing\">Annex 1: Projecte Educatiu de Centre (PEC)<\/a><\/p>\n<p><a href=\"https:\/\/drive.google.com\/file\/d\/1WYA1mEcTHddbHJ4Mae-OiuQgxM1-ncuj\/view?usp=sharing\">Annex 2: Normativa del Consell Escolar<\/a><\/p>\n<p><a href=\"https:\/\/drive.google.com\/file\/d\/1XDsQrRSj9bkH0e1Ycszy2qwAHs7fTkEg\/view?usp=sharing\">Annex 3: Pla d&#8217;evacuaci\u00f3 i protocol de sortida en cas de situaci\u00f3 adversa<\/a><\/p>\n<p><a href=\"https:\/\/drive.google.com\/file\/d\/1w6gYyZbTS22E6RTUX6UiCdCWwru8FknA\/view?usp=drive_link\">Annex 4: Document CAD: Criteris d&#8217;atenci\u00f3 a l&#8217;alumnat d&#8217;EE, AiLL i Aula d&#8217;Acollida<\/a><\/p>\n<p><a href=\"https:\/\/drive.google.com\/file\/d\/1bqrYGGyBIG2SyQe7J8UTTog4kRr-ZH4x\/view?usp=drive_link\">Annex 5: Aspectes generals de l&#8217;\u00e0rea d&#8217;Educaci\u00f3 F\u00edsica<\/a><\/p>\n<p><a href=\"https:\/\/drive.google.com\/file\/d\/1togmZvzKLvLVSulpYigXG7e5GhDCKQQJ\/view?usp=drive_link\">Annex 6: Autoritzacions diverses<\/a><\/p>\n<p><a href=\"https:\/\/drive.google.com\/file\/d\/1PCPhNI6HMyfYt8frlIRXYTq9ywb5bOym\/view?usp=drive_link\">Annex 7: Carta de comprom\u00eds educatiu<\/a><\/p>\n<p><a href=\"https:\/\/drive.google.com\/file\/d\/1xhxJ992w7u0YacQYtVCt7nc63dKt7907\/view?usp=drive_link\">Annex 8: Normativa menjador<\/a><\/p>\n<p><a href=\"https:\/\/drive.google.com\/file\/d\/1EIfDgmlZ6jQ0PKYI-LoDTGv-lN8yRQLo\/view?usp=drive_link\">Annex 9: Absentisme. Protocols i accions<\/a><\/p>\n<p><a href=\"https:\/\/drive.google.com\/file\/d\/1VORLvlgcHdmJCz66-Lgt3VLVKacT7rbN\/view?usp=drive_link\">Annex 10: Pla d&#8217;acollida<\/a><\/p>\n<p><a href=\"https:\/\/drive.google.com\/file\/d\/1S_rL2pOdYodmpwEbAipqmES8uZI-PfFr\/view?usp=drive_link\">Annex 11: Pla d&#8217;acollida a fam\u00edlies i alumnat de recent incorporaci\u00f3<\/a><\/p>\n<p><a href=\"https:\/\/drive.google.com\/file\/d\/1ATnICx1s0NeTkKXkEpEA3gXc8M9M1wux\/view?usp=drive_link\">Annex 12: Digitalitzaci\u00f3 de l&#8217;Escola Arraona<\/a><\/p>\n<p><a href=\"https:\/\/drive.google.com\/file\/d\/1645uGHxRLsDoN8oefvZ-Uo0l6YzEVOn5\/view?usp=drive_link\">Annex 13: Quadern docent<\/a><\/p>\n","protected":false},"excerpt":{"rendered":"<p>NORMES D&#8217;ORGANITZACI\u00d3 I FUNCIONAMENT DEL CENTRE \ufeff\ufeff\ufeff ANNEXES \ufeff Annex 1: Projecte Educatiu de Centre (PEC) Annex 2: Normativa del Consell Escolar Annex 3: Pla d&#8217;evacuaci\u00f3 i protocol de sortida en cas de situaci\u00f3 adversa Annex 4: Document CAD: Criteris d&#8217;atenci\u00f3 a l&#8217;alumnat d&#8217;EE, AiLL i Aula d&#8217;Acollida Annex 5: Aspectes generals de l&#8217;\u00e0rea d&#8217;Educaci\u00f3 [&hellip;]<\/p>\n","protected":false},"author":1,"featured_media":0,"parent":64,"menu_order":3,"comment_status":"closed","ping_status":"closed","template":"","meta":{"_bbp_topic_count":0,"_bbp_reply_count":0,"_bbp_total_topic_count":0,"_bbp_total_reply_count":0,"_bbp_voice_count":0,"_bbp_anonymous_reply_count":0,"_bbp_topic_count_hidden":0,"_bbp_reply_count_hidden":0,"_bbp_forum_subforum_count":0,"site-sidebar-layout":"default","site-content-layout":"","ast-site-content-layout":"","site-content-style":"default","site-sidebar-style":"default","ast-global-header-display":"","ast-banner-title-visibility":"","ast-main-header-display":"","ast-hfb-above-header-display":"","ast-hfb-below-header-display":"","ast-hfb-mobile-header-display":"","site-post-title":"","ast-breadcrumbs-content":"","ast-featured-img":"","footer-sml-layout":"","theme-transparent-header-meta":"","adv-header-id-meta":"","stick-header-meta":"","header-above-stick-meta":"","header-main-stick-meta":"","header-below-stick-meta":"","astra-migrate-meta-layouts":"default","ast-page-background-enabled":"default","ast-page-background-meta":{"desktop":{"background-color":"var(--ast-global-color-4)","background-image":"","background-repeat":"repeat","background-position":"center center","background-size":"auto","background-attachment":"scroll","background-type":"","background-media":"","overlay-type":"","overlay-color":"","overlay-opacity":"","overlay-gradient":""},"tablet":{"background-color":"","background-image":"","background-repeat":"repeat","background-position":"center center","background-size":"auto","background-attachment":"scroll","background-type":"","background-media":"","overlay-type":"","overlay-color":"","overlay-opacity":"","overlay-gradient":""},"mobile":{"background-color":"","background-image":"","background-repeat":"repeat","background-position":"center center","background-size":"auto","background-attachment":"scroll","background-type":"","background-media":"","overlay-type":"","overlay-color":"","overlay-opacity":"","overlay-gradient":""}},"ast-content-background-meta":{"desktop":{"background-color":"var(--ast-global-color-5)","background-image":"","background-repeat":"repeat","background-position":"center center","background-size":"auto","background-attachment":"scroll","background-type":"","background-media":"","overlay-type":"","overlay-color":"","overlay-opacity":"","overlay-gradient":""},"tablet":{"background-color":"var(--ast-global-color-5)","background-image":"","background-repeat":"repeat","background-position":"center center","background-size":"auto","background-attachment":"scroll","background-type":"","background-media":"","overlay-type":"","overlay-color":"","overlay-opacity":"","overlay-gradient":""},"mobile":{"background-color":"var(--ast-global-color-5)","background-image":"","background-repeat":"repeat","background-position":"center center","background-size":"auto","background-attachment":"scroll","background-type":"","background-media":"","overlay-type":"","overlay-color":"","overlay-opacity":"","overlay-gradient":""}},"footnotes":""},"class_list":["post-3488","page","type-page","status-publish","hentry"],"post_mailing_queue_ids":[],"_links":{"self":[{"href":"https:\/\/agora.xtec.cat\/ceiparraona\/wp-json\/wp\/v2\/pages\/3488","targetHints":{"allow":["GET"]}}],"collection":[{"href":"https:\/\/agora.xtec.cat\/ceiparraona\/wp-json\/wp\/v2\/pages"}],"about":[{"href":"https:\/\/agora.xtec.cat\/ceiparraona\/wp-json\/wp\/v2\/types\/page"}],"author":[{"embeddable":true,"href":"https:\/\/agora.xtec.cat\/ceiparraona\/wp-json\/wp\/v2\/users\/1"}],"replies":[{"embeddable":true,"href":"https:\/\/agora.xtec.cat\/ceiparraona\/wp-json\/wp\/v2\/comments?post=3488"}],"version-history":[{"count":5,"href":"https:\/\/agora.xtec.cat\/ceiparraona\/wp-json\/wp\/v2\/pages\/3488\/revisions"}],"predecessor-version":[{"id":5677,"href":"https:\/\/agora.xtec.cat\/ceiparraona\/wp-json\/wp\/v2\/pages\/3488\/revisions\/5677"}],"up":[{"embeddable":true,"href":"https:\/\/agora.xtec.cat\/ceiparraona\/wp-json\/wp\/v2\/pages\/64"}],"wp:attachment":[{"href":"https:\/\/agora.xtec.cat\/ceiparraona\/wp-json\/wp\/v2\/media?parent=3488"}],"curies":[{"name":"wp","href":"https:\/\/api.w.org\/{rel}","templated":true}]}}