{"id":3430,"date":"2019-09-13T14:29:56","date_gmt":"2019-09-13T12:29:56","guid":{"rendered":"https:\/\/agora.xtec.cat\/ceiparraona\/?page_id=3430"},"modified":"2026-04-17T07:28:25","modified_gmt":"2026-04-17T05:28:25","slug":"mestres","status":"publish","type":"page","link":"https:\/\/agora.xtec.cat\/ceiparraona\/lescola\/mestres\/","title":{"rendered":"Qui som?"},"content":{"rendered":"<h2 style=\"text-align: center;\">EQUIP DIRECTIU<\/h2>\n<p style=\"text-align: center;\">DIRECCI\u00d3: XAVIER TEROL<\/p>\n<p style=\"text-align: center;\">CAP D\u2019ESTUDIS: MARISA S\u00c1NCHEZ<\/p>\n<p style=\"text-align: center;\">SECRET\u00c0RIA: ROC\u00cdO MART\u00cdN<\/p>\n<h2><\/h2>\n<h2 style=\"text-align: center;\">EQUIP DOCENT<\/h2>\n<p style=\"text-align: center;\">I3A: SUSANA GARRIDO<\/p>\n<p style=\"text-align: center;\">I4A: ESTER VEGA<\/p>\n<p style=\"text-align: center;\">I4B: MONTSE GARCIA<\/p>\n<p style=\"text-align: center;\">I5A: BERNAT MATA (ref. MARIA NICOL\u00c0S)<\/p>\n<p style=\"text-align: center;\">1rA: MARIA SAEZ<\/p>\n<p style=\"text-align: center;\">1rB: ANNA GALLART<\/p>\n<p style=\"text-align: center;\">2nA: ALBA DALMASES<\/p>\n<p style=\"text-align: center;\">3rA: MIREIA SERRA<\/p>\n<p style=\"text-align: center;\">3rB: CRISTINA MIR\u00d3 (subst. DIONI GARCIA)<\/p>\n<p style=\"text-align: center;\">4tA: PURI MART\u00cdNEZ<\/p>\n<p style=\"text-align: center;\">5\u00e8A: TINA JANOT<\/p>\n<p style=\"text-align: center;\">5\u00e8B: MARIA BERBEGAL<\/p>\n<p style=\"text-align: center;\">6\u00e8A: ALEJANDRO D\u00cdAZ<\/p>\n<p style=\"text-align: center;\">6\u00e8B: VER\u00d3NICA CORRAL<\/p>\n<p>&nbsp;<\/p>\n<p style=\"text-align: center;\">M\u00daSICA: JUDIT VILELLAS<\/p>\n<p style=\"text-align: center;\">ANGL\u00c8S: MAR SARIOLA (subst. CRISTINA ARJONA) I<\/p>\n<p style=\"text-align: center;\">MARINA BORREGO (subst. SILVIA SANZ)<\/p>\n<p style=\"text-align: center;\">ED. F\u00cdSICA: \u00d3SCAR MIRANDA (subst. ARIANNA MART\u00cd)<\/p>\n<p style=\"text-align: center;\">EE: PAULA BENAVENT<\/p>\n<p style=\"text-align: center;\">AiLL: MARTA BELL\u00c9S (subst. MIREIA GALIT\u00d3)<\/p>\n<p style=\"text-align: center;\">REFOR\u00c7 \/ ESCACS: ALFONS PAREJA<\/p>\n<p style=\"text-align: center;\">TEI: JUDITH FONT \/ ANNA LLOBET<\/p>\n<p style=\"text-align: center;\">TIS: LARA FRANCO<\/p>\n<p style=\"text-align: center;\">ADMINISTRATIVA: SUSANA LOPEZ<\/p>\n<p style=\"text-align: center;\">CONSERGE: &#8220;QUENDI&#8221; VAQU\u00c9<\/p>\n","protected":false},"excerpt":{"rendered":"<p>EQUIP DIRECTIU DIRECCI\u00d3: XAVIER TEROL CAP D\u2019ESTUDIS: MARISA S\u00c1NCHEZ SECRET\u00c0RIA: ROC\u00cdO MART\u00cdN EQUIP DOCENT I3A: SUSANA GARRIDO I4A: ESTER VEGA I4B: MONTSE GARCIA I5A: BERNAT MATA (ref. MARIA NICOL\u00c0S) 1rA: MARIA SAEZ 1rB: ANNA GALLART 2nA: ALBA DALMASES 3rA: MIREIA SERRA 3rB: CRISTINA MIR\u00d3 (subst. DIONI GARCIA) 4tA: PURI MART\u00cdNEZ 5\u00e8A: TINA JANOT 5\u00e8B: MARIA [&hellip;]<\/p>\n","protected":false},"author":1,"featured_media":0,"parent":22,"menu_order":3,"comment_status":"closed","ping_status":"closed","template":"","meta":{"_bbp_topic_count":0,"_bbp_reply_count":0,"_bbp_total_topic_count":0,"_bbp_total_reply_count":0,"_bbp_voice_count":0,"_bbp_anonymous_reply_count":0,"_bbp_topic_count_hidden":0,"_bbp_reply_count_hidden":0,"_bbp_forum_subforum_count":0,"site-sidebar-layout":"default","site-content-layout":"","ast-site-content-layout":"default","site-content-style":"default","site-sidebar-style":"default","ast-global-header-display":"","ast-banner-title-visibility":"","ast-main-header-display":"","ast-hfb-above-header-display":"","ast-hfb-below-header-display":"","ast-hfb-mobile-header-display":"","site-post-title":"","ast-breadcrumbs-content":"","ast-featured-img":"","footer-sml-layout":"","theme-transparent-header-meta":"default","adv-header-id-meta":"","stick-header-meta":"","header-above-stick-meta":"","header-main-stick-meta":"","header-below-stick-meta":"","astra-migrate-meta-layouts":"set","ast-page-background-enabled":"default","ast-page-background-meta":{"desktop":{"background-color":"var(--ast-global-color-4)","background-image":"","background-repeat":"repeat","background-position":"center center","background-size":"auto","background-attachment":"scroll","background-type":"","background-media":"","overlay-type":"","overlay-color":"","overlay-opacity":"","overlay-gradient":""},"tablet":{"background-color":"","background-image":"","background-repeat":"repeat","background-position":"center center","background-size":"auto","background-attachment":"scroll","background-type":"","background-media":"","overlay-type":"","overlay-color":"","overlay-opacity":"","overlay-gradient":""},"mobile":{"background-color":"","background-image":"","background-repeat":"repeat","background-position":"center center","background-size":"auto","background-attachment":"scroll","background-type":"","background-media":"","overlay-type":"","overlay-color":"","overlay-opacity":"","overlay-gradient":""}},"ast-content-background-meta":{"desktop":{"background-color":"var(--ast-global-color-5)","background-image":"","background-repeat":"repeat","background-position":"center center","background-size":"auto","background-attachment":"scroll","background-type":"","background-media":"","overlay-type":"","overlay-color":"","overlay-opacity":"","overlay-gradient":""},"tablet":{"background-color":"var(--ast-global-color-5)","background-image":"","background-repeat":"repeat","background-position":"center center","background-size":"auto","background-attachment":"scroll","background-type":"","background-media":"","overlay-type":"","overlay-color":"","overlay-opacity":"","overlay-gradient":""},"mobile":{"background-color":"var(--ast-global-color-5)","background-image":"","background-repeat":"repeat","background-position":"center center","background-size":"auto","background-attachment":"scroll","background-type":"","background-media":"","overlay-type":"","overlay-color":"","overlay-opacity":"","overlay-gradient":""}},"footnotes":""},"class_list":["post-3430","page","type-page","status-publish","hentry"],"post_mailing_queue_ids":[],"_links":{"self":[{"href":"https:\/\/agora.xtec.cat\/ceiparraona\/wp-json\/wp\/v2\/pages\/3430","targetHints":{"allow":["GET"]}}],"collection":[{"href":"https:\/\/agora.xtec.cat\/ceiparraona\/wp-json\/wp\/v2\/pages"}],"about":[{"href":"https:\/\/agora.xtec.cat\/ceiparraona\/wp-json\/wp\/v2\/types\/page"}],"author":[{"embeddable":true,"href":"https:\/\/agora.xtec.cat\/ceiparraona\/wp-json\/wp\/v2\/users\/1"}],"replies":[{"embeddable":true,"href":"https:\/\/agora.xtec.cat\/ceiparraona\/wp-json\/wp\/v2\/comments?post=3430"}],"version-history":[{"count":6,"href":"https:\/\/agora.xtec.cat\/ceiparraona\/wp-json\/wp\/v2\/pages\/3430\/revisions"}],"predecessor-version":[{"id":6050,"href":"https:\/\/agora.xtec.cat\/ceiparraona\/wp-json\/wp\/v2\/pages\/3430\/revisions\/6050"}],"up":[{"embeddable":true,"href":"https:\/\/agora.xtec.cat\/ceiparraona\/wp-json\/wp\/v2\/pages\/22"}],"wp:attachment":[{"href":"https:\/\/agora.xtec.cat\/ceiparraona\/wp-json\/wp\/v2\/media?parent=3430"}],"curies":[{"name":"wp","href":"https:\/\/api.w.org\/{rel}","templated":true}]}}