{"id":30,"date":"2014-09-18T12:30:23","date_gmt":"2014-09-18T11:30:23","guid":{"rendered":"http:\/\/agora.xtec.cat\/ceiparraona\/?page_id=30"},"modified":"2019-10-11T16:18:33","modified_gmt":"2019-10-11T14:18:33","slug":"instal%c2%b7lacions","status":"publish","type":"page","link":"https:\/\/agora.xtec.cat\/ceiparraona\/lescola\/instal%c2%b7lacions\/","title":{"rendered":"Instal\u00b7lacions"},"content":{"rendered":"<h3>RACONS DE JOC<\/h3>\n<h3><\/h3>\n<h3>ESPAI DE LLUM<\/h3>\n<p>&nbsp;<\/p>\n<h3>AULA DE CI\u00c8NCIES<\/h3>\n<h3><\/h3>\n<h3>BIBLIOTECA<\/h3>\n<p>A l&#8217;escola tenim una biblioteca que fa goig. La Gemma Campavadal \u00e9s l&#8217;encarregada d&#8217;aquesta i sempre ens assessora molt b\u00e9 en la tria del llibre que ens volem emportar en pr\u00e8stec.<\/p>\n<h3>PSICOMOTRICITAT<\/h3>\n<p>A l\u2019aula de psicomotricitat \u00e9s on els m\u00e9s menuts de l\u2019escola fan les activitats per millorar els seus moviments i la coordinaci\u00f3 motora.<\/p>\n<p>Mireu qu\u00e8 b\u00e9 ens ho passem:<\/p>\n<p><strong>ACTIVITATS AMB P4<\/strong><\/p>\n<p><a href=\"https:\/\/agora.xtec.cat\/ceiparraona\/wp-content\/uploads\/usu1072\/2019\/08\/IMG-20161006-WA0011.jpg\" target=\"_blank\" rel=\"noopener noreferrer\"><img loading=\"lazy\" decoding=\"async\" class=\"aligncenter wp-image-3415 size-medium\" src=\"https:\/\/agora.xtec.cat\/ceiparraona\/wp-content\/uploads\/usu1072\/2019\/08\/IMG-20161006-WA0011-225x300.jpg\" alt=\"\" width=\"225\" height=\"300\" srcset=\"https:\/\/agora.xtec.cat\/ceiparraona\/wp-content\/uploads\/usu1072\/2019\/08\/IMG-20161006-WA0011-225x300.jpg 225w, https:\/\/agora.xtec.cat\/ceiparraona\/wp-content\/uploads\/usu1072\/2019\/08\/IMG-20161006-WA0011.jpg 768w\" sizes=\"auto, (max-width: 225px) 100vw, 225px\" \/><\/a><\/p>\n<p>En aquesta sessi\u00f3 hem fet moltes activitats:<\/p>\n<ul>\n<li>Ens desplacem de moltes maneres.<\/li>\n<li>Anomenem les parts del cos: cap, orelles, \u2026<\/li>\n<li>Juguem a bitlles.<\/li>\n<li>Som gegants i \u201carranquem cebes\u201d.<\/li>\n<li>Hi ha estones de \u201cjoc lliure\u201d.<\/li>\n<li>I per acabar la sessi\u00f3, descansem.<\/li>\n<\/ul>\n<p><a href=\"https:\/\/drive.google.com\/drive\/folders\/0B9BzOjeAHnnOSkwtTVpnZ1I2Q2M?usp=sharing\" target=\"_blank\" rel=\"noopener noreferrer\">Cliqueu aqu\u00ed<\/a> per veure m\u00e9s fotografies.<\/p>\n<p><strong>ACTIVITATS AMB P5<\/strong><\/p>\n<p>La nostra creativitat no t\u00e9 l\u00edmits.<\/p>\n<p><a href=\"https:\/\/agora.xtec.cat\/ceiparraona\/wp-content\/uploads\/usu1072\/2019\/08\/IMG-20160927-WA0018.jpg\" target=\"_blank\" rel=\"noopener noreferrer\"><img loading=\"lazy\" decoding=\"async\" class=\"wp-image-3413 size-medium alignleft\" src=\"https:\/\/agora.xtec.cat\/ceiparraona\/wp-content\/uploads\/usu1072\/2019\/08\/IMG-20160927-WA0018-225x300.jpg\" alt=\"\" width=\"225\" height=\"300\" srcset=\"https:\/\/agora.xtec.cat\/ceiparraona\/wp-content\/uploads\/usu1072\/2019\/08\/IMG-20160927-WA0018-225x300.jpg 225w, https:\/\/agora.xtec.cat\/ceiparraona\/wp-content\/uploads\/usu1072\/2019\/08\/IMG-20160927-WA0018.jpg 768w\" sizes=\"auto, (max-width: 225px) 100vw, 225px\" \/><\/a><a href=\"https:\/\/agora.xtec.cat\/ceiparraona\/wp-content\/uploads\/usu1072\/2019\/08\/IMG-20160927-WA0013.jpg\" target=\"_blank\" rel=\"noopener noreferrer\"><img loading=\"lazy\" decoding=\"async\" class=\"alignleft wp-image-3414 size-medium\" src=\"https:\/\/agora.xtec.cat\/ceiparraona\/wp-content\/uploads\/usu1072\/2019\/08\/IMG-20160927-WA0013-225x300.jpg\" alt=\"\" width=\"225\" height=\"300\" srcset=\"https:\/\/agora.xtec.cat\/ceiparraona\/wp-content\/uploads\/usu1072\/2019\/08\/IMG-20160927-WA0013-225x300.jpg 225w, https:\/\/agora.xtec.cat\/ceiparraona\/wp-content\/uploads\/usu1072\/2019\/08\/IMG-20160927-WA0013.jpg 768w\" sizes=\"auto, (max-width: 225px) 100vw, 225px\" \/><\/a><\/p>\n<p>&nbsp;<\/p>\n<p>&nbsp;<\/p>\n<p>&nbsp;<\/p>\n<p>&nbsp;<\/p>\n<p>&nbsp;<\/p>\n<p>&nbsp;<\/p>\n<p>&nbsp;<\/p>\n<p>&nbsp;<\/p>\n<p><a href=\"https:\/\/drive.google.com\/drive\/folders\/0B9BzOjeAHnnOWUEyUDh3Ni02RlU?usp=sharing\" target=\"_blank\" rel=\"noopener noreferrer\">Mireu quines construccions fem!<\/a>\u00a0A m\u00e9s, experimentem amb els cercles i gaudim molt\u00edssim de les estonetes de joc lliure.<\/p>\n","protected":false},"excerpt":{"rendered":"<p>RACONS DE JOC ESPAI DE LLUM &nbsp; AULA DE CI\u00c8NCIES BIBLIOTECA A l&#8217;escola tenim una biblioteca que fa goig. La Gemma Campavadal \u00e9s l&#8217;encarregada d&#8217;aquesta i sempre ens assessora molt b\u00e9 en la tria del llibre que ens volem emportar en pr\u00e8stec. PSICOMOTRICITAT A l\u2019aula de psicomotricitat \u00e9s on els m\u00e9s menuts de l\u2019escola fan [&hellip;]<\/p>\n","protected":false},"author":1,"featured_media":0,"parent":22,"menu_order":40,"comment_status":"closed","ping_status":"closed","template":"page-templates\/side-menu.php","meta":{"_bbp_topic_count":0,"_bbp_reply_count":0,"_bbp_total_topic_count":0,"_bbp_total_reply_count":0,"_bbp_voice_count":0,"_bbp_anonymous_reply_count":0,"_bbp_topic_count_hidden":0,"_bbp_reply_count_hidden":0,"_bbp_forum_subforum_count":0,"site-sidebar-layout":"default","site-content-layout":"","ast-site-content-layout":"","site-content-style":"default","site-sidebar-style":"default","ast-global-header-display":"","ast-banner-title-visibility":"","ast-main-header-display":"","ast-hfb-above-header-display":"","ast-hfb-below-header-display":"","ast-hfb-mobile-header-display":"","site-post-title":"","ast-breadcrumbs-content":"","ast-featured-img":"","footer-sml-layout":"","theme-transparent-header-meta":"","adv-header-id-meta":"","stick-header-meta":"","header-above-stick-meta":"","header-main-stick-meta":"","header-below-stick-meta":"","astra-migrate-meta-layouts":"default","ast-page-background-enabled":"default","ast-page-background-meta":{"desktop":{"background-color":"var(--ast-global-color-4)","background-image":"","background-repeat":"repeat","background-position":"center center","background-size":"auto","background-attachment":"scroll","background-type":"","background-media":"","overlay-type":"","overlay-color":"","overlay-opacity":"","overlay-gradient":""},"tablet":{"background-color":"","background-image":"","background-repeat":"repeat","background-position":"center center","background-size":"auto","background-attachment":"scroll","background-type":"","background-media":"","overlay-type":"","overlay-color":"","overlay-opacity":"","overlay-gradient":""},"mobile":{"background-color":"","background-image":"","background-repeat":"repeat","background-position":"center center","background-size":"auto","background-attachment":"scroll","background-type":"","background-media":"","overlay-type":"","overlay-color":"","overlay-opacity":"","overlay-gradient":""}},"ast-content-background-meta":{"desktop":{"background-color":"var(--ast-global-color-5)","background-image":"","background-repeat":"repeat","background-position":"center center","background-size":"auto","background-attachment":"scroll","background-type":"","background-media":"","overlay-type":"","overlay-color":"","overlay-opacity":"","overlay-gradient":""},"tablet":{"background-color":"var(--ast-global-color-5)","background-image":"","background-repeat":"repeat","background-position":"center center","background-size":"auto","background-attachment":"scroll","background-type":"","background-media":"","overlay-type":"","overlay-color":"","overlay-opacity":"","overlay-gradient":""},"mobile":{"background-color":"var(--ast-global-color-5)","background-image":"","background-repeat":"repeat","background-position":"center center","background-size":"auto","background-attachment":"scroll","background-type":"","background-media":"","overlay-type":"","overlay-color":"","overlay-opacity":"","overlay-gradient":""}},"footnotes":""},"class_list":["post-30","page","type-page","status-publish","hentry"],"post_mailing_queue_ids":[],"_links":{"self":[{"href":"https:\/\/agora.xtec.cat\/ceiparraona\/wp-json\/wp\/v2\/pages\/30","targetHints":{"allow":["GET"]}}],"collection":[{"href":"https:\/\/agora.xtec.cat\/ceiparraona\/wp-json\/wp\/v2\/pages"}],"about":[{"href":"https:\/\/agora.xtec.cat\/ceiparraona\/wp-json\/wp\/v2\/types\/page"}],"author":[{"embeddable":true,"href":"https:\/\/agora.xtec.cat\/ceiparraona\/wp-json\/wp\/v2\/users\/1"}],"replies":[{"embeddable":true,"href":"https:\/\/agora.xtec.cat\/ceiparraona\/wp-json\/wp\/v2\/comments?post=30"}],"version-history":[{"count":4,"href":"https:\/\/agora.xtec.cat\/ceiparraona\/wp-json\/wp\/v2\/pages\/30\/revisions"}],"predecessor-version":[{"id":3459,"href":"https:\/\/agora.xtec.cat\/ceiparraona\/wp-json\/wp\/v2\/pages\/30\/revisions\/3459"}],"up":[{"embeddable":true,"href":"https:\/\/agora.xtec.cat\/ceiparraona\/wp-json\/wp\/v2\/pages\/22"}],"wp:attachment":[{"href":"https:\/\/agora.xtec.cat\/ceiparraona\/wp-json\/wp\/v2\/media?parent=30"}],"curies":[{"name":"wp","href":"https:\/\/api.w.org\/{rel}","templated":true}]}}