{"id":28,"date":"2014-09-18T12:29:35","date_gmt":"2014-09-18T11:29:35","guid":{"rendered":"http:\/\/agora.xtec.cat\/ceiparraona\/?page_id=28"},"modified":"2025-07-16T08:58:19","modified_gmt":"2025-07-16T06:58:19","slug":"consell-escolar","status":"publish","type":"page","link":"https:\/\/agora.xtec.cat\/ceiparraona\/lescola\/consell-escolar\/","title":{"rendered":"Consell escolar"},"content":{"rendered":"<p><strong>SECTOR MESTRES:<\/strong><\/p>\n<ul>\n<li><span style=\"font-weight: 400;\">Anna Gallart Alzina<\/span><\/li>\n<li>Maria Saez Garcia<\/li>\n<li>Alejandro Diaz Escrig<\/li>\n<\/ul>\n<p><strong>SECTOR FAM\u00cdLIES:<\/strong><\/p>\n<ul>\n<li>Mame Sokhna Gueye<\/li>\n<li>Maria Conchita Rivera<\/li>\n<li>Mayra Alexandra Castillo Cabrera<\/li>\n<li>Maryeme Malali Chegoura<\/li>\n<li>Zahra Bakki<\/li>\n<li>Milagros Aroca Mart\u00ednez<\/li>\n<\/ul>\n<p><strong>SECTOR PAS:<\/strong><\/p>\n<ul>\n<li>Susana L\u00f3pez Lara<\/li>\n<\/ul>\n<p><strong>SECTOR AJUNTAMENT:<\/strong><\/p>\n<ul>\n<li><span style=\"font-weight: 400;\">Estel Barb\u00e9 Serra<\/span><\/li>\n<\/ul>\n<h2>COMISSIONS DEL CONSELL ESCOLAR<\/h2>\n<h6><strong>COMISSI\u00d3 ECON\u00d2MICA<\/strong><\/h6>\n<table>\n<tbody>\n<tr>\n<td><b>C\u00c0RREC<\/b><\/td>\n<td><b>NOM<\/b><\/td>\n<\/tr>\n<tr>\n<td><span style=\"font-weight: 400;\">Director\/a<\/span><\/td>\n<td><span style=\"font-weight: 400;\">Xavier Terol Frias<\/span><\/td>\n<\/tr>\n<tr>\n<td><span style=\"font-weight: 400;\">Secretari\/\u00e0ria<\/span><\/td>\n<td><span style=\"font-weight: 400;\">Roc\u00edo Mart\u00edn Gandullo<\/span><\/td>\n<\/tr>\n<tr>\n<td><span style=\"font-weight: 400;\">Mestre\/a<\/span><\/td>\n<td><span style=\"font-weight: 400;\">Anna Gallart<\/span><\/td>\n<\/tr>\n<tr>\n<td><span style=\"font-weight: 400;\">Pare\/mare<\/span><\/td>\n<td>Maria Conchita Rivera<\/td>\n<\/tr>\n<\/tbody>\n<\/table>\n<h6><strong>COMISSI\u00d3 DE CONVIV\u00c8NCIA<\/strong><\/h6>\n<table>\n<tbody>\n<tr>\n<td><b>C\u00c0RREC<\/b><\/td>\n<td><b>NOM<\/b><\/td>\n<\/tr>\n<tr>\n<td><span style=\"font-weight: 400;\">Director\/a<\/span><\/td>\n<td><span style=\"font-weight: 400;\">Xavier Terol Frias<\/span><\/td>\n<\/tr>\n<tr>\n<td><span style=\"font-weight: 400;\">Cap d\u2019Estudis<\/span><\/td>\n<td><span style=\"font-weight: 400;\">Luisa Sanchez Herrero<\/span><\/td>\n<\/tr>\n<tr>\n<td><span style=\"font-weight: 400;\">Pare\/mare<\/span><\/td>\n<td><span style=\"font-weight: 400;\">Zahra Bakki<\/span><\/td>\n<\/tr>\n<tr>\n<td><span style=\"font-weight: 400;\">Tutor\/a d\u2019alumne implicat<\/span><\/td>\n<td><\/td>\n<\/tr>\n<\/tbody>\n<\/table>\n<h6><strong>COMISSI\u00d3 PERMANENT<\/strong><\/h6>\n<table>\n<tbody>\n<tr>\n<td><b>C\u00c0RREC<\/b><\/td>\n<td><b>NOM<\/b><\/td>\n<\/tr>\n<tr>\n<td><span style=\"font-weight: 400;\">Director\/a<\/span><\/td>\n<td><span style=\"font-weight: 400;\">Xavier Terol Frias<\/span><\/td>\n<\/tr>\n<tr>\n<td><span style=\"font-weight: 400;\">Secretari\/\u00e0ria<\/span><\/td>\n<td><span style=\"font-weight: 400;\">Roc\u00edo Mart\u00edn Gandullo<\/span><\/td>\n<\/tr>\n<tr>\n<td><span style=\"font-weight: 400;\">Cap d\u2019Estudis<\/span><\/td>\n<td><span style=\"font-weight: 400;\">Luisa Sanchez Herrero<\/span><\/td>\n<\/tr>\n<tr>\n<td><span style=\"font-weight: 400;\">Mestre\/a<\/span><\/td>\n<td>Alejandro Diaz Escrig<\/td>\n<\/tr>\n<tr>\n<td><span style=\"font-weight: 400;\">Pare\/mare<\/span><\/td>\n<td><\/td>\n<\/tr>\n<\/tbody>\n<\/table>\n<h6><strong>COMISSI\u00d3 DE MENJADOR<\/strong><\/h6>\n<table>\n<tbody>\n<tr>\n<td><b>C\u00c0RREC<\/b><\/td>\n<td><b>NOM<\/b><\/td>\n<\/tr>\n<tr>\n<td><span style=\"font-weight: 400;\">Director\/a<\/span><\/td>\n<td><span style=\"font-weight: 400;\">Xavier Terol Frias<\/span><\/td>\n<\/tr>\n<tr>\n<td><span style=\"font-weight: 400;\">Mestre\/a<\/span><\/td>\n<td><\/td>\n<\/tr>\n<tr>\n<td><span style=\"font-weight: 400;\">Pare\/mare<\/span><\/td>\n<td><span style=\"font-weight: 400;\">Mame Sokhna Gueye<\/span><\/td>\n<\/tr>\n<tr>\n<td><span style=\"font-weight: 400;\">Repres. Empresa<\/span><\/td>\n<td><span style=\"font-weight: 400;\">Pilar Garcia<\/span><\/td>\n<\/tr>\n<tr>\n<td><span style=\"font-weight: 400;\">Repres.Ajuntament<\/span><\/td>\n<td><span style=\"font-weight: 400;\">Jordi Miret\u00a0<\/span><\/td>\n<\/tr>\n<\/tbody>\n<\/table>\n<h6>COMISSI\u00d3 ACDE PMOE<\/h6>\n<table>\n<tbody>\n<tr>\n<td><b>C\u00c0RREC<\/b><\/td>\n<td><b>NOM<\/b><\/td>\n<\/tr>\n<tr>\n<td><span style=\"font-weight: 400;\">Director\/a<\/span><\/td>\n<td><span style=\"font-weight: 400;\">Xavier Terol Frias<\/span><\/td>\n<\/tr>\n<tr>\n<td><span style=\"font-weight: 400;\">Mestre\/a<\/span><\/td>\n<td><\/td>\n<\/tr>\n<tr>\n<td><span style=\"font-weight: 400;\">Pare\/mare<\/span><\/td>\n<td><span style=\"font-weight: 400;\">Mayra Alexandra Castillo Cabrera<\/span><\/td>\n<\/tr>\n<\/tbody>\n<\/table>\n<p>&nbsp;<\/p>\n","protected":false},"excerpt":{"rendered":"<p>SECTOR MESTRES: Anna Gallart Alzina Maria Saez Garcia Alejandro Diaz Escrig SECTOR FAM\u00cdLIES: Mame Sokhna Gueye Maria Conchita Rivera Mayra Alexandra Castillo Cabrera Maryeme Malali Chegoura Zahra Bakki Milagros Aroca Mart\u00ednez SECTOR PAS: Susana L\u00f3pez Lara SECTOR AJUNTAMENT: Estel Barb\u00e9 Serra COMISSIONS DEL CONSELL ESCOLAR COMISSI\u00d3 ECON\u00d2MICA C\u00c0RREC NOM Director\/a Xavier Terol Frias Secretari\/\u00e0ria Roc\u00edo [&hellip;]<\/p>\n","protected":false},"author":1,"featured_media":0,"parent":22,"menu_order":4,"comment_status":"closed","ping_status":"closed","template":"page-templates\/side-menu.php","meta":{"_bbp_topic_count":0,"_bbp_reply_count":0,"_bbp_total_topic_count":0,"_bbp_total_reply_count":0,"_bbp_voice_count":0,"_bbp_anonymous_reply_count":0,"_bbp_topic_count_hidden":0,"_bbp_reply_count_hidden":0,"_bbp_forum_subforum_count":0,"site-sidebar-layout":"default","site-content-layout":"","ast-site-content-layout":"","site-content-style":"default","site-sidebar-style":"default","ast-global-header-display":"","ast-banner-title-visibility":"","ast-main-header-display":"","ast-hfb-above-header-display":"","ast-hfb-below-header-display":"","ast-hfb-mobile-header-display":"","site-post-title":"","ast-breadcrumbs-content":"","ast-featured-img":"","footer-sml-layout":"","theme-transparent-header-meta":"","adv-header-id-meta":"","stick-header-meta":"","header-above-stick-meta":"","header-main-stick-meta":"","header-below-stick-meta":"","astra-migrate-meta-layouts":"default","ast-page-background-enabled":"default","ast-page-background-meta":{"desktop":{"background-color":"var(--ast-global-color-4)","background-image":"","background-repeat":"repeat","background-position":"center center","background-size":"auto","background-attachment":"scroll","background-type":"","background-media":"","overlay-type":"","overlay-color":"","overlay-opacity":"","overlay-gradient":""},"tablet":{"background-color":"","background-image":"","background-repeat":"repeat","background-position":"center center","background-size":"auto","background-attachment":"scroll","background-type":"","background-media":"","overlay-type":"","overlay-color":"","overlay-opacity":"","overlay-gradient":""},"mobile":{"background-color":"","background-image":"","background-repeat":"repeat","background-position":"center center","background-size":"auto","background-attachment":"scroll","background-type":"","background-media":"","overlay-type":"","overlay-color":"","overlay-opacity":"","overlay-gradient":""}},"ast-content-background-meta":{"desktop":{"background-color":"var(--ast-global-color-5)","background-image":"","background-repeat":"repeat","background-position":"center center","background-size":"auto","background-attachment":"scroll","background-type":"","background-media":"","overlay-type":"","overlay-color":"","overlay-opacity":"","overlay-gradient":""},"tablet":{"background-color":"var(--ast-global-color-5)","background-image":"","background-repeat":"repeat","background-position":"center center","background-size":"auto","background-attachment":"scroll","background-type":"","background-media":"","overlay-type":"","overlay-color":"","overlay-opacity":"","overlay-gradient":""},"mobile":{"background-color":"var(--ast-global-color-5)","background-image":"","background-repeat":"repeat","background-position":"center center","background-size":"auto","background-attachment":"scroll","background-type":"","background-media":"","overlay-type":"","overlay-color":"","overlay-opacity":"","overlay-gradient":""}},"footnotes":""},"class_list":["post-28","page","type-page","status-publish","hentry"],"post_mailing_queue_ids":[],"_links":{"self":[{"href":"https:\/\/agora.xtec.cat\/ceiparraona\/wp-json\/wp\/v2\/pages\/28","targetHints":{"allow":["GET"]}}],"collection":[{"href":"https:\/\/agora.xtec.cat\/ceiparraona\/wp-json\/wp\/v2\/pages"}],"about":[{"href":"https:\/\/agora.xtec.cat\/ceiparraona\/wp-json\/wp\/v2\/types\/page"}],"author":[{"embeddable":true,"href":"https:\/\/agora.xtec.cat\/ceiparraona\/wp-json\/wp\/v2\/users\/1"}],"replies":[{"embeddable":true,"href":"https:\/\/agora.xtec.cat\/ceiparraona\/wp-json\/wp\/v2\/comments?post=28"}],"version-history":[{"count":5,"href":"https:\/\/agora.xtec.cat\/ceiparraona\/wp-json\/wp\/v2\/pages\/28\/revisions"}],"predecessor-version":[{"id":5856,"href":"https:\/\/agora.xtec.cat\/ceiparraona\/wp-json\/wp\/v2\/pages\/28\/revisions\/5856"}],"up":[{"embeddable":true,"href":"https:\/\/agora.xtec.cat\/ceiparraona\/wp-json\/wp\/v2\/pages\/22"}],"wp:attachment":[{"href":"https:\/\/agora.xtec.cat\/ceiparraona\/wp-json\/wp\/v2\/media?parent=28"}],"curies":[{"name":"wp","href":"https:\/\/api.w.org\/{rel}","templated":true}]}}