{"id":1746,"date":"2016-12-11T19:33:36","date_gmt":"2016-12-11T18:33:36","guid":{"rendered":"http:\/\/blocs.xtec.cat\/escolaarraona\/?page_id=1746"},"modified":"2026-02-06T07:22:15","modified_gmt":"2026-02-06T06:22:15","slug":"menus","status":"publish","type":"page","link":"https:\/\/agora.xtec.cat\/ceiparraona\/menjador\/menus\/","title":{"rendered":"Men\u00fas mensuals"},"content":{"rendered":"<h3>Aqu\u00ed trobareu els men\u00fas de tots els mesos. Podeu consultar les variants que hi ha (sense ou, sense lactosa, sense porc, etc.). Si necessiteu qualsevol aclariment, no dubteu en posar-vos en contacte amb l&#8217;empresa.<\/h3>\n<p>&nbsp;<\/p>\n<h1 style=\"text-align: center;\">MEN\u00daS FEBRER 2026<\/h1>\n<h1 style=\"text-align: center;\"><iframe loading=\"lazy\" src=\"https:\/\/drive.google.com\/file\/d\/110VPVouZG-HK06avIr3XmpmDAy2xYDTp\/preview\" width=\"640\" height=\"480\"><\/iframe><\/h1>\n<h1 style=\"text-align: center;\">MEN\u00daS GENER 2026<\/h1>\n<h1 style=\"text-align: center;\"><iframe loading=\"lazy\" src=\"https:\/\/drive.google.com\/file\/d\/1GJs7Qi0VjNuTe66uK_ax15pg5nlAJWAk\/preview\" width=\"640\" height=\"480\"><\/iframe><\/h1>\n<h1 style=\"text-align: center;\">MEN\u00daS DESEMBRE 2025<\/h1>\n<h1 style=\"text-align: center;\"><iframe loading=\"lazy\" src=\"https:\/\/drive.google.com\/file\/d\/1eZ3arB-opX2ZsRdm4uIuJZUf_RNan3et\/preview\" width=\"640\" height=\"480\"><\/iframe><\/h1>\n<h1 style=\"text-align: center;\">MEN\u00daS SETEMBRE 2025<\/h1>\n<p style=\"text-align: center;\"><iframe loading=\"lazy\" src=\"https:\/\/drive.google.com\/file\/d\/1Y1N8sSA1a7u4iD-EegO7r6pvD1b0tawk\/preview\" width=\"740\" height=\"780\"><\/iframe><\/p>\n","protected":false},"excerpt":{"rendered":"<p>Aqu\u00ed trobareu els men\u00fas de tots els mesos. Podeu consultar les variants que hi ha (sense ou, sense lactosa, sense porc, etc.). Si necessiteu qualsevol aclariment, no dubteu en posar-vos en contacte amb l&#8217;empresa. &nbsp; MEN\u00daS FEBRER 2026 MEN\u00daS GENER 2026 MEN\u00daS DESEMBRE 2025 MEN\u00daS SETEMBRE 2025<\/p>\n","protected":false},"author":3,"featured_media":0,"parent":53,"menu_order":0,"comment_status":"closed","ping_status":"closed","template":"","meta":{"_bbp_topic_count":0,"_bbp_reply_count":0,"_bbp_total_topic_count":0,"_bbp_total_reply_count":0,"_bbp_voice_count":0,"_bbp_anonymous_reply_count":0,"_bbp_topic_count_hidden":0,"_bbp_reply_count_hidden":0,"_bbp_forum_subforum_count":0,"site-sidebar-layout":"default","site-content-layout":"","ast-site-content-layout":"default","site-content-style":"default","site-sidebar-style":"default","ast-global-header-display":"","ast-banner-title-visibility":"","ast-main-header-display":"","ast-hfb-above-header-display":"","ast-hfb-below-header-display":"","ast-hfb-mobile-header-display":"","site-post-title":"","ast-breadcrumbs-content":"","ast-featured-img":"","footer-sml-layout":"","theme-transparent-header-meta":"default","adv-header-id-meta":"","stick-header-meta":"","header-above-stick-meta":"","header-main-stick-meta":"","header-below-stick-meta":"","astra-migrate-meta-layouts":"set","ast-page-background-enabled":"default","ast-page-background-meta":{"desktop":{"background-color":"var(--ast-global-color-4)","background-image":"","background-repeat":"repeat","background-position":"center center","background-size":"auto","background-attachment":"scroll","background-type":"","background-media":"","overlay-type":"","overlay-color":"","overlay-opacity":"","overlay-gradient":""},"tablet":{"background-color":"","background-image":"","background-repeat":"repeat","background-position":"center center","background-size":"auto","background-attachment":"scroll","background-type":"","background-media":"","overlay-type":"","overlay-color":"","overlay-opacity":"","overlay-gradient":""},"mobile":{"background-color":"","background-image":"","background-repeat":"repeat","background-position":"center center","background-size":"auto","background-attachment":"scroll","background-type":"","background-media":"","overlay-type":"","overlay-color":"","overlay-opacity":"","overlay-gradient":""}},"ast-content-background-meta":{"desktop":{"background-color":"var(--ast-global-color-5)","background-image":"","background-repeat":"repeat","background-position":"center center","background-size":"auto","background-attachment":"scroll","background-type":"","background-media":"","overlay-type":"","overlay-color":"","overlay-opacity":"","overlay-gradient":""},"tablet":{"background-color":"var(--ast-global-color-5)","background-image":"","background-repeat":"repeat","background-position":"center center","background-size":"auto","background-attachment":"scroll","background-type":"","background-media":"","overlay-type":"","overlay-color":"","overlay-opacity":"","overlay-gradient":""},"mobile":{"background-color":"var(--ast-global-color-5)","background-image":"","background-repeat":"repeat","background-position":"center center","background-size":"auto","background-attachment":"scroll","background-type":"","background-media":"","overlay-type":"","overlay-color":"","overlay-opacity":"","overlay-gradient":""}},"footnotes":""},"class_list":["post-1746","page","type-page","status-publish","hentry"],"post_mailing_queue_ids":[],"_links":{"self":[{"href":"https:\/\/agora.xtec.cat\/ceiparraona\/wp-json\/wp\/v2\/pages\/1746","targetHints":{"allow":["GET"]}}],"collection":[{"href":"https:\/\/agora.xtec.cat\/ceiparraona\/wp-json\/wp\/v2\/pages"}],"about":[{"href":"https:\/\/agora.xtec.cat\/ceiparraona\/wp-json\/wp\/v2\/types\/page"}],"author":[{"embeddable":true,"href":"https:\/\/agora.xtec.cat\/ceiparraona\/wp-json\/wp\/v2\/users\/3"}],"replies":[{"embeddable":true,"href":"https:\/\/agora.xtec.cat\/ceiparraona\/wp-json\/wp\/v2\/comments?post=1746"}],"version-history":[{"count":6,"href":"https:\/\/agora.xtec.cat\/ceiparraona\/wp-json\/wp\/v2\/pages\/1746\/revisions"}],"predecessor-version":[{"id":5989,"href":"https:\/\/agora.xtec.cat\/ceiparraona\/wp-json\/wp\/v2\/pages\/1746\/revisions\/5989"}],"up":[{"embeddable":true,"href":"https:\/\/agora.xtec.cat\/ceiparraona\/wp-json\/wp\/v2\/pages\/53"}],"wp:attachment":[{"href":"https:\/\/agora.xtec.cat\/ceiparraona\/wp-json\/wp\/v2\/media?parent=1746"}],"curies":[{"name":"wp","href":"https:\/\/api.w.org\/{rel}","templated":true}]}}