{"id":615,"date":"2017-01-18T23:03:28","date_gmt":"2017-01-18T22:03:28","guid":{"rendered":"http:\/\/agora.xtec.cat\/ceiparquitectegaudi\/?page_id=615"},"modified":"2023-02-08T21:50:37","modified_gmt":"2023-02-08T20:50:37","slug":"som-escola-verda","status":"publish","type":"page","link":"https:\/\/agora.xtec.cat\/ceiparquitectegaudi\/projectes\/som-escola-verda\/","title":{"rendered":"Som Escola Verda"},"content":{"rendered":"<p><a href=\"https:\/\/agora.xtec.cat\/ceiparquitectegaudi\/wp-content\/uploads\/usu1602\/2021\/02\/2938932.png\"><img loading=\"lazy\" decoding=\"async\" class=\"size-medium wp-image-4659 alignright\" src=\"https:\/\/agora.xtec.cat\/ceiparquitectegaudi\/wp-content\/uploads\/usu1602\/2021\/02\/2938932-300x147.png\" alt=\"\" width=\"300\" height=\"147\" srcset=\"https:\/\/agora.xtec.cat\/ceiparquitectegaudi\/wp-content\/uploads\/usu1602\/2021\/02\/2938932-300x147.png 300w, https:\/\/agora.xtec.cat\/ceiparquitectegaudi\/wp-content\/uploads\/usu1602\/2021\/02\/2938932.png 615w\" sizes=\"auto, (max-width: 300px) 100vw, 300px\" \/><\/a>Formem part del\u00a0<a href=\"http:\/\/mediambient.gencat.cat\/ca\/05_ambits_dactuacio\/educacio_i_sostenibilitat\/educacio_per_a_la_sostenibilitat\/escoles_verdes\/el_programa_escoles_verdes\/\" target=\"_blank\" rel=\"noopener noreferrer\" aria-label=\"Programa Escoles Verdes (Obre en una nova finestra)\">Programa Escoles Verdes<\/a>\u00a0de la Generalitat, i treballem conjuntament amb els m\u00e9s de 800 centres educatius que constitueixen la\u00a0<a href=\"http:\/\/mediambient.gencat.cat\/ca\/05_ambits_dactuacio\/educacio_i_sostenibilitat\/educacio_per_a_la_sostenibilitat\/xesc\/\" target=\"_blank\" rel=\"noopener noreferrer\" aria-label=\"Xarxa d'escoles per la Sostenibilitat de Catalunya (Obre en una nova finestra)\">Xarxa d&#8217;escoles per la Sostenibilitat de Catalunya. <\/a><span style=\"text-align: center;\">Des del 2011 tenim la distinci\u00f3 d&#8217;<\/span><strong style=\"text-align: center;\">escola verda<\/strong><span style=\"text-align: center;\">\u00a0fent diverses accions di\u00e0ries a favor del medi ambient.<\/span><\/p>\n<p>A l&#8217;escola tenim un <strong>Comit\u00e8 Ambiental<\/strong> format per nens i nenes que s\u00f3n <strong>tutors ecol\u00f2gics<\/strong> i participen en la detecci\u00f3 de necessitats, el disseny de propostes i la participaci\u00f3 en el dia a dia de l&#8217;escola.\u00a0Cada curs elaborem un pla d&#8217;acci\u00f3 ambiental que recull les principals actuacions que durem a terme per fer una escola i una ciutat m\u00e9s sostenible.\u00a0Aquestes <strong>actuacions<\/strong> fomenten la <strong>cura de l&#8217;entorn natural,<\/strong> la <strong>reducci\u00f3 i selecci\u00f3 dels residus, l&#8217;estalvi energ\u00e8tic i d&#8217;aigua, l&#8217;alimentaci\u00f3 saludable i sostenible, la mitigaci\u00f3 del canvi clim\u00e0tic<\/strong>, etc. Podeu veure algunes d&#8217;aquestes actuacions al nostre <a href=\"https:\/\/escolaverdaag.wixsite.com\/comiteambiental\">BLOG<\/a>.<\/p>\n<p><strong>Cada actuaci\u00f3 contempla els seg\u00fcents contextos d&#8217;actuaci\u00f3:<\/strong><\/p>\n<p><img loading=\"lazy\" decoding=\"async\" class=\"wp-image-719 alignleft\" src=\"http:\/\/agora.xtec.cat\/ceiparquitectegaudi\/wp-content\/uploads\/usu1602\/2017\/01\/escola-verda.jpg\" alt=\"escola-verda\" width=\"278\" height=\"113\" srcset=\"https:\/\/agora.xtec.cat\/ceiparquitectegaudi\/wp-content\/uploads\/usu1602\/2017\/01\/escola-verda.jpg 820w, https:\/\/agora.xtec.cat\/ceiparquitectegaudi\/wp-content\/uploads\/usu1602\/2017\/01\/escola-verda-300x122.jpg 300w, https:\/\/agora.xtec.cat\/ceiparquitectegaudi\/wp-content\/uploads\/usu1602\/2017\/01\/escola-verda-768x312.jpg 768w\" sizes=\"auto, (max-width: 278px) 100vw, 278px\" \/><\/p>\n<ul>\n<li style=\"list-style-type: none;\">\n<ul>\n<li style=\"list-style-type: none;\">\n<ul>\n<li style=\"list-style-type: none;\">\n<ul>\n<li>Participaci\u00f3 i implicaci\u00f3 de la comunitat educativa.<\/li>\n<li>Millora de la gesti\u00f3 de recursos del centre.<\/li>\n<li>Treball a nivell curricular.<\/li>\n<li>Millora de l&#8217;entorn local.<\/li>\n<\/ul>\n<\/li>\n<\/ul>\n<\/li>\n<\/ul>\n<\/li>\n<\/ul>\n<p>&nbsp;<\/p>\n<p>A final de curs les actuacions s&#8217;avaluen per veure qu\u00e8 s&#8217;ha aconseguit i qu\u00e8 es pot millorar de cara al curs seg\u00fcent.<\/p>\n<p style=\"text-align: center;\"><a href=\"http:\/\/agora.xtec.cat\/ceiparquitectegaudi\/wp-content\/uploads\/usu1602\/2017\/01\/Sin-t\u00edtulo.png\"><img loading=\"lazy\" decoding=\"async\" class=\"alignnone  wp-image-1318\" src=\"http:\/\/agora.xtec.cat\/ceiparquitectegaudi\/wp-content\/uploads\/usu1602\/2017\/01\/Sin-t\u00edtulo.png\" alt=\"\" width=\"638\" height=\"238\" srcset=\"https:\/\/agora.xtec.cat\/ceiparquitectegaudi\/wp-content\/uploads\/usu1602\/2017\/01\/Sin-t\u00edtulo.png 847w, https:\/\/agora.xtec.cat\/ceiparquitectegaudi\/wp-content\/uploads\/usu1602\/2017\/01\/Sin-t\u00edtulo-300x112.png 300w, https:\/\/agora.xtec.cat\/ceiparquitectegaudi\/wp-content\/uploads\/usu1602\/2017\/01\/Sin-t\u00edtulo-768x287.png 768w\" sizes=\"auto, (max-width: 638px) 100vw, 638px\" \/><\/a><\/p>\n<p style=\"text-align: justify;\"><img loading=\"lazy\" decoding=\"async\" class=\"alignnone wp-image-722 alignleft\" src=\"https:\/\/agora.xtec.cat\/ceiparquitectegaudi\/wp-content\/uploads\/usu1602\/2017\/01\/Sense-t\u00edtol-1.png\" alt=\"\" width=\"163\" height=\"232\" srcset=\"https:\/\/agora.xtec.cat\/ceiparquitectegaudi\/wp-content\/uploads\/usu1602\/2017\/01\/Sense-t\u00edtol-1.png 430w, https:\/\/agora.xtec.cat\/ceiparquitectegaudi\/wp-content\/uploads\/usu1602\/2017\/01\/Sense-t\u00edtol-1-211x300.png 211w\" sizes=\"auto, (max-width: 163px) 100vw, 163px\" \/><br \/>\n<img loading=\"lazy\" decoding=\"async\" class=\"wp-image-728 alignleft\" src=\"https:\/\/agora.xtec.cat\/ceiparquitectegaudi\/wp-content\/uploads\/usu1602\/2017\/01\/Sense-t\u00edtol-2.png\" alt=\"\" width=\"86\" height=\"197\" \/><img loading=\"lazy\" decoding=\"async\" class=\"wp-image-4672 alignleft\" src=\"https:\/\/agora.xtec.cat\/ceiparquitectegaudi\/wp-content\/uploads\/usu1602\/2021\/02\/coet-1.png\" alt=\"\" width=\"126\" height=\"206\" srcset=\"https:\/\/agora.xtec.cat\/ceiparquitectegaudi\/wp-content\/uploads\/usu1602\/2021\/02\/coet-1.png 400w, https:\/\/agora.xtec.cat\/ceiparquitectegaudi\/wp-content\/uploads\/usu1602\/2021\/02\/coet-1-184x300.png 184w\" sizes=\"auto, (max-width: 126px) 100vw, 126px\" \/><\/p>\n<h5 style=\"text-align: center;\"><strong>RECORDEU!<\/strong><\/h5>\n<h5 style=\"text-align: justify;\"><strong>\u267bAl nostre passad\u00eds trobareu diferents CONTENIDORS per reciclar taps, oli i piles.\u267b<\/strong><\/h5>\n","protected":false},"excerpt":{"rendered":"<p><a href=\"https:\/\/agora.xtec.cat\/ceiparquitectegaudi\/wp-content\/uploads\/usu1602\/2021\/02\/2938932.png\"><\/a>Formem part del\u00a0<a href=\"http:\/\/mediambient.gencat.cat\/ca\/05_ambits_dactuacio\/educacio_i_sostenibilitat\/educacio_per_a_la_sostenibilitat\/escoles_verdes\/el_programa_escoles_verdes\/\" target=\"_blank\" rel=\"noopener noreferrer\" aria-label=\"Programa Escoles Verdes (Obre en una nova finestra)\">Programa Escoles Verdes<\/a>\u00a0de la Generalitat, i treballem conjuntament amb els m\u00e9s de 800 centres educatius que constitueixen la\u00a0<a href=\"http:\/\/mediambient.gencat.cat\/ca\/05_ambits_dactuacio\/educacio_i_sostenibilitat\/educacio_per_a_la_sostenibilitat\/xesc\/\" target=\"_blank\" rel=\"noopener noreferrer\" aria-label=\"Xarxa d'escoles per la Sostenibilitat de Catalunya (Obre&hellip;  <a href=\"https:\/\/agora.xtec.cat\/ceiparquitectegaudi\/projectes\/som-escola-verda\/\" title=\"Read Som Escola Verda\">Llegeix m\u00e9s\u00bb<\/a><\/p>\n","protected":false},"author":1,"featured_media":0,"parent":611,"menu_order":4,"comment_status":"closed","ping_status":"closed","template":"page-templates\/side-menu.php","meta":{"_bbp_topic_count":0,"_bbp_reply_count":0,"_bbp_total_topic_count":0,"_bbp_total_reply_count":0,"_bbp_voice_count":0,"_bbp_anonymous_reply_count":0,"_bbp_topic_count_hidden":0,"_bbp_reply_count_hidden":0,"_bbp_forum_subforum_count":0,"footnotes":""},"class_list":["post-615","page","type-page","status-publish","hentry"],"post_mailing_queue_ids":[],"_links":{"self":[{"href":"https:\/\/agora.xtec.cat\/ceiparquitectegaudi\/wp-json\/wp\/v2\/pages\/615","targetHints":{"allow":["GET"]}}],"collection":[{"href":"https:\/\/agora.xtec.cat\/ceiparquitectegaudi\/wp-json\/wp\/v2\/pages"}],"about":[{"href":"https:\/\/agora.xtec.cat\/ceiparquitectegaudi\/wp-json\/wp\/v2\/types\/page"}],"author":[{"embeddable":true,"href":"https:\/\/agora.xtec.cat\/ceiparquitectegaudi\/wp-json\/wp\/v2\/users\/1"}],"replies":[{"embeddable":true,"href":"https:\/\/agora.xtec.cat\/ceiparquitectegaudi\/wp-json\/wp\/v2\/comments?post=615"}],"version-history":[{"count":4,"href":"https:\/\/agora.xtec.cat\/ceiparquitectegaudi\/wp-json\/wp\/v2\/pages\/615\/revisions"}],"predecessor-version":[{"id":6334,"href":"https:\/\/agora.xtec.cat\/ceiparquitectegaudi\/wp-json\/wp\/v2\/pages\/615\/revisions\/6334"}],"up":[{"embeddable":true,"href":"https:\/\/agora.xtec.cat\/ceiparquitectegaudi\/wp-json\/wp\/v2\/pages\/611"}],"wp:attachment":[{"href":"https:\/\/agora.xtec.cat\/ceiparquitectegaudi\/wp-json\/wp\/v2\/media?parent=615"}],"curies":[{"name":"wp","href":"https:\/\/api.w.org\/{rel}","templated":true}]}}