{"id":5854,"date":"2022-10-13T17:53:25","date_gmt":"2022-10-13T15:53:25","guid":{"rendered":"https:\/\/agora.xtec.cat\/ceiparquitectegaudi\/?page_id=5854"},"modified":"2022-12-01T23:13:11","modified_gmt":"2022-12-01T22:13:11","slug":"comite-ambiental","status":"publish","type":"page","link":"https:\/\/agora.xtec.cat\/ceiparquitectegaudi\/lescola\/comite-ambiental\/","title":{"rendered":"Comit\u00e8 ambiental"},"content":{"rendered":"<p>El<strong> Comit\u00e8 ambiental<\/strong> de la nostra escola est\u00e0 format per dos alumnes per curs des de P4 a 6\u00e8, els quals es reuneixen, juntament amb les mestres de la comissi\u00f3 ambiental, un cop al mes per preparar accions ambientals relacionades amb el medi ambient.<\/p>\n<p>Cada curs es realitza un <em>Pla d&#8217;acci\u00f3 anual<\/em> on es recullen les accions que es duran a terme tant amb els membres del comit\u00e8 com amb alguns cursos on es treballa de manera curricular.<\/p>\n<p style=\"text-align: left;\">S\u00f3n reunions din\u00e0miques que parteixen de les propostes de l&#8217;alumnat i el que es pret\u00e9n \u00e9s conscienciar a l&#8217;alumnat de la import\u00e0ncia de les 3 &#8220;R&#8221; : Reduir, Reciclar i Reutilitzar, per a fer del nostre planeta un lloc m\u00e9s sostenible.<a href=\"https:\/\/agora.xtec.cat\/ceiparquitectegaudi\/wp-content\/uploads\/usu1602\/2022\/10\/foto-superreciclo.jpg\"><img loading=\"lazy\" decoding=\"async\" class=\"size-medium wp-image-5813 aligncenter\" src=\"https:\/\/agora.xtec.cat\/ceiparquitectegaudi\/wp-content\/uploads\/usu1602\/2022\/10\/foto-superreciclo-300x300.jpg\" alt=\"\" width=\"300\" height=\"300\" srcset=\"https:\/\/agora.xtec.cat\/ceiparquitectegaudi\/wp-content\/uploads\/usu1602\/2022\/10\/foto-superreciclo-300x300.jpg 300w, https:\/\/agora.xtec.cat\/ceiparquitectegaudi\/wp-content\/uploads\/usu1602\/2022\/10\/foto-superreciclo-1024x1024.jpg 1024w, https:\/\/agora.xtec.cat\/ceiparquitectegaudi\/wp-content\/uploads\/usu1602\/2022\/10\/foto-superreciclo-150x150.jpg 150w, https:\/\/agora.xtec.cat\/ceiparquitectegaudi\/wp-content\/uploads\/usu1602\/2022\/10\/foto-superreciclo-768x768.jpg 768w, https:\/\/agora.xtec.cat\/ceiparquitectegaudi\/wp-content\/uploads\/usu1602\/2022\/10\/foto-superreciclo.jpg 1280w\" sizes=\"auto, (max-width: 300px) 100vw, 300px\" \/><\/a>La mascota del comit\u00e8 ambiental es diu Super Recicl\u00f3!<\/p>\n","protected":false},"excerpt":{"rendered":"<p>El Comit\u00e8 ambiental de la nostra escola est\u00e0 format per dos alumnes per curs des de P4 a 6\u00e8, els quals es reuneixen, juntament amb les mestres de la comissi\u00f3 ambiental, un cop al mes per preparar accions ambientals relacionades amb el medi ambient.<br \/>\nCada curs&hellip;  <a href=\"https:\/\/agora.xtec.cat\/ceiparquitectegaudi\/lescola\/comite-ambiental\/\" title=\"Read Comit\u00e8 ambiental\">Llegeix m\u00e9s\u00bb<\/a><\/p>\n","protected":false},"author":1,"featured_media":0,"parent":22,"menu_order":9,"comment_status":"closed","ping_status":"closed","template":"page-templates\/side-menu.php","meta":{"_bbp_topic_count":0,"_bbp_reply_count":0,"_bbp_total_topic_count":0,"_bbp_total_reply_count":0,"_bbp_voice_count":0,"_bbp_anonymous_reply_count":0,"_bbp_topic_count_hidden":0,"_bbp_reply_count_hidden":0,"_bbp_forum_subforum_count":0,"footnotes":""},"class_list":["post-5854","page","type-page","status-publish","hentry"],"post_mailing_queue_ids":[],"_links":{"self":[{"href":"https:\/\/agora.xtec.cat\/ceiparquitectegaudi\/wp-json\/wp\/v2\/pages\/5854","targetHints":{"allow":["GET"]}}],"collection":[{"href":"https:\/\/agora.xtec.cat\/ceiparquitectegaudi\/wp-json\/wp\/v2\/pages"}],"about":[{"href":"https:\/\/agora.xtec.cat\/ceiparquitectegaudi\/wp-json\/wp\/v2\/types\/page"}],"author":[{"embeddable":true,"href":"https:\/\/agora.xtec.cat\/ceiparquitectegaudi\/wp-json\/wp\/v2\/users\/1"}],"replies":[{"embeddable":true,"href":"https:\/\/agora.xtec.cat\/ceiparquitectegaudi\/wp-json\/wp\/v2\/comments?post=5854"}],"version-history":[{"count":4,"href":"https:\/\/agora.xtec.cat\/ceiparquitectegaudi\/wp-json\/wp\/v2\/pages\/5854\/revisions"}],"predecessor-version":[{"id":6062,"href":"https:\/\/agora.xtec.cat\/ceiparquitectegaudi\/wp-json\/wp\/v2\/pages\/5854\/revisions\/6062"}],"up":[{"embeddable":true,"href":"https:\/\/agora.xtec.cat\/ceiparquitectegaudi\/wp-json\/wp\/v2\/pages\/22"}],"wp:attachment":[{"href":"https:\/\/agora.xtec.cat\/ceiparquitectegaudi\/wp-json\/wp\/v2\/media?parent=5854"}],"curies":[{"name":"wp","href":"https:\/\/api.w.org\/{rel}","templated":true}]}}