{"id":4571,"date":"2021-02-04T18:04:28","date_gmt":"2021-02-04T17:04:28","guid":{"rendered":"http:\/\/agora.xtec.cat\/ceiparquitectegaudi\/?page_id=4571"},"modified":"2024-10-08T21:37:18","modified_gmt":"2024-10-08T19:37:18","slug":"jornades-culturals","status":"publish","type":"page","link":"https:\/\/agora.xtec.cat\/ceiparquitectegaudi\/projectes\/jornades-culturals\/","title":{"rendered":"Jornades Culturals"},"content":{"rendered":"<p>Cada any l&#8217;escola tria un tema per a les seves Jornades Culturals, un projecte interdisciplinari compartit entre tota l&#8217;escola.<\/p>\n<h3 style=\"text-align: center;\">AQUEST CURS L&#8217;EIX TEM\u00c0TIC \u00c9S EL 50\u00e8 ANIVERSARI DE L&#8217;ESCOLA:<\/h3>\n<p><img loading=\"lazy\" decoding=\"async\" class=\"alignnone size-full wp-image-7319\" src=\"https:\/\/agora.xtec.cat\/ceiparquitectegaudi\/wp-content\/uploads\/usu1602\/2024\/09\/comencem.png\" alt=\"\" width=\"781\" height=\"790\" srcset=\"https:\/\/agora.xtec.cat\/ceiparquitectegaudi\/wp-content\/uploads\/usu1602\/2024\/09\/comencem.png 781w, https:\/\/agora.xtec.cat\/ceiparquitectegaudi\/wp-content\/uploads\/usu1602\/2024\/09\/comencem-297x300.png 297w, https:\/\/agora.xtec.cat\/ceiparquitectegaudi\/wp-content\/uploads\/usu1602\/2024\/09\/comencem-768x777.png 768w\" sizes=\"auto, (max-width: 781px) 100vw, 781px\" \/><\/p>\n<p>A partir d&#8217;aqu\u00ed, cada classe triar\u00e0 un <strong>NOM PEL SEU GRUP<\/strong> i investigar\u00e0 sobre aquells aspectes que m\u00e9s els crida l&#8217;atenci\u00f3, fent propostes en totes les \u00e0rees del curr\u00edculum i tallers relacionats amb la tem\u00e0tica.<\/p>\n<p>Les festes de l&#8217;escola tamb\u00e9 estaran relacionades amb l&#8217;eix tem\u00e0tic i seran una <strong>SORPRESA<\/strong> per a tothom.<\/p>\n<p>Per concloure les Jornades Culturals, a principis del mes de <strong>JUNY, <\/strong>tindr\u00e0 lloc <strong>UNA CLOENDA ESPECIAL<\/strong> de &#8220;Al Gaud\u00ed, fem m\u00e0gia&#8221;<strong>.<\/strong><\/p>\n<p>Els darrers anys hem treballat: &#8220;La m\u00e0quina del temps&#8221;, &#8220;El nostre poble: Sant Feliu&#8221;, &#8220;El m\u00f3n de la televisi\u00f3&#8221; i &#8220;l&#8217;Artesania&#8221; i &#8220;Fem la volta al m\u00f3n&#8221;. Podeu con\u00e8ixer les darreres propostes <a href=\"https:\/\/agora.xtec.cat\/ceiparquitectegaudi\/?s=jornades\">AQU\u00cd.<\/a><\/p>\n","protected":false},"excerpt":{"rendered":"<p>Cada any l&#8217;escola tria un tema per a les seves Jornades Culturals, un projecte interdisciplinari compartit entre tota l&#8217;escola.<br \/>\nAQUEST CURS L&#8217;EIX TEM\u00c0TIC \u00c9S EL 50\u00e8 ANIVERSARI DE L&#8217;ESCOLA:<\/p>\n<p>A partir d&#8217;aqu\u00ed, cada classe triar\u00e0 un NOM PEL SEU GRUP i investigar\u00e0 sobre aquells aspectes que m\u00e9s&hellip;  <a href=\"https:\/\/agora.xtec.cat\/ceiparquitectegaudi\/projectes\/jornades-culturals\/\" title=\"Read Jornades Culturals\">Llegeix m\u00e9s\u00bb<\/a><\/p>\n","protected":false},"author":1,"featured_media":0,"parent":611,"menu_order":3,"comment_status":"closed","ping_status":"closed","template":"page-templates\/side-menu.php","meta":{"_bbp_topic_count":0,"_bbp_reply_count":0,"_bbp_total_topic_count":0,"_bbp_total_reply_count":0,"_bbp_voice_count":0,"_bbp_anonymous_reply_count":0,"_bbp_topic_count_hidden":0,"_bbp_reply_count_hidden":0,"_bbp_forum_subforum_count":0,"footnotes":""},"class_list":["post-4571","page","type-page","status-publish","hentry"],"post_mailing_queue_ids":[],"_links":{"self":[{"href":"https:\/\/agora.xtec.cat\/ceiparquitectegaudi\/wp-json\/wp\/v2\/pages\/4571","targetHints":{"allow":["GET"]}}],"collection":[{"href":"https:\/\/agora.xtec.cat\/ceiparquitectegaudi\/wp-json\/wp\/v2\/pages"}],"about":[{"href":"https:\/\/agora.xtec.cat\/ceiparquitectegaudi\/wp-json\/wp\/v2\/types\/page"}],"author":[{"embeddable":true,"href":"https:\/\/agora.xtec.cat\/ceiparquitectegaudi\/wp-json\/wp\/v2\/users\/1"}],"replies":[{"embeddable":true,"href":"https:\/\/agora.xtec.cat\/ceiparquitectegaudi\/wp-json\/wp\/v2\/comments?post=4571"}],"version-history":[{"count":7,"href":"https:\/\/agora.xtec.cat\/ceiparquitectegaudi\/wp-json\/wp\/v2\/pages\/4571\/revisions"}],"predecessor-version":[{"id":7389,"href":"https:\/\/agora.xtec.cat\/ceiparquitectegaudi\/wp-json\/wp\/v2\/pages\/4571\/revisions\/7389"}],"up":[{"embeddable":true,"href":"https:\/\/agora.xtec.cat\/ceiparquitectegaudi\/wp-json\/wp\/v2\/pages\/611"}],"wp:attachment":[{"href":"https:\/\/agora.xtec.cat\/ceiparquitectegaudi\/wp-json\/wp\/v2\/media?parent=4571"}],"curies":[{"name":"wp","href":"https:\/\/api.w.org\/{rel}","templated":true}]}}