{"id":4565,"date":"2021-02-04T17:59:13","date_gmt":"2021-02-04T16:59:13","guid":{"rendered":"http:\/\/agora.xtec.cat\/ceiparquitectegaudi\/?page_id=4565"},"modified":"2023-02-08T21:08:15","modified_gmt":"2023-02-08T20:08:15","slug":"classdojo","status":"publish","type":"page","link":"https:\/\/agora.xtec.cat\/ceiparquitectegaudi\/projectes\/classdojo\/","title":{"rendered":"ClassDojo"},"content":{"rendered":"<p><span style=\"font-weight: 400;\">Aquest curs introdu\u00efm l\u2019\u00fas de <img loading=\"lazy\" decoding=\"async\" class=\"alignnone wp-image-4567\" src=\"https:\/\/agora.xtec.cat\/ceiparquitectegaudi\/wp-content\/uploads\/usu1602\/2021\/02\/unnamed.png\" alt=\"\" width=\"109\" height=\"40\" srcset=\"https:\/\/agora.xtec.cat\/ceiparquitectegaudi\/wp-content\/uploads\/usu1602\/2021\/02\/unnamed.png 386w, https:\/\/agora.xtec.cat\/ceiparquitectegaudi\/wp-content\/uploads\/usu1602\/2021\/02\/unnamed-300x110.png 300w\" sizes=\"auto, (max-width: 109px) 100vw, 109px\" \/>com a eina de connecta a mestres amb estudiants i fam\u00edlies i ajuda a enfortir les nostra comunitat educativa.<br \/>\n<\/span><\/p>\n<p><span style=\"font-weight: 400;\"><img loading=\"lazy\" decoding=\"async\" class=\"wp-image-4566 alignleft\" src=\"https:\/\/agora.xtec.cat\/ceiparquitectegaudi\/wp-content\/uploads\/usu1602\/2021\/02\/02cd3620-bd64-4b54-84c1-070ac8517d46.png\" alt=\"\" width=\"286\" height=\"286\" srcset=\"https:\/\/agora.xtec.cat\/ceiparquitectegaudi\/wp-content\/uploads\/usu1602\/2021\/02\/02cd3620-bd64-4b54-84c1-070ac8517d46.png 470w, https:\/\/agora.xtec.cat\/ceiparquitectegaudi\/wp-content\/uploads\/usu1602\/2021\/02\/02cd3620-bd64-4b54-84c1-070ac8517d46-150x150.png 150w, https:\/\/agora.xtec.cat\/ceiparquitectegaudi\/wp-content\/uploads\/usu1602\/2021\/02\/02cd3620-bd64-4b54-84c1-070ac8517d46-300x300.png 300w\" sizes=\"auto, (max-width: 286px) 100vw, 286px\" \/>Aquesta aplicaci\u00f3 ens permet compartir instantaneament fotos, v\u00eddeos i anuncis sobre l\u2019aula i enviar un missatge privat a qualsevol fam\u00edlia.\u00a0<\/span><\/p>\n<p><span style=\"font-weight: 400;\">A banda, ofereix la possibilitat que cada alumne tingui una carpeta d\u2019aprenentatge online, molt \u00fatil, donada la situaci\u00f3 tan complexa que estem vivint. Els estudiants poden compartir qu\u00e8 han apr\u00e8s afegint fotos i v\u00eddeos amb les seves mestres d\u2019una forma segura i individual.<\/span><\/p>\n<p><span style=\"font-weight: 400;\">Ens ajuda a augmentar la compet\u00e8ncia digital dels nostres alumnes, a afavorir la seva autonomia i responsabilitat i a fer-los conscients del seu propi proc\u00e9s d\u2019aprenentatge.<\/span><\/p>\n<h4 style=\"text-align: center;\"><b>MESTRES + ALUMNES + FAM\u00cdLIES = SOM GAUD\u00cd.<\/b><\/h4>\n","protected":false},"excerpt":{"rendered":"<p>Aquest curs introdu\u00efm l\u2019\u00fas de com a eina de connecta a mestres amb estudiants i fam\u00edlies i ajuda a enfortir les nostra comunitat educativa.<\/p>\n<p>Aquesta aplicaci\u00f3 ens permet compartir instantaneament fotos, v\u00eddeos i anuncis sobre l\u2019aula i enviar un missatge privat a qualsevol fam\u00edlia.\u00a0<br \/>\nA banda, ofereix&hellip;  <a href=\"https:\/\/agora.xtec.cat\/ceiparquitectegaudi\/projectes\/classdojo\/\" title=\"Read ClassDojo\">Llegeix m\u00e9s\u00bb<\/a><\/p>\n","protected":false},"author":1,"featured_media":0,"parent":611,"menu_order":4,"comment_status":"closed","ping_status":"closed","template":"page-templates\/side-menu.php","meta":{"_bbp_topic_count":0,"_bbp_reply_count":0,"_bbp_total_topic_count":0,"_bbp_total_reply_count":0,"_bbp_voice_count":0,"_bbp_anonymous_reply_count":0,"_bbp_topic_count_hidden":0,"_bbp_reply_count_hidden":0,"_bbp_forum_subforum_count":0,"footnotes":""},"class_list":["post-4565","page","type-page","status-publish","hentry"],"post_mailing_queue_ids":[],"_links":{"self":[{"href":"https:\/\/agora.xtec.cat\/ceiparquitectegaudi\/wp-json\/wp\/v2\/pages\/4565","targetHints":{"allow":["GET"]}}],"collection":[{"href":"https:\/\/agora.xtec.cat\/ceiparquitectegaudi\/wp-json\/wp\/v2\/pages"}],"about":[{"href":"https:\/\/agora.xtec.cat\/ceiparquitectegaudi\/wp-json\/wp\/v2\/types\/page"}],"author":[{"embeddable":true,"href":"https:\/\/agora.xtec.cat\/ceiparquitectegaudi\/wp-json\/wp\/v2\/users\/1"}],"replies":[{"embeddable":true,"href":"https:\/\/agora.xtec.cat\/ceiparquitectegaudi\/wp-json\/wp\/v2\/comments?post=4565"}],"version-history":[{"count":3,"href":"https:\/\/agora.xtec.cat\/ceiparquitectegaudi\/wp-json\/wp\/v2\/pages\/4565\/revisions"}],"predecessor-version":[{"id":6317,"href":"https:\/\/agora.xtec.cat\/ceiparquitectegaudi\/wp-json\/wp\/v2\/pages\/4565\/revisions\/6317"}],"up":[{"embeddable":true,"href":"https:\/\/agora.xtec.cat\/ceiparquitectegaudi\/wp-json\/wp\/v2\/pages\/611"}],"wp:attachment":[{"href":"https:\/\/agora.xtec.cat\/ceiparquitectegaudi\/wp-json\/wp\/v2\/media?parent=4565"}],"curies":[{"name":"wp","href":"https:\/\/api.w.org\/{rel}","templated":true}]}}