{"id":4414,"date":"2021-01-27T06:50:25","date_gmt":"2021-01-27T05:50:25","guid":{"rendered":"http:\/\/agora.xtec.cat\/ceiparquitectegaudi\/?page_id=4414"},"modified":"2024-02-20T08:59:56","modified_gmt":"2024-02-20T07:59:56","slug":"comunitat-arlequins-de-la-casa-batllo","status":"publish","type":"page","link":"https:\/\/agora.xtec.cat\/ceiparquitectegaudi\/lescola\/projecte-educatiu\/comunitat-arlequins-de-la-casa-batllo\/","title":{"rendered":"Comunitat d&#8217;Arlequins"},"content":{"rendered":"<p><span style=\"font-weight: 400;\"><br \/>\n<a href=\"https:\/\/agora.xtec.cat\/ceiparquitectegaudi\/wp-content\/uploads\/usu1602\/2021\/02\/arlequins.jpg\"><img loading=\"lazy\" decoding=\"async\" class=\"wp-image-4724 alignleft\" src=\"https:\/\/agora.xtec.cat\/ceiparquitectegaudi\/wp-content\/uploads\/usu1602\/2021\/02\/arlequins-222x300.jpg\" alt=\"\" width=\"115\" height=\"155\" srcset=\"https:\/\/agora.xtec.cat\/ceiparquitectegaudi\/wp-content\/uploads\/usu1602\/2021\/02\/arlequins-222x300.jpg 222w, https:\/\/agora.xtec.cat\/ceiparquitectegaudi\/wp-content\/uploads\/usu1602\/2021\/02\/arlequins-768x1037.jpg 768w, https:\/\/agora.xtec.cat\/ceiparquitectegaudi\/wp-content\/uploads\/usu1602\/2021\/02\/arlequins-758x1024.jpg 758w, https:\/\/agora.xtec.cat\/ceiparquitectegaudi\/wp-content\/uploads\/usu1602\/2021\/02\/arlequins.jpg 847w\" sizes=\"auto, (max-width: 115px) 100vw, 115px\" \/><\/a>La comunitat d\u2019Arlequins est\u00e0 formada pels infants de 1r, 2n i 3r de Prim\u00e0ria, les mestres i les seves fam\u00edlies.\u00a0<\/span><\/p>\n<p><span style=\"font-weight: 400;\">Dividim l\u2019horari en tres franges hor\u00e0ries (9 a 10:30, 11 a 12:30 i 15 a 16:30h), d\u2019aquesta manera afavorim la relaci\u00f3 entre les diferents \u00e0rees del curr\u00edculum.<\/span><\/p>\n<p><span style=\"font-weight: 400;\"><img loading=\"lazy\" decoding=\"async\" class=\"wp-image-4645 alignright\" src=\"https:\/\/agora.xtec.cat\/ceiparquitectegaudi\/wp-content\/uploads\/usu1602\/2021\/02\/20201216_171934-1024x576.jpg\" alt=\"\" width=\"343\" height=\"193\" srcset=\"https:\/\/agora.xtec.cat\/ceiparquitectegaudi\/wp-content\/uploads\/usu1602\/2021\/02\/20201216_171934-1024x576.jpg 1024w, https:\/\/agora.xtec.cat\/ceiparquitectegaudi\/wp-content\/uploads\/usu1602\/2021\/02\/20201216_171934-300x169.jpg 300w, https:\/\/agora.xtec.cat\/ceiparquitectegaudi\/wp-content\/uploads\/usu1602\/2021\/02\/20201216_171934-768x432.jpg 768w\" sizes=\"auto, (max-width: 343px) 100vw, 343px\" \/><\/span><\/p>\n<p><span style=\"font-weight: 400;\">Tamb\u00e9 hem introdu\u00eft les <strong>situacions d&#8217;aprenentatge<\/strong><\/span><span style=\"font-weight: 400;\">\u00a0per interrelacionar l\u2019\u00e0mbit de coneixement del medi amb la compet\u00e8ncia ling\u00fc\u00edstica <\/span><span style=\"font-weight: 400;\">donant gran rellev\u00e0ncia al treball cooperatiu.\u00a0 Els reptes sorgeixen de les propostes dels alumnes o de les necessitats del context i estan relacionats amb els continguts del curr\u00edculum. De forma conjunta s\u2019elaboren preguntes o hip\u00f2tesis, es prenen decisions sobre el repartiment de tasques i es posa en com\u00fa el resultat de les tasques individuals i s\u2019elabora col\u00b7lectivament el resultat.\u00a0<\/span><\/p>\n<p><span style=\"font-weight: 400;\">Durant la setmana tamb\u00e9 dediquem algunes franges al <\/span><b>treball sistem\u00e0tic de la llengua catalana<\/b><span style=\"font-weight: 400;\">. En aquestes sessions plantegem l\u2019aprenentatge de la lectoescriptura d\u2019una forma significativa, combinant el m\u00e8tode global amb activitats m\u00e9s sistem\u00e0tiques i utilitzant materials en diferents formats: manipulatiu, full, pissarra digital\u2026\u00a0\u00a0<\/span><\/p>\n<p><span style=\"font-weight: 400;\">Tamb\u00e9 treballem per millorar la <\/span><b>compet\u00e8ncia oral<\/b><span style=\"font-weight: 400;\"> dels nostres alumnes, per aix\u00f2 prioritzem els moments de conversa, les activitats espec\u00edfiques d\u2019expressi\u00f3 oral i les exposicions orals, on els alumnes comparteixen amb la resta de companys la informaci\u00f3 recollida i els aprenentatges realitzats durant el projecte.\u00a0\u00a0<\/span><\/p>\n<p><span style=\"font-weight: 400;\">Dediquem part de l\u2019horari a portar a terme el <\/span><b>projecte de matem\u00e0tiques manipulatives<\/b><span style=\"font-weight: 400;\"> a partir d\u2019Innovamat. La incorporaci\u00f3 d\u2019aquest material ens ha perm\u00e8s presentar els continguts i les destreses matem\u00e0tiques a trav\u00e9s de materials motivadors i recursos audiovisuals i digitals. L\u2019\u00fas de materials manipulatius i la conversa es converteixen en el millor punt de partides de totes les propostes. A m\u00e9s, disposa d\u2019una plataforma digital que ajuda a practicar de manera aut\u00f2noma i individualitzada els procediments constru\u00efts a l\u2019aula. <\/span><\/p>\n<p><span style=\"font-weight: 400;\">Teniu m\u00e9s informaci\u00f3 sobre el projecte <\/span><a href=\"https:\/\/agora.xtec.cat\/ceiparquitectegaudi\/projectes\/matematiques-amb-innovamat\/\"><span style=\"font-weight: 400;\">AQU\u00cd<\/span><span style=\"font-weight: 400;\">.\u00a0\u00a0<\/span><\/a><\/p>\n<p><span style=\"font-weight: 400;\">A l\u2019escola, considerem clau l\u2019adquisici\u00f3 de la lectura i l\u2019escriptura com a eina per comunicar-nos i el domini de continguts matem\u00e0tics per poder-los usar de manera comprensiva al nostre entorn. Per aix\u00f2, l\u2019escola prioritza la participaci\u00f3 de <\/span><b>dues docents <\/b><span style=\"font-weight: 400;\">a l\u2019aula. L&#8217;organitzaci\u00f3 dels alumnes en aquestes sessions \u00e9s flexible, segons propostes i les necessitats de sessi\u00f3 i de cada grup<\/span><span style=\"font-weight: 400;\">.<\/span><\/p>\n<p><span style=\"font-weight: 400;\">En aquesta escola considerem molt important l&#8217;impuls de la <\/span><b>llengua anglesa. <\/b>En la comunitat d&#8217;Arlequins es treballa principalment <span style=\"font-weight: 400;\">la compet\u00e8ncia oral i es va incorporant progressivament el seu \u00fas escrit. <\/span><span style=\"font-weight: 400;\">S&#8217;utilitzen contes, <\/span><span style=\"font-weight: 400;\">jocs, flashcards, role plays, audicions, can\u00e7ons, di\u00e0legs, v\u00eddeos, representacions, hist\u00f2ries, lectures, tauletes i aplicacions digitals<\/span><span style=\"font-weight: 400;\"> engrescadores\u2026 <\/span><span style=\"font-weight: 400;\">La din\u00e0mica \u00e9s molt activa i participativa.\u00a0<\/span><\/p>\n<p><span style=\"font-weight: 400;\">Tamb\u00e9 realitzem <\/span><b>tallers internivells <\/b>relacionats amb <b>l&#8217;expressi\u00f3 corporal, <\/b>les <b>\u201cArts &amp; Crafts\u201d<\/b><span style=\"font-weight: 400;\">,<strong> l&#8217;experimentaci\u00f3<\/strong> i <strong>la compet\u00e8ncia digital<\/strong>, on els infants de tota la comunitat conviuen i compateixen aprenentatge. A m\u00e9s a m\u00e9s, s&#8217;han posat en marxa unes motxilles viatgeres amb contingut en angl\u00e8s per treballar a casa anomenades <strong>&#8220;English Bags&#8221;<\/strong> on troben diferents recursos i propostes per fomentar la llengua des de casa. Per \u00faltim, fem una sortida anual al teatre per veure una proposta en llengua anglesa.\u00a0<\/span><\/p>\n\r\n\t<div class=\"slideshow_container slideshow_container_style-light\" style=\"height: 400px; \" data-slideshow-id=\"6364\" data-style-name=\"style-light\" data-style-version=\"2.3.1\" >\r\n\r\n\t\t\t\t\t<div class=\"slideshow_loading_icon\"><\/div>\r\n\t\t\r\n\t\t<div class=\"slideshow_content\" style=\"display: none;\">\r\n\r\n\t\t\t<div class=\"slideshow_view\">\r\n\t\t\t\t<div class=\"slideshow_slide slideshow_slide_image\">\r\n\t\t\t\t\t\t\t\t\t\t\t<img src=\"https:\/\/agora.xtec.cat\/ceiparquitectegaudi\/wp-content\/uploads\/usu1602\/2023\/02\/20230209_112232-1.jpg\" alt=\"20230209_112232\" width=\"2000\" height=\"1500\" \/>\r\n\t\t\t\t\t\t\t\t\t\t<div class=\"slideshow_description_box slideshow_transparent\">\r\n\t\t\t\t\t\t<div class=\"slideshow_title\">20230209_112232<\/div>\t\t\t\t\t\t\t\t\t\t\t<\/div>\r\n\t\t\t\t<\/div>\r\n\r\n\t\t\t\t\t\t<div style=\"clear: both;\"><\/div><\/div><div class=\"slideshow_view\">\r\n\t\t\t\t<div class=\"slideshow_slide slideshow_slide_image\">\r\n\t\t\t\t\t\t\t\t\t\t\t<img src=\"https:\/\/agora.xtec.cat\/ceiparquitectegaudi\/wp-content\/uploads\/usu1602\/2023\/02\/20230209_115202-rotated.jpg\" alt=\"20230209_115202\" width=\"768\" height=\"1024\" \/>\r\n\t\t\t\t\t\t\t\t\t\t<div class=\"slideshow_description_box slideshow_transparent\">\r\n\t\t\t\t\t\t<div class=\"slideshow_title\">20230209_115202<\/div>\t\t\t\t\t\t\t\t\t\t\t<\/div>\r\n\t\t\t\t<\/div>\r\n\r\n\t\t\t\t\t\t<div style=\"clear: both;\"><\/div><\/div><div class=\"slideshow_view\">\r\n\t\t\t\t<div class=\"slideshow_slide slideshow_slide_image\">\r\n\t\t\t\t\t\t\t\t\t\t\t<img src=\"https:\/\/agora.xtec.cat\/ceiparquitectegaudi\/wp-content\/uploads\/usu1602\/2023\/02\/20230209_115125-1-rotated.jpg\" alt=\"20230209_115125\" width=\"192\" height=\"256\" \/>\r\n\t\t\t\t\t\t\t\t\t\t<div class=\"slideshow_description_box slideshow_transparent\">\r\n\t\t\t\t\t\t<div class=\"slideshow_title\">20230209_115125<\/div>\t\t\t\t\t\t\t\t\t\t\t<\/div>\r\n\t\t\t\t<\/div>\r\n\r\n\t\t\t\t\t\t<div style=\"clear: both;\"><\/div><\/div><div class=\"slideshow_view\">\r\n\t\t\t\t<div class=\"slideshow_slide slideshow_slide_image\">\r\n\t\t\t\t\t\t\t\t\t\t\t<img src=\"https:\/\/agora.xtec.cat\/ceiparquitectegaudi\/wp-content\/uploads\/usu1602\/2023\/02\/Screenshot_20230209_113739_Instagram.jpg\" alt=\"Screenshot_20230209_113739_Instagram\" width=\"1024\" height=\"1227\" \/>\r\n\t\t\t\t\t\t\t\t\t\t<div class=\"slideshow_description_box slideshow_transparent\">\r\n\t\t\t\t\t\t<div class=\"slideshow_title\">Screenshot_20230209_113739_Instagram<\/div>\t\t\t\t\t\t\t\t\t\t\t<\/div>\r\n\t\t\t\t<\/div>\r\n\r\n\t\t\t\t\t\t<div style=\"clear: both;\"><\/div><\/div><div class=\"slideshow_view\">\r\n\t\t\t\t<div class=\"slideshow_slide slideshow_slide_image\">\r\n\t\t\t\t\t\t\t\t\t\t\t<img src=\"https:\/\/agora.xtec.cat\/ceiparquitectegaudi\/wp-content\/uploads\/usu1602\/2023\/02\/Screenshot_20230209_113733_Instagram.jpg\" alt=\"Screenshot_20230209_113733_Instagram\" width=\"1024\" height=\"1648\" \/>\r\n\t\t\t\t\t\t\t\t\t\t<div class=\"slideshow_description_box slideshow_transparent\">\r\n\t\t\t\t\t\t<div class=\"slideshow_title\">Screenshot_20230209_113733_Instagram<\/div>\t\t\t\t\t\t\t\t\t\t\t<\/div>\r\n\t\t\t\t<\/div>\r\n\r\n\t\t\t\t\t\t<div style=\"clear: both;\"><\/div><\/div><div class=\"slideshow_view\">\r\n\t\t\t\t<div class=\"slideshow_slide slideshow_slide_image\">\r\n\t\t\t\t\t\t\t\t\t\t\t<img src=\"https:\/\/agora.xtec.cat\/ceiparquitectegaudi\/wp-content\/uploads\/usu1602\/2023\/02\/20230209_112126-rotated.jpg\" alt=\"20230209_112126\" width=\"768\" height=\"1024\" \/>\r\n\t\t\t\t\t\t\t\t\t\t<div class=\"slideshow_description_box slideshow_transparent\">\r\n\t\t\t\t\t\t<div class=\"slideshow_title\">20230209_112126<\/div>\t\t\t\t\t\t\t\t\t\t\t<\/div>\r\n\t\t\t\t<\/div>\r\n\r\n\t\t\t\t\t\t<div style=\"clear: both;\"><\/div><\/div>\r\n\t\t<\/div>\r\n\r\n\t\t<div class=\"slideshow_controlPanel slideshow_transparent\" style=\"display: none;\"><ul><li class=\"slideshow_togglePlay\" data-play-text=\"Visualitza\" data-pause-text=\"Pausa\"><\/li><\/ul><\/div>\r\n\r\n\t\t<div class=\"slideshow_button slideshow_previous slideshow_transparent\" role=\"button\" data-previous-text=\"Anterior\" style=\"display: none;\"><\/div>\r\n\t\t<div class=\"slideshow_button slideshow_next slideshow_transparent\" role=\"button\" data-next-text=\"Seg\u00fcent\" style=\"display: none;\"><\/div>\r\n\r\n\t\t<div class=\"slideshow_pagination\" style=\"display: none;\" data-go-to-text=\"V\u00e9s a la diapositiva\"><div class=\"slideshow_pagination_center\"><\/div><\/div>\r\n\r\n\t\t<!-- WordPress Slideshow Version 2.3.1 -->\r\n\r\n\t\t\t<\/div>\r\n\r\n\n<p><span style=\"font-weight: 400;\">Tamb\u00e9 incorporem algunes activitats espec\u00edfiques en alguns nivells:<\/span><\/p>\n<p><span style=\"font-weight: 400;\">Els alumnes de 2n participen del projecte <\/span><b>\u201cPadrins lectors\u201d<\/b><span style=\"font-weight: 400;\">. Durant el segon trimestre del curs, gaudeixen d\u2019una estona de lectura compartida (expliquen, llegeixen i ensenyen contes i llibres) amb els alumnes de 6\u00e8. Es treballa per parelles i cada nen\/a t\u00e9 el mateix padr\u00ed o padrina al llarg del curs desenvolupant aix\u00ed una relaci\u00f3 personal i afectiva entre ambd\u00f3s.\u00a0<\/span><\/p>\n<p><span style=\"font-weight: 400;\">Els grups de 1r i 2n participen de <\/span><b>l\u2019activitat de piscina<\/b><span style=\"font-weight: 400;\"> dins de l\u2019horari escolar. L\u2019activitat es realitza a El Complex i <\/span><span style=\"font-weight: 400;\">els nens hi accedeixen <\/span><span style=\"font-weight: 400;\">acompanyats per mestres de l\u2019escola. El dia que tenim assignat aquest curs \u00e9s el dijous d&#8217;11:30 -12.15\u202fh.<\/span><\/p>\n<p><span style=\"font-weight: 400;\">En el grup d\u2019alumnes de 3r, s\u2019inicia en el <\/span><b>projecte \u201cCordes a prim\u00e0ria\u201d<\/b><span style=\"font-weight: 400;\">. Setmanalment, els nens i nenes participen de l\u2019Orquestra Sol, una sessi\u00f3 on aprenen a tocar un instrument de corda (viol\u00ed o violoncel) amb l\u2019ajuda\u00a0 del professorat de l\u2019Escola Municipal de M\u00fasica que es desplacen a l\u2019escola. Podeu con\u00e8ixer m\u00e9s detalls sobre el projecte <a href=\"https:\/\/www.santfeliu.cat\/go.faces?xmid=28268\">AQU\u00cd<\/a>.<\/span><\/p>\n<p><span style=\"font-weight: 400;\">Amb l\u2019objectiu de fomentar la cultura popular, <\/span><span style=\"font-weight: 400;\">hi ha moments del curs que <\/span><b>les festes d\u2019escola<\/b><span style=\"font-weight: 400;\"> prenen protagonisme, celebrem la Castanyada, el Carnestoltes i Sant Jordi.\u00a0 Ens agrada que els alumnes participin en el disseny i l\u2019organitzaci\u00f3 de moltes d\u2019elles. Per exemple, s\u00f3n els presentadors del Concert d\u2019hivern, redacten el BAN de Carnestoltes&#8230;<\/span><\/p>\n<p><span style=\"font-weight: 400;\">L\u2019activitat per excel\u00b7l\u00e8ncia de l\u2019escola, s\u00f3n <strong>l<\/strong><\/span><b>es Jornades Culturals,<\/b><span style=\"font-weight: 400;\"> ja que giren entorn un tema que vincula tota la nostra Comunitat Educativa. Es treballa al llarg de tot el curs, per\u00f2 es dedica una setmana en exclusiva al mes de maig per a realitzar tallers, un joc de pistes col\u00b7laboratiu on petis i grans fan una gimcana plegats i la cloenda. Un moment en qu\u00e8 compartim amb les fam\u00edlies les activitats que ha realitzat cada grup.\u00a0<\/span><\/p>\n<p><span style=\"font-weight: 400;\">Alguns dels temes treballats han estat: Coneixem Sant Feliu on vam comptar amb la visita d\u2019algunes entitats del municipi, el m\u00f3n televisiu on vam preparar un telenot\u00edcies, ens vam convertir en meteor\u00f2legs o comentaristes esportius i l\u2019artesania.<\/span><\/p>\n\r\n\t<div class=\"slideshow_container slideshow_container_style-light\" style=\"height: 400px; \" data-slideshow-id=\"4631\" data-style-name=\"style-light\" data-style-version=\"2.3.1\" >\r\n\r\n\t\t\t\t\t<div class=\"slideshow_loading_icon\"><\/div>\r\n\t\t\r\n\t\t<div class=\"slideshow_content\" style=\"display: none;\">\r\n\r\n\t\t\t<div class=\"slideshow_view\">\r\n\t\t\t\t<div class=\"slideshow_slide slideshow_slide_image\">\r\n\t\t\t\t\t\t\t\t\t\t\t<img src=\"https:\/\/agora.xtec.cat\/ceiparquitectegaudi\/wp-content\/uploads\/usu1602\/2021\/02\/jornades-per-la-pau-1-1024x724.png\" alt=\"jornades-per-la-pau-1-1024x724\" width=\"1024\" height=\"724\" \/>\r\n\t\t\t\t\t\t\t\t\t\t<div class=\"slideshow_description_box slideshow_transparent\">\r\n\t\t\t\t\t\t<div class=\"slideshow_title\">jornades-per-la-pau-1-1024x724<\/div>\t\t\t\t\t\t\t\t\t\t\t<\/div>\r\n\t\t\t\t<\/div>\r\n\r\n\t\t\t\t\t\t<div style=\"clear: both;\"><\/div><\/div><div class=\"slideshow_view\">\r\n\t\t\t\t<div class=\"slideshow_slide slideshow_slide_image\">\r\n\t\t\t\t\t\t\t\t\t\t\t<img src=\"https:\/\/agora.xtec.cat\/ceiparquitectegaudi\/wp-content\/uploads\/usu1602\/2021\/02\/IMG_20190517_150218_646.jpg\" alt=\"IMG_20190517_150218_646\" width=\"4608\" height=\"3456\" \/>\r\n\t\t\t\t\t\t\t\t\t\t<div class=\"slideshow_description_box slideshow_transparent\">\r\n\t\t\t\t\t\t<div class=\"slideshow_title\">IMG_20190517_150218_646<\/div>\t\t\t\t\t\t\t\t\t\t\t<\/div>\r\n\t\t\t\t<\/div>\r\n\r\n\t\t\t\t\t\t<div style=\"clear: both;\"><\/div><\/div><div class=\"slideshow_view\">\r\n\t\t\t\t<div class=\"slideshow_slide slideshow_slide_image\">\r\n\t\t\t\t\t\t\t\t\t\t\t<img src=\"https:\/\/agora.xtec.cat\/ceiparquitectegaudi\/wp-content\/uploads\/usu1602\/2021\/02\/IMG_20190515_122700_347.jpg\" alt=\"IMG_20190515_122700_347\" width=\"4608\" height=\"3456\" \/>\r\n\t\t\t\t\t\t\t\t\t\t<div class=\"slideshow_description_box slideshow_transparent\">\r\n\t\t\t\t\t\t<div class=\"slideshow_title\">IMG_20190515_122700_347<\/div>\t\t\t\t\t\t\t\t\t\t\t<\/div>\r\n\t\t\t\t<\/div>\r\n\r\n\t\t\t\t\t\t<div style=\"clear: both;\"><\/div><\/div><div class=\"slideshow_view\">\r\n\t\t\t\t<div class=\"slideshow_slide slideshow_slide_image\">\r\n\t\t\t\t\t\t\t\t\t\t\t<img src=\"https:\/\/agora.xtec.cat\/ceiparquitectegaudi\/wp-content\/uploads\/usu1602\/2021\/02\/IMG_20190515_120000_872.jpg\" alt=\"IMG_20190515_120000_872\" width=\"4608\" height=\"3456\" \/>\r\n\t\t\t\t\t\t\t\t\t\t<div class=\"slideshow_description_box slideshow_transparent\">\r\n\t\t\t\t\t\t<div class=\"slideshow_title\">IMG_20190515_120000_872<\/div>\t\t\t\t\t\t\t\t\t\t\t<\/div>\r\n\t\t\t\t<\/div>\r\n\r\n\t\t\t\t\t\t<div style=\"clear: both;\"><\/div><\/div><div class=\"slideshow_view\">\r\n\t\t\t\t<div class=\"slideshow_slide slideshow_slide_image\">\r\n\t\t\t\t\t\t\t\t\t\t\t<img src=\"https:\/\/agora.xtec.cat\/ceiparquitectegaudi\/wp-content\/uploads\/usu1602\/2021\/02\/IMG_20190515_111238_067.jpg\" alt=\"IMG_20190515_111238_067\" width=\"4608\" height=\"3456\" \/>\r\n\t\t\t\t\t\t\t\t\t\t<div class=\"slideshow_description_box slideshow_transparent\">\r\n\t\t\t\t\t\t<div class=\"slideshow_title\">IMG_20190515_111238_067<\/div>\t\t\t\t\t\t\t\t\t\t\t<\/div>\r\n\t\t\t\t<\/div>\r\n\r\n\t\t\t\t\t\t<div style=\"clear: both;\"><\/div><\/div><div class=\"slideshow_view\">\r\n\t\t\t\t<div class=\"slideshow_slide slideshow_slide_image\">\r\n\t\t\t\t\t\t\t\t\t\t\t<img src=\"https:\/\/agora.xtec.cat\/ceiparquitectegaudi\/wp-content\/uploads\/usu1602\/2021\/02\/IMG_0232.jpg\" alt=\"IMG_0232\" width=\"3264\" height=\"2448\" \/>\r\n\t\t\t\t\t\t\t\t\t\t<div class=\"slideshow_description_box slideshow_transparent\">\r\n\t\t\t\t\t\t<div class=\"slideshow_title\">IMG_0232<\/div>\t\t\t\t\t\t\t\t\t\t\t<\/div>\r\n\t\t\t\t<\/div>\r\n\r\n\t\t\t\t\t\t<div style=\"clear: both;\"><\/div><\/div>\r\n\t\t<\/div>\r\n\r\n\t\t<div class=\"slideshow_controlPanel slideshow_transparent\" style=\"display: none;\"><ul><li class=\"slideshow_togglePlay\" data-play-text=\"Visualitza\" data-pause-text=\"Pausa\"><\/li><\/ul><\/div>\r\n\r\n\t\t<div class=\"slideshow_button slideshow_previous slideshow_transparent\" role=\"button\" data-previous-text=\"Anterior\" style=\"display: none;\"><\/div>\r\n\t\t<div class=\"slideshow_button slideshow_next slideshow_transparent\" role=\"button\" data-next-text=\"Seg\u00fcent\" style=\"display: none;\"><\/div>\r\n\r\n\t\t<div class=\"slideshow_pagination\" style=\"display: none;\" data-go-to-text=\"V\u00e9s a la diapositiva\"><div class=\"slideshow_pagination_center\"><\/div><\/div>\r\n\r\n\t\t<!-- WordPress Slideshow Version 2.3.1 -->\r\n\r\n\t\t\t<\/div>\r\n\r\n\n<p><span style=\"font-weight: 400;\">Pots con\u00e8ixer m\u00e9s sobre els nostres projectes <a href=\"https:\/\/agora.xtec.cat\/ceiparquitectegaudi\/projectes\/\">AQU\u00cd.<\/a><\/span><\/p>\n<p>&nbsp;<\/p>\n","protected":false},"excerpt":{"rendered":"<p><a href=\"https:\/\/agora.xtec.cat\/ceiparquitectegaudi\/wp-content\/uploads\/usu1602\/2021\/02\/arlequins.jpg\"><\/a>La comunitat d\u2019Arlequins est\u00e0 formada pels infants de 1r, 2n i 3r de Prim\u00e0ria, les mestres i les seves fam\u00edlies.\u00a0<br \/>\nDividim l\u2019horari en tres franges hor\u00e0ries (9 a 10:30, 11 a 12:30 i 15 a 16:30h), d\u2019aquesta manera afavorim la relaci\u00f3 entre les diferents \u00e0rees&hellip;  <a href=\"https:\/\/agora.xtec.cat\/ceiparquitectegaudi\/lescola\/projecte-educatiu\/comunitat-arlequins-de-la-casa-batllo\/\" title=\"Read Comunitat d&#8217;Arlequins\">Llegeix m\u00e9s\u00bb<\/a><\/p>\n","protected":false},"author":1,"featured_media":0,"parent":64,"menu_order":2,"comment_status":"closed","ping_status":"closed","template":"","meta":{"_bbp_topic_count":0,"_bbp_reply_count":0,"_bbp_total_topic_count":0,"_bbp_total_reply_count":0,"_bbp_voice_count":0,"_bbp_anonymous_reply_count":0,"_bbp_topic_count_hidden":0,"_bbp_reply_count_hidden":0,"_bbp_forum_subforum_count":0,"footnotes":""},"class_list":["post-4414","page","type-page","status-publish","hentry"],"post_mailing_queue_ids":[],"_links":{"self":[{"href":"https:\/\/agora.xtec.cat\/ceiparquitectegaudi\/wp-json\/wp\/v2\/pages\/4414","targetHints":{"allow":["GET"]}}],"collection":[{"href":"https:\/\/agora.xtec.cat\/ceiparquitectegaudi\/wp-json\/wp\/v2\/pages"}],"about":[{"href":"https:\/\/agora.xtec.cat\/ceiparquitectegaudi\/wp-json\/wp\/v2\/types\/page"}],"author":[{"embeddable":true,"href":"https:\/\/agora.xtec.cat\/ceiparquitectegaudi\/wp-json\/wp\/v2\/users\/1"}],"replies":[{"embeddable":true,"href":"https:\/\/agora.xtec.cat\/ceiparquitectegaudi\/wp-json\/wp\/v2\/comments?post=4414"}],"version-history":[{"count":5,"href":"https:\/\/agora.xtec.cat\/ceiparquitectegaudi\/wp-json\/wp\/v2\/pages\/4414\/revisions"}],"predecessor-version":[{"id":7174,"href":"https:\/\/agora.xtec.cat\/ceiparquitectegaudi\/wp-json\/wp\/v2\/pages\/4414\/revisions\/7174"}],"up":[{"embeddable":true,"href":"https:\/\/agora.xtec.cat\/ceiparquitectegaudi\/wp-json\/wp\/v2\/pages\/64"}],"wp:attachment":[{"href":"https:\/\/agora.xtec.cat\/ceiparquitectegaudi\/wp-json\/wp\/v2\/media?parent=4414"}],"curies":[{"name":"wp","href":"https:\/\/api.w.org\/{rel}","templated":true}]}}