{"id":4012,"date":"2020-05-11T08:44:38","date_gmt":"2020-05-11T06:44:38","guid":{"rendered":"http:\/\/agora.xtec.cat\/ceiparquitectegaudi\/?page_id=4012"},"modified":"2026-01-23T10:58:09","modified_gmt":"2026-01-23T09:58:09","slug":"documentacio-a-presentar","status":"publish","type":"page","link":"https:\/\/agora.xtec.cat\/ceiparquitectegaudi\/preinscripcio\/documentacio-a-presentar\/","title":{"rendered":"Documentaci\u00f3 a presentar"},"content":{"rendered":"<h3 class=\"subtitle\">1) Reuneix tota la documentaci\u00f3 identificativa<\/h3>\n<div class=\"basic_text col-xs-12 pd-30 off-margin-bottom pd-15\"><\/div>\n<div class=\"basic_text_peq col-xs-12\">\n<div class=\"pd-15x\">\n<p>Per fer la sol\u00b7licitud de preinscripci\u00f3 cal presentar tota la documentaci\u00f3 necess\u00e0ria per acreditar la identitat de les fam\u00edlies sol\u00b7licitants i l\u2019acompliment dels criteris de prioritat d\u2019assignaci\u00f3 de places. Com que aquest any tots els tr\u00e0mits es fan de manera telem\u00e0tica,\u00a0<strong>cal escanejar o fotografiar tots els documents demanats per ambdues cares<\/strong>\u00a0i tenir-los disponibles en el dispositiu que utilitzareu per emplenar el formulari de preinscripci\u00f3, ja sigui un ordinador, una tauleta o un tel\u00e8fon intel\u00b7ligent, per tal de poder-los adjuntar.<\/p>\n<p>Els documents necessaris per acreditar la identitat de les fam\u00edlies en la sol\u00b7licitud de preinscripci\u00f3 s\u00f3n:<\/p>\n<ul>\n<li><strong>Certificaci\u00f3 electr\u00f2nica de la inscripci\u00f3 de naixement o llibre de fam\u00edlia o altres documents relatius a la filiaci\u00f3.<\/strong><\/li>\n<\/ul>\n<p>Quan l&#8217;alumne estigui en situaci\u00f3 d\u2019acolliment, el document que cal aportar \u00e9s la\u00a0<strong style=\"font-family: inherit; font-size: 1em;\">resoluci\u00f3 d\u2019acolliment del Departament de Treball, Afers Socials i Fam\u00edlies<\/strong><span style=\"font-family: inherit; font-size: 1em;\">.<\/span><\/p>\n<ul>\n<li><strong>DNI del pare, la mare o el tutor o la tutora de l\u2019alumne.<\/strong><\/li>\n<\/ul>\n<p>Si el sol\u00b7licitant \u00e9s estranger, necessitar\u00e0\u00a0<strong>la targeta de resid\u00e8ncia<\/strong>\u00a0on consta el NIE o el\u00a0<strong>passaport<\/strong>, i si \u00e9s estranger d\u2019un pa\u00eds membre de la Uni\u00f3 Europea li caldr\u00e0 adjuntar el\u00a0<strong>document d\u2019identitat del pa\u00eds d\u2019origen<\/strong>.<\/p>\n<p>De manera excepcional, es poden acreditar les dades d\u2019identificaci\u00f3 o de filiaci\u00f3 de l\u2019alumnat estranger amb el document d\u2019identitat, el llibre de fam\u00edlia del pa\u00eds d\u2019origen o la documentaci\u00f3 alternativa que la persona pugui aportar. El director o la directora del centre educatiu corresponent valorar\u00e0 i examinar\u00e0 la documentaci\u00f3 presentada.<\/p>\n<p>&nbsp;<\/p>\n<\/div>\n<\/div>\n<h3 class=\"subtitle\">2) Busca la documentaci\u00f3 acreditativa dels criteris de prioritat<\/h3>\n<div class=\"basic_text col-xs-12 pd-30 off-margin-bottom pd-15\"><\/div>\n<div class=\"basic_text_peq col-xs-12\">\n<div class=\"imatge_amb_peu amb_text noticia clearfix col-sm-6\"><\/div>\n<div class=\"pd-15x\">\n<p>Els documents necessaris per acreditar els criteris de prioritat s\u00f3n:<\/p>\n<ul>\n<li><strong>Per justificar la proximitat del domicili habitual a l&#8217;escola.\u00a0<\/strong>En enviar la sol\u00b7licitud es programa la consulta automatitzada del padr\u00f3. Aquesta consulta serveix<strong>\u00a0<\/strong>per confirmar l&#8217;adre\u00e7a del domicili familiar. Si no es poden obtenir les dades del padr\u00f3 cal acreditar la resid\u00e8ncia adjuntant\u00a0<strong>un certificat o volant de conviv\u00e8ncia de l&#8217;alumne<\/strong>, on ha de constar l&#8217;adre\u00e7a del domicili i acreditar que l&#8217;alumne viu com a m\u00ednim amb el pare o la mare que presenta la sol\u00b7licitud.<\/li>\n<li><strong>Per acreditar la proximitat del lloc de treball del pare, la mare o el tutor legal a l&#8217;escola.<\/strong>\u00a0En el cas de les persones assalariades, \u00e9s suficient si s&#8217;aporta el\u00a0<strong>contracte laboral o un certificat em\u00e8s per l&#8217;empresa<\/strong>. En el cas de ser treballadora o treballador aut\u00f2nom, s&#8217;haur\u00e0 de presentar\u00a0<strong>el model de l&#8217;Ag\u00e8ncia tribut\u00e0ria 036 o 037<\/strong>, on es deixa const\u00e0ncia del domicili en qu\u00e8 es porta a terme l&#8217;activitat.<\/li>\n<li><strong>Per justificar la renda garantida de ciutadania.<\/strong>\u00a0Aportaci\u00f3 de documents com la certificaci\u00f3 o la resoluci\u00f3 emesa pel Departament de Treball, Afers Socials i Fam\u00edlia.<\/li>\n<\/ul>\n<p>Per acreditar els criteris complementaris s&#8217;ha de tenir en compte el seg\u00fcent:<\/p>\n<ul>\n<li><strong>Per acreditar que un membre de la unitat familiar t\u00e9 una discapacitat.<\/strong>\u00a0Aquest sup\u00f2sit inclou la discapacitat igual o superior al 33 % de l&#8217;alumne, del pare o la mare o d&#8217;algun germ\u00e0 o germana, i es valida mitjan\u00e7ant consultes interadministratives. Si no es pot validar o si es tracta d&#8217;una discapacitat reconeguda per altres comunitats aut\u00f2nomes, cal presentar el certificat o la targeta acreditativa de discapacitat que emet el Departament de Treball, Afers Socials i Fam\u00edlies o els organismes competents en altres comunitats aut\u00f2nomes. Tamb\u00e9 es pot adjuntar el document que acrediti ser beneficiari o benefici\u00e0ria d&#8217;una pensi\u00f3 d&#8217;incapacitat permanent de grau total o de gran invalidesa, o b\u00e9, quan sigui oport\u00fa, el corresponent certificat de les classes passives que tenen reconeguda una pensi\u00f3 de jubilaci\u00f3 o retir per incapacitat permanent per al servei o inutilitat.<\/li>\n<li><strong>Per acreditar que l&#8217;alumne forma part d&#8217;una fam\u00edlia nombrosa o monoparental.<\/strong>\u00a0Aquesta informaci\u00f3 es validar\u00e0 mitjan\u00e7ant consultes interadministratives quan es faci la sol\u00b7licitud de preinscripci\u00f3. Nom\u00e9s quan no sigui possible validar-ho perqu\u00e8 es tracti de t\u00edtols emesos per altres comunitats aut\u00f2nomes, caldr\u00e0 presentar el carnet de fam\u00edlia nombrosa o el de fam\u00edlia monoparental.<\/li>\n<li><strong>El fet d&#8217;haver nascut en un part m\u00faltiple<\/strong>\u00a0s&#8217;acredita amb el llibre de fam\u00edlia o la certificaci\u00f3 electr\u00f2nica de la inscripci\u00f3 de naixement.<\/li>\n<li><strong>La situaci\u00f3 d&#8217;acolliment familiar<\/strong>\u00a0s&#8217;acredita amb la\u202fresoluci\u00f3 d&#8217;acolliment del Departament de Drets Socials.<\/li>\n<li>La condici\u00f3 de\u00a0<strong>v\u00edctima de viol\u00e8ncia de g\u00e8nere o de terrorisme<\/strong>\u00a0s&#8217;acredita amb la sent\u00e8ncia judicial de qualsevol ordre jurisdiccional, l&#8217;ordre de protecci\u00f3 vigent, o l&#8217;informe dels serveis socials o el certificat que acredita la condici\u00f3 de v\u00edctima de terrorisme que emet la Subdirecci\u00f3n General de Apoyo a V\u00edctimas del Terrorismo del Ministeri de l&#8217;Interior.<\/li>\n<\/ul>\n<\/div>\n<\/div>\n<div class=\"basic_text_peq col-xs-12\">\n<div class=\"pd-15x\">\n<p>&nbsp;<\/p>\n<p>M\u00e9s informaci\u00f3 sobre la documentaci\u00f3 que cal aportar <a href=\"https:\/\/preinscripcio.gencat.cat\/ca\/estudis\/infantil-3-6\/informat\/prepara-documentacio\/\">aqu\u00ed.\u00a0<\/a><\/p>\n<p>Continua amb els <a href=\"https:\/\/agora.xtec.cat\/ceiparquitectegaudi\/preinscripcio\/barem-de-puntuacio\/\">barems de puntuaci\u00f3.<\/a><\/p>\n<\/div>\n<\/div>\n<p style=\"text-align: center;\">\n","protected":false},"excerpt":{"rendered":"<p>1) Reuneix tota la documentaci\u00f3 identificativa<\/p>\n<p>Per fer la sol\u00b7licitud de preinscripci\u00f3 cal presentar tota la documentaci\u00f3 necess\u00e0ria per acreditar la identitat de les fam\u00edlies sol\u00b7licitants i l\u2019acompliment dels criteris de prioritat d\u2019assignaci\u00f3 de places. Com que aquest any tots els tr\u00e0mits es fan de manera&hellip;  <a href=\"https:\/\/agora.xtec.cat\/ceiparquitectegaudi\/preinscripcio\/documentacio-a-presentar\/\" title=\"Read Documentaci\u00f3 a presentar\">Llegeix m\u00e9s\u00bb<\/a><\/p>\n","protected":false},"author":1,"featured_media":0,"parent":4412,"menu_order":0,"comment_status":"closed","ping_status":"closed","template":"","meta":{"_bbp_topic_count":0,"_bbp_reply_count":0,"_bbp_total_topic_count":0,"_bbp_total_reply_count":0,"_bbp_voice_count":0,"_bbp_anonymous_reply_count":0,"_bbp_topic_count_hidden":0,"_bbp_reply_count_hidden":0,"_bbp_forum_subforum_count":0,"footnotes":""},"class_list":["post-4012","page","type-page","status-publish","hentry"],"post_mailing_queue_ids":[],"_links":{"self":[{"href":"https:\/\/agora.xtec.cat\/ceiparquitectegaudi\/wp-json\/wp\/v2\/pages\/4012","targetHints":{"allow":["GET"]}}],"collection":[{"href":"https:\/\/agora.xtec.cat\/ceiparquitectegaudi\/wp-json\/wp\/v2\/pages"}],"about":[{"href":"https:\/\/agora.xtec.cat\/ceiparquitectegaudi\/wp-json\/wp\/v2\/types\/page"}],"author":[{"embeddable":true,"href":"https:\/\/agora.xtec.cat\/ceiparquitectegaudi\/wp-json\/wp\/v2\/users\/1"}],"replies":[{"embeddable":true,"href":"https:\/\/agora.xtec.cat\/ceiparquitectegaudi\/wp-json\/wp\/v2\/comments?post=4012"}],"version-history":[{"count":6,"href":"https:\/\/agora.xtec.cat\/ceiparquitectegaudi\/wp-json\/wp\/v2\/pages\/4012\/revisions"}],"predecessor-version":[{"id":8915,"href":"https:\/\/agora.xtec.cat\/ceiparquitectegaudi\/wp-json\/wp\/v2\/pages\/4012\/revisions\/8915"}],"up":[{"embeddable":true,"href":"https:\/\/agora.xtec.cat\/ceiparquitectegaudi\/wp-json\/wp\/v2\/pages\/4412"}],"wp:attachment":[{"href":"https:\/\/agora.xtec.cat\/ceiparquitectegaudi\/wp-json\/wp\/v2\/media?parent=4012"}],"curies":[{"name":"wp","href":"https:\/\/api.w.org\/{rel}","templated":true}]}}