{"id":4002,"date":"2020-05-11T08:04:57","date_gmt":"2020-05-11T06:04:57","guid":{"rendered":"http:\/\/agora.xtec.cat\/ceiparquitectegaudi\/?page_id=4002"},"modified":"2026-02-27T19:21:03","modified_gmt":"2026-02-27T18:21:03","slug":"informacio-proces-preinscripcio","status":"publish","type":"page","link":"https:\/\/agora.xtec.cat\/ceiparquitectegaudi\/preinscripcio\/informacio-proces-preinscripcio\/","title":{"rendered":"Informaci\u00f3 preinscripci\u00f3"},"content":{"rendered":"<p><img loading=\"lazy\" decoding=\"async\" class=\"wp-image-6241 alignright\" src=\"https:\/\/agora.xtec.cat\/ceiparquitectegaudi\/wp-content\/uploads\/usu1602\/2023\/02\/7-e1675361821432.png\" alt=\"\" width=\"224\" height=\"173\" srcset=\"https:\/\/agora.xtec.cat\/ceiparquitectegaudi\/wp-content\/uploads\/usu1602\/2023\/02\/7-e1675361821432.png 500w, https:\/\/agora.xtec.cat\/ceiparquitectegaudi\/wp-content\/uploads\/usu1602\/2023\/02\/7-e1675361821432-300x232.png 300w\" sizes=\"auto, (max-width: 224px) 100vw, 224px\" \/><\/p>\n<p><strong>\ud83d\udcccEducaci\u00f3 infantil (3-6 anys), educaci\u00f3 prim\u00e0ria i educaci\u00f3 secund\u00e0ria obligat\u00f2ria.<\/strong><\/p>\n<p><img loading=\"lazy\" decoding=\"async\" class=\"alignnone  wp-image-9009\" src=\"https:\/\/agora.xtec.cat\/ceiparquitectegaudi\/wp-content\/uploads\/usu1602\/2026\/02\/dates.jpg\" alt=\"\" width=\"816\" height=\"552\" srcset=\"https:\/\/agora.xtec.cat\/ceiparquitectegaudi\/wp-content\/uploads\/usu1602\/2026\/02\/dates.jpg 1004w, https:\/\/agora.xtec.cat\/ceiparquitectegaudi\/wp-content\/uploads\/usu1602\/2026\/02\/dates-300x203.jpg 300w, https:\/\/agora.xtec.cat\/ceiparquitectegaudi\/wp-content\/uploads\/usu1602\/2026\/02\/dates-768x519.jpg 768w\" sizes=\"auto, (max-width: 816px) 100vw, 816px\" \/><\/p>\n<p>\ud83d\udce9\u00a0Presentaci\u00f3 de sol\u00b7licituds <strong>del 4 al 26 de mar\u00e7. \ud83d\uddd3<\/strong><\/p>\n<p><strong>\ud83d\udcdd\u00a0Documentaci\u00f3 que cal preparar.<\/strong><\/p>\n<p><img loading=\"lazy\" decoding=\"async\" class=\"alignnone size-full wp-image-9010\" src=\"https:\/\/agora.xtec.cat\/ceiparquitectegaudi\/wp-content\/uploads\/usu1602\/2026\/02\/documents.jpg\" alt=\"\" width=\"974\" height=\"551\" srcset=\"https:\/\/agora.xtec.cat\/ceiparquitectegaudi\/wp-content\/uploads\/usu1602\/2026\/02\/documents.jpg 974w, https:\/\/agora.xtec.cat\/ceiparquitectegaudi\/wp-content\/uploads\/usu1602\/2026\/02\/documents-300x170.jpg 300w, https:\/\/agora.xtec.cat\/ceiparquitectegaudi\/wp-content\/uploads\/usu1602\/2026\/02\/documents-768x434.jpg 768w\" sizes=\"auto, (max-width: 974px) 100vw, 974px\" \/><\/p>\n<p style=\"text-align: justify;\"><strong>\u2139 <\/strong>Per a m\u00e9s informaci\u00f3 podeu consultar la informaci\u00f3 oficial de la Generalitat \ud83d\udc46<strong><a href=\"https:\/\/preinscripcio.gencat.cat\/ca\/estudis\/infantil-3-6\/inici\/\">aqu\u00ed<\/a> <\/strong>.<\/p>\n<p>&nbsp;<\/p>\n<p>&nbsp;<\/p>\n<p>&nbsp;<\/p>\n","protected":false},"excerpt":{"rendered":"<p>\ud83d\udcccEducaci\u00f3 infantil (3-6 anys), educaci\u00f3 prim\u00e0ria i educaci\u00f3 secund\u00e0ria obligat\u00f2ria.<\/p>\n<p>\ud83d\udce9\u00a0Presentaci\u00f3 de sol\u00b7licituds del 4 al 26 de mar\u00e7. \ud83d\uddd3<br \/>\n\ud83d\udcdd\u00a0Documentaci\u00f3 que cal preparar.<\/p>\n<p>\u2139 Per a m\u00e9s informaci\u00f3 podeu consultar la informaci\u00f3 oficial de la Generalitat \ud83d\udc46<a href=\"https:\/\/preinscripcio.gencat.cat\/ca\/estudis\/infantil-3-6\/inici\/\">aqu\u00ed<\/a> .<br \/>\n&nbsp;<br \/>\n&nbsp;<br \/>\n&nbsp;<\/p>\n","protected":false},"author":1,"featured_media":0,"parent":4412,"menu_order":0,"comment_status":"closed","ping_status":"closed","template":"","meta":{"_bbp_topic_count":0,"_bbp_reply_count":0,"_bbp_total_topic_count":0,"_bbp_total_reply_count":0,"_bbp_voice_count":0,"_bbp_anonymous_reply_count":0,"_bbp_topic_count_hidden":0,"_bbp_reply_count_hidden":0,"_bbp_forum_subforum_count":0,"footnotes":""},"class_list":["post-4002","page","type-page","status-publish","hentry"],"post_mailing_queue_ids":[],"_links":{"self":[{"href":"https:\/\/agora.xtec.cat\/ceiparquitectegaudi\/wp-json\/wp\/v2\/pages\/4002","targetHints":{"allow":["GET"]}}],"collection":[{"href":"https:\/\/agora.xtec.cat\/ceiparquitectegaudi\/wp-json\/wp\/v2\/pages"}],"about":[{"href":"https:\/\/agora.xtec.cat\/ceiparquitectegaudi\/wp-json\/wp\/v2\/types\/page"}],"author":[{"embeddable":true,"href":"https:\/\/agora.xtec.cat\/ceiparquitectegaudi\/wp-json\/wp\/v2\/users\/1"}],"replies":[{"embeddable":true,"href":"https:\/\/agora.xtec.cat\/ceiparquitectegaudi\/wp-json\/wp\/v2\/comments?post=4002"}],"version-history":[{"count":7,"href":"https:\/\/agora.xtec.cat\/ceiparquitectegaudi\/wp-json\/wp\/v2\/pages\/4002\/revisions"}],"predecessor-version":[{"id":9011,"href":"https:\/\/agora.xtec.cat\/ceiparquitectegaudi\/wp-json\/wp\/v2\/pages\/4002\/revisions\/9011"}],"up":[{"embeddable":true,"href":"https:\/\/agora.xtec.cat\/ceiparquitectegaudi\/wp-json\/wp\/v2\/pages\/4412"}],"wp:attachment":[{"href":"https:\/\/agora.xtec.cat\/ceiparquitectegaudi\/wp-json\/wp\/v2\/media?parent=4002"}],"curies":[{"name":"wp","href":"https:\/\/api.w.org\/{rel}","templated":true}]}}