{"id":38,"date":"2014-09-18T12:34:08","date_gmt":"2014-09-18T10:34:08","guid":{"rendered":"http:\/\/agora.xtec.cat\/ceiparquitectegaudi\/?page_id=38"},"modified":"2025-10-15T11:46:58","modified_gmt":"2025-10-15T09:46:58","slug":"equipdocent","status":"publish","type":"page","link":"https:\/\/agora.xtec.cat\/ceiparquitectegaudi\/lescola\/equipdocent\/","title":{"rendered":"Equip docent"},"content":{"rendered":"<h5><span style=\"color: #000000;\"><img loading=\"lazy\" decoding=\"async\" class=\"wp-image-6782 alignleft\" src=\"https:\/\/agora.xtec.cat\/ceiparquitectegaudi\/wp-content\/uploads\/usu1602\/2023\/11\/undefined-1.png\" alt=\"\" width=\"62\" height=\"62\" srcset=\"https:\/\/agora.xtec.cat\/ceiparquitectegaudi\/wp-content\/uploads\/usu1602\/2023\/11\/undefined-1.png 500w, https:\/\/agora.xtec.cat\/ceiparquitectegaudi\/wp-content\/uploads\/usu1602\/2023\/11\/undefined-1-300x300.png 300w, https:\/\/agora.xtec.cat\/ceiparquitectegaudi\/wp-content\/uploads\/usu1602\/2023\/11\/undefined-1-150x150.png 150w\" sizes=\"auto, (max-width: 62px) 100vw, 62px\" \/><\/span><\/h5>\n<h5><\/h5>\n<h2 style=\"text-align: center;\"><span style=\"color: #000000;\">L&#8217;equip docent per el curs 2025-26 \u00e9s el seg\u00fcent:<\/span><\/h2>\n<p><a href=\"https:\/\/agora.xtec.cat\/ceiparquitectegaudi\/wp-content\/uploads\/usu1602\/2024\/09\/Captura-de-pantalla-2024-09-12-113200.png\"><img loading=\"lazy\" decoding=\"async\" class=\"alignnone wp-image-7323\" src=\"https:\/\/agora.xtec.cat\/ceiparquitectegaudi\/wp-content\/uploads\/usu1602\/2024\/09\/Captura-de-pantalla-2024-09-12-113200.png\" alt=\"\" width=\"1376\" height=\"597\" srcset=\"https:\/\/agora.xtec.cat\/ceiparquitectegaudi\/wp-content\/uploads\/usu1602\/2024\/09\/Captura-de-pantalla-2024-09-12-113200.png 1212w, https:\/\/agora.xtec.cat\/ceiparquitectegaudi\/wp-content\/uploads\/usu1602\/2024\/09\/Captura-de-pantalla-2024-09-12-113200-300x130.png 300w, https:\/\/agora.xtec.cat\/ceiparquitectegaudi\/wp-content\/uploads\/usu1602\/2024\/09\/Captura-de-pantalla-2024-09-12-113200-1024x444.png 1024w, https:\/\/agora.xtec.cat\/ceiparquitectegaudi\/wp-content\/uploads\/usu1602\/2024\/09\/Captura-de-pantalla-2024-09-12-113200-768x333.png 768w\" sizes=\"auto, (max-width: 1376px) 100vw, 1376px\" \/><\/a><\/p>\n<table style=\"border-collapse: collapse; width: 100%; height: 236px;\">\n<tbody>\n<tr style=\"height: 46px;\">\n<td style=\"width: 40.8108%; height: 46px; text-align: center;\">\n<h3><span style=\"color: #993300;\"><strong>EQUIP DIRECTIU<\/strong><\/span><\/h3>\n<\/td>\n<td style=\"width: 59.1892%; height: 46px; text-align: center;\">\n<h3><span style=\"color: #000080;\"><strong>EQUIP COORDINADOR<\/strong><\/span><\/h3>\n<\/td>\n<\/tr>\n<tr style=\"height: 56px;\">\n<td style=\"width: 40.8108%; height: 56px;\"><span style=\"color: #000000;\"><strong><img loading=\"lazy\" decoding=\"async\" class=\"wp-image-6776 alignleft\" src=\"https:\/\/agora.xtec.cat\/ceiparquitectegaudi\/wp-content\/uploads\/usu1602\/2023\/11\/directora-descola.png\" alt=\"\" width=\"71\" height=\"71\" srcset=\"https:\/\/agora.xtec.cat\/ceiparquitectegaudi\/wp-content\/uploads\/usu1602\/2023\/11\/directora-descola.png 500w, https:\/\/agora.xtec.cat\/ceiparquitectegaudi\/wp-content\/uploads\/usu1602\/2023\/11\/directora-descola-300x300.png 300w, https:\/\/agora.xtec.cat\/ceiparquitectegaudi\/wp-content\/uploads\/usu1602\/2023\/11\/directora-descola-150x150.png 150w\" sizes=\"auto, (max-width: 71px) 100vw, 71px\" \/><\/strong><\/span><\/p>\n<p><span style=\"color: #000000;\"><strong><span style=\"color: #000000;\"><strong>\u00a0 \u00a0 \u00a0Directora:<\/strong>\u00a0<\/span><em style=\"font-family: inherit; font-size: 1em; color: #222222; font-weight: normal;\"><span style=\"color: #000000;\">Rosana Azol.<\/span><\/em><\/strong><\/span><\/td>\n<td style=\"width: 59.1892%; height: 56px;\"><strong>Cap d&#8217;estudis:<\/strong> <em>Ana P\u00e9rez.<\/em><\/td>\n<\/tr>\n<tr style=\"height: 56px;\">\n<td style=\"width: 40.8108%; height: 56px;\"><span style=\"color: #000000;\"><strong><img loading=\"lazy\" decoding=\"async\" class=\"alignnone wp-image-6791\" src=\"https:\/\/agora.xtec.cat\/ceiparquitectegaudi\/wp-content\/uploads\/usu1602\/2023\/11\/cap-destudis.png\" alt=\"\" width=\"72\" height=\"72\" srcset=\"https:\/\/agora.xtec.cat\/ceiparquitectegaudi\/wp-content\/uploads\/usu1602\/2023\/11\/cap-destudis.png 500w, https:\/\/agora.xtec.cat\/ceiparquitectegaudi\/wp-content\/uploads\/usu1602\/2023\/11\/cap-destudis-300x300.png 300w, https:\/\/agora.xtec.cat\/ceiparquitectegaudi\/wp-content\/uploads\/usu1602\/2023\/11\/cap-destudis-150x150.png 150w\" sizes=\"auto, (max-width: 72px) 100vw, 72px\" \/>\u00a0 \u00a0 \u00a0 \u00a0 Cap d&#8217;estudis:<\/strong> <em>Ana P\u00e9rez.<\/em><\/span><\/td>\n<td style=\"width: 59.1892%; height: 56px;\"><strong>Coord. Dracs del Park G\u00fcell:<\/strong> <em>Ester Gonz\u00e1lez.<\/em><\/td>\n<\/tr>\n<tr style=\"height: 78px;\">\n<td style=\"width: 40.8108%; height: 78px;\"><span style=\"color: #000000;\"><strong><img loading=\"lazy\" decoding=\"async\" class=\"alignnone wp-image-6790\" src=\"https:\/\/agora.xtec.cat\/ceiparquitectegaudi\/wp-content\/uploads\/usu1602\/2023\/11\/secretaria.png\" alt=\"\" width=\"72\" height=\"72\" srcset=\"https:\/\/agora.xtec.cat\/ceiparquitectegaudi\/wp-content\/uploads\/usu1602\/2023\/11\/secretaria.png 500w, https:\/\/agora.xtec.cat\/ceiparquitectegaudi\/wp-content\/uploads\/usu1602\/2023\/11\/secretaria-300x300.png 300w, https:\/\/agora.xtec.cat\/ceiparquitectegaudi\/wp-content\/uploads\/usu1602\/2023\/11\/secretaria-150x150.png 150w\" sizes=\"auto, (max-width: 72px) 100vw, 72px\" \/> <em style=\"font-weight: 400;\"><img loading=\"lazy\" decoding=\"async\" class=\"alignnone wp-image-6777\" src=\"https:\/\/agora.xtec.cat\/ceiparquitectegaudi\/wp-content\/uploads\/usu1602\/2023\/11\/tramit.png\" alt=\"\" width=\"28\" height=\"28\" srcset=\"https:\/\/agora.xtec.cat\/ceiparquitectegaudi\/wp-content\/uploads\/usu1602\/2023\/11\/tramit.png 500w, https:\/\/agora.xtec.cat\/ceiparquitectegaudi\/wp-content\/uploads\/usu1602\/2023\/11\/tramit-300x300.png 300w, https:\/\/agora.xtec.cat\/ceiparquitectegaudi\/wp-content\/uploads\/usu1602\/2023\/11\/tramit-150x150.png 150w\" sizes=\"auto, (max-width: 28px) 100vw, 28px\" \/><\/em>Secret\u00e0ria:<\/strong> <em>Noem\u00ed Dalmau.\u00a0<\/em><\/span><\/td>\n<td style=\"width: 59.1892%; height: 78px;\"><strong>Coord. Arlequins i Tortugues:<\/strong> <em>Imma Piqu\u00e9 i\u00a0 Mavi Quintero.<\/em><\/td>\n<\/tr>\n<\/tbody>\n<\/table>\n<table style=\"border-collapse: collapse; width: 77.1622%; height: 96px;\">\n<tbody>\n<tr style=\"height: 32px;\">\n<td style=\"width: 15.6306%; height: 32px;\" rowspan=\"3\">\n<h6 style=\"text-align: center;\"><span style=\"color: #0000ff;\"><strong>EDUCACI\u00d3<\/strong><\/span><br \/>\n<span style=\"color: #0000ff;\"><strong>INFANTIL<\/strong><\/span><\/h6>\n<\/td>\n<td style=\"width: 20.3755%; height: 32px;\">Eva M.<\/td>\n<td style=\"width: 41.1563%; height: 32px;\"><strong>E.I. 3 anys<\/strong><\/td>\n<\/tr>\n<tr style=\"height: 32px;\">\n<td style=\"width: 20.3755%; height: 32px;\">Mireia S.<\/td>\n<td style=\"width: 41.1563%; height: 32px;\"><strong>E.I.\u00a0 4 anys<\/strong><\/td>\n<\/tr>\n<tr style=\"height: 32px;\">\n<td style=\"width: 20.3755%; height: 32px;\">Ester G.<\/td>\n<td style=\"width: 41.1563%; height: 32px;\"><strong>E.I. 5 anys<\/strong><\/td>\n<\/tr>\n<\/tbody>\n<\/table>\n<table style=\"width: 77.4284%; height: 217px;\">\n<tbody>\n<tr style=\"height: 31px;\">\n<td style=\"height: 217px; width: 19.7595%;\" rowspan=\"6\">&nbsp;<\/p>\n<h6 style=\"text-align: center;\"><span style=\"color: #008000;\"><strong>EDUCACI\u00d3<\/strong><\/span><br \/>\n<span style=\"color: #008000;\"><strong>PRIM\u00c0RIA<\/strong><\/span><\/h6>\n<p>&nbsp;<\/td>\n<td style=\"height: 31px; width: 27.0089%;\"><span style=\"color: #000000;\">Cristina G.<\/span><\/td>\n<td style=\"height: 31px; width: 73.8842%;\"><strong><span style=\"color: #000000;\">Grup de 1r<\/span><\/strong><\/td>\n<\/tr>\n<tr style=\"height: 31px;\">\n<td style=\"height: 31px; width: 27.0089%;\"><span style=\"color: #000000;\">Naiara C.<\/span><\/td>\n<td style=\"height: 31px; width: 73.8842%;\"><strong><span style=\"color: #000000;\">Grup de 2n<\/span><\/strong><\/td>\n<\/tr>\n<tr style=\"height: 31px;\">\n<td style=\"height: 31px; width: 27.0089%;\"><span style=\"color: #000000;\"> Gema J.<\/span><\/td>\n<td style=\"height: 31px; width: 73.8842%;\"><strong><span style=\"color: #000000;\">Grup de 3r<\/span><\/strong><\/td>\n<\/tr>\n<tr style=\"height: 31px;\">\n<td style=\"height: 31px; width: 27.0089%;\"><span style=\"color: #000000;\">Raquel M.<\/span><\/td>\n<td style=\"height: 31px; width: 73.8842%;\"><strong><span style=\"color: #000000;\">Grup de 4t<\/span><\/strong><\/td>\n<\/tr>\n<tr style=\"height: 31px;\">\n<td style=\"height: 31px; width: 27.0089%;\">Nataxa G.<\/td>\n<td style=\"height: 31px; width: 73.8842%;\"><strong><span style=\"color: #000000;\">Grup de 5\u00e8<\/span><\/strong><\/td>\n<\/tr>\n<tr style=\"height: 31px;\">\n<td style=\"height: 31px; width: 27.0089%;\"><span style=\"color: #000000;\">Luci E.<\/span><\/td>\n<td style=\"height: 31px; width: 73.8842%;\"><strong><span style=\"color: #000000;\">Grup de 6\u00e8<\/span><\/strong><\/td>\n<\/tr>\n<\/tbody>\n<\/table>\n<table style=\"width: 77.463%; height: 261px;\">\n<tbody>\n<tr style=\"height: 31px;\">\n<td style=\"height: 261px; width: 4.86728%;\" rowspan=\"13\">&nbsp;<\/p>\n<h6 style=\"text-align: center;\"><span style=\"color: #ff6600;\"><strong>MESTRES ESPECIALISTES I DE SUPORT<\/strong><\/span><\/h6>\n<p><strong><br \/>\n<\/strong><span style=\"color: #000080;\"><strong><br \/>\n<\/strong><\/span><span style=\"color: #000080;\"><strong><br \/>\n<\/strong><\/span><\/td>\n<td style=\"height: 31px; width: 30.2156%;\"><span style=\"color: #000000;\">Rosana A.<\/span><\/td>\n<td style=\"height: 31px; width: 73.5838%;\"><strong><span style=\"color: #000000;\">Atenci\u00f3 a la diversitat<\/span><\/strong><\/td>\n<\/tr>\n<tr>\n<td style=\"width: 30.2156%;\"><span style=\"color: #000000;\">Romina C.<\/span><\/td>\n<td style=\"width: 73.5838%;\"><strong><span style=\"color: #000000;\">Atenci\u00f3 a la diversitat<\/span><\/strong><\/td>\n<\/tr>\n<tr>\n<td style=\"width: 30.2156%;\"><span style=\"color: #000000;\">Isabel P.<\/span><\/td>\n<td style=\"width: 73.5838%;\"><strong><span style=\"color: #000000;\">Mestra Suport Intensiu Escola Inclusiva (SIEI)<\/span><\/strong><\/td>\n<\/tr>\n<tr>\n<td style=\"width: 30.2156%;\"><span style=\"color: #000000;\">Mavi Q.<\/span><\/td>\n<td style=\"width: 73.5838%;\"><strong><span style=\"color: #000000;\">Aula Acollida<\/span><\/strong><\/td>\n<\/tr>\n<tr style=\"height: 31px;\">\n<td style=\"height: 31px; width: 30.2156%;\">Rosa Maria C.<\/td>\n<td style=\"height: 31px; width: 73.5838%;\"><strong><span style=\"background-color: #ffffff; color: #000000;\">Angl\u00e8s a Prim\u00e0ria<\/span><\/strong><\/td>\n<\/tr>\n<tr style=\"height: 31px;\">\n<td style=\"height: 31px; width: 30.2156%;\">Judit S.<\/td>\n<td style=\"height: 31px; width: 73.5838%;\"><strong><span style=\"background-color: #f9f9f9; color: #000000;\">Angl\u00e8s a Dracs<\/span><\/strong><\/td>\n<\/tr>\n<tr style=\"height: 31px;\">\n<td style=\"height: 32px; width: 30.2156%;\"><span style=\"color: #000000;\">Elena F.<\/span><\/td>\n<td style=\"height: 32px; width: 73.5838%;\"><strong><span style=\"background-color: #ffffff; color: #000000;\">M\u00fasica\u00a0<\/span><\/strong><\/td>\n<\/tr>\n<tr>\n<td style=\"width: 30.2156%;\"><span style=\"color: #000000;\">Cristina G. &#8211; Luci E.<\/span><\/td>\n<td style=\"width: 73.5838%;\"><strong><span style=\"background-color: #ffffff; color: #000000;\">Educaci\u00f3 F\u00edsica<\/span><\/strong><\/td>\n<\/tr>\n<tr style=\"height: 31px;\">\n<td style=\"height: 31px; width: 30.2156%;\"><span style=\"background-color: #f9f9f9; color: #000000;\">Judit S. &#8211; Cl\u00e0udia V.<\/span><\/td>\n<td style=\"height: 31px; width: 73.5838%;\"><strong><span style=\"background-color: #f9f9f9; color: #000000;\">Suport Dracs<\/span><\/strong><\/td>\n<\/tr>\n<tr style=\"height: 31px;\">\n<td style=\"height: 31px; width: 30.2156%;\"><span style=\"color: #000000;\">Ana P. &#8211; Elena F.<\/span><\/td>\n<td style=\"height: 31px; width: 73.5838%;\"><strong><span style=\"color: #000000;\"><span style=\"background-color: #f9f9f9; color: #000000;\">Suport\u00a0 <\/span>Arlequins<\/span><\/strong><\/td>\n<\/tr>\n<tr style=\"height: 32px;\">\n<td style=\"height: 32px; width: 30.2156%;\"><span style=\"color: #000000;\">Noemi D. &#8211; Elena F.<\/span><\/td>\n<td style=\"height: 32px; width: 73.5838%;\"><strong><span style=\"color: #000000;\"><span style=\"background-color: #f9f9f9; color: #000000;\">Suport <\/span>Tortugues<\/span><\/strong><\/td>\n<\/tr>\n<tr>\n<td style=\"width: 30.2156%;\">Patricia M.<\/td>\n<td style=\"width: 73.5838%;\"><strong><span style=\"background-color: #ffffff; color: #000000;\">Educadora Prim\u00e0ria<\/span><\/strong><\/td>\n<\/tr>\n<tr style=\"height: 32px;\">\n<td style=\"width: 30.2156%; height: 32px;\"><span style=\"background-color: #ffffff; color: #000000;\">Gloria B.<\/span><\/td>\n<td style=\"width: 73.5838%; height: 32px;\"><strong><span style=\"background-color: #ffffff; color: #000000;\">Educadora SIEI<\/span><\/strong><\/td>\n<\/tr>\n<\/tbody>\n<\/table>\n<p style=\"text-align: center;\"><span style=\"color: #000000;\"><strong><img loading=\"lazy\" decoding=\"async\" class=\"alignleft wp-image-6775\" src=\"https:\/\/agora.xtec.cat\/ceiparquitectegaudi\/wp-content\/uploads\/usu1602\/2023\/11\/reunio.png\" alt=\"\" width=\"184\" height=\"184\" srcset=\"https:\/\/agora.xtec.cat\/ceiparquitectegaudi\/wp-content\/uploads\/usu1602\/2023\/11\/reunio.png 500w, https:\/\/agora.xtec.cat\/ceiparquitectegaudi\/wp-content\/uploads\/usu1602\/2023\/11\/reunio-300x300.png 300w, https:\/\/agora.xtec.cat\/ceiparquitectegaudi\/wp-content\/uploads\/usu1602\/2023\/11\/reunio-150x150.png 150w\" sizes=\"auto, (max-width: 184px) 100vw, 184px\" \/><\/strong><\/span><\/p>\n<p style=\"text-align: center;\"><span style=\"color: #003300;\"><strong><span style=\"font-family: inherit; font-size: 1em;\">\ud83d\udcde <\/span><\/strong><\/span><span style=\"color: #000000;\"><strong>Per concertar una <span style=\"font-family: inherit; font-size: 1em;\">reuni\u00f3, cal trucar pr\u00e8viament per tel\u00e8fon.<\/span><\/strong><\/span><span style=\"color: #003300;\"><strong><span style=\"font-family: inherit; font-size: 1em;\">\ud83d\udcde\u00a0<\/span><\/strong><\/span><\/p>\n<h1><span style=\"color: #000000;\">\u21d2<\/span><\/h1>\n<h5 style=\"text-align: center;\"><span style=\"color: #003300;\"><strong><span style=\"font-family: inherit; font-size: 1em;\">\ud83d\udcde<\/span><\/strong><\/span><strong><span style=\"font-family: inherit; font-size: 1em; color: #000000;\">El tel\u00e8fon de\u00a0 <img loading=\"lazy\" decoding=\"async\" class=\"alignnone wp-image-6785\" src=\"https:\/\/agora.xtec.cat\/ceiparquitectegaudi\/wp-content\/uploads\/usu1602\/2023\/11\/escola.png\" alt=\"\" width=\"29\" height=\"29\" srcset=\"https:\/\/agora.xtec.cat\/ceiparquitectegaudi\/wp-content\/uploads\/usu1602\/2023\/11\/escola.png 500w, https:\/\/agora.xtec.cat\/ceiparquitectegaudi\/wp-content\/uploads\/usu1602\/2023\/11\/escola-300x300.png 300w, https:\/\/agora.xtec.cat\/ceiparquitectegaudi\/wp-content\/uploads\/usu1602\/2023\/11\/escola-150x150.png 150w\" sizes=\"auto, (max-width: 29px) 100vw, 29px\" \/>\u00a0 l&#8217;escola \u00e9s: <\/span><span style=\"font-family: inherit; font-size: 1em; color: #0000ff;\">93 666 41 52<\/span><\/strong><span style=\"color: #003300;\"><strong><span style=\"font-family: inherit; font-size: 1em;\">\ud83d\udcde<\/span><\/strong><\/span><\/h5>\n<p>&nbsp;<\/p>\n<p>&nbsp;<\/p>\n<table style=\"width: 98.2386%; border-collapse: collapse; border-style: none; height: 40px;\">\n<tbody>\n<tr style=\"height: 48px;\">\n<td style=\"width: 29.4739%; border-style: none; height: 40px;\">\n<h5><strong style=\"font-size: 16px;\"><span style=\"color: #800000;\">L&#8217;horari d&#8217;atenci\u00f3 de Direcci\u00f3:<\/span><\/strong><span style=\"font-size: 16px;\">\u00a0<\/span><\/h5>\n<p><img loading=\"lazy\" decoding=\"async\" class=\"wp-image-6776 alignleft\" src=\"https:\/\/agora.xtec.cat\/ceiparquitectegaudi\/wp-content\/uploads\/usu1602\/2023\/11\/directora-descola.png\" alt=\"\" width=\"108\" height=\"108\" srcset=\"https:\/\/agora.xtec.cat\/ceiparquitectegaudi\/wp-content\/uploads\/usu1602\/2023\/11\/directora-descola.png 500w, https:\/\/agora.xtec.cat\/ceiparquitectegaudi\/wp-content\/uploads\/usu1602\/2023\/11\/directora-descola-300x300.png 300w, https:\/\/agora.xtec.cat\/ceiparquitectegaudi\/wp-content\/uploads\/usu1602\/2023\/11\/directora-descola-150x150.png 150w\" sizes=\"auto, (max-width: 108px) 100vw, 108px\" \/><\/p>\n<p>&nbsp;<\/p>\n<h1><span style=\"color: #000000;\">\u21d2<\/span><\/h1>\n<h5><\/h5>\n<h1><\/h1>\n<p>&nbsp;<\/p>\n<h5><\/h5>\n<p>&nbsp;<\/p>\n<h5><strong><span style=\"color: #000080;\">L&#8217;horari d&#8217;atenci\u00f3 de<\/span><\/strong> <strong><span style=\"color: #000080;\">Secretaria:\u00a0<\/span><\/strong><\/h5>\n<p><img loading=\"lazy\" decoding=\"async\" class=\"wp-image-6777 alignleft\" src=\"https:\/\/agora.xtec.cat\/ceiparquitectegaudi\/wp-content\/uploads\/usu1602\/2023\/11\/tramit.png\" alt=\"\" width=\"103\" height=\"103\" srcset=\"https:\/\/agora.xtec.cat\/ceiparquitectegaudi\/wp-content\/uploads\/usu1602\/2023\/11\/tramit.png 500w, https:\/\/agora.xtec.cat\/ceiparquitectegaudi\/wp-content\/uploads\/usu1602\/2023\/11\/tramit-300x300.png 300w, https:\/\/agora.xtec.cat\/ceiparquitectegaudi\/wp-content\/uploads\/usu1602\/2023\/11\/tramit-150x150.png 150w\" sizes=\"auto, (max-width: 103px) 100vw, 103px\" \/><\/p>\n<p>&nbsp;<\/p>\n<h1><span style=\"color: #000000;\">\u21d2<\/span><\/h1>\n<p>&nbsp;<\/td>\n<td style=\"width: 39.8068%; border-style: none; height: 40px;\">\n<h5><span style=\"color: #800000;\">\u00a0\ud83d\udd58\u00a0 Dilluns de 9 a 10h<\/span><\/h5>\n<h5><span style=\"color: #800000;\">\u00a0\ud83d\udd5f\u00a0 Dimecres de 16:30 a 17h<\/span><\/h5>\n<h5><span style=\"color: #800000;\">\u00a0\ud83d\udd58\u00a0 <\/span><span style=\"color: #800000;\">Divendres de 9 a 10h<\/span><\/h5>\n<p>&nbsp;<\/p>\n<p>&nbsp;<\/p>\n<p>&nbsp;<\/p>\n<h5><\/h5>\n<p>&nbsp;<\/p>\n<h5><\/h5>\n<h5><span style=\"color: #000080;\"><span style=\"font-family: inherit; font-size: 1em;\">\u00a0\ud83d\udd63 Dilluns de 9:30 a 10h<\/span><\/span><\/h5>\n<h5><span style=\"color: #800000;\">\u00a0\ud83d\udd58 <\/span><span style=\"color: #000080;\">Dimarts de 8:45<\/span><span style=\"color: #000080;\"><span style=\"font-family: inherit; font-size: 1em;\"> a 9h<\/span><\/span><\/h5>\n<h5><span style=\"color: #000080;\">\u00a0\ud83d\udd53\u00a0<\/span><span style=\"color: #000080;\">Dimarts de 16:15 a 16:30h<\/span><\/h5>\n<\/td>\n<\/tr>\n<\/tbody>\n<\/table>\n<p>&nbsp;<\/p>\n","protected":false},"excerpt":{"rendered":"<p>L&#8217;equip docent per el curs 2025-26 \u00e9s el seg\u00fcent:<br \/>\n<a href=\"https:\/\/agora.xtec.cat\/ceiparquitectegaudi\/wp-content\/uploads\/usu1602\/2024\/09\/Captura-de-pantalla-2024-09-12-113200.png\"><\/a><\/p>\n<p>EQUIP DIRECTIU<\/p>\n<p>EQUIP COORDINADOR<\/p>\n<p>\u00a0 \u00a0 \u00a0Directora:\u00a0Rosana Azol.<br \/>\nCap d&#8217;estudis: Ana P\u00e9rez.<\/p>\n<p>\u00a0 \u00a0 \u00a0 \u00a0 Cap d&#8217;estudis: Ana P\u00e9rez.<br \/>\nCoord. Dracs del Park G\u00fcell: Ester Gonz\u00e1lez.<\/p>\n<p> Secret\u00e0ria: Noem\u00ed Dalmau.\u00a0<br \/>\nCoord. Arlequins i Tortugues: Imma Piqu\u00e9 i\u00a0 Mavi Quintero.<\/p>\n<p>EDUCACI\u00d3<br \/>\nINFANTIL<\/p>\n<p>Eva M.<br \/>\nE.I. 3 anys<\/p>\n<p>Mireia&hellip;  <a href=\"https:\/\/agora.xtec.cat\/ceiparquitectegaudi\/lescola\/equipdocent\/\" title=\"Read Equip docent\">Llegeix m\u00e9s\u00bb<\/a><\/p>\n","protected":false},"author":1,"featured_media":0,"parent":22,"menu_order":4,"comment_status":"closed","ping_status":"closed","template":"page-templates\/side-menu.php","meta":{"_bbp_topic_count":0,"_bbp_reply_count":0,"_bbp_total_topic_count":0,"_bbp_total_reply_count":0,"_bbp_voice_count":0,"_bbp_anonymous_reply_count":0,"_bbp_topic_count_hidden":0,"_bbp_reply_count_hidden":0,"_bbp_forum_subforum_count":0,"footnotes":""},"class_list":["post-38","page","type-page","status-publish","hentry"],"post_mailing_queue_ids":[],"_links":{"self":[{"href":"https:\/\/agora.xtec.cat\/ceiparquitectegaudi\/wp-json\/wp\/v2\/pages\/38","targetHints":{"allow":["GET"]}}],"collection":[{"href":"https:\/\/agora.xtec.cat\/ceiparquitectegaudi\/wp-json\/wp\/v2\/pages"}],"about":[{"href":"https:\/\/agora.xtec.cat\/ceiparquitectegaudi\/wp-json\/wp\/v2\/types\/page"}],"author":[{"embeddable":true,"href":"https:\/\/agora.xtec.cat\/ceiparquitectegaudi\/wp-json\/wp\/v2\/users\/1"}],"replies":[{"embeddable":true,"href":"https:\/\/agora.xtec.cat\/ceiparquitectegaudi\/wp-json\/wp\/v2\/comments?post=38"}],"version-history":[{"count":8,"href":"https:\/\/agora.xtec.cat\/ceiparquitectegaudi\/wp-json\/wp\/v2\/pages\/38\/revisions"}],"predecessor-version":[{"id":8541,"href":"https:\/\/agora.xtec.cat\/ceiparquitectegaudi\/wp-json\/wp\/v2\/pages\/38\/revisions\/8541"}],"up":[{"embeddable":true,"href":"https:\/\/agora.xtec.cat\/ceiparquitectegaudi\/wp-json\/wp\/v2\/pages\/22"}],"wp:attachment":[{"href":"https:\/\/agora.xtec.cat\/ceiparquitectegaudi\/wp-json\/wp\/v2\/media?parent=38"}],"curies":[{"name":"wp","href":"https:\/\/api.w.org\/{rel}","templated":true}]}}