{"id":36,"date":"2014-09-18T12:33:11","date_gmt":"2014-09-18T10:33:11","guid":{"rendered":"http:\/\/agora.xtec.cat\/ceiparquitectegaudi\/?page_id=36"},"modified":"2022-09-26T12:38:01","modified_gmt":"2022-09-26T10:38:01","slug":"material-escolar","status":"publish","type":"page","link":"https:\/\/agora.xtec.cat\/ceiparquitectegaudi\/lescola\/material-escolar\/","title":{"rendered":"Material escolar"},"content":{"rendered":"<h4><span style=\"color: #008000;\"><strong>ALUMNES D&#8217;INFANTIL\u00a0<\/strong><\/span><\/h4>\n<p><img loading=\"lazy\" decoding=\"async\" class=\"alignnone size-full wp-image-5799\" src=\"https:\/\/agora.xtec.cat\/ceiparquitectegaudi\/wp-content\/uploads\/usu1602\/2022\/09\/Captura-2.jpg\" alt=\"\" width=\"622\" height=\"748\" srcset=\"https:\/\/agora.xtec.cat\/ceiparquitectegaudi\/wp-content\/uploads\/usu1602\/2022\/09\/Captura-2.jpg 622w, https:\/\/agora.xtec.cat\/ceiparquitectegaudi\/wp-content\/uploads\/usu1602\/2022\/09\/Captura-2-249x300.jpg 249w\" sizes=\"auto, (max-width: 622px) 100vw, 622px\" \/><\/p>\n<p><img loading=\"lazy\" decoding=\"async\" class=\"alignnone size-full wp-image-5801\" src=\"https:\/\/agora.xtec.cat\/ceiparquitectegaudi\/wp-content\/uploads\/usu1602\/2022\/09\/Captura-3.jpg\" alt=\"\" width=\"621\" height=\"294\" srcset=\"https:\/\/agora.xtec.cat\/ceiparquitectegaudi\/wp-content\/uploads\/usu1602\/2022\/09\/Captura-3.jpg 621w, https:\/\/agora.xtec.cat\/ceiparquitectegaudi\/wp-content\/uploads\/usu1602\/2022\/09\/Captura-3-300x142.jpg 300w\" sizes=\"auto, (max-width: 621px) 100vw, 621px\" \/><\/p>\n<p><img loading=\"lazy\" decoding=\"async\" class=\"alignnone size-full wp-image-5802\" src=\"https:\/\/agora.xtec.cat\/ceiparquitectegaudi\/wp-content\/uploads\/usu1602\/2022\/09\/Captura-4.jpg\" alt=\"\" width=\"621\" height=\"600\" srcset=\"https:\/\/agora.xtec.cat\/ceiparquitectegaudi\/wp-content\/uploads\/usu1602\/2022\/09\/Captura-4.jpg 621w, https:\/\/agora.xtec.cat\/ceiparquitectegaudi\/wp-content\/uploads\/usu1602\/2022\/09\/Captura-4-300x290.jpg 300w\" sizes=\"auto, (max-width: 621px) 100vw, 621px\" \/><\/p>\n<h6><span style=\"font-weight: 400; color: #000000;\">La resta de material que estar\u00e0 socialitzat amb la quota de material ser\u00e0: material de pl\u00e0stica, consumibles d\u2019inform\u00e0tica, fotoc\u00f2pies, folis, llapis de colors, retoladors, festes i celebracions.<\/span><\/h6>\n<p>&nbsp;<\/p>\n<h4><span style=\"color: #000080;\"><b>ALUMNES DE PRIM\u00c0RIA<\/b><\/span><\/h4>\n<p><img loading=\"lazy\" decoding=\"async\" class=\"alignnone size-full wp-image-5798\" src=\"https:\/\/agora.xtec.cat\/ceiparquitectegaudi\/wp-content\/uploads\/usu1602\/2022\/09\/Captura-1-e1664188367717.jpg\" alt=\"\" width=\"631\" height=\"619\" srcset=\"https:\/\/agora.xtec.cat\/ceiparquitectegaudi\/wp-content\/uploads\/usu1602\/2022\/09\/Captura-1-e1664188367717.jpg 631w, https:\/\/agora.xtec.cat\/ceiparquitectegaudi\/wp-content\/uploads\/usu1602\/2022\/09\/Captura-1-e1664188367717-300x294.jpg 300w\" sizes=\"auto, (max-width: 631px) 100vw, 631px\" \/><\/p>\n<p><span style=\"color: #000000; font-family: inherit; font-size: 1em;\">La resta de material que estar\u00e0 socialitzat amb la quota de material ser\u00e0: material de pl\u00e0stica, consumibles d\u2019inform\u00e0tica, fotoc\u00f2pies, folis, llapis de colors, retoladors, festes i celebracions.<\/span><\/p>\n<p>&nbsp;<\/p>\n<h4><span style=\"color: #800000;\"><b>NOTA REFERENT ALS ESMORZARS<\/b><\/span><\/h4>\n<p><span style=\"color: #800000;\"><span style=\"font-weight: 400;\">Recordeu que\u00a0 <\/span><b>Volem esmorzars saludables!<\/b><span style=\"font-weight: 400;\"> un entrep\u00e0, fruita, fruits secs i per beure&#8230; aigua!\u00a0<\/span><\/span><\/p>\n<p><span style=\"color: #800000;\"><span style=\"font-weight: 400;\">El dimecres \u00e9s el <\/span><b>Dia de la Fruita.<\/b><\/span><\/p>\n<p>&nbsp;<\/p>\n","protected":false},"excerpt":{"rendered":"<p>ALUMNES D&#8217;INFANTIL\u00a0<\/p>\n<p>La resta de material que estar\u00e0 socialitzat amb la quota de material ser\u00e0: material de pl\u00e0stica, consumibles d\u2019inform\u00e0tica, fotoc\u00f2pies, folis, llapis de colors, retoladors, festes i celebracions.<br \/>\n&nbsp;<br \/>\nALUMNES DE PRIM\u00c0RIA<\/p>\n<p>La resta de material que estar\u00e0 socialitzat amb la quota de material ser\u00e0: material de pl\u00e0stica,&hellip;  <a href=\"https:\/\/agora.xtec.cat\/ceiparquitectegaudi\/lescola\/material-escolar\/\" title=\"Read Material escolar\">Llegeix m\u00e9s\u00bb<\/a><\/p>\n","protected":false},"author":1,"featured_media":0,"parent":22,"menu_order":6,"comment_status":"closed","ping_status":"closed","template":"page-templates\/side-menu.php","meta":{"_bbp_topic_count":0,"_bbp_reply_count":0,"_bbp_total_topic_count":0,"_bbp_total_reply_count":0,"_bbp_voice_count":0,"_bbp_anonymous_reply_count":0,"_bbp_topic_count_hidden":0,"_bbp_reply_count_hidden":0,"_bbp_forum_subforum_count":0,"footnotes":""},"class_list":["post-36","page","type-page","status-publish","hentry"],"post_mailing_queue_ids":[],"_links":{"self":[{"href":"https:\/\/agora.xtec.cat\/ceiparquitectegaudi\/wp-json\/wp\/v2\/pages\/36","targetHints":{"allow":["GET"]}}],"collection":[{"href":"https:\/\/agora.xtec.cat\/ceiparquitectegaudi\/wp-json\/wp\/v2\/pages"}],"about":[{"href":"https:\/\/agora.xtec.cat\/ceiparquitectegaudi\/wp-json\/wp\/v2\/types\/page"}],"author":[{"embeddable":true,"href":"https:\/\/agora.xtec.cat\/ceiparquitectegaudi\/wp-json\/wp\/v2\/users\/1"}],"replies":[{"embeddable":true,"href":"https:\/\/agora.xtec.cat\/ceiparquitectegaudi\/wp-json\/wp\/v2\/comments?post=36"}],"version-history":[{"count":4,"href":"https:\/\/agora.xtec.cat\/ceiparquitectegaudi\/wp-json\/wp\/v2\/pages\/36\/revisions"}],"predecessor-version":[{"id":5804,"href":"https:\/\/agora.xtec.cat\/ceiparquitectegaudi\/wp-json\/wp\/v2\/pages\/36\/revisions\/5804"}],"up":[{"embeddable":true,"href":"https:\/\/agora.xtec.cat\/ceiparquitectegaudi\/wp-json\/wp\/v2\/pages\/22"}],"wp:attachment":[{"href":"https:\/\/agora.xtec.cat\/ceiparquitectegaudi\/wp-json\/wp\/v2\/media?parent=36"}],"curies":[{"name":"wp","href":"https:\/\/api.w.org\/{rel}","templated":true}]}}