{"id":30,"date":"2014-09-18T12:30:23","date_gmt":"2014-09-18T10:30:23","guid":{"rendered":"http:\/\/agora.xtec.cat\/ceiparquitectegaudi\/?page_id=30"},"modified":"2024-10-08T21:56:11","modified_gmt":"2024-10-08T19:56:11","slug":"instal%c2%b7lacions","status":"publish","type":"page","link":"https:\/\/agora.xtec.cat\/ceiparquitectegaudi\/lescola\/instal%c2%b7lacions\/","title":{"rendered":"Instal\u00b7lacions"},"content":{"rendered":"<p><iframe loading=\"lazy\" title=\"Les nostres instal\u00b7lacions\" width=\"500\" height=\"281\" src=\"https:\/\/www.youtube.com\/embed\/JbcTx4HKfCQ?feature=oembed\" frameborder=\"0\" allow=\"accelerometer; autoplay; clipboard-write; encrypted-media; gyroscope; picture-in-picture; web-share\" referrerpolicy=\"strict-origin-when-cross-origin\" allowfullscreen><\/iframe><\/p>\n<p>Al nostre centre trobareu:<\/p>\n<ul>\n<li style=\"font-weight: 400;\" aria-level=\"1\"><span style=\"font-weight: 400;\">Aules \u00e0mplies i lluminoses<\/span><\/li>\n<li style=\"font-weight: 400;\" aria-level=\"1\"><span style=\"font-weight: 400;\">Dues sales multim\u00e8dia (ordinadors, tauletes i port\u00e0tils)<\/span><\/li>\n<li style=\"font-weight: 400;\" aria-level=\"1\"><span style=\"font-weight: 400;\">Biblioteca amb recursos TAC<\/span><\/li>\n<li style=\"font-weight: 400;\" aria-level=\"1\"><span style=\"font-weight: 400;\">Sala d\u2019usos m\u00faltiples i psicomotricitat\u00a0<\/span><\/li>\n<li style=\"font-weight: 400;\" aria-level=\"1\"><span style=\"font-weight: 400;\">Gimn\u00e0s d\u2019\u00fas exclusiu de l\u2019escola<\/span><\/li>\n<li style=\"font-weight: 400;\" aria-level=\"1\"><span style=\"font-weight: 400;\">Pati amb zones verdes,\u00a0 dos pistes poliesportives i una zona de jocs pels petits\u00a0<\/span><\/li>\n<li style=\"font-weight: 400;\" aria-level=\"1\"><span style=\"font-weight: 400;\">Pati independent per infantil, amb elements de joc simb\u00f2lic com una cuineta, gronxadors, sorral i tobogan<\/span><\/li>\n<li style=\"font-weight: 400;\" aria-level=\"1\"><span style=\"font-weight: 400;\">Dos menjadors (infantil i prim\u00e0ria) i cuina pr\u00f2pia.\u00a0<\/span><\/li>\n<li style=\"font-weight: 400;\" aria-level=\"1\"><span style=\"font-weight: 400;\">Aula dormitori per als m\u00e9s menuts\/menudes<\/span><\/li>\n<li style=\"font-weight: 400;\" aria-level=\"1\"><span style=\"font-weight: 400;\">Espais per atencions individualitzades.<\/span><\/li>\n<li style=\"font-weight: 400;\" aria-level=\"1\"><span style=\"font-weight: 400;\">Taules d\u2019hort escolar<\/span><\/li>\n<li style=\"font-weight: 400;\" aria-level=\"1\"><span style=\"font-weight: 400;\">Escola adaptada a infants amb mobilitat redu\u00efda<\/span><\/li>\n<\/ul>\n<p>I a m\u00e9s, podem dir que <strong><span style=\"color: #339966;\">l&#8217;Escola Arquitecte Gaud\u00ed \u00e9s l&#8217;escola m\u00e9s sostenible energ\u00e8ticament<\/span> <\/strong>de la ciutat, gr\u00e0cies a la nostra <span style=\"color: #339966;\"><strong>caldera de biomassa.<\/strong><\/span><\/p>\n","protected":false},"excerpt":{"rendered":"<p>Al nostre centre trobareu:<\/p>\n<ul>\n<li style=\"font-weight: 400;\" aria-level=\"1\">Aules \u00e0mplies i lluminoses<\/li>\n<li style=\"font-weight: 400;\" aria-level=\"1\">Dues sales multim\u00e8dia (ordinadors, tauletes i port\u00e0tils)<\/li>\n<li style=\"font-weight: 400;\" aria-level=\"1\">Biblioteca amb recursos TAC<\/li>\n<li style=\"font-weight: 400;\" aria-level=\"1\">Sala d\u2019usos m\u00faltiples i psicomotricitat\u00a0<\/li>\n<li style=\"font-weight: 400;\" aria-level=\"1\">Gimn\u00e0s d\u2019\u00fas exclusiu de l\u2019escola<\/li>\n<li style=\"font-weight: 400;\" aria-level=\"1\">Pati amb zones verdes,\u00a0&hellip;  <a href=\"https:\/\/agora.xtec.cat\/ceiparquitectegaudi\/lescola\/instal%c2%b7lacions\/\" title=\"Read Instal\u00b7lacions\">Llegeix m\u00e9s\u00bb<\/a><br \/>\n","protected":false},"author":1,"featured_media":0,"parent":22,"menu_order":2,"comment_status":"closed","ping_status":"closed","template":"page-templates\/side-menu.php","meta":{"_bbp_topic_count":0,"_bbp_reply_count":0,"_bbp_total_topic_count":0,"_bbp_total_reply_count":0,"_bbp_voice_count":0,"_bbp_anonymous_reply_count":0,"_bbp_topic_count_hidden":0,"_bbp_reply_count_hidden":0,"_bbp_forum_subforum_count":0,"footnotes":""},"class_list":["post-30","page","type-page","status-publish","hentry"],"post_mailing_queue_ids":[],"_links":{"self":[{"href":"https:\/\/agora.xtec.cat\/ceiparquitectegaudi\/wp-json\/wp\/v2\/pages\/30","targetHints":{"allow":["GET"]}}],"collection":[{"href":"https:\/\/agora.xtec.cat\/ceiparquitectegaudi\/wp-json\/wp\/v2\/pages"}],"about":[{"href":"https:\/\/agora.xtec.cat\/ceiparquitectegaudi\/wp-json\/wp\/v2\/types\/page"}],"author":[{"embeddable":true,"href":"https:\/\/agora.xtec.cat\/ceiparquitectegaudi\/wp-json\/wp\/v2\/users\/1"}],"replies":[{"embeddable":true,"href":"https:\/\/agora.xtec.cat\/ceiparquitectegaudi\/wp-json\/wp\/v2\/comments?post=30"}],"version-history":[{"count":6,"href":"https:\/\/agora.xtec.cat\/ceiparquitectegaudi\/wp-json\/wp\/v2\/pages\/30\/revisions"}],"predecessor-version":[{"id":7397,"href":"https:\/\/agora.xtec.cat\/ceiparquitectegaudi\/wp-json\/wp\/v2\/pages\/30\/revisions\/7397"}],"up":[{"embeddable":true,"href":"https:\/\/agora.xtec.cat\/ceiparquitectegaudi\/wp-json\/wp\/v2\/pages\/22"}],"wp:attachment":[{"href":"https:\/\/agora.xtec.cat\/ceiparquitectegaudi\/wp-json\/wp\/v2\/media?parent=30"}],"curies":[{"name":"wp","href":"https:\/\/api.w.org\/{rel}","templated":true}]}}