{"id":28,"date":"2014-09-18T12:29:35","date_gmt":"2014-09-18T10:29:35","guid":{"rendered":"http:\/\/agora.xtec.cat\/ceiparquitectegaudi\/?page_id=28"},"modified":"2024-01-29T11:04:32","modified_gmt":"2024-01-29T10:04:32","slug":"consell-escolar","status":"publish","type":"page","link":"https:\/\/agora.xtec.cat\/ceiparquitectegaudi\/lescola\/consell-escolar\/","title":{"rendered":"Consell Escolar"},"content":{"rendered":"<p style=\"text-align: justify;\">El consell escolar del centre \u00e9s l&#8217;<strong>\u00f2rgan col\u00b7legiat de participaci\u00f3<\/strong>\u00a0<strong>de la comunitat escolar<\/strong> en el govern del centre. En el consell escolar hi ha representats tots els col\u00b7lectius que intervenen en la comunitat educativa: directora, professorat, alumnat, personal d&#8217;administraci\u00f3 i serveis, etc.<\/p>\n<p style=\"text-align: justify;\">La funci\u00f3 principal del consell escolar \u00e9s participar en la presa de decisions en relaci\u00f3 amb aquells temes importants per al funcionament i l&#8217;organitzaci\u00f3 del centre: el projecte educatiu, la programaci\u00f3 general, la gesti\u00f3 econ\u00f2mica, etc. Els membres <span style=\"font-family: inherit; font-size: 1em;\">s\u00f3n elegits per un per\u00edode de quatre anys i es renoven per meitats cada dos anys.<\/span><\/p>\n<p style=\"text-align: justify;\">El consell escolar del centre es reuneix preceptivament una vegada al trimestre i sempre que el convoca la directora del centre o ho sol\u00b7licita al menys un ter\u00e7 de les seves persones membres. A m\u00e9s, s&#8217;ha de fer una reuni\u00f3 a principi de curs i una altra a la seva finalitzaci\u00f3.<\/p>\n<p><a href=\"https:\/\/agora.xtec.cat\/ceiparquitectegaudi\/wp-content\/uploads\/usu1602\/2024\/01\/consell.png\"><img loading=\"lazy\" decoding=\"async\" class=\" wp-image-7012 aligncenter\" src=\"https:\/\/agora.xtec.cat\/ceiparquitectegaudi\/wp-content\/uploads\/usu1602\/2024\/01\/consell.png\" alt=\"\" width=\"567\" height=\"546\" srcset=\"https:\/\/agora.xtec.cat\/ceiparquitectegaudi\/wp-content\/uploads\/usu1602\/2024\/01\/consell.png 614w, https:\/\/agora.xtec.cat\/ceiparquitectegaudi\/wp-content\/uploads\/usu1602\/2024\/01\/consell-300x289.png 300w\" sizes=\"auto, (max-width: 567px) 100vw, 567px\" \/><\/a><\/p>\n<p>&nbsp;<\/p>\n","protected":false},"excerpt":{"rendered":"<p>El consell escolar del centre \u00e9s l&#8217;\u00f2rgan col\u00b7legiat de participaci\u00f3\u00a0de la comunitat escolar en el govern del centre. En el consell escolar hi ha representats tots els col\u00b7lectius que intervenen en la comunitat educativa: directora, professorat, alumnat, personal d&#8217;administraci\u00f3 i serveis, etc.<br \/>\nLa funci\u00f3 principal del&hellip;  <a href=\"https:\/\/agora.xtec.cat\/ceiparquitectegaudi\/lescola\/consell-escolar\/\" title=\"Read Consell Escolar\">Llegeix m\u00e9s\u00bb<\/a><\/p>\n","protected":false},"author":1,"featured_media":0,"parent":22,"menu_order":8,"comment_status":"closed","ping_status":"closed","template":"page-templates\/side-menu.php","meta":{"_bbp_topic_count":0,"_bbp_reply_count":0,"_bbp_total_topic_count":0,"_bbp_total_reply_count":0,"_bbp_voice_count":0,"_bbp_anonymous_reply_count":0,"_bbp_topic_count_hidden":0,"_bbp_reply_count_hidden":0,"_bbp_forum_subforum_count":0,"footnotes":""},"class_list":["post-28","page","type-page","status-publish","hentry"],"post_mailing_queue_ids":[],"_links":{"self":[{"href":"https:\/\/agora.xtec.cat\/ceiparquitectegaudi\/wp-json\/wp\/v2\/pages\/28","targetHints":{"allow":["GET"]}}],"collection":[{"href":"https:\/\/agora.xtec.cat\/ceiparquitectegaudi\/wp-json\/wp\/v2\/pages"}],"about":[{"href":"https:\/\/agora.xtec.cat\/ceiparquitectegaudi\/wp-json\/wp\/v2\/types\/page"}],"author":[{"embeddable":true,"href":"https:\/\/agora.xtec.cat\/ceiparquitectegaudi\/wp-json\/wp\/v2\/users\/1"}],"replies":[{"embeddable":true,"href":"https:\/\/agora.xtec.cat\/ceiparquitectegaudi\/wp-json\/wp\/v2\/comments?post=28"}],"version-history":[{"count":5,"href":"https:\/\/agora.xtec.cat\/ceiparquitectegaudi\/wp-json\/wp\/v2\/pages\/28\/revisions"}],"predecessor-version":[{"id":7013,"href":"https:\/\/agora.xtec.cat\/ceiparquitectegaudi\/wp-json\/wp\/v2\/pages\/28\/revisions\/7013"}],"up":[{"embeddable":true,"href":"https:\/\/agora.xtec.cat\/ceiparquitectegaudi\/wp-json\/wp\/v2\/pages\/22"}],"wp:attachment":[{"href":"https:\/\/agora.xtec.cat\/ceiparquitectegaudi\/wp-json\/wp\/v2\/media?parent=28"}],"curies":[{"name":"wp","href":"https:\/\/api.w.org\/{rel}","templated":true}]}}