{"id":38,"date":"2014-09-18T12:34:08","date_gmt":"2014-09-18T11:34:08","guid":{"rendered":"http:\/\/agora.xtec.cat\/ceiparmengol\/?page_id=38"},"modified":"2026-03-16T14:05:07","modified_gmt":"2026-03-16T13:05:07","slug":"informacio","status":"publish","type":"page","link":"https:\/\/agora.xtec.cat\/ceiparmengol\/lescola\/informacio\/","title":{"rendered":"Informaci\u00f3 d&#8217;inter\u00e8s"},"content":{"rendered":"<figure class=\"wp-block-table\">\n<table class=\"has-fixed-layout\" style=\"border-width: 11px;\">\n<tbody>\n<tr>\n<td>\n<table style=\"border-style: none; width: 367px; height: 465px;\" border=\"0\" width=\"367\" cellspacing=\"5\" cellpadding=\"0\">\n<tbody>\n<tr style=\"height: 25px;\">\n<td style=\"background-color: #ffffff; border-style: none; width: 357px; height: 25px;\" bgcolor=\"#0D6CCC\">\n<div class=\"subtitol\" align=\"center\"><span style=\"color: #218dbf;\"><a href=\"https:\/\/agora.xtec.cat\/ceiparmengol\/wp-content\/uploads\/usu851\/2026\/03\/tanrica-kids-celebration-illustration-10079861_640.png\"><img loading=\"lazy\" decoding=\"async\" class=\"size-medium wp-image-19824 aligncenter\" src=\"https:\/\/agora.xtec.cat\/ceiparmengol\/wp-content\/uploads\/usu851\/2026\/03\/tanrica-kids-celebration-illustration-10079861_640-300x300.png\" alt=\"\" width=\"300\" height=\"300\" srcset=\"https:\/\/agora.xtec.cat\/ceiparmengol\/wp-content\/uploads\/usu851\/2026\/03\/tanrica-kids-celebration-illustration-10079861_640-300x300.png 300w, https:\/\/agora.xtec.cat\/ceiparmengol\/wp-content\/uploads\/usu851\/2026\/03\/tanrica-kids-celebration-illustration-10079861_640-150x150.png 150w, https:\/\/agora.xtec.cat\/ceiparmengol\/wp-content\/uploads\/usu851\/2026\/03\/tanrica-kids-celebration-illustration-10079861_640.png 640w\" sizes=\"auto, (max-width: 300px) 100vw, 300px\" \/><\/a>Horari Escolar<\/span><\/div>\n<\/td>\n<\/tr>\n<tr style=\"height: 118px;\">\n<td style=\"border-style: none; width: 357px; height: 118px;\">\n<p align=\"justify\">L&#8217;horari del Centre \u00e9s de<strong> 8:30h a 13 h<\/strong> i de<strong> 15 h a 16:30 h<\/strong> pels alumnes <em><strong>d&#8217;Educaci\u00f3 Infantil.<\/strong><\/em><\/p>\n<p align=\"justify\">L&#8217;horari del Centre\u00a0 \u00e9s de<strong> 8:30h a 13 h<\/strong> i de <strong>15h a 16:30 h<\/strong> pels alumnes <em><strong>d&#8217;Educaci\u00f3 Prim\u00e0ria<\/strong><\/em><\/p>\n<\/td>\n<\/tr>\n<tr style=\"height: 25px;\">\n<td style=\"background-color: #ffffff; border-style: none; width: 357px; height: 25px;\" bgcolor=\"#0D6CCC\">\n<div class=\"subtitol\" align=\"center\"><span style=\"color: #218dbf;\">Entrevistes i reunions<\/span><\/div>\n<\/td>\n<\/tr>\n<tr style=\"height: 297px;\">\n<td style=\"border-style: none; width: 357px; height: 297px;\">\n<p align=\"justify\">Setembre: reuni\u00f3 general de <strong>I3<\/strong>, on el tutor i la direcci\u00f3 convoca als pares per explicar els objectius i funcionament del curs.<\/p>\n<p align=\"justify\">Octubre: reunions generals del curs, on els tutors de cada cicle convoca als pares per explicar els objectius del curs.<\/p>\n<p align=\"justify\">Gener i Juny: convocat\u00f2ria individual per comentar els informes corresponents i la marxa dels alumnes.<\/p>\n<p align=\"justify\">Juny: entrevistes individualitzades amb les fam\u00edlies i els infants de P3 del curs vinent.<\/p>\n<p align=\"justify\">Al llarg del <strong>curs 2020- 2021<\/strong>: per poder ser at\u00e8s per l&#8217;escola \u00e9s\u00a0 imprescindible\u00a0 \u00a0demanar cita pr\u00e8via al<\/p>\n<p align=\"justify\">Tel\u00e8fon:\u00a0<strong> 93 725 79 31\u00a0 o via correu electr\u00f2nic.\u00a0<\/strong><\/p>\n<\/td>\n<\/tr>\n<\/tbody>\n<\/table>\n<\/td>\n<td>\n<table style=\"border-style: none; width: 368.338%; height: 1900px;\" border=\"0\" width=\"366\" cellspacing=\"5\" cellpadding=\"0\">\n<tbody>\n<tr>\n<td style=\"background-color: #ffffff; border-style: none; width: 100%;\" bgcolor=\"#0D6CCC\">\n<div class=\"subtitol\" align=\"center\"><span style=\"color: #218dbf;\">Calendari Escolar<\/span><\/div>\n<\/td>\n<\/tr>\n<tr>\n<td style=\"border-style: none; width: 100%;\">\n<p align=\"justify\"><a href=\"https:\/\/agora.xtec.cat\/ceiparmengol\/wp-content\/uploads\/usu851\/2026\/03\/dorigo-calendar-5983133_640.png\"><img loading=\"lazy\" decoding=\"async\" class=\"wp-image-19826 alignright\" src=\"https:\/\/agora.xtec.cat\/ceiparmengol\/wp-content\/uploads\/usu851\/2026\/03\/dorigo-calendar-5983133_640-271x300.png\" alt=\"\" width=\"181\" height=\"201\" srcset=\"https:\/\/agora.xtec.cat\/ceiparmengol\/wp-content\/uploads\/usu851\/2026\/03\/dorigo-calendar-5983133_640-271x300.png 271w, https:\/\/agora.xtec.cat\/ceiparmengol\/wp-content\/uploads\/usu851\/2026\/03\/dorigo-calendar-5983133_640.png 578w\" sizes=\"auto, (max-width: 181px) 100vw, 181px\" \/><\/a>Descarrega el calendari del <strong>curs 2025-26<\/strong>\u00a0clicant <a href=\"https:\/\/web.sabadell.cat\/images\/CEM_Calendari_2025_2026_CENTRES_EDUCATIUS_NO_UNIVERSATARIS_amb_logo.pdf\" target=\"_blank\" rel=\"noopener noreferrer\">aqu\u00ed<\/a><\/p>\n<p align=\"justify\"><a href=\"https:\/\/web.sabadell.cat\/images\/CEM_Calendari_2025_2026_CENTRES_EDUCATIUS_NO_UNIVERSATARIS_amb_logo.pdf\"><img loading=\"lazy\" decoding=\"async\" class=\"alignnone wp-image-19826 size-medium\" src=\"https:\/\/agora.xtec.cat\/ceiparmengol\/wp-content\/uploads\/usu851\/2026\/03\/dorigo-calendar-5983133_640-271x300.png\" alt=\"\" width=\"271\" height=\"300\" srcset=\"https:\/\/agora.xtec.cat\/ceiparmengol\/wp-content\/uploads\/usu851\/2026\/03\/dorigo-calendar-5983133_640-271x300.png 271w, https:\/\/agora.xtec.cat\/ceiparmengol\/wp-content\/uploads\/usu851\/2026\/03\/dorigo-calendar-5983133_640.png 578w\" sizes=\"auto, (max-width: 271px) 100vw, 271px\" \/><\/a><\/p>\n<\/td>\n<\/tr>\n<tr>\n<td style=\"background-color: #ffffff; border-style: none; width: 100%;\" bgcolor=\"#0D6CCC\"><\/td>\n<\/tr>\n<tr>\n<td style=\"border-style: none; width: 100%;\"><\/td>\n<\/tr>\n<tr>\n<td style=\"background-color: #ffffff; border-style: none; width: 100%;\" bgcolor=\"#0D6CCC\">\n<div class=\"subtitol\" align=\"center\"><span style=\"color: #218dbf;\">Altres informacions d&#8217;inter\u00e8s<\/span><\/div>\n<\/td>\n<\/tr>\n<tr>\n<td style=\"border-style: none; width: 100%;\">\n<p align=\"justify\">Qualsevol alumne que hagi de prendre medicaments<\/p>\n<p align=\"justify\">haur\u00e0 de portar el justificant del metge o dels<\/p>\n<p align=\"justify\">pares i la dosis.<\/p>\n<p align=\"justify\">Quan un alumne no vingui a l&#8217;escola, haur\u00e0 de<\/p>\n<p align=\"justify\">justificar sempre la seva falta d&#8217;assist\u00e8ncia; b\u00e9 amb un<\/p>\n<p align=\"justify\">justificant del metge o del pare o la mare.<\/p>\n<p align=\"justify\">L&#8217;\u00fas de la bata ser\u00e0 obligatori des de <strong>I3 a I5<\/strong>, i per tots els<\/p>\n<p align=\"justify\">alumnes en les activitats de pl\u00e0stica.<\/p>\n<p align=\"justify\">Tamb\u00e9 ser\u00e0 obligatori a les sessions d&#8217;Educaci\u00f3 F\u00edsica<\/p>\n<p align=\"justify\">\u00a0l&#8217;\u00fas de roba esportiva, tovallola I cal\u00e7at esportiu.<\/p>\n<p align=\"justify\">A psicomotricitat caldr\u00e0 tenir uns mitjons a<\/p>\n<p align=\"justify\">ntilliscants i portar roba c\u00f2mode.<\/p>\n<p align=\"justify\">\n<\/td>\n<\/tr>\n<\/tbody>\n<\/table>\n<\/td>\n<\/tr>\n<\/tbody>\n<\/table>\n<\/figure>\n","protected":false},"excerpt":{"rendered":"<p>Horari Escolar L&#8217;horari del Centre \u00e9s de 8:30h a 13 h i de 15 h a 16:30 h pels alumnes [&hellip;]<\/p>\n","protected":false},"author":1,"featured_media":0,"parent":22,"menu_order":6,"comment_status":"closed","ping_status":"closed","template":"","meta":{"_bbp_topic_count":0,"_bbp_reply_count":0,"_bbp_total_topic_count":0,"_bbp_total_reply_count":0,"_bbp_voice_count":0,"_bbp_anonymous_reply_count":0,"_bbp_topic_count_hidden":0,"_bbp_reply_count_hidden":0,"_bbp_forum_subforum_count":0,"site-sidebar-layout":"default","site-content-layout":"","ast-site-content-layout":"default","site-content-style":"default","site-sidebar-style":"default","ast-global-header-display":"","ast-banner-title-visibility":"","ast-main-header-display":"","ast-hfb-above-header-display":"","ast-hfb-below-header-display":"","ast-hfb-mobile-header-display":"","site-post-title":"","ast-breadcrumbs-content":"","ast-featured-img":"","footer-sml-layout":"","theme-transparent-header-meta":"","adv-header-id-meta":"","stick-header-meta":"","header-above-stick-meta":"","header-main-stick-meta":"","header-below-stick-meta":"","astra-migrate-meta-layouts":"set","ast-page-background-enabled":"default","ast-page-background-meta":{"desktop":{"background-color":"var(--ast-global-color-4)","background-image":"","background-repeat":"repeat","background-position":"center center","background-size":"auto","background-attachment":"scroll","background-type":"","background-media":"","overlay-type":"","overlay-color":"","overlay-opacity":"","overlay-gradient":""},"tablet":{"background-color":"","background-image":"","background-repeat":"repeat","background-position":"center center","background-size":"auto","background-attachment":"scroll","background-type":"","background-media":"","overlay-type":"","overlay-color":"","overlay-opacity":"","overlay-gradient":""},"mobile":{"background-color":"","background-image":"","background-repeat":"repeat","background-position":"center center","background-size":"auto","background-attachment":"scroll","background-type":"","background-media":"","overlay-type":"","overlay-color":"","overlay-opacity":"","overlay-gradient":""}},"ast-content-background-meta":{"desktop":{"background-color":"var(--ast-global-color-5)","background-image":"","background-repeat":"repeat","background-position":"center center","background-size":"auto","background-attachment":"scroll","background-type":"","background-media":"","overlay-type":"","overlay-color":"","overlay-opacity":"","overlay-gradient":""},"tablet":{"background-color":"var(--ast-global-color-5)","background-image":"","background-repeat":"repeat","background-position":"center center","background-size":"auto","background-attachment":"scroll","background-type":"","background-media":"","overlay-type":"","overlay-color":"","overlay-opacity":"","overlay-gradient":""},"mobile":{"background-color":"var(--ast-global-color-5)","background-image":"","background-repeat":"repeat","background-position":"center center","background-size":"auto","background-attachment":"scroll","background-type":"","background-media":"","overlay-type":"","overlay-color":"","overlay-opacity":"","overlay-gradient":""}},"footnotes":""},"class_list":["post-38","page","type-page","status-publish","hentry"],"post_mailing_queue_ids":[],"_links":{"self":[{"href":"https:\/\/agora.xtec.cat\/ceiparmengol\/wp-json\/wp\/v2\/pages\/38","targetHints":{"allow":["GET"]}}],"collection":[{"href":"https:\/\/agora.xtec.cat\/ceiparmengol\/wp-json\/wp\/v2\/pages"}],"about":[{"href":"https:\/\/agora.xtec.cat\/ceiparmengol\/wp-json\/wp\/v2\/types\/page"}],"author":[{"embeddable":true,"href":"https:\/\/agora.xtec.cat\/ceiparmengol\/wp-json\/wp\/v2\/users\/1"}],"replies":[{"embeddable":true,"href":"https:\/\/agora.xtec.cat\/ceiparmengol\/wp-json\/wp\/v2\/comments?post=38"}],"version-history":[{"count":6,"href":"https:\/\/agora.xtec.cat\/ceiparmengol\/wp-json\/wp\/v2\/pages\/38\/revisions"}],"predecessor-version":[{"id":19829,"href":"https:\/\/agora.xtec.cat\/ceiparmengol\/wp-json\/wp\/v2\/pages\/38\/revisions\/19829"}],"up":[{"embeddable":true,"href":"https:\/\/agora.xtec.cat\/ceiparmengol\/wp-json\/wp\/v2\/pages\/22"}],"wp:attachment":[{"href":"https:\/\/agora.xtec.cat\/ceiparmengol\/wp-json\/wp\/v2\/media?parent=38"}],"curies":[{"name":"wp","href":"https:\/\/api.w.org\/{rel}","templated":true}]}}