{"id":356,"date":"2018-09-12T13:59:15","date_gmt":"2018-09-12T11:59:15","guid":{"rendered":"http:\/\/agora.xtec.cat\/ceiparmengol\/?page_id=356"},"modified":"2026-03-16T13:49:53","modified_gmt":"2026-03-16T12:49:53","slug":"serveis","status":"publish","type":"page","link":"https:\/\/agora.xtec.cat\/ceiparmengol\/lescola\/serveis\/","title":{"rendered":"Serveis"},"content":{"rendered":"<table style=\"border-style: none; width: 748px;\" border=\"0\" width=\"748\" cellspacing=\"5\" cellpadding=\"0\">\n<tbody>\n<tr>\n<td style=\"border-style: none;\" width=\"254\"><a href=\"https:\/\/agora.xtec.cat\/ceiparmengol\/wp-content\/uploads\/usu851\/2021\/02\/serveis1-1.jpg\"><img loading=\"lazy\" decoding=\"async\" class=\"alignnone size-full wp-image-17411\" src=\"https:\/\/agora.xtec.cat\/ceiparmengol\/wp-content\/uploads\/usu851\/2021\/02\/serveis1-1.jpg\" alt=\"\" width=\"250\" height=\"188\" srcset=\"https:\/\/agora.xtec.cat\/ceiparmengol\/wp-content\/uploads\/usu851\/2021\/02\/serveis1-1.jpg 250w, https:\/\/agora.xtec.cat\/ceiparmengol\/wp-content\/uploads\/usu851\/2021\/02\/serveis1-1-200x150.jpg 200w\" sizes=\"auto, (max-width: 250px) 100vw, 250px\" \/><\/a><\/td>\n<td style=\"border-style: none;\" width=\"479\">\n<div align=\"center\">\n<p><strong><span style=\"color: #218dbf;\">EAP (Servei d&#8217;Assessorament Pedag\u00f2gic)<\/span><\/strong><\/p>\n<p align=\"justify\">Comptem amb l&#8217;assessorament d&#8217;un membre de l&#8217;EAP un mat\u00ed a la setmana. La seva intervenci\u00f3 es concreta en l&#8217;atenci\u00f3 a l&#8217;alumnat i a les seves fam\u00edlies i en el suport al professorat.<\/p>\n<\/div>\n<\/td>\n<\/tr>\n<tr>\n<td style=\"border-style: none;\" width=\"254\"><a href=\"https:\/\/agora.xtec.cat\/ceiparmengol\/wp-content\/uploads\/usu851\/2021\/02\/serveis2.jpg\"><img loading=\"lazy\" decoding=\"async\" class=\"alignnone size-full wp-image-17410\" src=\"https:\/\/agora.xtec.cat\/ceiparmengol\/wp-content\/uploads\/usu851\/2021\/02\/serveis2.jpg\" alt=\"\" width=\"250\" height=\"188\" srcset=\"https:\/\/agora.xtec.cat\/ceiparmengol\/wp-content\/uploads\/usu851\/2021\/02\/serveis2.jpg 250w, https:\/\/agora.xtec.cat\/ceiparmengol\/wp-content\/uploads\/usu851\/2021\/02\/serveis2-200x150.jpg 200w\" sizes=\"auto, (max-width: 250px) 100vw, 250px\" \/><\/a><\/td>\n<td style=\"border-style: none;\" width=\"479\">\n<p align=\"center\"><strong><span style=\"color: #218dbf;\">MENJADOR<\/span><\/strong><\/p>\n<p align=\"justify\">L&#8217;escola ofereix el servei de menjador. Est\u00e0 acollit a la gesti\u00f3 unificada de l&#8217;Ajuntament de Sabadell. Els alumnes becats han de recollir els tiquets a Serveis Socials, la resta els pot adquirir a l&#8217;oficina de la Caixa Sabadell que hi ha al barri. <a href=\"https:\/\/drive.google.com\/file\/d\/1TwihhQQORhy4u5Da9s2-grcPLPbWoBSw\/view?usp=sharing\" target=\"_blank\" rel=\"noopener noreferrer\">Document menjador escolar<\/a><\/p>\n<\/td>\n<\/tr>\n<tr>\n<td style=\"border-style: none;\" width=\"254\"><a href=\"https:\/\/agora.xtec.cat\/ceiparmengol\/wp-content\/uploads\/usu851\/2021\/02\/serveis3.jpg\"><img loading=\"lazy\" decoding=\"async\" class=\"alignnone size-full wp-image-17412\" src=\"https:\/\/agora.xtec.cat\/ceiparmengol\/wp-content\/uploads\/usu851\/2021\/02\/serveis3.jpg\" alt=\"\" width=\"250\" height=\"188\" srcset=\"https:\/\/agora.xtec.cat\/ceiparmengol\/wp-content\/uploads\/usu851\/2021\/02\/serveis3.jpg 250w, https:\/\/agora.xtec.cat\/ceiparmengol\/wp-content\/uploads\/usu851\/2021\/02\/serveis3-200x150.jpg 200w\" sizes=\"auto, (max-width: 250px) 100vw, 250px\" \/><\/a><\/td>\n<td style=\"border-style: none;\" width=\"479\">\n<p align=\"center\"><span style=\"color: #218dbf;\"><strong>TRANSPORT<\/strong><\/span><\/p>\n<p align=\"justify\">L&#8217;escola disposa als alumnes del centre el Servei de Transport P\u00fablic en horari escolar. Es realitzen viatges al mat\u00ed, migdia, i tarda des de Torre Romeu a Can Roqueta i a l&#8217;inversa, segons convingui.<\/p>\n<\/td>\n<\/tr>\n<tr>\n<td style=\"border-style: none;\" width=\"254\"><a href=\"https:\/\/agora.xtec.cat\/ceiparmengol\/wp-content\/uploads\/usu851\/2021\/02\/serveis4.jpg\"><img loading=\"lazy\" decoding=\"async\" class=\"alignnone size-full wp-image-17413\" src=\"https:\/\/agora.xtec.cat\/ceiparmengol\/wp-content\/uploads\/usu851\/2021\/02\/serveis4.jpg\" alt=\"\" width=\"250\" height=\"188\" srcset=\"https:\/\/agora.xtec.cat\/ceiparmengol\/wp-content\/uploads\/usu851\/2021\/02\/serveis4.jpg 250w, https:\/\/agora.xtec.cat\/ceiparmengol\/wp-content\/uploads\/usu851\/2021\/02\/serveis4-200x150.jpg 200w\" sizes=\"auto, (max-width: 250px) 100vw, 250px\" \/><\/a><\/td>\n<td style=\"border-style: none;\" width=\"479\">\n<p align=\"center\"><strong><span style=\"color: #218dbf;\">PERMAN\u00c8NCIA A L&#8217;ESCOLA A LA 6a HORA<\/span><\/strong><\/p>\n<p align=\"justify\">Els infants de Educaci\u00f3 Infantil amb germans\/es a Educaci\u00f3 Prim\u00e0ria tenen la possibilitat de quedar-se a l&#8217;escola de 13 h a 15 h per tal d&#8217;esperar aix\u00ed els seus germans grans. Aquest servei \u00e9s assumit per l&#8217;equip docent.<\/p>\n<\/td>\n<\/tr>\n<tr>\n<td style=\"border-style: none;\"><a href=\"https:\/\/agora.xtec.cat\/ceiparmengol\/wp-content\/uploads\/usu851\/2021\/02\/serveis5.jpg\"><img loading=\"lazy\" decoding=\"async\" class=\"alignnone size-full wp-image-17414\" src=\"https:\/\/agora.xtec.cat\/ceiparmengol\/wp-content\/uploads\/usu851\/2021\/02\/serveis5.jpg\" alt=\"\" width=\"250\" height=\"188\" srcset=\"https:\/\/agora.xtec.cat\/ceiparmengol\/wp-content\/uploads\/usu851\/2021\/02\/serveis5.jpg 250w, https:\/\/agora.xtec.cat\/ceiparmengol\/wp-content\/uploads\/usu851\/2021\/02\/serveis5-200x150.jpg 200w\" sizes=\"auto, (max-width: 250px) 100vw, 250px\" \/><\/a><\/td>\n<td style=\"border-style: none;\">\n<p align=\"center\"><span style=\"color: #218dbf;\"><strong>EXTRAESCOLARS<\/strong><\/span><\/p>\n<p>Per m\u00e9s informaci\u00f3 cal consultar a l&#8217;apart\u00a0<a href=\"http:\/\/agora.xtec.cat\/ceiparmengol\/serveis\/activitats-extraescolars\/\">extraescolars<\/a>\u00a0de la web<\/td>\n<\/tr>\n<\/tbody>\n<\/table>\n","protected":false},"excerpt":{"rendered":"<p>EAP (Servei d&#8217;Assessorament Pedag\u00f2gic) Comptem amb l&#8217;assessorament d&#8217;un membre de l&#8217;EAP un mat\u00ed a la setmana. La seva intervenci\u00f3 es [&hellip;]<\/p>\n","protected":false},"author":1,"featured_media":0,"parent":22,"menu_order":4,"comment_status":"closed","ping_status":"closed","template":"","meta":{"_bbp_topic_count":0,"_bbp_reply_count":0,"_bbp_total_topic_count":0,"_bbp_total_reply_count":0,"_bbp_voice_count":0,"_bbp_anonymous_reply_count":0,"_bbp_topic_count_hidden":0,"_bbp_reply_count_hidden":0,"_bbp_forum_subforum_count":0,"site-sidebar-layout":"default","site-content-layout":"","ast-site-content-layout":"default","site-content-style":"default","site-sidebar-style":"default","ast-global-header-display":"","ast-banner-title-visibility":"","ast-main-header-display":"","ast-hfb-above-header-display":"","ast-hfb-below-header-display":"","ast-hfb-mobile-header-display":"","site-post-title":"","ast-breadcrumbs-content":"","ast-featured-img":"","footer-sml-layout":"","theme-transparent-header-meta":"","adv-header-id-meta":"","stick-header-meta":"","header-above-stick-meta":"","header-main-stick-meta":"","header-below-stick-meta":"","astra-migrate-meta-layouts":"set","ast-page-background-enabled":"default","ast-page-background-meta":{"desktop":{"background-color":"var(--ast-global-color-4)","background-image":"","background-repeat":"repeat","background-position":"center center","background-size":"auto","background-attachment":"scroll","background-type":"","background-media":"","overlay-type":"","overlay-color":"","overlay-opacity":"","overlay-gradient":""},"tablet":{"background-color":"","background-image":"","background-repeat":"repeat","background-position":"center center","background-size":"auto","background-attachment":"scroll","background-type":"","background-media":"","overlay-type":"","overlay-color":"","overlay-opacity":"","overlay-gradient":""},"mobile":{"background-color":"","background-image":"","background-repeat":"repeat","background-position":"center center","background-size":"auto","background-attachment":"scroll","background-type":"","background-media":"","overlay-type":"","overlay-color":"","overlay-opacity":"","overlay-gradient":""}},"ast-content-background-meta":{"desktop":{"background-color":"var(--ast-global-color-5)","background-image":"","background-repeat":"repeat","background-position":"center center","background-size":"auto","background-attachment":"scroll","background-type":"","background-media":"","overlay-type":"","overlay-color":"","overlay-opacity":"","overlay-gradient":""},"tablet":{"background-color":"var(--ast-global-color-5)","background-image":"","background-repeat":"repeat","background-position":"center center","background-size":"auto","background-attachment":"scroll","background-type":"","background-media":"","overlay-type":"","overlay-color":"","overlay-opacity":"","overlay-gradient":""},"mobile":{"background-color":"var(--ast-global-color-5)","background-image":"","background-repeat":"repeat","background-position":"center center","background-size":"auto","background-attachment":"scroll","background-type":"","background-media":"","overlay-type":"","overlay-color":"","overlay-opacity":"","overlay-gradient":""}},"footnotes":""},"class_list":["post-356","page","type-page","status-publish","hentry"],"post_mailing_queue_ids":[],"_links":{"self":[{"href":"https:\/\/agora.xtec.cat\/ceiparmengol\/wp-json\/wp\/v2\/pages\/356","targetHints":{"allow":["GET"]}}],"collection":[{"href":"https:\/\/agora.xtec.cat\/ceiparmengol\/wp-json\/wp\/v2\/pages"}],"about":[{"href":"https:\/\/agora.xtec.cat\/ceiparmengol\/wp-json\/wp\/v2\/types\/page"}],"author":[{"embeddable":true,"href":"https:\/\/agora.xtec.cat\/ceiparmengol\/wp-json\/wp\/v2\/users\/1"}],"replies":[{"embeddable":true,"href":"https:\/\/agora.xtec.cat\/ceiparmengol\/wp-json\/wp\/v2\/comments?post=356"}],"version-history":[{"count":4,"href":"https:\/\/agora.xtec.cat\/ceiparmengol\/wp-json\/wp\/v2\/pages\/356\/revisions"}],"predecessor-version":[{"id":19823,"href":"https:\/\/agora.xtec.cat\/ceiparmengol\/wp-json\/wp\/v2\/pages\/356\/revisions\/19823"}],"up":[{"embeddable":true,"href":"https:\/\/agora.xtec.cat\/ceiparmengol\/wp-json\/wp\/v2\/pages\/22"}],"wp:attachment":[{"href":"https:\/\/agora.xtec.cat\/ceiparmengol\/wp-json\/wp\/v2\/media?parent=356"}],"curies":[{"name":"wp","href":"https:\/\/api.w.org\/{rel}","templated":true}]}}