{"id":30,"date":"2014-09-18T12:30:23","date_gmt":"2014-09-18T11:30:23","guid":{"rendered":"http:\/\/agora.xtec.cat\/ceiparmengol\/?page_id=30"},"modified":"2021-02-22T11:28:53","modified_gmt":"2021-02-22T10:28:53","slug":"equipaments","status":"publish","type":"page","link":"https:\/\/agora.xtec.cat\/ceiparmengol\/lescola\/equipaments\/","title":{"rendered":"Equipaments"},"content":{"rendered":"<table style=\"width: 800px; border-style: none;\" border=\"0\" width=\"800\" cellspacing=\"5\" cellpadding=\"0\">\n<tbody>\n<tr style=\"height: 163px;\">\n<td style=\"width: 253px; height: 163px; border-style: none;\" height=\"170\"><a href=\"https:\/\/agora.xtec.cat\/ceiparmengol\/wp-content\/uploads\/usu851\/2021\/02\/1.jpg\"><img loading=\"lazy\" decoding=\"async\" class=\"alignnone size-medium wp-image-17396\" src=\"https:\/\/agora.xtec.cat\/ceiparmengol\/wp-content\/uploads\/usu851\/2021\/02\/1-300x200.jpg\" alt=\"\" width=\"300\" height=\"200\" \/><\/a><\/td>\n<td style=\"width: 253px; height: 163px; border-style: none;\"><a href=\"https:\/\/agora.xtec.cat\/ceiparmengol\/wp-content\/uploads\/usu851\/2021\/02\/02.jpg\"><img loading=\"lazy\" decoding=\"async\" class=\"alignnone size-medium wp-image-17397\" src=\"https:\/\/agora.xtec.cat\/ceiparmengol\/wp-content\/uploads\/usu851\/2021\/02\/02-300x200.jpg\" alt=\"\" width=\"300\" height=\"200\" \/><\/a><\/td>\n<td style=\"width: 220px; height: 1016px; border-style: none;\" rowspan=\"6\" align=\"center\" valign=\"top\">\n<h5>L&#8217;escola Agn\u00e8s Armengol disposa dels seg\u00fcents equipaments:<\/h5>\n<p>3 aules d&#8217;Ed. Infantil<\/p>\n<p>2 aula de refor\u00e7 d&#8217;Ed Infantil<\/p>\n<p>7 aules de Prim\u00e0ria<\/p>\n<p>1 aules de refor\u00e7 de Prim\u00e0ria<\/p>\n<p>Aula d&#8217;Acollida<\/p>\n<p>Aula de M\u00fasica<\/p>\n<p>Laboratori<\/p>\n<p>Biblioteca<\/p>\n<p>Gimn\u00e0s<\/p>\n<p>Aula d&#8217;Ed. Especial<\/p>\n<p>Sala de Psicomotricitat<\/p>\n<p>Aula d&#8217;Inform\u00e0tica<\/p>\n<p>Aula d&#8217;Art<\/p>\n<p>Aula d&#8217;Angl\u00e8s<\/p>\n<p>Aula de jocs<\/p>\n<p>Pati de prim\u00e0ria<\/p>\n<p>Pati d&#8217;infantil<\/p>\n<p>Hort<\/p>\n<p>Direcci\u00f3 i Secretaria<\/p>\n<p>Sala de mestres<\/p>\n<p>Tutories<\/p>\n<p>Consergeria<\/p>\n<p>Cuina<\/p>\n<p>Menjador<\/td>\n<\/tr>\n<tr style=\"height: 184px;\">\n<td style=\"width: 253px; height: 184px; border-style: none;\"><a href=\"https:\/\/agora.xtec.cat\/ceiparmengol\/wp-content\/uploads\/usu851\/2021\/02\/03.jpg\"><img loading=\"lazy\" decoding=\"async\" class=\"alignnone size-medium wp-image-17398\" src=\"https:\/\/agora.xtec.cat\/ceiparmengol\/wp-content\/uploads\/usu851\/2021\/02\/03-300x200.jpg\" alt=\"\" width=\"300\" height=\"200\" \/><\/a><\/td>\n<td style=\"width: 253px; height: 184px; border-style: none;\"><a href=\"https:\/\/agora.xtec.cat\/ceiparmengol\/wp-content\/uploads\/usu851\/2021\/02\/04.jpg\"><img loading=\"lazy\" decoding=\"async\" class=\"alignnone size-medium wp-image-17399\" src=\"https:\/\/agora.xtec.cat\/ceiparmengol\/wp-content\/uploads\/usu851\/2021\/02\/04-300x200.jpg\" alt=\"\" width=\"300\" height=\"200\" \/><\/a><\/td>\n<\/tr>\n<tr style=\"height: 201px;\">\n<td style=\"width: 253px; height: 201px; border-style: none;\"><a href=\"https:\/\/agora.xtec.cat\/ceiparmengol\/wp-content\/uploads\/usu851\/2021\/02\/05.jpg\"><img loading=\"lazy\" decoding=\"async\" class=\"alignnone size-medium wp-image-17400\" src=\"https:\/\/agora.xtec.cat\/ceiparmengol\/wp-content\/uploads\/usu851\/2021\/02\/05-300x200.jpg\" alt=\"\" width=\"300\" height=\"200\" \/><\/a><\/td>\n<td style=\"width: 253px; height: 201px; border-style: none;\"><a href=\"https:\/\/agora.xtec.cat\/ceiparmengol\/wp-content\/uploads\/usu851\/2021\/02\/06.jpg\"><img loading=\"lazy\" decoding=\"async\" class=\"alignnone size-medium wp-image-17401\" src=\"https:\/\/agora.xtec.cat\/ceiparmengol\/wp-content\/uploads\/usu851\/2021\/02\/06-300x200.jpg\" alt=\"\" width=\"300\" height=\"200\" \/><\/a><\/td>\n<\/tr>\n<tr style=\"height: 153px;\">\n<td style=\"width: 253px; height: 153px; border-style: none;\"><a href=\"https:\/\/agora.xtec.cat\/ceiparmengol\/wp-content\/uploads\/usu851\/2021\/02\/07.jpg\"><img loading=\"lazy\" decoding=\"async\" class=\"alignnone size-medium wp-image-17402\" src=\"https:\/\/agora.xtec.cat\/ceiparmengol\/wp-content\/uploads\/usu851\/2021\/02\/07-300x200.jpg\" alt=\"\" width=\"300\" height=\"200\" \/><\/a><\/td>\n<td style=\"width: 253px; height: 153px; border-style: none;\"><a href=\"https:\/\/agora.xtec.cat\/ceiparmengol\/wp-content\/uploads\/usu851\/2021\/02\/08.jpg\"><img loading=\"lazy\" decoding=\"async\" class=\"alignnone size-medium wp-image-17403\" src=\"https:\/\/agora.xtec.cat\/ceiparmengol\/wp-content\/uploads\/usu851\/2021\/02\/08-300x200.jpg\" alt=\"\" width=\"300\" height=\"200\" \/><\/a><\/td>\n<\/tr>\n<tr style=\"height: 178px;\">\n<td style=\"width: 253px; height: 178px; border-style: none;\"><a href=\"https:\/\/agora.xtec.cat\/ceiparmengol\/wp-content\/uploads\/usu851\/2021\/02\/09.jpg\"><img loading=\"lazy\" decoding=\"async\" class=\"alignnone size-medium wp-image-17404\" src=\"https:\/\/agora.xtec.cat\/ceiparmengol\/wp-content\/uploads\/usu851\/2021\/02\/09-300x200.jpg\" alt=\"\" width=\"300\" height=\"200\" \/><\/a><\/td>\n<td style=\"width: 253px; height: 178px; border-style: none;\"><a href=\"https:\/\/agora.xtec.cat\/ceiparmengol\/wp-content\/uploads\/usu851\/2021\/02\/10.jpg\"><img loading=\"lazy\" decoding=\"async\" class=\"alignnone size-medium wp-image-17405\" src=\"https:\/\/agora.xtec.cat\/ceiparmengol\/wp-content\/uploads\/usu851\/2021\/02\/10-300x200.jpg\" alt=\"\" width=\"300\" height=\"200\" \/><\/a><\/td>\n<\/tr>\n<tr style=\"height: 137px;\">\n<td style=\"width: 253px; height: 137px; border-style: none;\"><a href=\"https:\/\/agora.xtec.cat\/ceiparmengol\/wp-content\/uploads\/usu851\/2021\/02\/11.jpg\"><img loading=\"lazy\" decoding=\"async\" class=\"alignnone size-medium wp-image-17406\" src=\"https:\/\/agora.xtec.cat\/ceiparmengol\/wp-content\/uploads\/usu851\/2021\/02\/11-300x200.jpg\" alt=\"\" width=\"300\" height=\"200\" \/><\/a><\/td>\n<td style=\"width: 253px; height: 137px; border-style: none;\"><a href=\"https:\/\/agora.xtec.cat\/ceiparmengol\/wp-content\/uploads\/usu851\/2021\/02\/12.jpg\"><img loading=\"lazy\" decoding=\"async\" class=\"alignnone size-medium wp-image-17407\" src=\"https:\/\/agora.xtec.cat\/ceiparmengol\/wp-content\/uploads\/usu851\/2021\/02\/12-300x200.jpg\" alt=\"\" width=\"300\" height=\"200\" \/><\/a><\/td>\n<\/tr>\n<\/tbody>\n<\/table>\n","protected":false},"excerpt":{"rendered":"<p>L&#8217;escola Agn\u00e8s Armengol disposa dels seg\u00fcents equipaments: 3 aules d&#8217;Ed. Infantil 2 aula de refor\u00e7 d&#8217;Ed Infantil 7 aules de [&hellip;]<\/p>\n","protected":false},"author":1,"featured_media":0,"parent":22,"menu_order":3,"comment_status":"closed","ping_status":"closed","template":"page-templates\/side-menu.php","meta":{"_bbp_topic_count":0,"_bbp_reply_count":0,"_bbp_total_topic_count":0,"_bbp_total_reply_count":0,"_bbp_voice_count":0,"_bbp_anonymous_reply_count":0,"_bbp_topic_count_hidden":0,"_bbp_reply_count_hidden":0,"_bbp_forum_subforum_count":0,"site-sidebar-layout":"default","site-content-layout":"","ast-site-content-layout":"","site-content-style":"default","site-sidebar-style":"default","ast-global-header-display":"","ast-banner-title-visibility":"","ast-main-header-display":"","ast-hfb-above-header-display":"","ast-hfb-below-header-display":"","ast-hfb-mobile-header-display":"","site-post-title":"","ast-breadcrumbs-content":"","ast-featured-img":"","footer-sml-layout":"","theme-transparent-header-meta":"","adv-header-id-meta":"","stick-header-meta":"","header-above-stick-meta":"","header-main-stick-meta":"","header-below-stick-meta":"","astra-migrate-meta-layouts":"default","ast-page-background-enabled":"default","ast-page-background-meta":{"desktop":{"background-color":"var(--ast-global-color-4)","background-image":"","background-repeat":"repeat","background-position":"center center","background-size":"auto","background-attachment":"scroll","background-type":"","background-media":"","overlay-type":"","overlay-color":"","overlay-opacity":"","overlay-gradient":""},"tablet":{"background-color":"","background-image":"","background-repeat":"repeat","background-position":"center center","background-size":"auto","background-attachment":"scroll","background-type":"","background-media":"","overlay-type":"","overlay-color":"","overlay-opacity":"","overlay-gradient":""},"mobile":{"background-color":"","background-image":"","background-repeat":"repeat","background-position":"center center","background-size":"auto","background-attachment":"scroll","background-type":"","background-media":"","overlay-type":"","overlay-color":"","overlay-opacity":"","overlay-gradient":""}},"ast-content-background-meta":{"desktop":{"background-color":"var(--ast-global-color-5)","background-image":"","background-repeat":"repeat","background-position":"center center","background-size":"auto","background-attachment":"scroll","background-type":"","background-media":"","overlay-type":"","overlay-color":"","overlay-opacity":"","overlay-gradient":""},"tablet":{"background-color":"var(--ast-global-color-5)","background-image":"","background-repeat":"repeat","background-position":"center center","background-size":"auto","background-attachment":"scroll","background-type":"","background-media":"","overlay-type":"","overlay-color":"","overlay-opacity":"","overlay-gradient":""},"mobile":{"background-color":"var(--ast-global-color-5)","background-image":"","background-repeat":"repeat","background-position":"center center","background-size":"auto","background-attachment":"scroll","background-type":"","background-media":"","overlay-type":"","overlay-color":"","overlay-opacity":"","overlay-gradient":""}},"footnotes":""},"class_list":["post-30","page","type-page","status-publish","hentry"],"post_mailing_queue_ids":[],"_links":{"self":[{"href":"https:\/\/agora.xtec.cat\/ceiparmengol\/wp-json\/wp\/v2\/pages\/30","targetHints":{"allow":["GET"]}}],"collection":[{"href":"https:\/\/agora.xtec.cat\/ceiparmengol\/wp-json\/wp\/v2\/pages"}],"about":[{"href":"https:\/\/agora.xtec.cat\/ceiparmengol\/wp-json\/wp\/v2\/types\/page"}],"author":[{"embeddable":true,"href":"https:\/\/agora.xtec.cat\/ceiparmengol\/wp-json\/wp\/v2\/users\/1"}],"replies":[{"embeddable":true,"href":"https:\/\/agora.xtec.cat\/ceiparmengol\/wp-json\/wp\/v2\/comments?post=30"}],"version-history":[{"count":3,"href":"https:\/\/agora.xtec.cat\/ceiparmengol\/wp-json\/wp\/v2\/pages\/30\/revisions"}],"predecessor-version":[{"id":17408,"href":"https:\/\/agora.xtec.cat\/ceiparmengol\/wp-json\/wp\/v2\/pages\/30\/revisions\/17408"}],"up":[{"embeddable":true,"href":"https:\/\/agora.xtec.cat\/ceiparmengol\/wp-json\/wp\/v2\/pages\/22"}],"wp:attachment":[{"href":"https:\/\/agora.xtec.cat\/ceiparmengol\/wp-json\/wp\/v2\/media?parent=30"}],"curies":[{"name":"wp","href":"https:\/\/api.w.org\/{rel}","templated":true}]}}