{"id":28,"date":"2014-09-18T12:29:35","date_gmt":"2014-09-18T11:29:35","guid":{"rendered":"http:\/\/agora.xtec.cat\/ceiparmengol\/?page_id=28"},"modified":"2026-03-16T13:47:55","modified_gmt":"2026-03-16T12:47:55","slug":"personal","status":"publish","type":"page","link":"https:\/\/agora.xtec.cat\/ceiparmengol\/lescola\/personal\/","title":{"rendered":"Personal de l&#8217;escola"},"content":{"rendered":"<table style=\"width: 602px;\" border=\"0\" width=\"748\" cellspacing=\"5\" cellpadding=\"0\">\n<tbody>\n<tr>\n<td style=\"width: 365px;\" valign=\"top\" width=\"367\" height=\"768\">\n<table style=\"width: 300px;\" border=\"0\" width=\"300\" cellspacing=\"5\" cellpadding=\"0\">\n<tbody>\n<tr style=\"height: 48px;\">\n<td style=\"height: 48px; background-color: #ffffff;\" bgcolor=\"#0D6CCC\">\n<p align=\"center\"><span style=\"color: #218dbf;\"><strong><span class=\"titol\">Consell escolar 2025-26<\/span><\/strong><\/span><\/p>\n<\/td>\n<\/tr>\n<tr style=\"height: 48px;\">\n<td style=\"height: 48px; background-color: #ffffff;\" bgcolor=\"#0D6CCC\">\n<p align=\"center\"><span style=\"color: #218dbf;\"><strong><span class=\"subtitol\">Equip directiu<\/span><\/strong><\/span><\/p>\n<\/td>\n<\/tr>\n<tr style=\"height: 151px;\">\n<td style=\"height: 151px;\">\n<p align=\"left\">M\u00aa Dolors Rectoret (directora)<\/p>\n<p align=\"left\">Coral Mu\u00f1oz (Cap d&#8217;estudis)<\/p>\n<p align=\"left\">Meritxell Fontser\u00e9 (secret\u00e0ria)<\/p>\n<p align=\"left\">\n<\/td>\n<\/tr>\n<tr style=\"height: 10px;\">\n<td style=\"height: 10px; background-color: #ffffff;\" bgcolor=\"#0D6CCC\">\n<p align=\"center\"><span style=\"color: #218dbf;\"><strong><span class=\"subtitol\">Representat de mestres<\/span><\/strong><\/span><\/p>\n<\/td>\n<\/tr>\n<tr style=\"height: 219px;\">\n<td style=\"height: 219px;\">6 representants de mestres<\/td>\n<\/tr>\n<tr style=\"height: 48px;\">\n<td style=\"height: 48px; background-color: #ffffff;\" bgcolor=\"#0D6CCC\">\n<p align=\"center\"><span style=\"color: #218dbf;\"><strong><span class=\"subtitol\">Representants de pares i mares<\/span><\/strong><\/span><\/p>\n<\/td>\n<\/tr>\n<tr style=\"height: 254px;\">\n<td style=\"height: 254px;\" height=\"80\">1 representant d l&#8217;AMPA<\/p>\n<p>5 representants de fam\u00edlies<\/td>\n<\/tr>\n<tr style=\"height: 48px;\">\n<td style=\"height: 48px; background-color: #ffffff;\" bgcolor=\"#0D6CCC\">\n<p align=\"center\"><span style=\"color: #218dbf;\"><strong><span class=\"subtitol\">Representant de l&#8217;Ajuntament<\/span><\/strong><\/span><\/p>\n<\/td>\n<\/tr>\n<tr style=\"height: 82px;\">\n<td style=\"height: 82px;\">1 representant<\/td>\n<\/tr>\n<tr style=\"height: 48px;\">\n<td style=\"height: 48px; background-color: #ffffff;\" bgcolor=\"#0D6CCC\">\n<p align=\"center\"><span style=\"color: #218dbf;\"><strong><span class=\"subtitol\">Representant del PAS<\/span><\/strong><\/span><\/p>\n<\/td>\n<\/tr>\n<tr style=\"height: 82px;\">\n<td style=\"height: 82px;\" height=\"14\">1 representant<\/td>\n<\/tr>\n<\/tbody>\n<\/table>\n<p style=\"text-align: center;\"><a href=\"https:\/\/drive.google.com\/file\/d\/1XoPIBxALYlJk8L2ArpO_K0dMnJULAsUA\/view?usp=sharing\" target=\"_blank\" rel=\"noopener noreferrer\">COMPOSICI\u00d3 CONSELL ESCOLAR<\/a><\/p>\n<\/td>\n<td style=\"width: 237px;\" valign=\"top\" width=\"366\">\n<table style=\"border-style: none; width: 300px; background-color: #ffffff;\" border=\"0\" width=\"300\" cellspacing=\"5\" cellpadding=\"0\">\n<tbody>\n<tr>\n<td style=\"background-color: #ffffff;\" bgcolor=\"#0D6CCC\">\n<p class=\"titol\" align=\"center\"><span style=\"color: #218dbf;\"><strong>Equip de mestres 2025-26<\/strong><\/span><\/p>\n<\/td>\n<\/tr>\n<tr>\n<td style=\"background-color: #ffffff;\" bgcolor=\"#0D6CCC\">\n<p class=\"subtitol\" align=\"center\"><strong style=\"color: #218dbf;\">Equip directiu<\/strong><\/p>\n<\/td>\n<\/tr>\n<tr>\n<td>\n<div align=\"center\">\n<p align=\"left\">M\u00aa Dolors Rectoret (directora)<\/p>\n<p align=\"left\">Coral Mu\u00f1oz (Cap d&#8217;estudis)<\/p>\n<p align=\"left\">Meritxell Fontser\u00e9 (secret\u00e0ria)<\/p>\n<\/div>\n<\/td>\n<\/tr>\n<tr>\n<td style=\"background-color: #ffffff;\" bgcolor=\"#0D6CCC\">\n<p align=\"center\"><span style=\"color: #218dbf;\"><strong><span class=\"subtitol\">Coordinadors<\/span><\/strong><\/span><\/p>\n<\/td>\n<\/tr>\n<tr>\n<td>\n<p align=\"left\"><strong>Infantil:\u00a0<\/strong>1 coordinadora<\/p>\n<p align=\"left\"><strong>Cicle inicial:<\/strong> 1 coordinadora<\/p>\n<p align=\"left\"><strong>Cicle mitj\u00e0:<\/strong> 1 coordinadora<\/p>\n<p align=\"left\"><strong>Cicle superior:<\/strong> 1 coordinadora<\/p>\n<p align=\"left\"><strong>CAEI:<\/strong> 4 membres<\/p>\n<p align=\"left\"><strong>Riscos Laborals:<\/strong> 1 coordinadora<\/p>\n<p align=\"left\"><strong>Coordinador Digital:<\/strong> 1 coordinador<\/p>\n<p align=\"left\"><strong>CLIC:<\/strong> 1 coordinador\/a<\/p>\n<p align=\"left\"><strong>Biblioteca:<\/strong> 3 membres<\/p>\n<p align=\"left\"><strong>Hort:<\/strong> 1 coordinador\/a<\/p>\n<p align=\"left\"><strong>Pla de l&#8217;Esport a l&#8217;Entorn:<\/strong> 1 coordinador\/a<\/p>\n<p align=\"left\"><strong>Comissi\u00f3 d&#8217;Acci\u00f3 Social, CAS:<\/strong> Equip directiu, Mee, Serveis socials i EAP,<\/p>\n<p align=\"left\"><strong>Comissi\u00f3 d&#8217;Estrat\u00e8gia digital: <\/strong>Equip directiu, coordinador Digital i 4 coordinadores de cicle.<\/p>\n<\/td>\n<\/tr>\n<tr>\n<td style=\"background-color: #ffffff;\" bgcolor=\"#0D6CCC\">\n<p class=\"subtitol\" align=\"center\"><span style=\"color: #218dbf;\"><strong>Tutories, especialitats i refor\u00e7os<\/strong><\/span><\/p>\n<\/td>\n<\/tr>\n<tr>\n<td>\n<p align=\"left\"><strong>P3:<\/strong> 1 tutora<\/p>\n<p align=\"left\"><strong>P4:<\/strong> 1 tutora<\/p>\n<p align=\"left\"><strong>P5<\/strong>: 1 Tutora<\/p>\n<p align=\"left\"><strong>1r:<\/strong> 1 tutora<\/p>\n<p align=\"left\"><strong>2n:<\/strong> 1 tutora<\/p>\n<p align=\"left\"><strong>3r:<\/strong> 1 tutora<\/p>\n<p align=\"left\"><strong>4t:<\/strong> 1 tutora<\/p>\n<p align=\"left\"><strong>5\u00e8<\/strong> 1 tutora<\/p>\n<p align=\"left\"><strong>6\u00e8:\u00a0<\/strong> 1 tutora<\/p>\n<p align=\"left\"><strong>Educaci\u00f3 especial:<\/strong> 1 docent<\/p>\n<p align=\"left\"><strong>Refor\u00e7 infantil i prim\u00e0ria: tots els docents del centre<\/strong><\/p>\n<p align=\"left\"><strong>M\u00fasica:<\/strong> 1 docent<\/p>\n<p align=\"left\"><strong>Educaci\u00f3 F\u00edsica:<\/strong> 1 docent<\/p>\n<p align=\"left\"><strong>Angl\u00e8s:<\/strong> 2 docents<\/p>\n<p align=\"left\"><strong>Vetlladora:<\/strong> 1 vetlladora<\/p>\n<p align=\"left\"><strong>TEI:<\/strong> 1 T\u00e8cnica<\/p>\n<p align=\"left\"><strong>TIS:<\/strong> 1 T\u00e8cnica<\/p>\n<\/td>\n<\/tr>\n<tr>\n<td style=\"background-color: #ffffff;\" bgcolor=\"#0D6CCC\">\n<p align=\"center\"><span style=\"color: #218dbf;\"><strong><span class=\"subtitol\">Personal d&#8217;administraci\u00f3 i Serveis<\/span><\/strong><\/span><\/p>\n<\/td>\n<\/tr>\n<tr>\n<td>\n<p align=\"left\">1 administrativa<\/p>\n<p align=\"left\">1 Conserge<\/p>\n<\/td>\n<\/tr>\n<\/tbody>\n<\/table>\n<\/td>\n<\/tr>\n<\/tbody>\n<\/table>\n","protected":false},"excerpt":{"rendered":"<p>Consell escolar 2025-26 Equip directiu M\u00aa Dolors Rectoret (directora) Coral Mu\u00f1oz (Cap d&#8217;estudis) Meritxell Fontser\u00e9 (secret\u00e0ria) Representat de mestres 6 [&hellip;]<\/p>\n","protected":false},"author":1,"featured_media":0,"parent":22,"menu_order":5,"comment_status":"closed","ping_status":"closed","template":"","meta":{"_bbp_topic_count":0,"_bbp_reply_count":0,"_bbp_total_topic_count":0,"_bbp_total_reply_count":0,"_bbp_voice_count":0,"_bbp_anonymous_reply_count":0,"_bbp_topic_count_hidden":0,"_bbp_reply_count_hidden":0,"_bbp_forum_subforum_count":0,"site-sidebar-layout":"default","site-content-layout":"","ast-site-content-layout":"default","site-content-style":"default","site-sidebar-style":"default","ast-global-header-display":"","ast-banner-title-visibility":"","ast-main-header-display":"","ast-hfb-above-header-display":"","ast-hfb-below-header-display":"","ast-hfb-mobile-header-display":"","site-post-title":"","ast-breadcrumbs-content":"","ast-featured-img":"","footer-sml-layout":"","theme-transparent-header-meta":"","adv-header-id-meta":"","stick-header-meta":"","header-above-stick-meta":"","header-main-stick-meta":"","header-below-stick-meta":"","astra-migrate-meta-layouts":"set","ast-page-background-enabled":"default","ast-page-background-meta":{"desktop":{"background-color":"var(--ast-global-color-4)","background-image":"","background-repeat":"repeat","background-position":"center center","background-size":"auto","background-attachment":"scroll","background-type":"","background-media":"","overlay-type":"","overlay-color":"","overlay-opacity":"","overlay-gradient":""},"tablet":{"background-color":"","background-image":"","background-repeat":"repeat","background-position":"center center","background-size":"auto","background-attachment":"scroll","background-type":"","background-media":"","overlay-type":"","overlay-color":"","overlay-opacity":"","overlay-gradient":""},"mobile":{"background-color":"","background-image":"","background-repeat":"repeat","background-position":"center center","background-size":"auto","background-attachment":"scroll","background-type":"","background-media":"","overlay-type":"","overlay-color":"","overlay-opacity":"","overlay-gradient":""}},"ast-content-background-meta":{"desktop":{"background-color":"var(--ast-global-color-5)","background-image":"","background-repeat":"repeat","background-position":"center center","background-size":"auto","background-attachment":"scroll","background-type":"","background-media":"","overlay-type":"","overlay-color":"","overlay-opacity":"","overlay-gradient":""},"tablet":{"background-color":"var(--ast-global-color-5)","background-image":"","background-repeat":"repeat","background-position":"center center","background-size":"auto","background-attachment":"scroll","background-type":"","background-media":"","overlay-type":"","overlay-color":"","overlay-opacity":"","overlay-gradient":""},"mobile":{"background-color":"var(--ast-global-color-5)","background-image":"","background-repeat":"repeat","background-position":"center center","background-size":"auto","background-attachment":"scroll","background-type":"","background-media":"","overlay-type":"","overlay-color":"","overlay-opacity":"","overlay-gradient":""}},"footnotes":""},"class_list":["post-28","page","type-page","status-publish","hentry"],"post_mailing_queue_ids":[],"_links":{"self":[{"href":"https:\/\/agora.xtec.cat\/ceiparmengol\/wp-json\/wp\/v2\/pages\/28","targetHints":{"allow":["GET"]}}],"collection":[{"href":"https:\/\/agora.xtec.cat\/ceiparmengol\/wp-json\/wp\/v2\/pages"}],"about":[{"href":"https:\/\/agora.xtec.cat\/ceiparmengol\/wp-json\/wp\/v2\/types\/page"}],"author":[{"embeddable":true,"href":"https:\/\/agora.xtec.cat\/ceiparmengol\/wp-json\/wp\/v2\/users\/1"}],"replies":[{"embeddable":true,"href":"https:\/\/agora.xtec.cat\/ceiparmengol\/wp-json\/wp\/v2\/comments?post=28"}],"version-history":[{"count":5,"href":"https:\/\/agora.xtec.cat\/ceiparmengol\/wp-json\/wp\/v2\/pages\/28\/revisions"}],"predecessor-version":[{"id":19822,"href":"https:\/\/agora.xtec.cat\/ceiparmengol\/wp-json\/wp\/v2\/pages\/28\/revisions\/19822"}],"up":[{"embeddable":true,"href":"https:\/\/agora.xtec.cat\/ceiparmengol\/wp-json\/wp\/v2\/pages\/22"}],"wp:attachment":[{"href":"https:\/\/agora.xtec.cat\/ceiparmengol\/wp-json\/wp\/v2\/media?parent=28"}],"curies":[{"name":"wp","href":"https:\/\/api.w.org\/{rel}","templated":true}]}}