{"id":26,"date":"2014-09-18T12:24:32","date_gmt":"2014-09-18T11:24:32","guid":{"rendered":"http:\/\/agora.xtec.cat\/ceiparmengol\/?page_id=26"},"modified":"2023-11-02T14:24:15","modified_gmt":"2023-11-02T13:24:15","slug":"historia","status":"publish","type":"page","link":"https:\/\/agora.xtec.cat\/ceiparmengol\/lescola\/historia\/","title":{"rendered":"Hist\u00f2ria"},"content":{"rendered":"<p style=\"text-align: justify;\">La &#8220;Escuela Nacional In\u00e9s Armengol&#8221; -aix\u00ed es deia llavors- es va inaugurar el curs 1974-1975, com a fruit de la reivindicaci\u00f3 popular dels ve\u00efns de Torre-Romeu i Can Roqueta, que reclamaren amb for\u00e7a l&#8217;escolaritzaci\u00f3 plena d&#8217;aquests dos barris propers. Una vegada oberta, la col\u00b7laboraci\u00f3 de pares i mestres aconsegu\u00ed fer de l&#8217;escola una comunitat educativa democr\u00e0tica i participativa.<\/p>\n<table style=\"width: 100%; border-collapse: collapse; border-style: none;\" border=\"1\">\n<tbody>\n<tr>\n<td style=\"width: 36.8742%; border-style: none; text-align: justify;\">Hores d&#8217;ara, l&#8217;Escola Agn\u00e8s Armengol compta<\/p>\n<p>amb una profitosa hist\u00f2ria de servei a les fam\u00edlies<\/p>\n<p>i\u00a0<span style=\"font-family: inherit; font-size: 1em;\">als alumnes del seu entorn, Amb 49 anys <\/span><\/p>\n<p><span style=\"font-family: inherit; font-size: 1em;\">d&#8217;hist\u00f2ria, l&#8217;escola actualitza i revisa el seu <\/span><\/p>\n<p><span style=\"font-family: inherit; font-size: 1em;\">Projecte Educatiu per tal de respondre a les <\/span><\/p>\n<p><span style=\"font-family: inherit; font-size: 1em;\">necessitats d<\/span><span style=\"font-family: inherit; font-size: 1em;\">els alumnes i fam\u00edlies en una <\/span><\/p>\n<p><span style=\"font-family: inherit; font-size: 1em;\">societat en cont\u00ednua evoluci\u00f3.<\/span><\/td>\n<td style=\"width: 32.3565%; border-style: none;\"><a href=\"https:\/\/agora.xtec.cat\/ceiparmengol\/wp-content\/uploads\/usu851\/2021\/02\/1-2.jpg\"><img loading=\"lazy\" decoding=\"async\" class=\"alignnone size-full wp-image-17433\" src=\"https:\/\/agora.xtec.cat\/ceiparmengol\/wp-content\/uploads\/usu851\/2021\/02\/1-2.jpg\" alt=\"\" width=\"249\" height=\"166\" \/><\/a><\/td>\n<td style=\"width: 30.7692%; border-style: none;\"><a href=\"https:\/\/agora.xtec.cat\/ceiparmengol\/wp-content\/uploads\/usu851\/2021\/02\/2-1.jpg\"><img loading=\"lazy\" decoding=\"async\" class=\"alignnone size-full wp-image-17434\" src=\"https:\/\/agora.xtec.cat\/ceiparmengol\/wp-content\/uploads\/usu851\/2021\/02\/2-1.jpg\" alt=\"\" width=\"249\" height=\"166\" \/><\/a><\/td>\n<\/tr>\n<\/tbody>\n<\/table>\n<table style=\"width: 100%; border-collapse: collapse; border-style: none;\" border=\"1\">\n<tbody>\n<tr>\n<td style=\"width: 50%; border-style: none;\"><a href=\"https:\/\/agora.xtec.cat\/ceiparmengol\/wp-content\/uploads\/usu851\/2021\/02\/3.jpg\"><img loading=\"lazy\" decoding=\"async\" class=\"alignnone wp-image-17435\" src=\"https:\/\/agora.xtec.cat\/ceiparmengol\/wp-content\/uploads\/usu851\/2021\/02\/3-300x96.jpg\" alt=\"\" width=\"393\" height=\"126\" srcset=\"https:\/\/agora.xtec.cat\/ceiparmengol\/wp-content\/uploads\/usu851\/2021\/02\/3-300x96.jpg 300w, https:\/\/agora.xtec.cat\/ceiparmengol\/wp-content\/uploads\/usu851\/2021\/02\/3.jpg 479w\" sizes=\"auto, (max-width: 393px) 100vw, 393px\" \/><\/a><\/td>\n<td style=\"width: 50%; border-style: none;\"><a href=\"https:\/\/agora.xtec.cat\/ceiparmengol\/wp-content\/uploads\/usu851\/2021\/02\/4.jpg\"><img loading=\"lazy\" decoding=\"async\" class=\"alignnone wp-image-17436\" src=\"https:\/\/agora.xtec.cat\/ceiparmengol\/wp-content\/uploads\/usu851\/2021\/02\/4-300x96.jpg\" alt=\"\" width=\"390\" height=\"125\" srcset=\"https:\/\/agora.xtec.cat\/ceiparmengol\/wp-content\/uploads\/usu851\/2021\/02\/4-300x96.jpg 300w, https:\/\/agora.xtec.cat\/ceiparmengol\/wp-content\/uploads\/usu851\/2021\/02\/4.jpg 479w\" sizes=\"auto, (max-width: 390px) 100vw, 390px\" \/><\/a><\/td>\n<\/tr>\n<\/tbody>\n<\/table>\n<p><a href=\"https:\/\/agora.xtec.cat\/ceiparmengol\/wp-content\/uploads\/usu851\/2023\/11\/historia03.jpg\"><img loading=\"lazy\" decoding=\"async\" class=\"wp-image-18464 aligncenter\" src=\"https:\/\/agora.xtec.cat\/ceiparmengol\/wp-content\/uploads\/usu851\/2023\/11\/historia03-208x300.jpg\" alt=\"\" width=\"235\" height=\"339\" srcset=\"https:\/\/agora.xtec.cat\/ceiparmengol\/wp-content\/uploads\/usu851\/2023\/11\/historia03-208x300.jpg 208w, https:\/\/agora.xtec.cat\/ceiparmengol\/wp-content\/uploads\/usu851\/2023\/11\/historia03.jpg 249w\" sizes=\"auto, (max-width: 235px) 100vw, 235px\" \/><\/a><\/p>\n","protected":false},"excerpt":{"rendered":"<p>La &#8220;Escuela Nacional In\u00e9s Armengol&#8221; -aix\u00ed es deia llavors- es va inaugurar el curs 1974-1975, com a fruit de la [&hellip;]<\/p>\n","protected":false},"author":1,"featured_media":0,"parent":22,"menu_order":0,"comment_status":"closed","ping_status":"closed","template":"page-templates\/side-menu.php","meta":{"_bbp_topic_count":0,"_bbp_reply_count":0,"_bbp_total_topic_count":0,"_bbp_total_reply_count":0,"_bbp_voice_count":0,"_bbp_anonymous_reply_count":0,"_bbp_topic_count_hidden":0,"_bbp_reply_count_hidden":0,"_bbp_forum_subforum_count":0,"site-sidebar-layout":"default","site-content-layout":"","ast-site-content-layout":"","site-content-style":"default","site-sidebar-style":"default","ast-global-header-display":"","ast-banner-title-visibility":"","ast-main-header-display":"","ast-hfb-above-header-display":"","ast-hfb-below-header-display":"","ast-hfb-mobile-header-display":"","site-post-title":"","ast-breadcrumbs-content":"","ast-featured-img":"","footer-sml-layout":"","theme-transparent-header-meta":"","adv-header-id-meta":"","stick-header-meta":"","header-above-stick-meta":"","header-main-stick-meta":"","header-below-stick-meta":"","astra-migrate-meta-layouts":"default","ast-page-background-enabled":"default","ast-page-background-meta":{"desktop":{"background-color":"var(--ast-global-color-4)","background-image":"","background-repeat":"repeat","background-position":"center center","background-size":"auto","background-attachment":"scroll","background-type":"","background-media":"","overlay-type":"","overlay-color":"","overlay-opacity":"","overlay-gradient":""},"tablet":{"background-color":"","background-image":"","background-repeat":"repeat","background-position":"center center","background-size":"auto","background-attachment":"scroll","background-type":"","background-media":"","overlay-type":"","overlay-color":"","overlay-opacity":"","overlay-gradient":""},"mobile":{"background-color":"","background-image":"","background-repeat":"repeat","background-position":"center center","background-size":"auto","background-attachment":"scroll","background-type":"","background-media":"","overlay-type":"","overlay-color":"","overlay-opacity":"","overlay-gradient":""}},"ast-content-background-meta":{"desktop":{"background-color":"var(--ast-global-color-5)","background-image":"","background-repeat":"repeat","background-position":"center center","background-size":"auto","background-attachment":"scroll","background-type":"","background-media":"","overlay-type":"","overlay-color":"","overlay-opacity":"","overlay-gradient":""},"tablet":{"background-color":"var(--ast-global-color-5)","background-image":"","background-repeat":"repeat","background-position":"center center","background-size":"auto","background-attachment":"scroll","background-type":"","background-media":"","overlay-type":"","overlay-color":"","overlay-opacity":"","overlay-gradient":""},"mobile":{"background-color":"var(--ast-global-color-5)","background-image":"","background-repeat":"repeat","background-position":"center center","background-size":"auto","background-attachment":"scroll","background-type":"","background-media":"","overlay-type":"","overlay-color":"","overlay-opacity":"","overlay-gradient":""}},"footnotes":""},"class_list":["post-26","page","type-page","status-publish","hentry"],"post_mailing_queue_ids":[],"_links":{"self":[{"href":"https:\/\/agora.xtec.cat\/ceiparmengol\/wp-json\/wp\/v2\/pages\/26","targetHints":{"allow":["GET"]}}],"collection":[{"href":"https:\/\/agora.xtec.cat\/ceiparmengol\/wp-json\/wp\/v2\/pages"}],"about":[{"href":"https:\/\/agora.xtec.cat\/ceiparmengol\/wp-json\/wp\/v2\/types\/page"}],"author":[{"embeddable":true,"href":"https:\/\/agora.xtec.cat\/ceiparmengol\/wp-json\/wp\/v2\/users\/1"}],"replies":[{"embeddable":true,"href":"https:\/\/agora.xtec.cat\/ceiparmengol\/wp-json\/wp\/v2\/comments?post=26"}],"version-history":[{"count":7,"href":"https:\/\/agora.xtec.cat\/ceiparmengol\/wp-json\/wp\/v2\/pages\/26\/revisions"}],"predecessor-version":[{"id":18466,"href":"https:\/\/agora.xtec.cat\/ceiparmengol\/wp-json\/wp\/v2\/pages\/26\/revisions\/18466"}],"up":[{"embeddable":true,"href":"https:\/\/agora.xtec.cat\/ceiparmengol\/wp-json\/wp\/v2\/pages\/22"}],"wp:attachment":[{"href":"https:\/\/agora.xtec.cat\/ceiparmengol\/wp-json\/wp\/v2\/media?parent=26"}],"curies":[{"name":"wp","href":"https:\/\/api.w.org\/{rel}","templated":true}]}}