{"id":234,"date":"2016-01-17T16:16:39","date_gmt":"2016-01-17T15:16:39","guid":{"rendered":"http:\/\/agora.xtec.cat\/ceiparmengol\/?page_id=234"},"modified":"2021-11-02T11:23:18","modified_gmt":"2021-11-02T10:23:18","slug":"festes","status":"publish","type":"page","link":"https:\/\/agora.xtec.cat\/ceiparmengol\/festes\/","title":{"rendered":"FESTES"},"content":{"rendered":"<p>Anualment a l&#8217;escola Agn\u00e8s Armengol cel\u00b7lebrem la castanyada. Al mat\u00ed, mentre varies classes fan tallers de massap\u00e0, panellets o trufes. A la tarda tots ens trobem al teatre per recitar poemes i cantar can\u00e7ons de tardor. Finalment anem al pati per berenar.<\/p>\n<p><a href=\"http:\/\/agora.xtec.cat\/ceiparmengol\/wp-content\/uploads\/usu851\/2016\/01\/castanyada01.jpg\"><img loading=\"lazy\" decoding=\"async\" class=\"alignnone size-full wp-image-284\" src=\"http:\/\/agora.xtec.cat\/ceiparmengol\/wp-content\/uploads\/usu851\/2016\/01\/castanyada01.jpg\" alt=\"castanyada01\" width=\"250\" height=\"167\" \/><img loading=\"lazy\" decoding=\"async\" class=\" size-full wp-image-285 aligncenter\" src=\"http:\/\/agora.xtec.cat\/ceiparmengol\/wp-content\/uploads\/usu851\/2016\/01\/castanyada02.jpg\" alt=\"castanyada02\" width=\"250\" height=\"167\" \/><\/a><\/p>\n<p>&nbsp;<\/p>\n<p>Pels dies de Nadal, l&#8217;escola es vesteix de gala. Al llarg d&#8217;aquells dies fem cagar el ti\u00f3, escrivim i li donem la carta al patge real, preparem i representem obres de teatre, can\u00e7ons en catal\u00e0 i angl\u00e8s. Finalment sortegem paneres plenes d&#8217;aliments obtinguts amb l&#8217;aportaci\u00f3 de tothom.<\/p>\n<p><a href=\"http:\/\/agora.xtec.cat\/ceiparmengol\/wp-content\/uploads\/usu851\/2016\/01\/nadal01.jpg\"><img loading=\"lazy\" decoding=\"async\" class=\"alignnone size-full wp-image-286\" src=\"http:\/\/agora.xtec.cat\/ceiparmengol\/wp-content\/uploads\/usu851\/2016\/01\/nadal01.jpg\" alt=\"nadal01\" width=\"249\" height=\"166\" \/><img loading=\"lazy\" decoding=\"async\" class=\" size-full wp-image-287 aligncenter\" src=\"http:\/\/agora.xtec.cat\/ceiparmengol\/wp-content\/uploads\/usu851\/2016\/01\/nadal02.jpg\" alt=\"nadal02\" width=\"249\" height=\"166\" \/><\/a><\/p>\n<p>&nbsp;<\/p>\n<p>Aquest any es redissenyar\u00e0 la festa de carnestoltes i no estem en disposici\u00f3 d&#8217;avan\u00e7ar com ser\u00e0.<\/p>\n<p><a href=\"http:\/\/agora.xtec.cat\/ceiparmengol\/wp-content\/uploads\/usu851\/2016\/01\/carnestoltes01.jpg\"><img loading=\"lazy\" decoding=\"async\" class=\"alignnone size-full wp-image-289\" src=\"http:\/\/agora.xtec.cat\/ceiparmengol\/wp-content\/uploads\/usu851\/2016\/01\/carnestoltes01.jpg\" alt=\"carnestoltes01\" width=\"249\" height=\"166\" \/><img loading=\"lazy\" decoding=\"async\" class=\" size-full wp-image-290 aligncenter\" src=\"http:\/\/agora.xtec.cat\/ceiparmengol\/wp-content\/uploads\/usu851\/2016\/01\/carnestoltes02.jpg\" alt=\"carnestoltes02\" width=\"249\" height=\"166\" \/><\/a><\/p>\n<p>&nbsp;<\/p>\n<p>Cada any celebrem la diada de Sant Jordi amb obres de teatre, activitats, intercanvi o venda de llibres, sortides al centre de Sabadell&#8230; Cada curs \u00e9s diferent.<\/p>\n<p style=\"text-align: left;\"><a href=\"http:\/\/agora.xtec.cat\/ceiparmengol\/wp-content\/uploads\/usu851\/2016\/01\/santjordi01.jpg\"><img loading=\"lazy\" decoding=\"async\" class=\"alignnone size-full wp-image-291\" src=\"http:\/\/agora.xtec.cat\/ceiparmengol\/wp-content\/uploads\/usu851\/2016\/01\/santjordi01.jpg\" alt=\"santjordi01\" width=\"249\" height=\"166\" \/><\/a><a href=\"http:\/\/agora.xtec.cat\/ceiparmengol\/wp-content\/uploads\/usu851\/2016\/01\/santjordi02.jpg\"><img loading=\"lazy\" decoding=\"async\" class=\" size-full wp-image-292 aligncenter\" src=\"http:\/\/agora.xtec.cat\/ceiparmengol\/wp-content\/uploads\/usu851\/2016\/01\/santjordi02.jpg\" alt=\"santjordi02\" width=\"249\" height=\"166\" \/><\/a><\/p>\n<p>&nbsp;<\/p>\n<p>Les jornades interculturals tanquen el curs. Es realitzen moltes activitats diferents cada curs. A vegades hi ha inflables, jocs, actuacions de teatre, concert de flauta, danses, exposicions de treballs del curs, les jornades gastron\u00f2miques&#8230;<\/p>\n<p class=\"aligncenter\"><a href=\"http:\/\/agora.xtec.cat\/ceiparmengol\/wp-content\/uploads\/usu851\/2016\/01\/jornades01.jpg\"><img loading=\"lazy\" decoding=\"async\" class=\" size-full wp-image-293 aligncenter\" src=\"http:\/\/agora.xtec.cat\/ceiparmengol\/wp-content\/uploads\/usu851\/2016\/01\/jornades01.jpg\" alt=\"jornades01\" width=\"221\" height=\"166\" srcset=\"https:\/\/agora.xtec.cat\/ceiparmengol\/wp-content\/uploads\/usu851\/2016\/01\/jornades01.jpg 221w, https:\/\/agora.xtec.cat\/ceiparmengol\/wp-content\/uploads\/usu851\/2016\/01\/jornades01-200x150.jpg 200w\" sizes=\"auto, (max-width: 221px) 100vw, 221px\" \/><\/a><a href=\"http:\/\/agora.xtec.cat\/ceiparmengol\/wp-content\/uploads\/usu851\/2016\/01\/santjordi021.jpg\"><img loading=\"lazy\" decoding=\"async\" class=\" size-full wp-image-294 alignleft\" src=\"http:\/\/agora.xtec.cat\/ceiparmengol\/wp-content\/uploads\/usu851\/2016\/01\/santjordi021.jpg\" alt=\"santjordi02\" width=\"249\" height=\"166\" \/><\/a><\/p>\n","protected":false},"excerpt":{"rendered":"<p>Anualment a l&#8217;escola Agn\u00e8s Armengol cel\u00b7lebrem la castanyada. Al mat\u00ed, mentre varies classes fan tallers de massap\u00e0, panellets o trufes. [&hellip;]<\/p>\n","protected":false},"author":1,"featured_media":0,"parent":0,"menu_order":0,"comment_status":"closed","ping_status":"closed","template":"page-templates\/side-menu.php","meta":{"_bbp_topic_count":0,"_bbp_reply_count":0,"_bbp_total_topic_count":0,"_bbp_total_reply_count":0,"_bbp_voice_count":0,"_bbp_anonymous_reply_count":0,"_bbp_topic_count_hidden":0,"_bbp_reply_count_hidden":0,"_bbp_forum_subforum_count":0,"site-sidebar-layout":"default","site-content-layout":"","ast-site-content-layout":"","site-content-style":"default","site-sidebar-style":"default","ast-global-header-display":"","ast-banner-title-visibility":"","ast-main-header-display":"","ast-hfb-above-header-display":"","ast-hfb-below-header-display":"","ast-hfb-mobile-header-display":"","site-post-title":"","ast-breadcrumbs-content":"","ast-featured-img":"","footer-sml-layout":"","theme-transparent-header-meta":"","adv-header-id-meta":"","stick-header-meta":"","header-above-stick-meta":"","header-main-stick-meta":"","header-below-stick-meta":"","astra-migrate-meta-layouts":"default","ast-page-background-enabled":"default","ast-page-background-meta":{"desktop":{"background-color":"var(--ast-global-color-4)","background-image":"","background-repeat":"repeat","background-position":"center center","background-size":"auto","background-attachment":"scroll","background-type":"","background-media":"","overlay-type":"","overlay-color":"","overlay-opacity":"","overlay-gradient":""},"tablet":{"background-color":"","background-image":"","background-repeat":"repeat","background-position":"center center","background-size":"auto","background-attachment":"scroll","background-type":"","background-media":"","overlay-type":"","overlay-color":"","overlay-opacity":"","overlay-gradient":""},"mobile":{"background-color":"","background-image":"","background-repeat":"repeat","background-position":"center center","background-size":"auto","background-attachment":"scroll","background-type":"","background-media":"","overlay-type":"","overlay-color":"","overlay-opacity":"","overlay-gradient":""}},"ast-content-background-meta":{"desktop":{"background-color":"var(--ast-global-color-5)","background-image":"","background-repeat":"repeat","background-position":"center center","background-size":"auto","background-attachment":"scroll","background-type":"","background-media":"","overlay-type":"","overlay-color":"","overlay-opacity":"","overlay-gradient":""},"tablet":{"background-color":"var(--ast-global-color-5)","background-image":"","background-repeat":"repeat","background-position":"center center","background-size":"auto","background-attachment":"scroll","background-type":"","background-media":"","overlay-type":"","overlay-color":"","overlay-opacity":"","overlay-gradient":""},"mobile":{"background-color":"var(--ast-global-color-5)","background-image":"","background-repeat":"repeat","background-position":"center center","background-size":"auto","background-attachment":"scroll","background-type":"","background-media":"","overlay-type":"","overlay-color":"","overlay-opacity":"","overlay-gradient":""}},"footnotes":""},"class_list":["post-234","page","type-page","status-publish","hentry"],"post_mailing_queue_ids":[],"_links":{"self":[{"href":"https:\/\/agora.xtec.cat\/ceiparmengol\/wp-json\/wp\/v2\/pages\/234","targetHints":{"allow":["GET"]}}],"collection":[{"href":"https:\/\/agora.xtec.cat\/ceiparmengol\/wp-json\/wp\/v2\/pages"}],"about":[{"href":"https:\/\/agora.xtec.cat\/ceiparmengol\/wp-json\/wp\/v2\/types\/page"}],"author":[{"embeddable":true,"href":"https:\/\/agora.xtec.cat\/ceiparmengol\/wp-json\/wp\/v2\/users\/1"}],"replies":[{"embeddable":true,"href":"https:\/\/agora.xtec.cat\/ceiparmengol\/wp-json\/wp\/v2\/comments?post=234"}],"version-history":[{"count":3,"href":"https:\/\/agora.xtec.cat\/ceiparmengol\/wp-json\/wp\/v2\/pages\/234\/revisions"}],"predecessor-version":[{"id":296,"href":"https:\/\/agora.xtec.cat\/ceiparmengol\/wp-json\/wp\/v2\/pages\/234\/revisions\/296"}],"wp:attachment":[{"href":"https:\/\/agora.xtec.cat\/ceiparmengol\/wp-json\/wp\/v2\/media?parent=234"}],"curies":[{"name":"wp","href":"https:\/\/api.w.org\/{rel}","templated":true}]}}