{"id":22,"date":"2014-09-18T12:19:57","date_gmt":"2014-09-18T11:19:57","guid":{"rendered":"http:\/\/agora.xtec.cat\/ceiparmengol\/?page_id=22"},"modified":"2020-03-25T11:51:14","modified_gmt":"2020-03-25T10:51:14","slug":"lescola","status":"publish","type":"page","link":"https:\/\/agora.xtec.cat\/ceiparmengol\/lescola\/","title":{"rendered":"L&#8217;escola"},"content":{"rendered":"<p>L\u2019escola Agn\u00e8s Armengol \u00e9s un centre educatiu p\u00fablic ubicat al barri de Torre-Romeu concretament a Can Roqueta, en un barri perif\u00e8ric de Sabadell.<\/p>\n<p>La nostra escola \u00e9s un centre amb una\u00a0 gran diversitat cultural i ling\u00fc\u00edstica la qual cosa proporciona una magnifica oportunitat de coneixement i relaci\u00f3 entre l&#8217;alumnat les fam\u00edlies i tots els agents educatius.<\/p>\n<p>La intenci\u00f3 de la nostra escola \u00e9s:<\/p>\n<ul style=\"list-style-type: circle;\">\n<li>Personalitzaci\u00f3 de l\u2019aprenentatge en entorns flexibles amb opcions variades i respostes ajustades en funci\u00f3 de les necessitats dels nostres alumnes.<\/li>\n<li>Mesures i suports planificats en diferents graus d\u2019intensitat.<\/li>\n<li>Avaluaci\u00f3 de les necessitats de tot l\u2019alumnat: talents i capacitats<\/li>\n<li>Reconeixement de la diversitat com un fet universal i enriquidor.<\/li>\n<li>Accions i actuacions destinades a reduir les barreres de l\u2019entorn educatiu, a prevenir les dificultats d\u2019aprenentatge i a assegurar un millor ajustament entre les capacitats dels alumnes i el context.<\/li>\n<li>Recursos personals, materials i tecnol\u00f2gics i els ajuts contextuals i comunitaris que els centres utilitzen per aconseguir que les mesures planificades siguin efectives i funcionals.<\/li>\n<li>Fe rpart\u00edcips les fam\u00edlies i , si escau, l\u2019alumne, en les mesures d\u2019atenci\u00f3 incloses en el projecte educatiu del centre<\/li>\n<\/ul>\n","protected":false},"excerpt":{"rendered":"<p>L\u2019escola Agn\u00e8s Armengol \u00e9s un centre educatiu p\u00fablic ubicat al barri de Torre-Romeu concretament a Can Roqueta, en un barri [&hellip;]<\/p>\n","protected":false},"author":1,"featured_media":0,"parent":0,"menu_order":0,"comment_status":"closed","ping_status":"closed","template":"page-templates\/side-menu.php","meta":{"_bbp_topic_count":0,"_bbp_reply_count":0,"_bbp_total_topic_count":0,"_bbp_total_reply_count":0,"_bbp_voice_count":0,"_bbp_anonymous_reply_count":0,"_bbp_topic_count_hidden":0,"_bbp_reply_count_hidden":0,"_bbp_forum_subforum_count":0,"site-sidebar-layout":"default","site-content-layout":"","ast-site-content-layout":"","site-content-style":"default","site-sidebar-style":"default","ast-global-header-display":"","ast-banner-title-visibility":"","ast-main-header-display":"","ast-hfb-above-header-display":"","ast-hfb-below-header-display":"","ast-hfb-mobile-header-display":"","site-post-title":"","ast-breadcrumbs-content":"","ast-featured-img":"","footer-sml-layout":"","theme-transparent-header-meta":"","adv-header-id-meta":"","stick-header-meta":"","header-above-stick-meta":"","header-main-stick-meta":"","header-below-stick-meta":"","astra-migrate-meta-layouts":"default","ast-page-background-enabled":"default","ast-page-background-meta":{"desktop":{"background-color":"var(--ast-global-color-4)","background-image":"","background-repeat":"repeat","background-position":"center center","background-size":"auto","background-attachment":"scroll","background-type":"","background-media":"","overlay-type":"","overlay-color":"","overlay-opacity":"","overlay-gradient":""},"tablet":{"background-color":"","background-image":"","background-repeat":"repeat","background-position":"center center","background-size":"auto","background-attachment":"scroll","background-type":"","background-media":"","overlay-type":"","overlay-color":"","overlay-opacity":"","overlay-gradient":""},"mobile":{"background-color":"","background-image":"","background-repeat":"repeat","background-position":"center center","background-size":"auto","background-attachment":"scroll","background-type":"","background-media":"","overlay-type":"","overlay-color":"","overlay-opacity":"","overlay-gradient":""}},"ast-content-background-meta":{"desktop":{"background-color":"var(--ast-global-color-5)","background-image":"","background-repeat":"repeat","background-position":"center center","background-size":"auto","background-attachment":"scroll","background-type":"","background-media":"","overlay-type":"","overlay-color":"","overlay-opacity":"","overlay-gradient":""},"tablet":{"background-color":"var(--ast-global-color-5)","background-image":"","background-repeat":"repeat","background-position":"center center","background-size":"auto","background-attachment":"scroll","background-type":"","background-media":"","overlay-type":"","overlay-color":"","overlay-opacity":"","overlay-gradient":""},"mobile":{"background-color":"var(--ast-global-color-5)","background-image":"","background-repeat":"repeat","background-position":"center center","background-size":"auto","background-attachment":"scroll","background-type":"","background-media":"","overlay-type":"","overlay-color":"","overlay-opacity":"","overlay-gradient":""}},"footnotes":""},"class_list":["post-22","page","type-page","status-publish","hentry"],"post_mailing_queue_ids":[],"_links":{"self":[{"href":"https:\/\/agora.xtec.cat\/ceiparmengol\/wp-json\/wp\/v2\/pages\/22","targetHints":{"allow":["GET"]}}],"collection":[{"href":"https:\/\/agora.xtec.cat\/ceiparmengol\/wp-json\/wp\/v2\/pages"}],"about":[{"href":"https:\/\/agora.xtec.cat\/ceiparmengol\/wp-json\/wp\/v2\/types\/page"}],"author":[{"embeddable":true,"href":"https:\/\/agora.xtec.cat\/ceiparmengol\/wp-json\/wp\/v2\/users\/1"}],"replies":[{"embeddable":true,"href":"https:\/\/agora.xtec.cat\/ceiparmengol\/wp-json\/wp\/v2\/comments?post=22"}],"version-history":[{"count":2,"href":"https:\/\/agora.xtec.cat\/ceiparmengol\/wp-json\/wp\/v2\/pages\/22\/revisions"}],"predecessor-version":[{"id":16468,"href":"https:\/\/agora.xtec.cat\/ceiparmengol\/wp-json\/wp\/v2\/pages\/22\/revisions\/16468"}],"wp:attachment":[{"href":"https:\/\/agora.xtec.cat\/ceiparmengol\/wp-json\/wp\/v2\/media?parent=22"}],"curies":[{"name":"wp","href":"https:\/\/api.w.org\/{rel}","templated":true}]}}