{"id":19590,"date":"2025-11-12T19:21:31","date_gmt":"2025-11-12T18:21:31","guid":{"rendered":"https:\/\/agora.xtec.cat\/ceiparmengol\/?page_id=19590"},"modified":"2025-11-25T16:40:34","modified_gmt":"2025-11-25T15:40:34","slug":"radio-agnes","status":"publish","type":"page","link":"https:\/\/agora.xtec.cat\/ceiparmengol\/radio-agnes\/","title":{"rendered":"R\u00e0dio Agn\u00e8s"},"content":{"rendered":"\n<figure class=\"wp-block-image size-medium has-custom-border is-style-default\" style=\"margin-bottom:0\"><a href=\"https:\/\/agora.xtec.cat\/ceiparmengol\/wp-content\/uploads\/usu851\/2025\/11\/ChatGPT-Image-27-sept-2025-08_12_52.png\"><img loading=\"lazy\" decoding=\"async\" width=\"300\" height=\"300\" src=\"https:\/\/agora.xtec.cat\/ceiparmengol\/wp-content\/uploads\/usu851\/2025\/11\/ChatGPT-Image-27-sept-2025-08_12_52-300x300.png\" alt=\"\" class=\"wp-image-19588\" style=\"border-width:15px;border-radius:74px\" srcset=\"https:\/\/agora.xtec.cat\/ceiparmengol\/wp-content\/uploads\/usu851\/2025\/11\/ChatGPT-Image-27-sept-2025-08_12_52-300x300.png 300w, https:\/\/agora.xtec.cat\/ceiparmengol\/wp-content\/uploads\/usu851\/2025\/11\/ChatGPT-Image-27-sept-2025-08_12_52-150x150.png 150w, https:\/\/agora.xtec.cat\/ceiparmengol\/wp-content\/uploads\/usu851\/2025\/11\/ChatGPT-Image-27-sept-2025-08_12_52-768x768.png 768w, https:\/\/agora.xtec.cat\/ceiparmengol\/wp-content\/uploads\/usu851\/2025\/11\/ChatGPT-Image-27-sept-2025-08_12_52.png 1024w\" sizes=\"auto, (max-width: 300px) 100vw, 300px\" \/><\/a><\/figure>\n\n\n\n<p>A la r\u00e0dio no existeix la imatge. Les paraules s\u00f3n l&#8217;\u00fanic mitj\u00e0 de comunicaci\u00f3. Les paraules faran construir les imatges als oients. El qu\u00e8 es diu i la manera com es diu tenen una import\u00e0ncia vital.<\/p>\n\n\n\n<p>La r\u00e0dio \u00e9s un mitj\u00e0 que ens permet el treball oral i escrit a l\u2019escola. Es un mitj\u00e0 no gaire allunyat a les realitats dels nostres alumnes, de segur que el senten, el coneixen&#8230; i es un mitj\u00e0 f\u00e0cil, t\u00e8cnicament parlant, de fer servir a l\u2019escola&#8230; amb un senzill micr\u00f2fon , taula de so , cascos&#8230;i un ordinador connectat a Internet en tenim prou.<\/p>\n\n\n\n<p>A m\u00e9s&#8230;.<\/p>\n\n\n\n<p>Ens permet un treball cooperatiu amb els alumnes, un treball cooperatiu de veritat. Cada alumne te la seva feina, sense la implicaci\u00f3 de tots no sortir\u00e0 el programa final.<\/p>\n\n\n\n<p>Es un mitj\u00e0 que ens permet atendre la diversitat, tots tenen un paper important  per aconseguir un bon resultat.<\/p>\n\n\n\n<p>Ens permet, tamb\u00e9, treballar i aprendre a utilitzar diferents mitjans tecnol\u00f2gics.<\/p>\n\n\n\n<p>Fen r\u00e0dio, fem compet\u00e8ncies, aprenem, treballem, ens divertim i ens auto valorem.<\/p>\n","protected":false},"excerpt":{"rendered":"<p>A la r\u00e0dio no existeix la imatge. Les paraules s\u00f3n l&#8217;\u00fanic mitj\u00e0 de comunicaci\u00f3. Les paraules faran construir les imatges [&hellip;]<\/p>\n","protected":false},"author":1,"featured_media":0,"parent":0,"menu_order":0,"comment_status":"closed","ping_status":"close","template":"","meta":{"_bbp_topic_count":0,"_bbp_reply_count":0,"_bbp_total_topic_count":0,"_bbp_total_reply_count":0,"_bbp_voice_count":0,"_bbp_anonymous_reply_count":0,"_bbp_topic_count_hidden":0,"_bbp_reply_count_hidden":0,"_bbp_forum_subforum_count":0,"site-sidebar-layout":"default","site-content-layout":"","ast-site-content-layout":"default","site-content-style":"default","site-sidebar-style":"default","ast-global-header-display":"","ast-banner-title-visibility":"","ast-main-header-display":"","ast-hfb-above-header-display":"","ast-hfb-below-header-display":"","ast-hfb-mobile-header-display":"","site-post-title":"","ast-breadcrumbs-content":"","ast-featured-img":"","footer-sml-layout":"","theme-transparent-header-meta":"","adv-header-id-meta":"","stick-header-meta":"","header-above-stick-meta":"","header-main-stick-meta":"","header-below-stick-meta":"","astra-migrate-meta-layouts":"set","ast-page-background-enabled":"default","ast-page-background-meta":{"desktop":{"background-color":"var(--ast-global-color-4)","background-image":"","background-repeat":"repeat","background-position":"center center","background-size":"auto","background-attachment":"scroll","background-type":"","background-media":"","overlay-type":"","overlay-color":"","overlay-opacity":"","overlay-gradient":""},"tablet":{"background-color":"","background-image":"","background-repeat":"repeat","background-position":"center center","background-size":"auto","background-attachment":"scroll","background-type":"","background-media":"","overlay-type":"","overlay-color":"","overlay-opacity":"","overlay-gradient":""},"mobile":{"background-color":"","background-image":"","background-repeat":"repeat","background-position":"center center","background-size":"auto","background-attachment":"scroll","background-type":"","background-media":"","overlay-type":"","overlay-color":"","overlay-opacity":"","overlay-gradient":""}},"ast-content-background-meta":{"desktop":{"background-color":"var(--ast-global-color-5)","background-image":"","background-repeat":"repeat","background-position":"center center","background-size":"auto","background-attachment":"scroll","background-type":"","background-media":"","overlay-type":"","overlay-color":"","overlay-opacity":"","overlay-gradient":""},"tablet":{"background-color":"var(--ast-global-color-5)","background-image":"","background-repeat":"repeat","background-position":"center center","background-size":"auto","background-attachment":"scroll","background-type":"","background-media":"","overlay-type":"","overlay-color":"","overlay-opacity":"","overlay-gradient":""},"mobile":{"background-color":"var(--ast-global-color-5)","background-image":"","background-repeat":"repeat","background-position":"center center","background-size":"auto","background-attachment":"scroll","background-type":"","background-media":"","overlay-type":"","overlay-color":"","overlay-opacity":"","overlay-gradient":""}},"footnotes":""},"class_list":["post-19590","page","type-page","status-publish","hentry"],"post_mailing_queue_ids":[],"_links":{"self":[{"href":"https:\/\/agora.xtec.cat\/ceiparmengol\/wp-json\/wp\/v2\/pages\/19590","targetHints":{"allow":["GET"]}}],"collection":[{"href":"https:\/\/agora.xtec.cat\/ceiparmengol\/wp-json\/wp\/v2\/pages"}],"about":[{"href":"https:\/\/agora.xtec.cat\/ceiparmengol\/wp-json\/wp\/v2\/types\/page"}],"author":[{"embeddable":true,"href":"https:\/\/agora.xtec.cat\/ceiparmengol\/wp-json\/wp\/v2\/users\/1"}],"replies":[{"embeddable":true,"href":"https:\/\/agora.xtec.cat\/ceiparmengol\/wp-json\/wp\/v2\/comments?post=19590"}],"version-history":[{"count":6,"href":"https:\/\/agora.xtec.cat\/ceiparmengol\/wp-json\/wp\/v2\/pages\/19590\/revisions"}],"predecessor-version":[{"id":19664,"href":"https:\/\/agora.xtec.cat\/ceiparmengol\/wp-json\/wp\/v2\/pages\/19590\/revisions\/19664"}],"wp:attachment":[{"href":"https:\/\/agora.xtec.cat\/ceiparmengol\/wp-json\/wp\/v2\/media?parent=19590"}],"curies":[{"name":"wp","href":"https:\/\/api.w.org\/{rel}","templated":true}]}}